{"id":2472,"date":"2020-10-21T05:37:10","date_gmt":"2020-10-21T05:37:10","guid":{"rendered":"https:\/\/via-regia.org.ua\/materialna-ta-nematerialna-kulturna-spadshhyna\/"},"modified":"2020-12-11T13:24:08","modified_gmt":"2020-12-11T13:24:08","slug":"materialna-ta-nematerialna-kulturna-spadshhyna","status":"publish","type":"page","link":"https:\/\/via-regia.org.ua\/de\/materialna-ta-nematerialna-kulturna-spadshhyna\/","title":{"rendered":"Materielles und immaterielles Kulturerbe"},"content":{"rendered":"\n<div class=\"wp-block-ws-section-el cover_section\" id=\"dfg\" style=\"padding-top:0px;padding-bottom:0px;margin-top:50px;margin-bottom:50px;background-color:#ffffff;width:100%;display:block\"><div class=\"section-wrapper\" style=\"margin:0 auto;width:100%;max-width:1200px;display:block\">\n<blockquote class=\"wp-block-quote is-style-large\"><p>&#8222;Ohne Muttersprache, Junge, gibt es auch kein unser Volk&#8220;.<\/p><cite><em>W. Sosjura<\/em><\/cite><\/blockquote>\n<\/div><\/div>\n\n\n\n<div class=\"wp-block-ws-section-el cover_section\" style=\"padding-top:0px;padding-bottom:0px;margin-top:0px;margin-bottom:0px;background-color:#ffffff;width:100%;display:block\"><div class=\"section-wrapper\" style=\"margin:0 auto;width:100%;max-width:1200px;display:block\">\n<div class=\"wp-block-ws-letter-el first_letter\">Das Kulturerbe jedes Volkes bedeutet nicht nur die gesamten kulturellen Werte von Zeitgenossen, die von ihnen Vorfahren vererbt wurden. Das ist eine Lebensquelle, aus dem jede Nation, jedes Volk ihre Kr\u00e4fte sch\u00f6pfen und ohne die eine erfolgreiche staatliche Entwicklung unm\u00f6glich ist.<\/div>\n\n\n\n<p>Wenn wir in verschiedene L\u00e4nder reisen, erlernen wir vor allem die Kultur dieses Volkes, seine geistigen Werte, Sitten, Sprache und seinen Glauben und versuchen, ihren Sinn zu verstehen. Der Schl\u00fcssel dieses Verst\u00e4ndnisses besteht in der Tiefe der Volkskultur, die sich im materiellen und immateriellen Kulturerbe jeder Nation zeigt.<\/p>\n\n\n\n<p>Zum immateriellen Kulturerbe geh\u00f6ren: Denkm\u00e4ler, Ensembledenkm\u00e4ler, Sehensw\u00fcrdigkeiten sowie Inhalte von Bibliotheken, Museen, Archiven; Bauten (Kirchen, Kl\u00f6ster, Schl\u00f6sser, Pal\u00e4ste) und sonstige kulturelle und Baudenkm\u00e4ler.<\/p>\n\n\n\n<p>In der UNESCO-\u00dcbereinkommen sind unter &#8222;immateriellem Kulturerbe&#8220; Br\u00e4uche, Darstellungen, Ausdrucksformen, Wissen und Fertigkeiten \u2013 sowie die dazu geh\u00f6rigen Instrumente, Objekte, Artefakte und kulturellen R\u00e4ume \u2013 zu verstehen, die Gemeinschaften, Gruppen und gegebenenfalls Einzelpersonen als Bestandteil ihres Kulturerbes ansehen. Dieses immaterielle Kulturerbe wird von einer Generation an die n\u00e4chste weitergegeben und fortw\u00e4hrend neu gestaltet<\/p>\n\n\n\n<div style=\"height:70px\" aria-hidden=\"true\" class=\"wp-block-spacer\"><\/div>\n\n\n\n<h3 class=\"has-text-align-center wp-block-heading\"><strong>Ukrainische Objekte in der Liste des UNESCO-Welterbes<\/strong><\/h3>\n\n\n\n<div style=\"height:70px\" aria-hidden=\"true\" class=\"wp-block-spacer\"><\/div>\n\n\n\n<p>7 ukrainische kulturelle Sehensw\u00fcrdigkeiten, Baudenkm\u00e4ler und Natursch\u00f6nheiten sind in die Liste des UNESCO-Welterbes eingetragen, und zwar:<\/p>\n\n\n\n<ol><li>Sophienkathedrale und H\u00f6hlenkloster Lawra Petschersk in Kyjiw (seit 1990)<\/li><li>Historisches Zentrum von Lwiw (seit 1998)<\/li><li>Geod\u00e4tischer Struve-Bogen (seit 2005)<\/li><li>Residenz der orthodoxen Metropoliten der Bukowina und Dalmatiens (heute \u2013 die Nationale Jurij-Fedkowytsch-Universit\u00e4t von Czernowitz) (seit 2011)<\/li><li>Antike Stadt in der taurischen Chersones und ihre Chora (seit 2013)<\/li><li>Holzkirchen der Karpatenregion in Polen und der Ukraine, transnationales Welterbe mit Polen (seit 2013)<\/li><li>Ein Objekt des Naturerbes: Alte Buchenw\u00e4lder der Karpaten und alte Buchenurw\u00e4lder Deutschlands (seit 2011)<\/li><\/ol>\n\n\n\n<p>In die nationale Liste des immateriellen Kulturerbes sind 6 Objekte eingetragen:<\/p>\n\n\n\n<ul><li>Keramik von Opischnja<\/li><li>Brotkultur (Brottraditionen)<\/li><li>Gewebte Handt\u00fccher aus der Region Krolewez<\/li><li>Petrykiwka-Malerei<\/li><li>Kosiw-Keramik<\/li><li>Kosaken-Lieder aus dem Gebiet Dnipropetrowsk.<\/li><\/ul>\n\n\n\n<p>Im Oktober 2020 wurde beschlossen, &#8222;die Kultur der Zubereitung des ukrainischen Borschtsch&#8220; in diese Liste einzutragen. Au\u00dferdem sind Petrykiwka-Malerei und Kosiw-Keramik in eine repr\u00e4sentative Liste eingetragen.<\/p>\n<\/div><\/div>\n\n\n\n<div class=\"wp-block-ws-section-el cover_section\" id=\"cultural\" style=\"padding-top:0px;padding-bottom:0px;margin-top:0px;margin-bottom:0px;background-color:#ffffff;width:100%;display:block\"><div class=\"section-wrapper\" style=\"margin:0 auto;width:100%;max-width:1200px;display:block\">\n<div style=\"height:100px\" aria-hidden=\"true\" class=\"wp-block-spacer\"><\/div>\n\n\n<div class=\"cultural_heritage\"><div class=\"cultural_head\"><div class=\"cultural_head__item tab_toggle active\" data-toggle=\"#materielles\">Materielles<\/div><div class=\"cultural_head__item tab_toggle\" data-toggle=\"#immaterielles\">Immaterielles<\/div><\/div><div class=\"cultural_content\"><div class=\"cultural_content__item tab_content active\" id=\"materielles\"><\/div><div class=\"cultural_content__item tab_content\" id=\"immaterielles\"><div class=\"photo_nomaterially\"><img decoding=\"async\" src=\"https:\/\/via-regia.org.ua\/wp-content\/uploads\/2020\/12\/nematerialna-kulturna-spadshhyna.jpg\" alt=\"\"><\/div><div class=\"nomaterially_item__photo\"><\/div><div class=\"nomaterially_item_desc\"><\/div><\/div><\/div><\/div>\n\n\n<div style=\"height:100px\" aria-hidden=\"true\" class=\"wp-block-spacer\"><\/div>\n<\/div><\/div>\n","protected":false},"excerpt":{"rendered":"","protected":false},"author":1,"featured_media":0,"parent":0,"menu_order":82,"comment_status":"closed","ping_status":"closed","template":"tpl\/full-page.php","meta":[],"acf":[],"yoast_head":"<!-- This site is optimized with the Yoast SEO plugin v27.4 - https:\/\/yoast.com\/product\/yoast-seo-wordpress\/ -->\n<title>Materielles und immaterielles Kulturerbe - ViaRegiaUkraine<\/title>\n<meta name=\"robots\" content=\"index, follow, max-snippet:-1, max-image-preview:large, max-video-preview:-1\" \/>\n<link rel=\"canonical\" href=\"https:\/\/via-regia.org.ua\/de\/materialna-ta-nematerialna-kulturna-spadshhyna\/\" \/>\n<meta property=\"og:locale\" content=\"de_DE\" \/>\n<meta property=\"og:type\" content=\"article\" \/>\n<meta property=\"og:title\" content=\"Materielles und immaterielles Kulturerbe - ViaRegiaUkraine\" \/>\n<meta property=\"og:url\" content=\"https:\/\/via-regia.org.ua\/de\/materialna-ta-nematerialna-kulturna-spadshhyna\/\" \/>\n<meta property=\"og:site_name\" content=\"ViaRegiaUkraine\" \/>\n<meta property=\"article:modified_time\" content=\"2020-12-11T13:24:08+00:00\" \/>\n<meta name=\"twitter:card\" content=\"summary_large_image\" \/>\n<meta name=\"twitter:label1\" content=\"Gesch\u00e4tzte Lesezeit\" \/>\n\t<meta name=\"twitter:data1\" content=\"2\u00a0Minuten\" \/>\n<script type=\"application\/ld+json\" class=\"yoast-schema-graph\">{\"@context\":\"https:\\\/\\\/schema.org\",\"@graph\":[{\"@type\":\"WebPage\",\"@id\":\"https:\\\/\\\/via-regia.org.ua\\\/de\\\/materialna-ta-nematerialna-kulturna-spadshhyna\\\/\",\"url\":\"https:\\\/\\\/via-regia.org.ua\\\/de\\\/materialna-ta-nematerialna-kulturna-spadshhyna\\\/\",\"name\":\"Materielles und immaterielles Kulturerbe - ViaRegiaUkraine\",\"isPartOf\":{\"@id\":\"https:\\\/\\\/via-regia.org.ua\\\/#website\"},\"datePublished\":\"2020-10-21T05:37:10+00:00\",\"dateModified\":\"2020-12-11T13:24:08+00:00\",\"breadcrumb\":{\"@id\":\"https:\\\/\\\/via-regia.org.ua\\\/de\\\/materialna-ta-nematerialna-kulturna-spadshhyna\\\/#breadcrumb\"},\"inLanguage\":\"de\",\"potentialAction\":[{\"@type\":\"ReadAction\",\"target\":[\"https:\\\/\\\/via-regia.org.ua\\\/de\\\/materialna-ta-nematerialna-kulturna-spadshhyna\\\/\"]}]},{\"@type\":\"BreadcrumbList\",\"@id\":\"https:\\\/\\\/via-regia.org.ua\\\/de\\\/materialna-ta-nematerialna-kulturna-spadshhyna\\\/#breadcrumb\",\"itemListElement\":[{\"@type\":\"ListItem\",\"position\":1,\"name\":\"\u0413\u043e\u043b\u043e\u0432\u043d\u0430 \u0421\u0442\u043e\u0440\u0456\u043d\u043a\u0430\",\"item\":\"https:\\\/\\\/via-regia.org.ua\\\/de\\\/\"},{\"@type\":\"ListItem\",\"position\":2,\"name\":\"Materielles und immaterielles Kulturerbe\"}]},{\"@type\":\"WebSite\",\"@id\":\"https:\\\/\\\/via-regia.org.ua\\\/#website\",\"url\":\"https:\\\/\\\/via-regia.org.ua\\\/\",\"name\":\"ViaRegiaUkraine\",\"description\":\"\",\"potentialAction\":[{\"@type\":\"SearchAction\",\"target\":{\"@type\":\"EntryPoint\",\"urlTemplate\":\"https:\\\/\\\/via-regia.org.ua\\\/?s={search_term_string}\"},\"query-input\":{\"@type\":\"PropertyValueSpecification\",\"valueRequired\":true,\"valueName\":\"search_term_string\"}}],\"inLanguage\":\"de\"}]}<\/script>\n<!-- \/ Yoast SEO plugin. -->","yoast_head_json":{"title":"Materielles und immaterielles Kulturerbe - ViaRegiaUkraine","robots":{"index":"index","follow":"follow","max-snippet":"max-snippet:-1","max-image-preview":"max-image-preview:large","max-video-preview":"max-video-preview:-1"},"canonical":"https:\/\/via-regia.org.ua\/de\/materialna-ta-nematerialna-kulturna-spadshhyna\/","og_locale":"de_DE","og_type":"article","og_title":"Materielles und immaterielles Kulturerbe - ViaRegiaUkraine","og_url":"https:\/\/via-regia.org.ua\/de\/materialna-ta-nematerialna-kulturna-spadshhyna\/","og_site_name":"ViaRegiaUkraine","article_modified_time":"2020-12-11T13:24:08+00:00","twitter_card":"summary_large_image","twitter_misc":{"Gesch\u00e4tzte Lesezeit":"2\u00a0Minuten"},"schema":{"@context":"https:\/\/schema.org","@graph":[{"@type":"WebPage","@id":"https:\/\/via-regia.org.ua\/de\/materialna-ta-nematerialna-kulturna-spadshhyna\/","url":"https:\/\/via-regia.org.ua\/de\/materialna-ta-nematerialna-kulturna-spadshhyna\/","name":"Materielles und immaterielles Kulturerbe - ViaRegiaUkraine","isPartOf":{"@id":"https:\/\/via-regia.org.ua\/#website"},"datePublished":"2020-10-21T05:37:10+00:00","dateModified":"2020-12-11T13:24:08+00:00","breadcrumb":{"@id":"https:\/\/via-regia.org.ua\/de\/materialna-ta-nematerialna-kulturna-spadshhyna\/#breadcrumb"},"inLanguage":"de","potentialAction":[{"@type":"ReadAction","target":["https:\/\/via-regia.org.ua\/de\/materialna-ta-nematerialna-kulturna-spadshhyna\/"]}]},{"@type":"BreadcrumbList","@id":"https:\/\/via-regia.org.ua\/de\/materialna-ta-nematerialna-kulturna-spadshhyna\/#breadcrumb","itemListElement":[{"@type":"ListItem","position":1,"name":"\u0413\u043e\u043b\u043e\u0432\u043d\u0430 \u0421\u0442\u043e\u0440\u0456\u043d\u043a\u0430","item":"https:\/\/via-regia.org.ua\/de\/"},{"@type":"ListItem","position":2,"name":"Materielles und immaterielles Kulturerbe"}]},{"@type":"WebSite","@id":"https:\/\/via-regia.org.ua\/#website","url":"https:\/\/via-regia.org.ua\/","name":"ViaRegiaUkraine","description":"","potentialAction":[{"@type":"SearchAction","target":{"@type":"EntryPoint","urlTemplate":"https:\/\/via-regia.org.ua\/?s={search_term_string}"},"query-input":{"@type":"PropertyValueSpecification","valueRequired":true,"valueName":"search_term_string"}}],"inLanguage":"de"}]}},"_links":{"self":[{"href":"https:\/\/via-regia.org.ua\/de\/wp-json\/wp\/v2\/pages\/2472"}],"collection":[{"href":"https:\/\/via-regia.org.ua\/de\/wp-json\/wp\/v2\/pages"}],"about":[{"href":"https:\/\/via-regia.org.ua\/de\/wp-json\/wp\/v2\/types\/page"}],"author":[{"embeddable":true,"href":"https:\/\/via-regia.org.ua\/de\/wp-json\/wp\/v2\/users\/1"}],"replies":[{"embeddable":true,"href":"https:\/\/via-regia.org.ua\/de\/wp-json\/wp\/v2\/comments?post=2472"}],"version-history":[{"count":0,"href":"https:\/\/via-regia.org.ua\/de\/wp-json\/wp\/v2\/pages\/2472\/revisions"}],"wp:attachment":[{"href":"https:\/\/via-regia.org.ua\/de\/wp-json\/wp\/v2\/media?parent=2472"}],"curies":[{"name":"wp","href":"https:\/\/api.w.org\/{rel}","templated":true}]}}