{"id":2618,"date":"2020-10-21T16:18:48","date_gmt":"2020-10-21T16:18:48","guid":{"rendered":"https:\/\/via-regia.org.ua\/geografiya\/"},"modified":"2020-11-05T10:12:26","modified_gmt":"2020-11-05T10:12:26","slug":"geografiya","status":"publish","type":"page","link":"https:\/\/via-regia.org.ua\/de\/geografiya\/","title":{"rendered":"Geographie"},"content":{"rendered":"\n<div style=\"height:50px\" aria-hidden=\"true\" class=\"wp-block-spacer\"><\/div>\n\n\n\n<h3 class=\"has-text-align-center wp-block-heading\"><strong><strong>Lage<\/strong><\/strong><\/h3>\n\n\n\n<p>Die Ukraine liegt im Nordosten Europas. Sie grenzt an Wei\u00dfrussland im Norden, Polen im Westen, die Slowakei, Ungarn, Rum\u00e4nien und die Republik Moldau im S\u00fcdwesten und an Russland im Osten. Die nat\u00fcrliche Grenze bilden im S\u00fcden das Schwarze und das Asowsche Meer. Die Ukraine hat auch Meergrenze mit Rum\u00e4nien und Russland.<\/p>\n\n\n\n<p>Die Ukraine l\u00e4sst sich in 5 geographischen Gebieten teilen: die Westukraine, die Ostukraine, die Nordukraine, die S\u00fcdukraine und die Zentralukraine. <\/p>\n\n\n\n<p>Historische Regionen der Ukraine: Podniprowja, Galizien, Pokuttja, Podillja, Tawrija, Sloboschanschtschyna, Donbas, Transkarpatien, Prykarpattja, Wolhynien, Polissja, Saporoschschja, Bukowyna usw. Die Gesamtfl\u00e4che der Ukraine betr\u00e4gt 603 548 km\u00b2. So ist sie der gr\u00f6\u00dfte Staat, dessen Grenzen vollst\u00e4ndig in Europa liegen<\/p>\n\n\n\n<div style=\"height:20px\" aria-hidden=\"true\" class=\"wp-block-spacer\"><\/div>\n\n\n\n<h3 class=\"has-text-align-center wp-block-heading\"><strong>Gel\u00e4nde<\/strong><\/h3>\n\n\n\n<p>95% der Gesamtfl\u00e4che der Ukraine betr\u00e4gt das Flachland. In der Ukraine sich zwei Gebirgsz\u00fcge: die ukrainischen Karpaten, wo der h\u00f6chste Berg der Ukraine Howerla (2061 m) liegt, und das Krimgebirge, dessen h\u00f6chste Erhebung Roman-Kosch (1545 m) hei\u00dft<\/p>\n\n\n\n<div style=\"height:20px\" aria-hidden=\"true\" class=\"wp-block-spacer\"><\/div>\n\n\n\n<h3 class=\"has-text-align-center wp-block-heading\"><strong><strong>Klima<\/strong><\/strong><\/h3>\n\n\n\n<p>Das Klima ist vorwiegend gem\u00e4\u00dfigt kontinental. Die durchschnittliche Wintertemperatur betr\u00e4gt von -8\u00b0 bis -12\u00b0 C (von +17.6\u00b0 F bis +3\u00b0 F). Im S\u00fcden betr\u00e4gt die durchschnittliche Wintertemperatur ca. 0\u00b0 C (+32\u00b0 F). Die Mitteltemperatur im Sommer liegt zwischen + 18 \u00b0 und + 25 \u00b0 C (zwischen + 64,4 \u00b0 F und + 77 \u00b0 F), die maximale Temperatur betr\u00e4gt manchmal \u00fcber + 35 \u00b0 C (+ 95 \u00b0 F).<\/p>\n\n\n\n<p>Es wird empfohlen, die Ukraine im Sommer, Sp\u00e4tfr\u00fchling und Fr\u00fchherbst zu besuchen<\/p>\n\n\n\n<div style=\"height:20px\" aria-hidden=\"true\" class=\"wp-block-spacer\"><\/div>\n\n\n\n<h3 class=\"has-text-align-center wp-block-heading\"><strong><strong>Gew\u00e4sser<\/strong><\/strong><\/h3>\n\n\n\n<p>In der Ukraine flie\u00dfen 63 119 Fl\u00fcsse und B\u00e4che mit der gesamten L\u00e4nge von mehr als 206 Tausend Kilometer. Die wichtigsten Fl\u00fcsse sind Dnipro, Siwerskyj Donez, Piwdennyj Buh, Dnister, Dunaj.<\/p>\n\n\n\n<p>Das Land verf\u00fcgt auch \u00fcber ca. 20 Tausend Seen. Der gr\u00f6\u00dfte See in Ukrainischen Polissja, Switjas, ist 27.5 km\u00b2 gro\u00df. Noch gr\u00f6\u00dfer sind salzige Limanseen<\/p>\n\n\n\n<div style=\"height:20px\" aria-hidden=\"true\" class=\"wp-block-spacer\"><\/div>\n\n\n\n<h3 class=\"has-text-align-center wp-block-heading\"><strong><strong>Naturreicht\u00fcmer<\/strong><\/strong><\/h3>\n\n\n\n<p>Die Ukraine ist eine der gr\u00f6\u00dften Mineral-Rohstoffl\u00e4nder der Welt. Dieses Land, die erst 0.4% des weltlichen Festlandes einnimmt und wo 0.8% der Bev\u00f6lkerung der Welt lebt, verf\u00fcgt \u00fcber 5%\u00a0 von Mineralien und Rohstoffen der Welt.\u00a0<\/p>\n\n\n\n<p>Die Ukraine \u00fcbertrifft nach den entdeckten Vorr\u00e4ten einiger Bodensch\u00e4tze die Russische F\u00f6deration, die USA, Gro\u00dfbritannien, Frankreich, die BRD, Kanada und sonstige L\u00e4nder<\/p>\n","protected":false},"excerpt":{"rendered":"<p>Lage Die Ukraine liegt im Nordosten Europas. Sie grenzt an Wei\u00dfrussland im Norden, Polen im Westen, die Slowakei, Ungarn, Rum\u00e4nien und die Republik Moldau im S\u00fcdwesten und an Russland im&#8230;<\/p>\n","protected":false},"author":1,"featured_media":0,"parent":0,"menu_order":77,"comment_status":"closed","ping_status":"closed","template":"","meta":[],"acf":[],"yoast_head":"<!-- This site is optimized with the Yoast SEO plugin v27.4 - https:\/\/yoast.com\/product\/yoast-seo-wordpress\/ -->\n<title>Geographie - ViaRegiaUkraine<\/title>\n<meta name=\"robots\" content=\"index, follow, max-snippet:-1, max-image-preview:large, max-video-preview:-1\" \/>\n<link rel=\"canonical\" href=\"https:\/\/via-regia.org.ua\/de\/geografiya\/\" \/>\n<meta property=\"og:locale\" content=\"de_DE\" \/>\n<meta property=\"og:type\" content=\"article\" \/>\n<meta property=\"og:title\" content=\"Geographie - ViaRegiaUkraine\" \/>\n<meta property=\"og:description\" content=\"Lage Die Ukraine liegt im Nordosten Europas. Sie grenzt an Wei\u00dfrussland im Norden, Polen im Westen, die Slowakei, Ungarn, Rum\u00e4nien und die Republik Moldau im S\u00fcdwesten und an Russland im...\" \/>\n<meta property=\"og:url\" content=\"https:\/\/via-regia.org.ua\/de\/geografiya\/\" \/>\n<meta property=\"og:site_name\" content=\"ViaRegiaUkraine\" \/>\n<meta property=\"article:modified_time\" content=\"2020-11-05T10:12:26+00:00\" \/>\n<meta name=\"twitter:card\" content=\"summary_large_image\" \/>\n<meta name=\"twitter:label1\" content=\"Gesch\u00e4tzte Lesezeit\" \/>\n\t<meta name=\"twitter:data1\" content=\"2\u00a0Minuten\" \/>\n<script type=\"application\/ld+json\" class=\"yoast-schema-graph\">{\"@context\":\"https:\\\/\\\/schema.org\",\"@graph\":[{\"@type\":\"WebPage\",\"@id\":\"https:\\\/\\\/via-regia.org.ua\\\/de\\\/geografiya\\\/\",\"url\":\"https:\\\/\\\/via-regia.org.ua\\\/de\\\/geografiya\\\/\",\"name\":\"Geographie - ViaRegiaUkraine\",\"isPartOf\":{\"@id\":\"https:\\\/\\\/via-regia.org.ua\\\/#website\"},\"datePublished\":\"2020-10-21T16:18:48+00:00\",\"dateModified\":\"2020-11-05T10:12:26+00:00\",\"breadcrumb\":{\"@id\":\"https:\\\/\\\/via-regia.org.ua\\\/de\\\/geografiya\\\/#breadcrumb\"},\"inLanguage\":\"de\",\"potentialAction\":[{\"@type\":\"ReadAction\",\"target\":[\"https:\\\/\\\/via-regia.org.ua\\\/de\\\/geografiya\\\/\"]}]},{\"@type\":\"BreadcrumbList\",\"@id\":\"https:\\\/\\\/via-regia.org.ua\\\/de\\\/geografiya\\\/#breadcrumb\",\"itemListElement\":[{\"@type\":\"ListItem\",\"position\":1,\"name\":\"\u0413\u043e\u043b\u043e\u0432\u043d\u0430 \u0421\u0442\u043e\u0440\u0456\u043d\u043a\u0430\",\"item\":\"https:\\\/\\\/via-regia.org.ua\\\/de\\\/\"},{\"@type\":\"ListItem\",\"position\":2,\"name\":\"Geographie\"}]},{\"@type\":\"WebSite\",\"@id\":\"https:\\\/\\\/via-regia.org.ua\\\/#website\",\"url\":\"https:\\\/\\\/via-regia.org.ua\\\/\",\"name\":\"ViaRegiaUkraine\",\"description\":\"\",\"potentialAction\":[{\"@type\":\"SearchAction\",\"target\":{\"@type\":\"EntryPoint\",\"urlTemplate\":\"https:\\\/\\\/via-regia.org.ua\\\/?s={search_term_string}\"},\"query-input\":{\"@type\":\"PropertyValueSpecification\",\"valueRequired\":true,\"valueName\":\"search_term_string\"}}],\"inLanguage\":\"de\"}]}<\/script>\n<!-- \/ Yoast SEO plugin. -->","yoast_head_json":{"title":"Geographie - ViaRegiaUkraine","robots":{"index":"index","follow":"follow","max-snippet":"max-snippet:-1","max-image-preview":"max-image-preview:large","max-video-preview":"max-video-preview:-1"},"canonical":"https:\/\/via-regia.org.ua\/de\/geografiya\/","og_locale":"de_DE","og_type":"article","og_title":"Geographie - ViaRegiaUkraine","og_description":"Lage Die Ukraine liegt im Nordosten Europas. Sie grenzt an Wei\u00dfrussland im Norden, Polen im Westen, die Slowakei, Ungarn, Rum\u00e4nien und die Republik Moldau im S\u00fcdwesten und an Russland im...","og_url":"https:\/\/via-regia.org.ua\/de\/geografiya\/","og_site_name":"ViaRegiaUkraine","article_modified_time":"2020-11-05T10:12:26+00:00","twitter_card":"summary_large_image","twitter_misc":{"Gesch\u00e4tzte Lesezeit":"2\u00a0Minuten"},"schema":{"@context":"https:\/\/schema.org","@graph":[{"@type":"WebPage","@id":"https:\/\/via-regia.org.ua\/de\/geografiya\/","url":"https:\/\/via-regia.org.ua\/de\/geografiya\/","name":"Geographie - ViaRegiaUkraine","isPartOf":{"@id":"https:\/\/via-regia.org.ua\/#website"},"datePublished":"2020-10-21T16:18:48+00:00","dateModified":"2020-11-05T10:12:26+00:00","breadcrumb":{"@id":"https:\/\/via-regia.org.ua\/de\/geografiya\/#breadcrumb"},"inLanguage":"de","potentialAction":[{"@type":"ReadAction","target":["https:\/\/via-regia.org.ua\/de\/geografiya\/"]}]},{"@type":"BreadcrumbList","@id":"https:\/\/via-regia.org.ua\/de\/geografiya\/#breadcrumb","itemListElement":[{"@type":"ListItem","position":1,"name":"\u0413\u043e\u043b\u043e\u0432\u043d\u0430 \u0421\u0442\u043e\u0440\u0456\u043d\u043a\u0430","item":"https:\/\/via-regia.org.ua\/de\/"},{"@type":"ListItem","position":2,"name":"Geographie"}]},{"@type":"WebSite","@id":"https:\/\/via-regia.org.ua\/#website","url":"https:\/\/via-regia.org.ua\/","name":"ViaRegiaUkraine","description":"","potentialAction":[{"@type":"SearchAction","target":{"@type":"EntryPoint","urlTemplate":"https:\/\/via-regia.org.ua\/?s={search_term_string}"},"query-input":{"@type":"PropertyValueSpecification","valueRequired":true,"valueName":"search_term_string"}}],"inLanguage":"de"}]}},"_links":{"self":[{"href":"https:\/\/via-regia.org.ua\/de\/wp-json\/wp\/v2\/pages\/2618"}],"collection":[{"href":"https:\/\/via-regia.org.ua\/de\/wp-json\/wp\/v2\/pages"}],"about":[{"href":"https:\/\/via-regia.org.ua\/de\/wp-json\/wp\/v2\/types\/page"}],"author":[{"embeddable":true,"href":"https:\/\/via-regia.org.ua\/de\/wp-json\/wp\/v2\/users\/1"}],"replies":[{"embeddable":true,"href":"https:\/\/via-regia.org.ua\/de\/wp-json\/wp\/v2\/comments?post=2618"}],"version-history":[{"count":0,"href":"https:\/\/via-regia.org.ua\/de\/wp-json\/wp\/v2\/pages\/2618\/revisions"}],"wp:attachment":[{"href":"https:\/\/via-regia.org.ua\/de\/wp-json\/wp\/v2\/media?parent=2618"}],"curies":[{"name":"wp","href":"https:\/\/api.w.org\/{rel}","templated":true}]}}