{"id":2624,"date":"2020-10-12T17:24:55","date_gmt":"2020-10-12T17:24:55","guid":{"rendered":"https:\/\/via-regia.org.ua\/history\/"},"modified":"2021-10-18T17:59:28","modified_gmt":"2021-10-18T17:59:28","slug":"history","status":"publish","type":"page","link":"https:\/\/via-regia.org.ua\/de\/history\/","title":{"rendered":"Geschichte der Ukraine"},"content":{"rendered":"\n<div class=\"wp-block-ws-section-el cover_section\" style=\"padding-top:50px;padding-bottom:50px;margin-top:22px;margin-bottom:25px;background-color:#ffffff;width:100%;display:block\"><div class=\"section-wrapper\" style=\"margin:0 auto;width:100%;max-width:1200px;display:block\">\n<div class=\"wp-block-ws-title-el ws_title\" style=\"text-transform:inherit\">Geschichte der Ukraine<\/div>\n\n\n\n<div style=\"height:50px\" aria-hidden=\"true\" class=\"wp-block-spacer\"><\/div>\n\n\n\n<div class=\"wp-block-ws-letter-el first_letter\">Die ukrainische Geschichte ist so reich und kompliziert, dass mehrere Dutzende Seiten kaum ausreichen, um sie zu erz\u00e4hlen. So umrei\u00dfen wir nur die wichtigsten Etappen der ukrainischen Entstehung und Entwicklung<\/div>\n\n\n\n<div style=\"height:100px\" aria-hidden=\"true\" class=\"wp-block-spacer\"><\/div>\n\n\n\n<h4 class=\"has-text-align-center wp-block-heading\"><strong><strong>Die Ur- und Fr\u00fchgeschichte der Ukraine (5000 v. Chr. \u2013 das IX. Jh.)<\/strong><\/strong><\/h4>\n\n\n\n<p>Sie umfasst die Periode von der Ansiedlung ackerbautreibender St\u00e4mme bis zum Erscheinen historischen Slawen. Die bekannteste Kultur des Eneolithikums ist Cucuteni-Tripolje-Kultur (Trypillja). In der Zeit ihrer gr\u00f6\u00dften Aufstiegs befanden sich hier die gr\u00f6\u00dften Siedlungen Europas. In der Ukraine sind mehr als zwei Tausend Fundstellen der Trypillja-Kultur bekannt<\/p>\n\n\n\n<div style=\"height:20px\" aria-hidden=\"true\" class=\"wp-block-spacer\"><\/div>\n\n\n\n<h4 class=\"has-text-align-center wp-block-heading\"><strong>Erscheinen von Slawen und Entwicklung von St\u00e4dten der Rus<\/strong><\/h4>\n\n\n\n<p>Ca. im VI.-IX. Jh. erschienen im Staatsgebiet der heutigen Ukraine erste slawische St\u00e4dte. Die Slawen wurden aktiv an der gro\u00dfen V\u00f6lkerwanderung von St\u00e4mmen im Ost- und Mitteleuropa beteiligt<\/p>\n\n\n\n<div style=\"height:20px\" aria-hidden=\"true\" class=\"wp-block-spacer\"><\/div>\n\n\n\n<h4 class=\"has-text-align-center wp-block-heading\"><strong><strong>Gr\u00fcndung und Entstehung der Kyjiwer Rus<\/strong><\/strong><\/h4>\n\n\n\n<p>Diese Periode umschlie\u00dft vier Jahrhunderte (das IX.-XIII. Jh.), als Kyjiw zur &#8222;Mutter russicher St\u00e4dte&#8220; wurde. Damals wurde nicht nur ein riesiger Staat, der sich von Wolga bis zu den Karpaten erstreckte, gegr\u00fcndet, sondern entstanden mehrere St\u00e4dte, entwickelten sich Handwerke, die Kultur, der Handel, die staatliche Religion. In dieser Zeit wurden erste Hrywnja aus Silber gegossen, erste M\u00fcnzen mit dem F\u00fcrsten-Dreizack (der so genannte &#8222;Trysub&#8220;) gepr\u00e4gt, erste majest\u00e4tische Heiligt\u00fcmer an den Ufern von Dnipro gebaut.<br><br>Eine wichtige Rolle im Staatsbau dieser Zeit spielten folgende ber\u00fchmte Pers\u00f6nlichkeiten: F\u00fcrstin Olha (die Gro\u00dfe F\u00fcrstin von Kyjiw), F\u00fcrst und Krieger Swjatoslaw der Mutige, Wolodymyr der Gro\u00dfe, der die Rus getauft hat, F\u00fcrst von Kyjiw Jaroslaw der Weise, K\u00f6nig der Ukraine-Rus Danylo Halyzkyj<\/p>\n\n\n\n<div style=\"height:20px\" aria-hidden=\"true\" class=\"wp-block-spacer\"><\/div>\n\n\n\n<h4 class=\"has-text-align-center wp-block-heading\"><strong><strong>Die Kosakenzeit (das XV.-XVIII. Jh.)<\/strong><\/strong><\/h4>\n\n\n\n<p>Diese historische Periode ist mit der Geschichte der ukrainischen Kosaken, die jahrhundertelang die religi\u00f6se und kulturelle Identit\u00e4t ihres Volkes verteidigten und als Symbol der freiheitsliebenden Nation f\u00fcr Ukrainer gelten, eng verbunden. Der Gr\u00fcnder der ersten Saporoger Sitsch und der erste Kosakenhetman war Dmytro &#8222;Bajda&#8220; Wyschnewezkyj, der 1553 aus eigenen Mitteln die Festung auf der Insel Mala Chortyzja gebaut hat.<\/p>\n\n\n\n<p>Sein gr\u00f6\u00dfter Aufstieg erlebte der Ukrainische Kosakenstaat unter der Leitung des Hetmans der ukrainischen Saporoger Kosaken Bohdan Chmelnyzkyj, der ein echter Staatsmann, Heerf\u00fchrer und Diplomat war.<\/p>\n\n\n\n<p>Aus dieser Periode sind auch folgende Pers\u00f6nlichkeiten bekannt: Polkownyk (Oberst) Iwan Bohun, der ber\u00fchmte Kosakenhetman Petro Konaschewytsch-Sahajdatschnyj, Hetman Iwan Wyhowskyj, der die russischen Truppen in der Schlacht bei Konotop besiegt hat.<\/p>\n\n\n\n<p>Der Kosakenstaat, geleitet vom Hetman Iwan Masepa, spielte eine Schl\u00fcsselrolle im Krieg gegen den Osmanischen Reich; sein Mitk\u00e4mpfer im Kampf f\u00fcr die Unabh\u00e4ngigkeit der Ukraine von Moskau Pylyp Orlyk fertigte &#8222;Rechtsb\u00fcndnisse und Statuten&#8220; an; dieses Dokument ist auch als die &#8222;Verfassung von Pylyp Orlyk&#8220; bekannt und gilt als eine der \u00e4ltesten Verfassungen Europas. Eine der \u00e4ltesten ukrainischen Familien der XIV.-XVII. Jh. ist die Familie der F\u00fcrsten Ostrosky. Ihre Vertreter waren hervorragende ukrainische und osteurop\u00e4ische Politiker, Milit\u00e4rangeh\u00f6rige, Diplomaten, Wissenschaftler und Pers\u00f6nlichkeiten des kulturellen Lebens. Der ber\u00fchmte Sohn dieser Familie war Kostjantyn Ostrosky, Gro\u00dfhetman im Gro\u00dff\u00fcrstentum Litauen, der 1514 in der historischen Schlacht bei Orsza das Heer des Gro\u00dff\u00fcrstentums Moskau besiegte. F\u00fcrst und Politiker in der Rzeczpospolita Wasyl-Kostjantyn Ostrosky hat die erste Hochschule \u2013 die Ostroher Akademie gegr\u00fcndet. Er f\u00f6rderte die Herausgabe der Ostroher Bibel<\/p>\n\n\n\n<div style=\"height:20px\" aria-hidden=\"true\" class=\"wp-block-spacer\"><\/div>\n\n\n\n<h4 class=\"has-text-align-center wp-block-heading\"><strong><strong>Die Nationsbildung und der Unabh\u00e4ngigkeitskampf im XIX.-XX. Jh<\/strong><\/strong><\/h4>\n\n\n\n<p>Hier geht es um mehrere mit dem nationalen Unabh\u00e4ngigkeitskampf des ukrainischen Volkes verbundene Ereignisse. Dazu geh\u00f6ren die Ukrainische Revolution 1917-1921, die Ukrainische Unabh\u00e4ngigkeitsbewegung in den ethnischen ukrainischen Gebieten 1920-1950 unter Besetzung des Landes von verschiedenen M\u00e4chten und der Zweite Weltkrieg 1939-1945.<\/p>\n\n\n\n<p>Der Zeitraum der Bildung des ukrainischen Staates (1917-1921) l\u00e4sst sich in mehrere wichtige Etappen teilen: Zentralna Rada, deren Vorsitzender Historiker, Politiker und ein gesellschaftlicher Aktivist Mychajlo Hruschewskyj war; Hetmanat unter der Leitung des letzten ukrainischen Hetmans Pawlo Skoropadskyj; Direktorium, geleitet von Symon Petljura.<br><br>Das ukrainische Volk trug wesentlich zum Kampf gegen Hitlerfaschismus in seinem eigenen als auch in anderen europ\u00e4ischen Staaten im Zweiten Weltkrieg bei. Viele Ukrainer k\u00e4mpften in Armeen der Alliierten und sind in verschiedenen L\u00e4ndern als Helden verehrt. Die Ukraine erlitt die gewaltigen menschlichen und materiellen Verluste in diesem Krieg und leistete ihren wesentlichen Beitrag zur Zerschlagung des Nazismus.<\/p>\n\n\n\n<div style=\"height:20px\" aria-hidden=\"true\" class=\"wp-block-spacer\"><\/div>\n\n\n\n<h4 class=\"has-text-align-center wp-block-heading\"><strong><strong>Die moderne Ukraine des XXI. Jh<\/strong><\/strong><\/h4>\n\n\n\n<p>Sie ist das gr\u00f6\u00dfte Land Europas und sein geographisches Zentrum. Die Ukraine verf\u00fcgt \u00fcber eine jahrhundertelange Geschichte und zeichnet sich durch ihr ewiges Streben nach der Freiheit aus. Dieses Land bedeutet die wundersch\u00f6ne Natur, reiche Kultur und ber\u00fchmte Sitten und Br\u00e4uche. Die Ukrainer bilden die Nation nicht nach dem Blut, sondern nach dem Geist.<br><br>Die moderne Geschichte der Ukraine ist:<\/p>\n\n\n\n<ul><li>Die heldenm\u00fctige Verteidigung des Flughafens Donezk im Jahre 2014, die 242 Tage dauerte; diese ganze Zeit widerstanden ukrainische K\u00e4mpfer den gro\u00dfen Kr\u00e4ften russischorientierter Separatisten sowie russischer Elitespezialeinheiten und verteidigten tapfer die Unabh\u00e4ngigkeit der Ukraine. F\u00fcr ihren Mut, Patriotismus und ihre Standhaftigkeit wurden die K\u00e4mpfer &#8222;Cyborg&#8220; genannt<\/li><li>Die Freiwilligenbewegung, die spontan im Laufe der Maidan-Ereignisse entstand, zeigt uns die Einigkeit der ganzen ukrainischen Nation im Kampf gegen den Separatismus und die russische Aggression in Donbas. Die Freiwilligenbewegung unterst\u00fctze die damals noch eine kampfunf\u00e4hige ukrainische Armee und patriotische Ukrainer trugen alle Kosten f\u00fcr die Ern\u00e4hrung und Ausr\u00fcstung von Freiwilligenbataillonen<\/li><li>Viele ukrainische Schriftsteller und K\u00fcnstler, Gelernten und Erfinder, Milit\u00e4rangeh\u00f6rige und Sportler sind weltweit bekannt und vertreten die Ukraine auf der internationalen Ebene. Das sind unsere Zeitgenossen, auf die wir stolz sind. Dank ihrer erkennt und entdeckt die Welt die Ukraine<\/li><\/ul>\n<\/div><\/div>\n\n\n\n<div class=\"wp-block-ws-section-el cover_section\" style=\"padding-top:40px;padding-bottom:40px;margin-top:40px;margin-bottom:0px;background-color:#062f60;width:100%;display:block\"><div class=\"section-wrapper\" style=\"margin:0 auto;width:100%;max-width:1200px;display:block\"><\/div><\/div>\n","protected":false},"excerpt":{"rendered":"","protected":false},"author":1,"featured_media":0,"parent":0,"menu_order":89,"comment_status":"closed","ping_status":"closed","template":"tpl\/full-page.php","meta":[],"acf":[],"yoast_head":"<!-- This site is optimized with the Yoast SEO plugin v27.4 - https:\/\/yoast.com\/product\/yoast-seo-wordpress\/ -->\n<title>Geschichte der Ukraine - ViaRegiaUkraine<\/title>\n<meta name=\"robots\" content=\"index, follow, max-snippet:-1, max-image-preview:large, max-video-preview:-1\" \/>\n<link rel=\"canonical\" href=\"https:\/\/via-regia.org.ua\/de\/history\/\" \/>\n<meta property=\"og:locale\" content=\"de_DE\" \/>\n<meta property=\"og:type\" content=\"article\" \/>\n<meta property=\"og:title\" content=\"Geschichte der Ukraine - ViaRegiaUkraine\" \/>\n<meta property=\"og:url\" content=\"https:\/\/via-regia.org.ua\/de\/history\/\" \/>\n<meta property=\"og:site_name\" content=\"ViaRegiaUkraine\" \/>\n<meta property=\"article:modified_time\" content=\"2021-10-18T17:59:28+00:00\" \/>\n<meta name=\"twitter:card\" content=\"summary_large_image\" \/>\n<meta name=\"twitter:label1\" content=\"Gesch\u00e4tzte Lesezeit\" \/>\n\t<meta name=\"twitter:data1\" content=\"4\u00a0Minuten\" \/>\n<script type=\"application\/ld+json\" class=\"yoast-schema-graph\">{\"@context\":\"https:\\\/\\\/schema.org\",\"@graph\":[{\"@type\":\"WebPage\",\"@id\":\"https:\\\/\\\/via-regia.org.ua\\\/de\\\/history\\\/\",\"url\":\"https:\\\/\\\/via-regia.org.ua\\\/de\\\/history\\\/\",\"name\":\"Geschichte der Ukraine - ViaRegiaUkraine\",\"isPartOf\":{\"@id\":\"https:\\\/\\\/via-regia.org.ua\\\/#website\"},\"datePublished\":\"2020-10-12T17:24:55+00:00\",\"dateModified\":\"2021-10-18T17:59:28+00:00\",\"breadcrumb\":{\"@id\":\"https:\\\/\\\/via-regia.org.ua\\\/de\\\/history\\\/#breadcrumb\"},\"inLanguage\":\"de\",\"potentialAction\":[{\"@type\":\"ReadAction\",\"target\":[\"https:\\\/\\\/via-regia.org.ua\\\/de\\\/history\\\/\"]}]},{\"@type\":\"BreadcrumbList\",\"@id\":\"https:\\\/\\\/via-regia.org.ua\\\/de\\\/history\\\/#breadcrumb\",\"itemListElement\":[{\"@type\":\"ListItem\",\"position\":1,\"name\":\"\u0413\u043e\u043b\u043e\u0432\u043d\u0430 \u0421\u0442\u043e\u0440\u0456\u043d\u043a\u0430\",\"item\":\"https:\\\/\\\/via-regia.org.ua\\\/de\\\/\"},{\"@type\":\"ListItem\",\"position\":2,\"name\":\"Geschichte der Ukraine\"}]},{\"@type\":\"WebSite\",\"@id\":\"https:\\\/\\\/via-regia.org.ua\\\/#website\",\"url\":\"https:\\\/\\\/via-regia.org.ua\\\/\",\"name\":\"ViaRegiaUkraine\",\"description\":\"\",\"potentialAction\":[{\"@type\":\"SearchAction\",\"target\":{\"@type\":\"EntryPoint\",\"urlTemplate\":\"https:\\\/\\\/via-regia.org.ua\\\/?s={search_term_string}\"},\"query-input\":{\"@type\":\"PropertyValueSpecification\",\"valueRequired\":true,\"valueName\":\"search_term_string\"}}],\"inLanguage\":\"de\"}]}<\/script>\n<!-- \/ Yoast SEO plugin. -->","yoast_head_json":{"title":"Geschichte der Ukraine - ViaRegiaUkraine","robots":{"index":"index","follow":"follow","max-snippet":"max-snippet:-1","max-image-preview":"max-image-preview:large","max-video-preview":"max-video-preview:-1"},"canonical":"https:\/\/via-regia.org.ua\/de\/history\/","og_locale":"de_DE","og_type":"article","og_title":"Geschichte der Ukraine - ViaRegiaUkraine","og_url":"https:\/\/via-regia.org.ua\/de\/history\/","og_site_name":"ViaRegiaUkraine","article_modified_time":"2021-10-18T17:59:28+00:00","twitter_card":"summary_large_image","twitter_misc":{"Gesch\u00e4tzte Lesezeit":"4\u00a0Minuten"},"schema":{"@context":"https:\/\/schema.org","@graph":[{"@type":"WebPage","@id":"https:\/\/via-regia.org.ua\/de\/history\/","url":"https:\/\/via-regia.org.ua\/de\/history\/","name":"Geschichte der Ukraine - ViaRegiaUkraine","isPartOf":{"@id":"https:\/\/via-regia.org.ua\/#website"},"datePublished":"2020-10-12T17:24:55+00:00","dateModified":"2021-10-18T17:59:28+00:00","breadcrumb":{"@id":"https:\/\/via-regia.org.ua\/de\/history\/#breadcrumb"},"inLanguage":"de","potentialAction":[{"@type":"ReadAction","target":["https:\/\/via-regia.org.ua\/de\/history\/"]}]},{"@type":"BreadcrumbList","@id":"https:\/\/via-regia.org.ua\/de\/history\/#breadcrumb","itemListElement":[{"@type":"ListItem","position":1,"name":"\u0413\u043e\u043b\u043e\u0432\u043d\u0430 \u0421\u0442\u043e\u0440\u0456\u043d\u043a\u0430","item":"https:\/\/via-regia.org.ua\/de\/"},{"@type":"ListItem","position":2,"name":"Geschichte der Ukraine"}]},{"@type":"WebSite","@id":"https:\/\/via-regia.org.ua\/#website","url":"https:\/\/via-regia.org.ua\/","name":"ViaRegiaUkraine","description":"","potentialAction":[{"@type":"SearchAction","target":{"@type":"EntryPoint","urlTemplate":"https:\/\/via-regia.org.ua\/?s={search_term_string}"},"query-input":{"@type":"PropertyValueSpecification","valueRequired":true,"valueName":"search_term_string"}}],"inLanguage":"de"}]}},"_links":{"self":[{"href":"https:\/\/via-regia.org.ua\/de\/wp-json\/wp\/v2\/pages\/2624"}],"collection":[{"href":"https:\/\/via-regia.org.ua\/de\/wp-json\/wp\/v2\/pages"}],"about":[{"href":"https:\/\/via-regia.org.ua\/de\/wp-json\/wp\/v2\/types\/page"}],"author":[{"embeddable":true,"href":"https:\/\/via-regia.org.ua\/de\/wp-json\/wp\/v2\/users\/1"}],"replies":[{"embeddable":true,"href":"https:\/\/via-regia.org.ua\/de\/wp-json\/wp\/v2\/comments?post=2624"}],"version-history":[{"count":1,"href":"https:\/\/via-regia.org.ua\/de\/wp-json\/wp\/v2\/pages\/2624\/revisions"}],"predecessor-version":[{"id":4186,"href":"https:\/\/via-regia.org.ua\/de\/wp-json\/wp\/v2\/pages\/2624\/revisions\/4186"}],"wp:attachment":[{"href":"https:\/\/via-regia.org.ua\/de\/wp-json\/wp\/v2\/media?parent=2624"}],"curies":[{"name":"wp","href":"https:\/\/api.w.org\/{rel}","templated":true}]}}