{"id":2632,"date":"2020-10-13T17:44:37","date_gmt":"2020-10-13T17:44:37","guid":{"rendered":"https:\/\/via-regia.org.ua\/pro-ukrayinu\/"},"modified":"2020-11-30T11:51:43","modified_gmt":"2020-11-30T11:51:43","slug":"pro-ukrayinu","status":"publish","type":"page","link":"https:\/\/via-regia.org.ua\/de\/pro-ukrayinu\/","title":{"rendered":"\u00dcber die Ukraine"},"content":{"rendered":"\n<div class=\"wp-block-ws-section-el cover_section\" style=\"padding-top:0px;padding-bottom:0px;margin-top:0px;margin-bottom:0px;background-color:#ffffff;width:100%;display:block\"><div class=\"section-wrapper\" style=\"margin:0 auto;width:100%;max-width:1200px;display:block\">\n<div class=\"wp-block-ws-about-ua about_ua\" style=\"--margin-top_desktop:-185px;--margin-top_tablet:-130px;--margin-top_mobile:-85px;--text-color:#ffffff\"><div class=\"image_map\"><img decoding=\"async\" class=\"map_ua\" src=\"https:\/\/via-regia.org.ua\/wp-content\/uploads\/2020\/10\/about-ukraine.png\"\/><\/div><div class=\"description left\" style=\"color:#ffffff;background-color:#1b579f\">Die Ukraine ist ein wundersch\u00f6nes europ\u00e4isches Land mit dem reichen historischen und kulturellen Erbe, die in der ganzen Welt durch ihre einzigartige Natur, den fruchtbaren Boden, Architekturdenkm\u00e4ler, ein leckeres Essen und Freiheitsliebe ihres Volkes bekannt ist.<br>Im Gebiet der heutigen Ukraine sind Siedlungen verschiedener arch\u00e4ologischer Kulturen von Pal\u00e4olithikum an entdeckt, doch als Ausgangspunkt der ukrainischen slawischen Staatlichkeit und Kultur gilt die Kyjiwer Rus der IX.-XIII. Jh.<br>Dieses Land hat der Welt solche ber\u00fchmte Menschen als K\u00f6nigin Olha, Wolodymyr der Gro\u00dfe, Jaroslaw der Weise, Roxolana, Iwan Fedorow, Petro Sahajdytschnyj, Bohdan Chmelnyzkyj, Taras Schewtschenko, Mykola Hohol und Lesja Ukrajinka geschenkt.<br>Unser Land ist aber nicht nur durch die Pers\u00f6nlichkeiten aus der Vergangenheit bekannt \u2013 hier haben Andrij Kusmenko, Bohdan Stupka und Mykola Amosow geschaffen; die Ukraine ist die Heimat von Borys Paton, Br\u00fcdern Klytschko und Wasyl Wirastjuk.<br><strong><a href=\"https:\/\/via-regia.org.ua\/de\/regiony\/\">MEHR \u00dcBER DIE REGIONEN<\/a><\/strong><\/div><\/div>\n<\/div><\/div>\n\n\n\n<div class=\"wp-block-ws-section-el cover_section\" style=\"padding-top:0px;padding-bottom:0px;margin-top:40px;margin-bottom:0px;background-color:#ffffff;width:100%;display:block\"><div class=\"section-wrapper\" style=\"margin:0 auto;width:100%;max-width:1200px;display:block\">\n<hr class=\"wp-block-separator has-text-color has-background has-vivid-red-background-color has-vivid-red-color is-style-wide\"\/>\n<\/div><\/div>\n\n\n\n<div class=\"wp-block-ws-title-el ws_title\" style=\"text-transform:inherit\">15 interessante Tatsachen \u00fcber die Ukraine<\/div>\n\n\n\n<div class=\"wp-block-ws-section-el cover_section\" style=\"padding-top:0px;padding-bottom:0px;margin-top:70px;margin-bottom:70px;background-color:#ffffff;width:100%;display:block\"><div class=\"section-wrapper\" style=\"margin:0 auto;width:100%;max-width:1200px;display:block\">\n<div class=\"wp-block-icon-text-inner undefined column_three align_content_default\">\n<div class=\"wp-block-ws-icon-text-el icon-text__item img_align_top undefined\"><div class=\"icon_block\"><img decoding=\"async\" class=\"icon\" src=\"https:\/\/via-regia.org.ua\/wp-content\/uploads\/2020\/11\/najbilsha-krayina.svg\"\/><\/div><div class=\"icon-text__data\"><h4 class=\"title\">Das gr\u00f6\u00dfte europ\u00e4ische Land<\/h4><p class=\"description\">Die Ukraine nimmt etwa 0.41% der Landfl\u00e4che der Welt ein, wo 0.85% Bev\u00f6lkerung der Welt wohnt, die 0.20% des weltlichen Bruttonationaleinkommens bringt<\/p><\/div><\/div>\n\n\n\n<div class=\"wp-block-ws-icon-text-el icon-text__item img_align_top undefined\"><div class=\"icon_block\"><img decoding=\"async\" class=\"icon\" src=\"https:\/\/via-regia.org.ua\/wp-content\/uploads\/2020\/11\/pershyj-vyshhyj-navchalnyj-zaklad.svg\"\/><\/div><div class=\"icon-text__data\"><h4 class=\"title\">Die erste Hochschule in Osteuropa wurde in der Ukraine gegr\u00fcndet<\/h4><p class=\"description\">Die Ostroher Akademie ist die \u00e4lteste ukrainische wissenschaftliche Bildungseinrichtung. 1576 wurde vom F\u00fcrsten Kostjantyn-Wasyl Ostrosky eine slawisch-griechisch-lateinische Akademie in Ostroh gegr\u00fcndet<\/p><\/div><\/div>\n\n\n\n<div class=\"wp-block-ws-icon-text-el icon-text__item img_align_top undefined\"><div class=\"icon_block\"><img decoding=\"async\" class=\"icon\" src=\"https:\/\/via-regia.org.ua\/wp-content\/uploads\/2020\/11\/konstytucziya-pylypa-orlyka.svg\"\/><\/div><div class=\"icon-text__data\"><h4 class=\"title\">Die Verfassung von Pylyp Orlyk ist eine der \u00e4ltesten in Europa<\/h4><p class=\"description\">&#8222;Rechtsb\u00fcndnisse und Statuten der Gesetze und Freiheiten des Saporoger Kosakenheeres&#8220; wurden am 5. April 1710 nach der Wahl des ukrainischen Politikers und des gesellschaftlichen Leiters Pylyp Orlyk zum Hetman der ukrainischen Kosaken erkl\u00e4rt<\/p><\/div><\/div>\n\n\n\n<div class=\"wp-block-ws-icon-text-el icon-text__item img_align_top undefined\"><div class=\"icon_block\"><img decoding=\"async\" class=\"icon\" src=\"https:\/\/via-regia.org.ua\/wp-content\/uploads\/2020\/11\/najbilshyj-litak.svg\"\/><\/div><div class=\"icon-text__data\"><h4 class=\"title\">In der Ukraine wurde das Flugzeug mit der gr\u00f6\u00dften Tragf\u00e4higkeit in der Welt entwickelt<\/h4><p class=\"description\">Das ukrainische Konstruktionsb\u00fcro Antonow hat das Flugzeug An-225 &#8222;Mrija&#8220; mit der gr\u00f6\u00dften Tragf\u00e4higkeit in der Welt \u2013 253.8 Tonnen entwickelt<\/p><\/div><\/div>\n\n\n\n<div class=\"wp-block-ws-icon-text-el icon-text__item img_align_top undefined\"><div class=\"icon_block\"><img decoding=\"async\" class=\"icon\" src=\"https:\/\/via-regia.org.ua\/wp-content\/uploads\/2020\/11\/3-najbilshi-monastyri.svg\"\/><\/div><div class=\"icon-text__data\"><h4 class=\"title\">3 der gr\u00f6\u00dften M\u00f6nchskl\u00f6ster befinden sich in der Ukraine<\/h4><p class=\"description\">Die gr\u00f6\u00dften M\u00f6nchskl\u00f6ster werden Lawra genannt. Nur sechs Kl\u00f6ster in der Welt besitzen diesen Status. Drei von ihnen liegen in der Ukraine<\/p><\/div><\/div>\n\n\n\n<div class=\"wp-block-ws-icon-text-el icon-text__item img_align_top undefined\"><div class=\"icon_block\"><img decoding=\"async\" class=\"icon\" src=\"https:\/\/via-regia.org.ua\/wp-content\/uploads\/2020\/11\/pamyatnyk-kobzaryu.svg\"\/><\/div><div class=\"icon-text__data\"><h4 class=\"title\">Weltweit gibt es 1384 Denkm\u00e4ler, die dem ber\u00fchmten ukrainischen Dichter T. H. Schewtschenko gewidmet sind<\/h4><p class=\"description\">In der Ukraine und in 35 sonstigen Staaten wurden insgesamt 1384 Denkm\u00e4ler zu Ehren des Genies des ukrainischen Volkes, des Denkers, Dichters und Kobsars T. H. Schewtschenko erbaut. Keiner Pers\u00f6nlichkeit des kulturellen Lebens sind so viele Denkm\u00e4ler und Gedenkst\u00e4tten gewidmet<\/p><\/div><\/div>\n\n\n\n<div class=\"wp-block-ws-icon-text-el icon-text__item img_align_top undefined\"><div class=\"icon_block\"><img decoding=\"async\" class=\"icon\" src=\"https:\/\/via-regia.org.ua\/wp-content\/uploads\/2020\/11\/stancziya-metro.svg\"\/><\/div><div class=\"icon-text__data\"><h4 class=\"title\">Der U-Bahnhof Arsenalna in Kyjiw ist der wohl tiefstgelegene U-Bahnhof der Welt<\/h4><p class=\"description\">Er liegt 105 m unter Grund. Dieser U-Bahnh\u00f6fe wurde 1960 als einer der ersten U-Bahnh\u00f6fe neben dem Parlamentsgeb\u00e4ude gebaut<\/p><\/div><\/div>\n\n\n\n<div class=\"wp-block-ws-icon-text-el icon-text__item img_align_top undefined\"><div class=\"icon_block\"><img decoding=\"async\" class=\"icon\" src=\"https:\/\/via-regia.org.ua\/wp-content\/uploads\/2020\/11\/najdavnisha-mapa.svg\"\/><\/div><div class=\"icon-text__data\"><h4 class=\"title\">Die \u00e4lteste bekannte Landkarte wurde auch in der Ukraine gefunden<\/h4><p class=\"description\">Die Landkarte sowie die \u00e4lteste Siedlung von Homo Sapiens wurden im Dorf Meschyritsch, Bezirk Kaniw, Gebiet Tscherkassy an der M\u00fcndung der Rossawa in den Ros gefunden. Sie sind ca. 14.5-15 Tausend Jahre alt. Die Landkarte wurde auf einem St\u00fcck Mammut-Elfenbein graviert<\/p><\/div><\/div>\n\n\n\n<div class=\"wp-block-ws-icon-text-el icon-text__item img_align_top undefined\"><div class=\"icon_block\"><img decoding=\"async\" class=\"icon\" src=\"https:\/\/via-regia.org.ua\/wp-content\/uploads\/2020\/11\/ekologichni-rakety.svg\"\/><\/div><div class=\"icon-text__data\"><h4 class=\"title\">Das ukrainische Werk &#8222;Piwdenmasch&#8220; erzeugt die umweltfreundlichsten Raketentr\u00e4ger in der Welt<\/h4><p class=\"description\">Mit ihrer Hilfe werden kommerzielle Ladungen im Rahmen des Projektes &#8222;Sea Launch&#8220; bef\u00f6rdert<\/p><\/div><\/div>\n\n\n\n<div class=\"wp-block-ws-icon-text-el icon-text__item img_align_top undefined\"><div class=\"icon_block\"><img decoding=\"async\" class=\"icon\" src=\"https:\/\/via-regia.org.ua\/wp-content\/uploads\/2020\/11\/geografichnyj-czentr-yevropy.svg\"\/><\/div><div class=\"icon-text__data\"><h4 class=\"title\">In der Ukraine befindet sich der geographische Europa-Mittelpunkt<\/h4><p class=\"description\">Er liegt in der Umgebung der malerischen Karpaten neben der Stadt Rachiw<\/p><\/div><\/div>\n\n\n\n<div class=\"wp-block-ws-icon-text-el icon-text__item img_align_top undefined\"><div class=\"icon_block\"><img decoding=\"async\" class=\"icon\" src=\"https:\/\/via-regia.org.ua\/wp-content\/uploads\/2020\/11\/chornozemy.svg\"\/><\/div><div class=\"icon-text__data\"><h4 class=\"title\">Die Ukraine verf\u00fcgt \u00fcber 1\/4 der Schwarzerde der Welt<\/h4><p class=\"description\">Die Schwarzerde gibt bei der richtigen Bestellung die gr\u00f6\u00dfte Ernte. Im Zweiten Weltkrieg wurde die ukrainische Schwarzerde von deutschen Soldaten mit Z\u00fcgen ausgef\u00fchrt<\/p><\/div><\/div>\n\n\n\n<div class=\"wp-block-ws-icon-text-el icon-text__item img_align_top undefined\"><div class=\"icon_block\"><img decoding=\"async\" class=\"icon\" src=\"https:\/\/via-regia.org.ua\/wp-content\/uploads\/2020\/11\/trembita.svg\"\/><\/div><div class=\"icon-text__data\"><h4 class=\"title\">Das l\u00e4ngste in der Welt ukrainische Blasinstrument<\/h4><p class=\"description\">Trembita (&#8222;die karpatische Trompete&#8220;) ist das l\u00e4ngste in der Welt Blasinstrument. Dieses Musikinstrument ist 2.5 bis zu 8 Meter lang, sein Durchmesser betr\u00e4gt etwa 30 mm und erweitert sich zu einem Trichter. Trembita ist vor allem im Osten der ukrainischen Karpaten verbreitet<\/p><\/div><\/div>\n\n\n\n<div class=\"wp-block-ws-icon-text-el icon-text__item img_align_top undefined\"><div class=\"icon_block\"><img decoding=\"async\" class=\"icon\" src=\"https:\/\/via-regia.org.ua\/wp-content\/uploads\/2020\/11\/ukrayinskyj-shhedryk.svg\"\/><\/div><div class=\"icon-text__data\"><h4 class=\"title\">Eines der weltbekanntesten Weihnachtslieder ist das ukrainische &#8222;Schtschedryk&#8220;<\/h4><p class=\"description\">Dieses Volkslied wurde vom ukrainischen Komponisten Mykola Leontowytsch komponiert. In der ganzen Welt ist es als &#8222;Carol of the Bells&#8220; oder &#8222;Ring Christmas Bells&#8220; bekannt<\/p><\/div><\/div>\n\n\n\n<div class=\"wp-block-ws-icon-text-el icon-text__item img_align_top undefined\"><div class=\"icon_block\"><img decoding=\"async\" class=\"icon\" src=\"https:\/\/via-regia.org.ua\/wp-content\/uploads\/2020\/11\/najbilsha-pustelya.svg\"\/><\/div><div class=\"icon-text__data\"><h4 class=\"title\">In der Ukraine befindet sich eine der gr\u00f6\u00dften W\u00fcsten Europas<\/h4><p class=\"description\">\u0426\u0435 \u041e\u043b\u0435\u0448\u043a\u0456\u0432\u0441\u044c\u043a\u0456 \u043f\u0456\u0441\u043a\u0438 \u0430\u0431\u0430 \u00ab\u0423\u043a\u0440\u0430\u0457\u043d\u0441\u044c\u043a\u0430 \u0421\u0430\u0445\u0430\u0440\u0430\u00bb. \u0407\u0457 \u043f\u043b\u043e\u0449\u0430 \u0441\u043a\u043b\u0430\u0434\u0430\u0454 \u043f\u043e\u043d\u0430\u0434 160 \u0442\u0438\u0441\u044f\u0447 \u0433\u0435\u043a\u0442\u0430\u0440\u0456\u0432. \u0412\u043e\u043d\u0430 \u0442\u0430\u043a\u0430 \u0432\u0435\u043b\u0438\u043a\u0430, \u0449\u043e \u0457\u0457 \u043c\u043e\u0436\u043d\u0430 \u043f\u043e\u0431\u0430\u0447\u0438\u0442\u0438 Das sind Oleschky-Sande, die oft auch &#8222;die ukrainische Sahara&#8220; genannt werden. Ihre Fl\u00e4che betr\u00e4gt mehr als 160 Tausend ha. Diese gro\u00dfe W\u00fcste kann man sogar aus dem Weltall sehen<\/p><\/div><\/div>\n\n\n\n<div class=\"wp-block-ws-icon-text-el icon-text__item img_align_top undefined\"><div class=\"icon_block\"><img decoding=\"async\" class=\"icon\" src=\"https:\/\/via-regia.org.ua\/wp-content\/uploads\/2020\/11\/najbilsha-ploshha-yevropy-1.svg\"\/><\/div><div class=\"icon-text__data\"><h4 class=\"title\">Der gr\u00f6\u00dfte Platz Europas befindet sich in Charkiw<\/h4><p class=\"description\">Er ist 750 m lang und 125 m breit<\/p><\/div><\/div>\n<\/div>\n<\/div><\/div>\n\n\n\n<div class=\"wp-block-ws-section-el cover_section\" style=\"padding-top:0px;padding-bottom:0px;margin-top:0px;margin-bottom:0px;background-color:#ffffff;width:100%;display:block\"><div class=\"section-wrapper\" style=\"margin:0 auto;width:100%;max-width:1200px;display:block\">\n<hr class=\"wp-block-separator has-text-color has-background has-vivid-red-background-color has-vivid-red-color is-style-wide\"\/>\n<\/div><\/div>\n\n\n\n<div class=\"wp-block-ws-section-el cover_section\" style=\"padding-top:0px;padding-bottom:0px;margin-top:70px;margin-bottom:70px;background-color:#ffffff;width:100%;display:block\"><div class=\"section-wrapper\" style=\"margin:0 auto;width:100%;max-width:800px;display:block\">\n<div class=\"wp-block-ws-letter-el first_letter\">Die Ukraine liegt im Mittelosteuropa auf der Kreuzung wichtiger Verkehrswege zwischen Staaten und Kontinenten. Die moderne Ukraine ist ein Land mit den hoch entwickelten digitalen Technologien, endlosen Sonnenblumen- und Weizenfeldern, mit dem herrlichen blauen Himmel und mit mutigen begabten und freundlichen Einwohnern.<\/div>\n\n\n\n<div style=\"height:70px\" aria-hidden=\"true\" class=\"wp-block-spacer\"><\/div>\n\n\n\n<p>Die Ukraine geh\u00f6rt zu den Gr\u00fcndungsmitgliedern der Organisation der Vereinten Nationen und zu Mitgliedern von mehr als 40 internationalen Organisationen, z.B. OSZE (1992), IWF (1992), IBRD (1992), WTO (2008), Europarat (1995), UNESCO (seit dem 12. Mai 1954)<\/p>\n<\/div><\/div>\n\n\n\n<div class=\"wp-block-ws-section-el cover_section heritage\" style=\"padding-top:0px;padding-bottom:0px;margin-top:70px;margin-bottom:70px;background-color:#ffffff;width:100%;display:block\"><div class=\"section-wrapper\" style=\"margin:0 auto;width:100%;max-width:1200px;display:block\">\n<div class=\"wp-block-columns is-layout-flex wp-container-6\">\n<div class=\"wp-block-column is-layout-flow\">\n<a href=\"https:\/\/via-regia.org.ua\/de\/materialna-ta-nematerialna-kulturna-spadshhyna\/\" target=\"_blank\" rel=\"noopener noreferrer\"><div class=\"wp-block-cover has-background-dim-30 has-background-dim has-custom-content-position is-position-bottom-left\" style=\"background-image:url(https:\/\/via-regia.org.ua\/wp-content\/uploads\/2020\/10\/kulturna-spadshhyna.jpg);background-color:#0b2e4a\"><div class=\"wp-block-cover__inner-container\">\n<p class=\"has-text-align-left has-medium-font-size\">Das Kulturerbe<\/p>\n<\/div><\/div><\/a>\n<\/div>\n\n\n\n<div class=\"wp-block-column is-layout-flow\">\n<div class=\"wp-block-columns is-layout-flex wp-container-4\">\n<div class=\"wp-block-column is-layout-flow\">\n<a href=\"https:\/\/via-regia.org.ua\/de\/materialna-ta-nematerialna-kulturna-spadshhyna\/?cultural=no_material#cultural\" target=\"_blank\" rel=\"noopener noreferrer\"><div class=\"wp-block-cover alignleft has-background-dim-30 has-background-dim has-custom-content-position is-position-bottom-left\" style=\"background-image:url(https:\/\/via-regia.org.ua\/wp-content\/uploads\/2020\/10\/nematerialna-kulturna-spadshhyna.jpg);background-color:#0b2e4a\"><div class=\"wp-block-cover__inner-container\">\n<p class=\"has-text-align-left has-medium-font-size\">Das immaterielle Kulturerbe<\/p>\n<\/div><\/div><\/a>\n<\/div>\n\n\n\n<div class=\"wp-block-column is-layout-flow\">\n<a href=\"https:\/\/via-regia.org.ua\/de\/materialna-ta-nematerialna-kulturna-spadshhyna\/?cultural=material#cultural\" target=\"_blank\" rel=\"noopener noreferrer\"><div class=\"wp-block-cover has-background-dim-30 has-background-dim has-custom-content-position is-position-bottom-left\" style=\"background-image:url(https:\/\/via-regia.org.ua\/wp-content\/uploads\/2020\/10\/materialna-kulturna-spadshhyna.jpg);background-color:#0b2e4a\"><div class=\"wp-block-cover__inner-container\">\n<p class=\"has-text-align-left has-medium-font-size\">Das materielle Kulturerbe<\/p>\n<\/div><\/div><\/a>\n<\/div>\n<\/div>\n<\/div>\n<\/div>\n\n\n\n<div class=\"wp-block-columns is-layout-flex wp-container-12\">\n<div class=\"wp-block-column is-layout-flow\">\n<div class=\"wp-block-columns is-layout-flex wp-container-9\">\n<div class=\"wp-block-column is-layout-flow\">\n<a href=\"https:\/\/via-regia.org.ua\/de\/regiony\/\" target=\"_blank\" rel=\"noopener noreferrer\"><div class=\"wp-block-cover has-background-dim-30 has-background-dim has-custom-content-position is-position-bottom-left\" style=\"background-image:url(https:\/\/via-regia.org.ua\/wp-content\/uploads\/2020\/10\/regiony.jpg);background-color:#d15204\"><div class=\"wp-block-cover__inner-container\">\n<p class=\"has-text-align-left has-medium-font-size\">Regionen<\/p>\n<\/div><\/div><\/a>\n<\/div>\n\n\n\n<div class=\"wp-block-column is-layout-flow\">\n<a href=\"https:\/\/via-regia.org.ua\/de\/city-ukraine\/\" target=\"_blank\" rel=\"noopener noreferrer\"><div class=\"wp-block-cover has-background-dim-30 has-background-dim has-custom-content-position is-position-bottom-left\" style=\"background-image:url(https:\/\/via-regia.org.ua\/wp-content\/uploads\/2020\/10\/mista.jpg);background-color:#d15204\"><div class=\"wp-block-cover__inner-container\">\n<p class=\"has-text-align-left has-medium-font-size\">St\u00e4dte<\/p>\n<\/div><\/div><\/a>\n<\/div>\n<\/div>\n<\/div>\n\n\n\n<div class=\"wp-block-column is-layout-flow\">\n<a href=\"https:\/\/via-regia.org.ua\/de\/geografiya\/\" target=\"_blank\" rel=\"noopener noreferrer\"><div class=\"wp-block-cover has-background-dim-30 has-background-dim has-custom-content-position is-position-bottom-left\" style=\"background-image:url(https:\/\/via-regia.org.ua\/wp-content\/uploads\/2020\/10\/geografiya.jpg);background-color:#d15204\"><div class=\"wp-block-cover__inner-container\">\n<p>Geographie<\/p>\n<\/div><\/div><\/a>\n<\/div>\n<\/div>\n<\/div><\/div>\n\n\n\n<div class=\"wp-block-ws-section-el cover_section\" style=\"padding-top:40px;padding-bottom:40px;margin-top:0px;margin-bottom:0px;background-color:#062f60;width:100%;display:block\"><div class=\"section-wrapper\" style=\"margin:0 auto;width:100%;max-width:1200px;display:block\"><\/div><\/div>\n","protected":false},"excerpt":{"rendered":"","protected":false},"author":1,"featured_media":0,"parent":0,"menu_order":101,"comment_status":"closed","ping_status":"closed","template":"tpl\/full-page.php","meta":[],"acf":[],"yoast_head":"<!-- This site is optimized with the Yoast SEO plugin v27.4 - https:\/\/yoast.com\/product\/yoast-seo-wordpress\/ -->\n<title>\u00dcber die Ukraine - ViaRegiaUkraine<\/title>\n<meta name=\"robots\" content=\"index, follow, max-snippet:-1, max-image-preview:large, max-video-preview:-1\" \/>\n<link rel=\"canonical\" href=\"https:\/\/via-regia.org.ua\/de\/pro-ukrayinu\/\" \/>\n<meta property=\"og:locale\" content=\"de_DE\" \/>\n<meta property=\"og:type\" content=\"article\" \/>\n<meta property=\"og:title\" content=\"\u00dcber die Ukraine - ViaRegiaUkraine\" \/>\n<meta property=\"og:url\" content=\"https:\/\/via-regia.org.ua\/de\/pro-ukrayinu\/\" \/>\n<meta property=\"og:site_name\" content=\"ViaRegiaUkraine\" \/>\n<meta property=\"article:modified_time\" content=\"2020-11-30T11:51:43+00:00\" \/>\n<meta property=\"og:image\" content=\"https:\/\/via-regia.org.ua\/wp-content\/uploads\/2020\/10\/about-ukraine.png\" \/>\n<meta name=\"twitter:card\" content=\"summary_large_image\" \/>\n<meta name=\"twitter:label1\" content=\"Gesch\u00e4tzte Lesezeit\" \/>\n\t<meta name=\"twitter:data1\" content=\"4\u00a0Minuten\" \/>\n<script type=\"application\/ld+json\" class=\"yoast-schema-graph\">{\"@context\":\"https:\\\/\\\/schema.org\",\"@graph\":[{\"@type\":\"WebPage\",\"@id\":\"https:\\\/\\\/via-regia.org.ua\\\/de\\\/pro-ukrayinu\\\/\",\"url\":\"https:\\\/\\\/via-regia.org.ua\\\/de\\\/pro-ukrayinu\\\/\",\"name\":\"\u00dcber die Ukraine - ViaRegiaUkraine\",\"isPartOf\":{\"@id\":\"https:\\\/\\\/via-regia.org.ua\\\/#website\"},\"primaryImageOfPage\":{\"@id\":\"https:\\\/\\\/via-regia.org.ua\\\/de\\\/pro-ukrayinu\\\/#primaryimage\"},\"image\":{\"@id\":\"https:\\\/\\\/via-regia.org.ua\\\/de\\\/pro-ukrayinu\\\/#primaryimage\"},\"thumbnailUrl\":\"https:\\\/\\\/via-regia.org.ua\\\/wp-content\\\/uploads\\\/2020\\\/10\\\/about-ukraine.png\",\"datePublished\":\"2020-10-13T17:44:37+00:00\",\"dateModified\":\"2020-11-30T11:51:43+00:00\",\"breadcrumb\":{\"@id\":\"https:\\\/\\\/via-regia.org.ua\\\/de\\\/pro-ukrayinu\\\/#breadcrumb\"},\"inLanguage\":\"de\",\"potentialAction\":[{\"@type\":\"ReadAction\",\"target\":[\"https:\\\/\\\/via-regia.org.ua\\\/de\\\/pro-ukrayinu\\\/\"]}]},{\"@type\":\"ImageObject\",\"inLanguage\":\"de\",\"@id\":\"https:\\\/\\\/via-regia.org.ua\\\/de\\\/pro-ukrayinu\\\/#primaryimage\",\"url\":\"https:\\\/\\\/via-regia.org.ua\\\/wp-content\\\/uploads\\\/2020\\\/10\\\/about-ukraine.png\",\"contentUrl\":\"https:\\\/\\\/via-regia.org.ua\\\/wp-content\\\/uploads\\\/2020\\\/10\\\/about-ukraine.png\"},{\"@type\":\"BreadcrumbList\",\"@id\":\"https:\\\/\\\/via-regia.org.ua\\\/de\\\/pro-ukrayinu\\\/#breadcrumb\",\"itemListElement\":[{\"@type\":\"ListItem\",\"position\":1,\"name\":\"\u0413\u043e\u043b\u043e\u0432\u043d\u0430 \u0421\u0442\u043e\u0440\u0456\u043d\u043a\u0430\",\"item\":\"https:\\\/\\\/via-regia.org.ua\\\/de\\\/\"},{\"@type\":\"ListItem\",\"position\":2,\"name\":\"\u00dcber die Ukraine\"}]},{\"@type\":\"WebSite\",\"@id\":\"https:\\\/\\\/via-regia.org.ua\\\/#website\",\"url\":\"https:\\\/\\\/via-regia.org.ua\\\/\",\"name\":\"ViaRegiaUkraine\",\"description\":\"\",\"potentialAction\":[{\"@type\":\"SearchAction\",\"target\":{\"@type\":\"EntryPoint\",\"urlTemplate\":\"https:\\\/\\\/via-regia.org.ua\\\/?s={search_term_string}\"},\"query-input\":{\"@type\":\"PropertyValueSpecification\",\"valueRequired\":true,\"valueName\":\"search_term_string\"}}],\"inLanguage\":\"de\"}]}<\/script>\n<!-- \/ Yoast SEO plugin. -->","yoast_head_json":{"title":"\u00dcber die Ukraine - ViaRegiaUkraine","robots":{"index":"index","follow":"follow","max-snippet":"max-snippet:-1","max-image-preview":"max-image-preview:large","max-video-preview":"max-video-preview:-1"},"canonical":"https:\/\/via-regia.org.ua\/de\/pro-ukrayinu\/","og_locale":"de_DE","og_type":"article","og_title":"\u00dcber die Ukraine - ViaRegiaUkraine","og_url":"https:\/\/via-regia.org.ua\/de\/pro-ukrayinu\/","og_site_name":"ViaRegiaUkraine","article_modified_time":"2020-11-30T11:51:43+00:00","og_image":[{"url":"https:\/\/via-regia.org.ua\/wp-content\/uploads\/2020\/10\/about-ukraine.png","type":"","width":"","height":""}],"twitter_card":"summary_large_image","twitter_misc":{"Gesch\u00e4tzte Lesezeit":"4\u00a0Minuten"},"schema":{"@context":"https:\/\/schema.org","@graph":[{"@type":"WebPage","@id":"https:\/\/via-regia.org.ua\/de\/pro-ukrayinu\/","url":"https:\/\/via-regia.org.ua\/de\/pro-ukrayinu\/","name":"\u00dcber die Ukraine - ViaRegiaUkraine","isPartOf":{"@id":"https:\/\/via-regia.org.ua\/#website"},"primaryImageOfPage":{"@id":"https:\/\/via-regia.org.ua\/de\/pro-ukrayinu\/#primaryimage"},"image":{"@id":"https:\/\/via-regia.org.ua\/de\/pro-ukrayinu\/#primaryimage"},"thumbnailUrl":"https:\/\/via-regia.org.ua\/wp-content\/uploads\/2020\/10\/about-ukraine.png","datePublished":"2020-10-13T17:44:37+00:00","dateModified":"2020-11-30T11:51:43+00:00","breadcrumb":{"@id":"https:\/\/via-regia.org.ua\/de\/pro-ukrayinu\/#breadcrumb"},"inLanguage":"de","potentialAction":[{"@type":"ReadAction","target":["https:\/\/via-regia.org.ua\/de\/pro-ukrayinu\/"]}]},{"@type":"ImageObject","inLanguage":"de","@id":"https:\/\/via-regia.org.ua\/de\/pro-ukrayinu\/#primaryimage","url":"https:\/\/via-regia.org.ua\/wp-content\/uploads\/2020\/10\/about-ukraine.png","contentUrl":"https:\/\/via-regia.org.ua\/wp-content\/uploads\/2020\/10\/about-ukraine.png"},{"@type":"BreadcrumbList","@id":"https:\/\/via-regia.org.ua\/de\/pro-ukrayinu\/#breadcrumb","itemListElement":[{"@type":"ListItem","position":1,"name":"\u0413\u043e\u043b\u043e\u0432\u043d\u0430 \u0421\u0442\u043e\u0440\u0456\u043d\u043a\u0430","item":"https:\/\/via-regia.org.ua\/de\/"},{"@type":"ListItem","position":2,"name":"\u00dcber die Ukraine"}]},{"@type":"WebSite","@id":"https:\/\/via-regia.org.ua\/#website","url":"https:\/\/via-regia.org.ua\/","name":"ViaRegiaUkraine","description":"","potentialAction":[{"@type":"SearchAction","target":{"@type":"EntryPoint","urlTemplate":"https:\/\/via-regia.org.ua\/?s={search_term_string}"},"query-input":{"@type":"PropertyValueSpecification","valueRequired":true,"valueName":"search_term_string"}}],"inLanguage":"de"}]}},"_links":{"self":[{"href":"https:\/\/via-regia.org.ua\/de\/wp-json\/wp\/v2\/pages\/2632"}],"collection":[{"href":"https:\/\/via-regia.org.ua\/de\/wp-json\/wp\/v2\/pages"}],"about":[{"href":"https:\/\/via-regia.org.ua\/de\/wp-json\/wp\/v2\/types\/page"}],"author":[{"embeddable":true,"href":"https:\/\/via-regia.org.ua\/de\/wp-json\/wp\/v2\/users\/1"}],"replies":[{"embeddable":true,"href":"https:\/\/via-regia.org.ua\/de\/wp-json\/wp\/v2\/comments?post=2632"}],"version-history":[{"count":0,"href":"https:\/\/via-regia.org.ua\/de\/wp-json\/wp\/v2\/pages\/2632\/revisions"}],"wp:attachment":[{"href":"https:\/\/via-regia.org.ua\/de\/wp-json\/wp\/v2\/media?parent=2632"}],"curies":[{"name":"wp","href":"https:\/\/api.w.org\/{rel}","templated":true}]}}