{"id":2725,"date":"2020-10-24T13:45:01","date_gmt":"2020-10-24T13:45:01","guid":{"rendered":"https:\/\/via-regia.org.ua\/istorychnyj-korydor-via-regia-v-ukrayini-v-period-kyyivskoyi-rusi\/"},"modified":"2020-11-06T10:58:10","modified_gmt":"2020-11-06T10:58:10","slug":"istorychnyj-korydor-via-regia-v-ukrayini-v-period-kyyivskoyi-rusi","status":"publish","type":"page","link":"https:\/\/via-regia.org.ua\/de\/istorychnyj-korydor-via-regia-v-ukrayini-v-period-kyyivskoyi-rusi\/","title":{"rendered":"Via Regia in der Zeit der Kyjiwer Rus"},"content":{"rendered":"\n<div class=\"wp-block-ws-letter-el first_letter\">Zahlreiche Schriftst\u00fccke und Fundsachen des VIII.-X. Jh. sprechen f\u00fcr die Beziehungen zwischen Franken und Slawen. Zum Schutz der \u00f6stlichen Landverbindung dienten slawische Erdw\u00e4lle und Festungen, auf deren Stellen sp\u00e4ter St\u00e4dte gebaut wurden.<\/div>\n\n\n\n<p>Durch das Staatsgebiet der Kyjiwer Rus f\u00fchrten drei gr\u00f6\u00dfte internationale Wege: der Bernsteinweg (vom Baltischen Meer durch die Weichsel, den Saan und den Dnister nach dem Schwarzen Meer), der Weg von den War\u00e4gern zu den Griechen (vom Baltischen Meer durch die Newa, den Ladogasee, den Wolchow und den Dnipro nach dem Schwarzen Meer) und der Weg von Bolgar an der Wolga nach dem Kalifat von C\u00f3rdoba in Spanien (an der Wolga und Oka, durch das Land Tschernihiw nach Kyjiw, Galitsch, Przemy\u015bl, Krakau, Prag, Regensburg, Trier). Der letzte Weg, der fast \u00fcber das ganze Europa f\u00fchrte, kann als der transeurop\u00e4ische Weg, Via Regie bezeichnet werden.<\/p>\n\n\n\n<p>Er wurde im X. Jh. gegr\u00fcndet, als das K\u00f6nigreich der &#8222;Schwarzen Bulgaren&#8220; mit der Hauptstadt in Bolgar an der Wolga (heute Kasan) nach der \u00dcbernahme des Islams zu einem m\u00e4chtigen Handelsstaat wurde, die durch Choresmien mit der Seidenstra\u00dfe au\u00dfer dem Gebiet der Chosaren verbunden wurde, Seit dem XI. Jh. war dieser Weg der wichtigste europ\u00e4ische Durchgangsweg.<\/p>\n\n\n\n<p>Angesichts der fehlenden festen Bodenwege wurden zuerst Flusswege benutzt. In der Rus kamen oft Lodi \u2013 kleine Wikingerschiffe zum Gebrauch, die einen kleinen Tiefgang hatten, gerudert oder gesegelt werden konnten und mit den Rollen auf dem Festland zwischen Fl\u00fcssen \u00fcbergezogen wurden.<\/p>\n\n\n\n<p>Durch Via Regia wurden die Seide, Luxusg\u00fcter, Spezereien, sonstige Waren aus Osten sowie Pelze aus Norden in die Hauptstadt der Rus eingef\u00fchrt. Ausgef\u00fchrt wurden Sklaven, Honig, Wachs und Handwerkserzeugnisse. In Kyjiw kreuzte sich die Via Regia mit dem Weg von den War\u00e4gern zu den Griechen, durch den Waren aus Byzantion und Skandinavien importiert wurden.<\/p>\n\n\n\n<p>Der wiederhergestellte ukrainische Teil der Via Regia im XI.-XIV. sieht heute so aus:<\/p>\n\n\n\n<p>Kyjiw- Korez -Ostroh-Luzk-Lwiw-Przemy\u015bl.<\/p>\n\n\n\n<p>Genauer: Kyjiw \u2013 Schytomyr \u2013 Novograd-Wolynskyj (in Chroniken Swjahel genannt) \u2013 Korez (Hauptstadt des F\u00fcrstentums Korez) \u2013 Ostroh \u2013 Riwne\u2013 Klewan \u2013 Olyka (sp\u00e4ter die Hauptstadt des Territoriums der F\u00fcrsten Radziwi\u0142\u0142) \u2013 Luzk \u2013 Dubno \u2013 Brody \u2013 Plisnesk (heute Dorf Pidhirzi) \u2013 Olesko \u2013 Busk \u2013 Lwiw \u2013 Sambir \u2013 Dobromyl \u2013 Nyschankowytschi \u2013 Przemy\u015bl.<\/p>\n\n\n\n<p>In seinem ganzen Verlauf war es der Landweg, manchmal mit der festen Stra\u00dfendecke (mit dem Kalkstein gepflastert), entlang dem verschiedene Br\u00fccken und Burgen errichtet wurden. Wie es sich aus den Satzungen \u00f6sterreichischer St\u00e4dte und rheinischer St\u00e4dte ergibt, wurden aus der Rus Sklaven, Honig, Wachs, Pelz, Pferde, Salz, handwerkliche Produkte, insbesondere Spinnwirtel aus dem rosa Schiefer aus Owrutsch, eiserne Vorh\u00e4ngeschl\u00f6sser, Spielzeuge aus Ton und bemalte Eier ausgef\u00fchrt. In die Rus wurden handwerkliche Produkte, Waffen, Buntmetalle, St\u00e4be aus Erz aus dem Rheingebiet, Tuchwaren und Luxusartikel eingef\u00fchrt.<\/p>\n\n\n\n<p>Entlang der Via Regie bestanden Faktoreien j\u00fcdischer Kaufleute aus Kalifat von C\u00f3rdoba, die haupts\u00e4chlich mit Sklaven handelten. \u00c4hnliche Faktoreien waren auch in Przemy\u015bl und Kyjiw. Die Waren wurden von Kyjiw nach Przemy\u015bl mit Vierradfuhrwerken bef\u00f6rdert.<\/p>\n\n\n\n<p>Nach dem Zerfall der Kyjiwer Rus und Entstehung der F\u00fcrstent\u00fcmer Galizien und Wolhynien sowie Gr\u00fcndung neuer St\u00e4dte im Westen der heutigen Ukraine wurde die Verbindung zwischen Ost- und Westeuropa durch die mitteldeutsche Route Via Regia stabilisiert und gest\u00e4rkt. Im XXI. Jh. erlebt Via Regia ihre Renaissance als vor allem die touristische Route, die Ost- und Westeuropa verbindet und ihre Ann\u00e4herung und Integration f\u00f6rdert.<\/p>\n","protected":false},"excerpt":{"rendered":"<p>Durch das Staatsgebiet der Kyjiwer Rus f\u00fchrten drei gr\u00f6\u00dfte internationale Wege: der Bernsteinweg (vom Baltischen Meer durch die Weichsel, den Saan und den Dnister nach dem Schwarzen Meer), der Weg&#8230;<\/p>\n","protected":false},"author":1,"featured_media":0,"parent":0,"menu_order":51,"comment_status":"closed","ping_status":"closed","template":"","meta":[],"acf":[],"yoast_head":"<!-- This site is optimized with the Yoast SEO plugin v27.4 - https:\/\/yoast.com\/product\/yoast-seo-wordpress\/ -->\n<title>Via Regia in der Zeit der Kyjiwer Rus - ViaRegiaUkraine<\/title>\n<meta name=\"robots\" content=\"index, follow, max-snippet:-1, max-image-preview:large, max-video-preview:-1\" \/>\n<link rel=\"canonical\" href=\"https:\/\/via-regia.org.ua\/de\/istorychnyj-korydor-via-regia-v-ukrayini-v-period-kyyivskoyi-rusi\/\" \/>\n<meta property=\"og:locale\" content=\"de_DE\" \/>\n<meta property=\"og:type\" content=\"article\" \/>\n<meta property=\"og:title\" content=\"Via Regia in der Zeit der Kyjiwer Rus - ViaRegiaUkraine\" \/>\n<meta property=\"og:description\" content=\"Durch das Staatsgebiet der Kyjiwer Rus f\u00fchrten drei gr\u00f6\u00dfte internationale Wege: der Bernsteinweg (vom Baltischen Meer durch die Weichsel, den Saan und den Dnister nach dem Schwarzen Meer), der Weg...\" \/>\n<meta property=\"og:url\" content=\"https:\/\/via-regia.org.ua\/de\/istorychnyj-korydor-via-regia-v-ukrayini-v-period-kyyivskoyi-rusi\/\" \/>\n<meta property=\"og:site_name\" content=\"ViaRegiaUkraine\" \/>\n<meta property=\"article:modified_time\" content=\"2020-11-06T10:58:10+00:00\" \/>\n<meta name=\"twitter:card\" content=\"summary_large_image\" \/>\n<meta name=\"twitter:label1\" content=\"Gesch\u00e4tzte Lesezeit\" \/>\n\t<meta name=\"twitter:data1\" content=\"3\u00a0Minuten\" \/>\n<script type=\"application\/ld+json\" class=\"yoast-schema-graph\">{\"@context\":\"https:\\\/\\\/schema.org\",\"@graph\":[{\"@type\":\"WebPage\",\"@id\":\"https:\\\/\\\/via-regia.org.ua\\\/de\\\/istorychnyj-korydor-via-regia-v-ukrayini-v-period-kyyivskoyi-rusi\\\/\",\"url\":\"https:\\\/\\\/via-regia.org.ua\\\/de\\\/istorychnyj-korydor-via-regia-v-ukrayini-v-period-kyyivskoyi-rusi\\\/\",\"name\":\"Via Regia in der Zeit der Kyjiwer Rus - ViaRegiaUkraine\",\"isPartOf\":{\"@id\":\"https:\\\/\\\/via-regia.org.ua\\\/#website\"},\"datePublished\":\"2020-10-24T13:45:01+00:00\",\"dateModified\":\"2020-11-06T10:58:10+00:00\",\"breadcrumb\":{\"@id\":\"https:\\\/\\\/via-regia.org.ua\\\/de\\\/istorychnyj-korydor-via-regia-v-ukrayini-v-period-kyyivskoyi-rusi\\\/#breadcrumb\"},\"inLanguage\":\"de\",\"potentialAction\":[{\"@type\":\"ReadAction\",\"target\":[\"https:\\\/\\\/via-regia.org.ua\\\/de\\\/istorychnyj-korydor-via-regia-v-ukrayini-v-period-kyyivskoyi-rusi\\\/\"]}]},{\"@type\":\"BreadcrumbList\",\"@id\":\"https:\\\/\\\/via-regia.org.ua\\\/de\\\/istorychnyj-korydor-via-regia-v-ukrayini-v-period-kyyivskoyi-rusi\\\/#breadcrumb\",\"itemListElement\":[{\"@type\":\"ListItem\",\"position\":1,\"name\":\"\u0413\u043e\u043b\u043e\u0432\u043d\u0430 \u0421\u0442\u043e\u0440\u0456\u043d\u043a\u0430\",\"item\":\"https:\\\/\\\/via-regia.org.ua\\\/de\\\/\"},{\"@type\":\"ListItem\",\"position\":2,\"name\":\"Via Regia in der Zeit der Kyjiwer Rus\"}]},{\"@type\":\"WebSite\",\"@id\":\"https:\\\/\\\/via-regia.org.ua\\\/#website\",\"url\":\"https:\\\/\\\/via-regia.org.ua\\\/\",\"name\":\"ViaRegiaUkraine\",\"description\":\"\",\"potentialAction\":[{\"@type\":\"SearchAction\",\"target\":{\"@type\":\"EntryPoint\",\"urlTemplate\":\"https:\\\/\\\/via-regia.org.ua\\\/?s={search_term_string}\"},\"query-input\":{\"@type\":\"PropertyValueSpecification\",\"valueRequired\":true,\"valueName\":\"search_term_string\"}}],\"inLanguage\":\"de\"}]}<\/script>\n<!-- \/ Yoast SEO plugin. -->","yoast_head_json":{"title":"Via Regia in der Zeit der Kyjiwer Rus - ViaRegiaUkraine","robots":{"index":"index","follow":"follow","max-snippet":"max-snippet:-1","max-image-preview":"max-image-preview:large","max-video-preview":"max-video-preview:-1"},"canonical":"https:\/\/via-regia.org.ua\/de\/istorychnyj-korydor-via-regia-v-ukrayini-v-period-kyyivskoyi-rusi\/","og_locale":"de_DE","og_type":"article","og_title":"Via Regia in der Zeit der Kyjiwer Rus - ViaRegiaUkraine","og_description":"Durch das Staatsgebiet der Kyjiwer Rus f\u00fchrten drei gr\u00f6\u00dfte internationale Wege: der Bernsteinweg (vom Baltischen Meer durch die Weichsel, den Saan und den Dnister nach dem Schwarzen Meer), der Weg...","og_url":"https:\/\/via-regia.org.ua\/de\/istorychnyj-korydor-via-regia-v-ukrayini-v-period-kyyivskoyi-rusi\/","og_site_name":"ViaRegiaUkraine","article_modified_time":"2020-11-06T10:58:10+00:00","twitter_card":"summary_large_image","twitter_misc":{"Gesch\u00e4tzte Lesezeit":"3\u00a0Minuten"},"schema":{"@context":"https:\/\/schema.org","@graph":[{"@type":"WebPage","@id":"https:\/\/via-regia.org.ua\/de\/istorychnyj-korydor-via-regia-v-ukrayini-v-period-kyyivskoyi-rusi\/","url":"https:\/\/via-regia.org.ua\/de\/istorychnyj-korydor-via-regia-v-ukrayini-v-period-kyyivskoyi-rusi\/","name":"Via Regia in der Zeit der Kyjiwer Rus - ViaRegiaUkraine","isPartOf":{"@id":"https:\/\/via-regia.org.ua\/#website"},"datePublished":"2020-10-24T13:45:01+00:00","dateModified":"2020-11-06T10:58:10+00:00","breadcrumb":{"@id":"https:\/\/via-regia.org.ua\/de\/istorychnyj-korydor-via-regia-v-ukrayini-v-period-kyyivskoyi-rusi\/#breadcrumb"},"inLanguage":"de","potentialAction":[{"@type":"ReadAction","target":["https:\/\/via-regia.org.ua\/de\/istorychnyj-korydor-via-regia-v-ukrayini-v-period-kyyivskoyi-rusi\/"]}]},{"@type":"BreadcrumbList","@id":"https:\/\/via-regia.org.ua\/de\/istorychnyj-korydor-via-regia-v-ukrayini-v-period-kyyivskoyi-rusi\/#breadcrumb","itemListElement":[{"@type":"ListItem","position":1,"name":"\u0413\u043e\u043b\u043e\u0432\u043d\u0430 \u0421\u0442\u043e\u0440\u0456\u043d\u043a\u0430","item":"https:\/\/via-regia.org.ua\/de\/"},{"@type":"ListItem","position":2,"name":"Via Regia in der Zeit der Kyjiwer Rus"}]},{"@type":"WebSite","@id":"https:\/\/via-regia.org.ua\/#website","url":"https:\/\/via-regia.org.ua\/","name":"ViaRegiaUkraine","description":"","potentialAction":[{"@type":"SearchAction","target":{"@type":"EntryPoint","urlTemplate":"https:\/\/via-regia.org.ua\/?s={search_term_string}"},"query-input":{"@type":"PropertyValueSpecification","valueRequired":true,"valueName":"search_term_string"}}],"inLanguage":"de"}]}},"_links":{"self":[{"href":"https:\/\/via-regia.org.ua\/de\/wp-json\/wp\/v2\/pages\/2725"}],"collection":[{"href":"https:\/\/via-regia.org.ua\/de\/wp-json\/wp\/v2\/pages"}],"about":[{"href":"https:\/\/via-regia.org.ua\/de\/wp-json\/wp\/v2\/types\/page"}],"author":[{"embeddable":true,"href":"https:\/\/via-regia.org.ua\/de\/wp-json\/wp\/v2\/users\/1"}],"replies":[{"embeddable":true,"href":"https:\/\/via-regia.org.ua\/de\/wp-json\/wp\/v2\/comments?post=2725"}],"version-history":[{"count":0,"href":"https:\/\/via-regia.org.ua\/de\/wp-json\/wp\/v2\/pages\/2725\/revisions"}],"wp:attachment":[{"href":"https:\/\/via-regia.org.ua\/de\/wp-json\/wp\/v2\/media?parent=2725"}],"curies":[{"name":"wp","href":"https:\/\/api.w.org\/{rel}","templated":true}]}}