{"id":2729,"date":"2020-10-24T13:48:09","date_gmt":"2020-10-24T13:48:09","guid":{"rendered":"https:\/\/via-regia.org.ua\/vidrodzhennya-istorychnogo-shlyahu\/"},"modified":"2020-11-06T11:22:24","modified_gmt":"2020-11-06T11:22:24","slug":"vidrodzhennya-istorychnogo-shlyahu","status":"publish","type":"page","link":"https:\/\/via-regia.org.ua\/de\/vidrodzhennya-istorychnogo-shlyahu\/","title":{"rendered":"Revitalisierung einer historischen Stra\u00dfe"},"content":{"rendered":"\n<div class=\"wp-block-ws-letter-el first_letter\">Die Geschichte der alten Via Regia als Heerstra\u00dfe beginnt nach den historischen Quellen mit den Feldz\u00fcgen von Franken und endet kurioserweise mit einem Feldzug der Franzosen. Am letzten Mal erlangte diese Route europ\u00e4ische Bedeutung durch die Truppen Napoleons, die sowohl auf ihren Eroberungsfeldz\u00fcgen nach Russland und Spanien, als auch auf ihrem R\u00fcckzug eben diese Stra\u00dfe benutzten.<\/div>\n\n\n\n<p>Zwischen diesen Ereignissen liegen eineinhalb Tausend Jahre der europ\u00e4ischen Geschichte, die mit der Route Via Regia eng verbunden ist. Der Bau der Eisenbahn im Jahre 1835 verminderte wesentlich die Bedeutung dieser Route. Die Menschen, die Stra\u00dfen bis dahin meist nur zu Fu\u00df begehen konnten, konnten jetzt mit der Bahn viel schneller reisen und sehr gro\u00dfe Entfernungen \u00fcberwinden.<\/p>\n\n\n\n<p>Der Warentransport war jetzt nicht so kompliziert, wie fr\u00fcher auf den dazu nicht geeigneten Wegen. Ein nachfolgender schneller Ausbau der Eisenbahn wurde durch die Industrialisierung bef\u00f6rdert. Z\u00fcge waren das beste Verkehrsmittel f\u00fcr die Schwerindustrie und die Versorgung der sich rasant entwickelten St\u00e4dte. Obwohl die Wege in einigen St\u00e4dten bereits im XII.-XIII. Jh. mit Pflaster gemacht wurden, blieben die meisten Wege in einem schlechten Zustand und Mangel an geeigneten Verkehrsmitteln f\u00fchrte zum jahrzehntelangen Verfall des Stra\u00dfennetzes.<\/p>\n\n\n\n<p>Da sich die Routen gleichzeitig mit dem St\u00e4dtewachstum st\u00e4ndig \u00e4nderten, hatte die Via Regia nie einen genauen Verlauf, der jahrhundertelang unber\u00fchrt blieb.\u00a0 Im Mittelalter wurde der Handel zwischen \u00f6stlichen und westlichen L\u00e4ndern haupts\u00e4chlich entlang diesem Weg durchgef\u00fchrt, so strebte jeder Landesherr danach, den Weg auf sein Territorium zu ziehen und ein hohes Einkommen aus den ihm zugestandenen Wegz\u00f6llen zu bekommen.<\/p>\n\n\n\n<p>Heute ist dieser von Geschichte erf\u00fcllte Weg eine gerade Strecke der europ\u00e4ischen Autobahn E-40 sowie der neuen Autobahn A4 und damit die Schnellstra\u00dfe f\u00fcr das Erleben der individuellen Mobilit\u00e4t.<br><br>Technisch umwandelt sich der Weg in eine High-Tech-Asphaltstra\u00dfe, die Landschaften und Orte zerschneidet und die sichere Bewegung ausschlie\u00dflich mit Hilfe technischer Mittel erm\u00f6glicht. So ist zum Beispiel die neugebaute Autobahnstrecke A4, die gleichzeitig auch zur europ\u00e4ischen Route E-40 geh\u00f6rt, in neuen Bundesl\u00e4ndern ein Muster des deutschen Ingenieurswesens angesichts der Sicherheit und Fertigungsfreundlichkeit.<\/p>\n\n\n\n<p>Kann die moderne Autobahn unter den oben genannten Bedingungen Kulturen und V\u00f6lker genauso wie die alte Via Regia verbinden? Kann dieser Weg &#8222;das Leben&#8220; bedeuten?<\/p>\n\n\n\n<p>Via Regia als Weg von Bonifatius, der im Auftrag Roms und Karl Martells in Hessen und Th\u00fcringen Marken und Di\u00f6zesen gegr\u00fcndet und damit feste staatliche und kirchliche Einheiten gebildet hat, oder als die k\u00fcnftige sechsspurig ausgebaute Autobahn A4 ist schon seit ungef\u00e4hr 2000 Jahren &#8222;die europ\u00e4ische Hauptverkehrsader&#8220; von wichtiger wirtschaftlicher, kultureller, politischer und milit\u00e4rischer Bedeutung, die lebensvolle und starke symbolische Vereinigungsmacht<strong><br><br>Richtungen<br><br><\/strong>Das langfristige Ziel des Netzes Via Regia, dem k\u00fcnftig 48 Gebiete in 8 L\u00e4ndern geh\u00f6ren werden, besteht in der umfassenden und ausf\u00fchrlichen Darstellung historischer, kultureller und modernder Objekte und Ereignisse auf dem Weg Via Regia. Das unterstreicht die ausgesprochene Einheit des Weges in Europa. Der Benutzer kann diese Informationen nur unter Voraussetzung, dass sie ausf\u00fchrlich sind, nutzbringend verwenden.<br><br>Die ausf\u00fchrlichen Informationen \u00fcber jedes Gebiet von Via Regia in einem bestimmten europ\u00e4ischen Land mit modernen Autobahnen, Chausseen, Fu\u00df- und Radwege sowie sonstige touristische Route k\u00f6nnen Sie auf der offiziellen Webseite des Koordinators des Netzes Via Regia in Europa <a href=\"https:\/\/www.via-regia.org\/ukr\/viaregiageschichte\/flashwegeverlauf\/wegeverlauf.php\" target=\"_blank\" rel=\"noreferrer noopener\">here finden<\/a>.<\/p>\n","protected":false},"excerpt":{"rendered":"<p>Zwischen diesen Ereignissen liegen eineinhalb Tausend Jahre der europ\u00e4ischen Geschichte, die mit der Route Via Regia eng verbunden ist. Der Bau der Eisenbahn im Jahre 1835 verminderte wesentlich die Bedeutung&#8230;<\/p>\n","protected":false},"author":1,"featured_media":0,"parent":0,"menu_order":47,"comment_status":"closed","ping_status":"closed","template":"","meta":[],"acf":[],"yoast_head":"<!-- This site is optimized with the Yoast SEO plugin v27.4 - https:\/\/yoast.com\/product\/yoast-seo-wordpress\/ -->\n<title>Revitalisierung einer historischen Stra\u00dfe - ViaRegiaUkraine<\/title>\n<meta name=\"robots\" content=\"index, follow, max-snippet:-1, max-image-preview:large, max-video-preview:-1\" \/>\n<link rel=\"canonical\" href=\"https:\/\/via-regia.org.ua\/de\/vidrodzhennya-istorychnogo-shlyahu\/\" \/>\n<meta property=\"og:locale\" content=\"de_DE\" \/>\n<meta property=\"og:type\" content=\"article\" \/>\n<meta property=\"og:title\" content=\"Revitalisierung einer historischen Stra\u00dfe - ViaRegiaUkraine\" \/>\n<meta property=\"og:description\" content=\"Zwischen diesen Ereignissen liegen eineinhalb Tausend Jahre der europ\u00e4ischen Geschichte, die mit der Route Via Regia eng verbunden ist. Der Bau der Eisenbahn im Jahre 1835 verminderte wesentlich die Bedeutung...\" \/>\n<meta property=\"og:url\" content=\"https:\/\/via-regia.org.ua\/de\/vidrodzhennya-istorychnogo-shlyahu\/\" \/>\n<meta property=\"og:site_name\" content=\"ViaRegiaUkraine\" \/>\n<meta property=\"article:modified_time\" content=\"2020-11-06T11:22:24+00:00\" \/>\n<meta name=\"twitter:card\" content=\"summary_large_image\" \/>\n<meta name=\"twitter:label1\" content=\"Gesch\u00e4tzte Lesezeit\" \/>\n\t<meta name=\"twitter:data1\" content=\"3\u00a0Minuten\" \/>\n<script type=\"application\/ld+json\" class=\"yoast-schema-graph\">{\"@context\":\"https:\\\/\\\/schema.org\",\"@graph\":[{\"@type\":\"WebPage\",\"@id\":\"https:\\\/\\\/via-regia.org.ua\\\/de\\\/vidrodzhennya-istorychnogo-shlyahu\\\/\",\"url\":\"https:\\\/\\\/via-regia.org.ua\\\/de\\\/vidrodzhennya-istorychnogo-shlyahu\\\/\",\"name\":\"Revitalisierung einer historischen Stra\u00dfe - ViaRegiaUkraine\",\"isPartOf\":{\"@id\":\"https:\\\/\\\/via-regia.org.ua\\\/#website\"},\"datePublished\":\"2020-10-24T13:48:09+00:00\",\"dateModified\":\"2020-11-06T11:22:24+00:00\",\"breadcrumb\":{\"@id\":\"https:\\\/\\\/via-regia.org.ua\\\/de\\\/vidrodzhennya-istorychnogo-shlyahu\\\/#breadcrumb\"},\"inLanguage\":\"de\",\"potentialAction\":[{\"@type\":\"ReadAction\",\"target\":[\"https:\\\/\\\/via-regia.org.ua\\\/de\\\/vidrodzhennya-istorychnogo-shlyahu\\\/\"]}]},{\"@type\":\"BreadcrumbList\",\"@id\":\"https:\\\/\\\/via-regia.org.ua\\\/de\\\/vidrodzhennya-istorychnogo-shlyahu\\\/#breadcrumb\",\"itemListElement\":[{\"@type\":\"ListItem\",\"position\":1,\"name\":\"\u0413\u043e\u043b\u043e\u0432\u043d\u0430 \u0421\u0442\u043e\u0440\u0456\u043d\u043a\u0430\",\"item\":\"https:\\\/\\\/via-regia.org.ua\\\/de\\\/\"},{\"@type\":\"ListItem\",\"position\":2,\"name\":\"Revitalisierung einer historischen Stra\u00dfe\"}]},{\"@type\":\"WebSite\",\"@id\":\"https:\\\/\\\/via-regia.org.ua\\\/#website\",\"url\":\"https:\\\/\\\/via-regia.org.ua\\\/\",\"name\":\"ViaRegiaUkraine\",\"description\":\"\",\"potentialAction\":[{\"@type\":\"SearchAction\",\"target\":{\"@type\":\"EntryPoint\",\"urlTemplate\":\"https:\\\/\\\/via-regia.org.ua\\\/?s={search_term_string}\"},\"query-input\":{\"@type\":\"PropertyValueSpecification\",\"valueRequired\":true,\"valueName\":\"search_term_string\"}}],\"inLanguage\":\"de\"}]}<\/script>\n<!-- \/ Yoast SEO plugin. -->","yoast_head_json":{"title":"Revitalisierung einer historischen Stra\u00dfe - ViaRegiaUkraine","robots":{"index":"index","follow":"follow","max-snippet":"max-snippet:-1","max-image-preview":"max-image-preview:large","max-video-preview":"max-video-preview:-1"},"canonical":"https:\/\/via-regia.org.ua\/de\/vidrodzhennya-istorychnogo-shlyahu\/","og_locale":"de_DE","og_type":"article","og_title":"Revitalisierung einer historischen Stra\u00dfe - ViaRegiaUkraine","og_description":"Zwischen diesen Ereignissen liegen eineinhalb Tausend Jahre der europ\u00e4ischen Geschichte, die mit der Route Via Regia eng verbunden ist. Der Bau der Eisenbahn im Jahre 1835 verminderte wesentlich die Bedeutung...","og_url":"https:\/\/via-regia.org.ua\/de\/vidrodzhennya-istorychnogo-shlyahu\/","og_site_name":"ViaRegiaUkraine","article_modified_time":"2020-11-06T11:22:24+00:00","twitter_card":"summary_large_image","twitter_misc":{"Gesch\u00e4tzte Lesezeit":"3\u00a0Minuten"},"schema":{"@context":"https:\/\/schema.org","@graph":[{"@type":"WebPage","@id":"https:\/\/via-regia.org.ua\/de\/vidrodzhennya-istorychnogo-shlyahu\/","url":"https:\/\/via-regia.org.ua\/de\/vidrodzhennya-istorychnogo-shlyahu\/","name":"Revitalisierung einer historischen Stra\u00dfe - ViaRegiaUkraine","isPartOf":{"@id":"https:\/\/via-regia.org.ua\/#website"},"datePublished":"2020-10-24T13:48:09+00:00","dateModified":"2020-11-06T11:22:24+00:00","breadcrumb":{"@id":"https:\/\/via-regia.org.ua\/de\/vidrodzhennya-istorychnogo-shlyahu\/#breadcrumb"},"inLanguage":"de","potentialAction":[{"@type":"ReadAction","target":["https:\/\/via-regia.org.ua\/de\/vidrodzhennya-istorychnogo-shlyahu\/"]}]},{"@type":"BreadcrumbList","@id":"https:\/\/via-regia.org.ua\/de\/vidrodzhennya-istorychnogo-shlyahu\/#breadcrumb","itemListElement":[{"@type":"ListItem","position":1,"name":"\u0413\u043e\u043b\u043e\u0432\u043d\u0430 \u0421\u0442\u043e\u0440\u0456\u043d\u043a\u0430","item":"https:\/\/via-regia.org.ua\/de\/"},{"@type":"ListItem","position":2,"name":"Revitalisierung einer historischen Stra\u00dfe"}]},{"@type":"WebSite","@id":"https:\/\/via-regia.org.ua\/#website","url":"https:\/\/via-regia.org.ua\/","name":"ViaRegiaUkraine","description":"","potentialAction":[{"@type":"SearchAction","target":{"@type":"EntryPoint","urlTemplate":"https:\/\/via-regia.org.ua\/?s={search_term_string}"},"query-input":{"@type":"PropertyValueSpecification","valueRequired":true,"valueName":"search_term_string"}}],"inLanguage":"de"}]}},"_links":{"self":[{"href":"https:\/\/via-regia.org.ua\/de\/wp-json\/wp\/v2\/pages\/2729"}],"collection":[{"href":"https:\/\/via-regia.org.ua\/de\/wp-json\/wp\/v2\/pages"}],"about":[{"href":"https:\/\/via-regia.org.ua\/de\/wp-json\/wp\/v2\/types\/page"}],"author":[{"embeddable":true,"href":"https:\/\/via-regia.org.ua\/de\/wp-json\/wp\/v2\/users\/1"}],"replies":[{"embeddable":true,"href":"https:\/\/via-regia.org.ua\/de\/wp-json\/wp\/v2\/comments?post=2729"}],"version-history":[{"count":0,"href":"https:\/\/via-regia.org.ua\/de\/wp-json\/wp\/v2\/pages\/2729\/revisions"}],"wp:attachment":[{"href":"https:\/\/via-regia.org.ua\/de\/wp-json\/wp\/v2\/media?parent=2729"}],"curies":[{"name":"wp","href":"https:\/\/api.w.org\/{rel}","templated":true}]}}