{"id":2734,"date":"2020-10-24T13:54:51","date_gmt":"2020-10-24T13:54:51","guid":{"rendered":"https:\/\/via-regia.org.ua\/pro-radu-yevropy\/"},"modified":"2020-11-06T12:51:19","modified_gmt":"2020-11-06T12:51:19","slug":"pro-radu-yevropy","status":"publish","type":"page","link":"https:\/\/via-regia.org.ua\/de\/pro-radu-yevropy\/","title":{"rendered":"\u00dcber den Europarat"},"content":{"rendered":"\n<div class=\"wp-block-ws-letter-el first_letter\">Europarat (englisch Council of Europe, franz\u00f6sisch Conseil de l\u2019Europe) ist eine europ\u00e4ische internationale Organisation, der heute 47 Staaten geh\u00f6ren. Der Sitz des Europarates befindet sich in Stra\u00dfburg an der franz\u00f6sisch-deutschen Grenze.<\/div>\n\n\n\n<p>Jeder europ\u00e4ische Staat kann Mitglied des Europarates werden, solange er die Prinzipien der Rechtsstaatlichkeit und die Nutznie\u00dfung der Menschenrechte und Grundfreiheiten aller Personen in seiner Gerichtsbarkeit anerkennt.<\/p>\n\n\n\n<p>Der Europarat strebt an, einen engeren Zusammenschluss unter seinen Mitgliedern zu verwirklichen, um die Ideale und Grunds\u00e4tze, die ihr gemeinsames Erbe sind, zu sch\u00fctzen und zu f\u00f6rdern und um ihren wirtschaftlichen und sozialen Fortschritt zu beg\u00fcnstigen. Der Europarat besch\u00e4ftigt sich mit Fragen gemeinsamen Interesses, insbesondere auf den Gebieten der Kriminalpr\u00e4vention, Drogenbek\u00e4mpfung, Bioethik, Migration und des Umweltschutzes.<\/p>\n\n\n\n<p>Der Europarat ist institutionell nicht mit der Europ\u00e4ischen Union verbunden, auch wenn beide die Europaflagge und die Europahymne verwenden. Der Europarat ist auch mit dem Europ\u00e4ischen Rat und Rat der Europ\u00e4ischen Union (Ministerrat) nicht zu verwechseln.<\/p>\n\n\n\n<p>Der Europarat wurde am 5. Mai 1949 durch den Londoner Zehnm\u00e4chtepakt von zehn Staaten (Belgien, D\u00e4nemark, Frankreich, Irland, Italien, Luxemburg, den Niederlanden, Norwegen, Schweden und dem Vereinigten K\u00f6nigreich) gegr\u00fcndet. So ist er die \u00e4lteste politische Organisation in Europa.<\/p>\n\n\n\n<p>Der Staat, der dem Europarat beitritt, verpflichten sich, den Grundsatz vom Vorrang des Rechts anzuerkennen, wonach jeder, der seiner Jurisdiktion unterliegt, der Menschenrechte und Grundfreiheiten teilhaftig werden solle. Es verpflichtet sich auch, aufrichtig und tatkr\u00e4ftig an der Verfolgung des Zieles des Europarates mitzuarbeiten.<\/p>\n\n\n\n<p>Im Europarat werden allgemeineurop\u00e4ische Fragen diskutiert. In seinem Rahmen werden zwischenstaatliche, v\u00f6lkerrechtlich verbindliche Abkommen (Europarats-Konventionen) mit dem Ziel abgeschlossen, das gemeinsame Erbe zu bewahren und wirtschaftlichen und sozialen Fortschritt zu f\u00f6rdern.<\/p>\n\n\n\n<p>Die gr\u00f6\u00dfte Errungenschaft des Europarates ist die Europ\u00e4ische Menschenrechtskonvention 1950, die als Grundlage des Europ\u00e4ischen Gerichtshofs f\u00fcr Menschenrechte dient. Der Europ\u00e4ischen Gerichtshof geh\u00f6rt nicht zu den Organen des Europarates, sondern funktioniert bei dieser Organisation. EGMR wurde auf Grundlage der Europ\u00e4ischen Menschenrechtskonvention eingerichtet.<\/p>\n\n\n\n<p>Die Bundesrepublik Deutschland wurde zum Mitglied des Europarates im Jahre 1951, Spanien im Jahre 1977, Polen im Jahre 1991 und die Ukraine im Jahre 1995. Am 9. November 1995 fand die feierliche Beitrittszeremonie der Ukraine zum Europarat statt, an der die ukrainische Delegation, geleitet vom Ministerpr\u00e4sidenten der Ukraine teilnahm.<\/p>\n\n\n\n<p>Die Amtssprachen des Europarates sind Englisch und Franz\u00f6sisch, w\u00e4hrend der Sitzungen der Parlamentarischen Versammlung werden auch Deutsch, Italienisch und Russisch als Arbeitssprachen verwendet. Unter gewissen Umst\u00e4nden ist auch die \u00dcbersetzung in die anderen Sprachen zul\u00e4ssig.<br><br><strong>Das B\u00fcro des Europarates in der Ukraine<\/strong> arbeitet offiziell ab dem 6. Oktober 2006. Das B\u00fcro f\u00f6rdert die Verwirklichung der Mission des Europarates auf dem Gebiet des Menschenrechteschutzes, Demokratieunterst\u00fctzung und Sicherung der Rechtsstaatlichkeit, koordiniert und unterst\u00fctzt die auf die Zusammenarbeit gezielten Projekte und Programme.<\/p>\n\n\n\n<p><strong>Sitz des B\u00fcros:<\/strong><\/p>\n\n\n\n<div class=\"wp-block-columns is-layout-flex wp-container-3\">\n<div class=\"wp-block-column is-layout-flow\">\n<p><strong>B\u00fcro des Europarates in der Ukraine<\/strong>, Illinska-Str. 8, Eingang 7, der 5. Stock, 04070 Ukraine<\/p>\n<\/div>\n\n\n\n<div class=\"wp-block-column is-layout-flow\">\n<p>Tel.<strong>+38 044 425 60 01<\/strong><br><strong>+38 044 425 02 62<\/strong><br>E-mail: <a href=\"mailto:kyiv@coe.int\"><strong>kyiv@coe.int<\/strong><\/a><\/p>\n<\/div>\n<\/div>\n","protected":false},"excerpt":{"rendered":"<p>Jeder europ\u00e4ische Staat kann Mitglied des Europarates werden, solange er die Prinzipien der Rechtsstaatlichkeit und die Nutznie\u00dfung der Menschenrechte und Grundfreiheiten aller Personen in seiner Gerichtsbarkeit anerkennt. Der Europarat strebt&#8230;<\/p>\n","protected":false},"author":1,"featured_media":0,"parent":0,"menu_order":42,"comment_status":"closed","ping_status":"closed","template":"","meta":[],"acf":[],"yoast_head":"<!-- This site is optimized with the Yoast SEO plugin v27.4 - https:\/\/yoast.com\/product\/yoast-seo-wordpress\/ -->\n<title>\u00dcber den Europarat - ViaRegiaUkraine<\/title>\n<meta name=\"robots\" content=\"index, follow, max-snippet:-1, max-image-preview:large, max-video-preview:-1\" \/>\n<link rel=\"canonical\" href=\"https:\/\/via-regia.org.ua\/de\/pro-radu-yevropy\/\" \/>\n<meta property=\"og:locale\" content=\"de_DE\" \/>\n<meta property=\"og:type\" content=\"article\" \/>\n<meta property=\"og:title\" content=\"\u00dcber den Europarat - ViaRegiaUkraine\" \/>\n<meta property=\"og:description\" content=\"Jeder europ\u00e4ische Staat kann Mitglied des Europarates werden, solange er die Prinzipien der Rechtsstaatlichkeit und die Nutznie\u00dfung der Menschenrechte und Grundfreiheiten aller Personen in seiner Gerichtsbarkeit anerkennt. Der Europarat strebt...\" \/>\n<meta property=\"og:url\" content=\"https:\/\/via-regia.org.ua\/de\/pro-radu-yevropy\/\" \/>\n<meta property=\"og:site_name\" content=\"ViaRegiaUkraine\" \/>\n<meta property=\"article:modified_time\" content=\"2020-11-06T12:51:19+00:00\" \/>\n<meta name=\"twitter:card\" content=\"summary_large_image\" \/>\n<meta name=\"twitter:label1\" content=\"Gesch\u00e4tzte Lesezeit\" \/>\n\t<meta name=\"twitter:data1\" content=\"2\u00a0Minuten\" \/>\n<script type=\"application\/ld+json\" class=\"yoast-schema-graph\">{\"@context\":\"https:\\\/\\\/schema.org\",\"@graph\":[{\"@type\":\"WebPage\",\"@id\":\"https:\\\/\\\/via-regia.org.ua\\\/de\\\/pro-radu-yevropy\\\/\",\"url\":\"https:\\\/\\\/via-regia.org.ua\\\/de\\\/pro-radu-yevropy\\\/\",\"name\":\"\u00dcber den Europarat - ViaRegiaUkraine\",\"isPartOf\":{\"@id\":\"https:\\\/\\\/via-regia.org.ua\\\/#website\"},\"datePublished\":\"2020-10-24T13:54:51+00:00\",\"dateModified\":\"2020-11-06T12:51:19+00:00\",\"breadcrumb\":{\"@id\":\"https:\\\/\\\/via-regia.org.ua\\\/de\\\/pro-radu-yevropy\\\/#breadcrumb\"},\"inLanguage\":\"de\",\"potentialAction\":[{\"@type\":\"ReadAction\",\"target\":[\"https:\\\/\\\/via-regia.org.ua\\\/de\\\/pro-radu-yevropy\\\/\"]}]},{\"@type\":\"BreadcrumbList\",\"@id\":\"https:\\\/\\\/via-regia.org.ua\\\/de\\\/pro-radu-yevropy\\\/#breadcrumb\",\"itemListElement\":[{\"@type\":\"ListItem\",\"position\":1,\"name\":\"\u0413\u043e\u043b\u043e\u0432\u043d\u0430 \u0421\u0442\u043e\u0440\u0456\u043d\u043a\u0430\",\"item\":\"https:\\\/\\\/via-regia.org.ua\\\/de\\\/\"},{\"@type\":\"ListItem\",\"position\":2,\"name\":\"\u00dcber den Europarat\"}]},{\"@type\":\"WebSite\",\"@id\":\"https:\\\/\\\/via-regia.org.ua\\\/#website\",\"url\":\"https:\\\/\\\/via-regia.org.ua\\\/\",\"name\":\"ViaRegiaUkraine\",\"description\":\"\",\"potentialAction\":[{\"@type\":\"SearchAction\",\"target\":{\"@type\":\"EntryPoint\",\"urlTemplate\":\"https:\\\/\\\/via-regia.org.ua\\\/?s={search_term_string}\"},\"query-input\":{\"@type\":\"PropertyValueSpecification\",\"valueRequired\":true,\"valueName\":\"search_term_string\"}}],\"inLanguage\":\"de\"}]}<\/script>\n<!-- \/ Yoast SEO plugin. -->","yoast_head_json":{"title":"\u00dcber den Europarat - ViaRegiaUkraine","robots":{"index":"index","follow":"follow","max-snippet":"max-snippet:-1","max-image-preview":"max-image-preview:large","max-video-preview":"max-video-preview:-1"},"canonical":"https:\/\/via-regia.org.ua\/de\/pro-radu-yevropy\/","og_locale":"de_DE","og_type":"article","og_title":"\u00dcber den Europarat - ViaRegiaUkraine","og_description":"Jeder europ\u00e4ische Staat kann Mitglied des Europarates werden, solange er die Prinzipien der Rechtsstaatlichkeit und die Nutznie\u00dfung der Menschenrechte und Grundfreiheiten aller Personen in seiner Gerichtsbarkeit anerkennt. Der Europarat strebt...","og_url":"https:\/\/via-regia.org.ua\/de\/pro-radu-yevropy\/","og_site_name":"ViaRegiaUkraine","article_modified_time":"2020-11-06T12:51:19+00:00","twitter_card":"summary_large_image","twitter_misc":{"Gesch\u00e4tzte Lesezeit":"2\u00a0Minuten"},"schema":{"@context":"https:\/\/schema.org","@graph":[{"@type":"WebPage","@id":"https:\/\/via-regia.org.ua\/de\/pro-radu-yevropy\/","url":"https:\/\/via-regia.org.ua\/de\/pro-radu-yevropy\/","name":"\u00dcber den Europarat - ViaRegiaUkraine","isPartOf":{"@id":"https:\/\/via-regia.org.ua\/#website"},"datePublished":"2020-10-24T13:54:51+00:00","dateModified":"2020-11-06T12:51:19+00:00","breadcrumb":{"@id":"https:\/\/via-regia.org.ua\/de\/pro-radu-yevropy\/#breadcrumb"},"inLanguage":"de","potentialAction":[{"@type":"ReadAction","target":["https:\/\/via-regia.org.ua\/de\/pro-radu-yevropy\/"]}]},{"@type":"BreadcrumbList","@id":"https:\/\/via-regia.org.ua\/de\/pro-radu-yevropy\/#breadcrumb","itemListElement":[{"@type":"ListItem","position":1,"name":"\u0413\u043e\u043b\u043e\u0432\u043d\u0430 \u0421\u0442\u043e\u0440\u0456\u043d\u043a\u0430","item":"https:\/\/via-regia.org.ua\/de\/"},{"@type":"ListItem","position":2,"name":"\u00dcber den Europarat"}]},{"@type":"WebSite","@id":"https:\/\/via-regia.org.ua\/#website","url":"https:\/\/via-regia.org.ua\/","name":"ViaRegiaUkraine","description":"","potentialAction":[{"@type":"SearchAction","target":{"@type":"EntryPoint","urlTemplate":"https:\/\/via-regia.org.ua\/?s={search_term_string}"},"query-input":{"@type":"PropertyValueSpecification","valueRequired":true,"valueName":"search_term_string"}}],"inLanguage":"de"}]}},"_links":{"self":[{"href":"https:\/\/via-regia.org.ua\/de\/wp-json\/wp\/v2\/pages\/2734"}],"collection":[{"href":"https:\/\/via-regia.org.ua\/de\/wp-json\/wp\/v2\/pages"}],"about":[{"href":"https:\/\/via-regia.org.ua\/de\/wp-json\/wp\/v2\/types\/page"}],"author":[{"embeddable":true,"href":"https:\/\/via-regia.org.ua\/de\/wp-json\/wp\/v2\/users\/1"}],"replies":[{"embeddable":true,"href":"https:\/\/via-regia.org.ua\/de\/wp-json\/wp\/v2\/comments?post=2734"}],"version-history":[{"count":0,"href":"https:\/\/via-regia.org.ua\/de\/wp-json\/wp\/v2\/pages\/2734\/revisions"}],"wp:attachment":[{"href":"https:\/\/via-regia.org.ua\/de\/wp-json\/wp\/v2\/media?parent=2734"}],"curies":[{"name":"wp","href":"https:\/\/api.w.org\/{rel}","templated":true}]}}