{"id":2738,"date":"2020-10-24T14:05:21","date_gmt":"2020-10-24T14:05:21","guid":{"rendered":"https:\/\/via-regia.org.ua\/kulturnyj-shlyah-rady-yevropy\/"},"modified":"2020-11-06T13:07:23","modified_gmt":"2020-11-06T13:07:23","slug":"kulturnyj-shlyah-rady-yevropy","status":"publish","type":"page","link":"https:\/\/via-regia.org.ua\/de\/kulturnyj-shlyah-rady-yevropy\/","title":{"rendered":"Die Kulturroute des Europarates"},"content":{"rendered":"\n<div class=\"wp-block-ws-letter-el first_letter\">Die Kulturroute des Europarates ist ein Weg durch ein oder mehrere L\u00e4nder oder Regionen, der sich mit Themen befasst, die wegen ihres geschichtlichen, k\u00fcnstlerischen und sozialen Interesses auf Grund der geographischen Wegf\u00fchrung oder des Inhaltes und der Bedeutung europ\u00e4isch sind.<\/div>\n\n\n\n<p>Das Programm &#8222;Kulturrouten&#8220; (Generaldirektion Demokratie) wurde 1987 nach dem Erscheinen der Erkl\u00e4rung von Santiago de Compostela vom Europarat ins Leben gerufenen.<\/p>\n\n\n\n<p>Mehr als 30 Kulturrouten des Europarates sorgen f\u00fcr mehrere Unterhaltungs- und Bildungsma\u00dfnahmen f\u00fcr alle B\u00fcrger in Europa als auch in sonstigen Staaten und sind die Schl\u00fcsselquellen f\u00fcr den verantwortungsbewussten Tourismus und die nachhaltige Entwicklung. Sie umfassen eine Reihe verschiedener Themen von Architektur und Design durch Religion, Gastronomie, das immaterielle Kulturerbe bis zu ber\u00fchmten Pers\u00f6nlichkeiten der europ\u00e4ischen Kunst, Musik und Literatur.<\/p>\n\n\n\n<p>Die Zertifizierung des Europarates spricht f\u00fcr eine hohe Qualit\u00e4t der Kulturroute. Die Netze \u00fcben eine innovative T\u00e4tigkeit aus und umsetzen Projekte nach den f\u00fcnf wichtigsten T\u00e4tigkeitsrichtungen:<\/p>\n\n\n\n<p>&#8211; Zusammenarbeit im Bereich von Forschungen und Entwicklungen<\/p>\n\n\n\n<p>&#8211; Verbesserung des Ged\u00e4chtnisses, der Geschichte und des europ\u00e4ischen Erbes<\/p>\n\n\n\n<p>&#8211; ein kultureller und Bildungsaustausch f\u00fcr junge Europ\u00e4er<\/p>\n\n\n\n<p>&#8211; moderne kulturell-k\u00fcnstlerische Praktik<\/p>\n\n\n\n<p>&#8211; der Kulturtourismus und eine nachhaltige kulturelle Entwicklung<\/p>\n\n\n\n<p>Dank seinem Programm bietet der Europarat ein Modell f\u00fcr das transnationale Kultur- und Tourismusmanagement an und gew\u00e4hrleistet die Mitwirkung nationaler, regionaler und lokaler Beh\u00f6rden sowie verschiedener Vereinigungen und sozial-wirtschaftlicher Subjekte.<\/p>\n\n\n\n<p>Die Priorit\u00e4t der Routen ist immer kulturell.\u00a0 Wissenschaftliche Forschungen, die Erziehung, das Kulturerbe und der Kulturtourismus sind stets Nebenziele. Sehr wichtige Rolle spielen im Programm eine korrekte Bewertung und Erhaltung von Baudenkm\u00e4lern und des Kulturerbes.<\/p>\n\n\n\n<p>Im Jahre 2019 z\u00e4hlten wir 38 Kulturrouten des Europarates mit abwechslungsreichen Themen, die das europ\u00e4ische Ged\u00e4chtnis, die Geschichte und das Erbe vorstellen und die Auslegung der Vielf\u00e4ltigkeit des modernen Europas f\u00f6rdern.<\/p>\n\n\n\n<p>Der Titel \u201eMajor Cultural Route of the Council of Europe\u201c (Gro\u00dfe Kulturroute des Europarates) ist eine Auszeichnung, die vom Europarat an europ\u00e4ische Initiativen verliehen wird, welche sich auf Schwerpunkte und Orte mit gro\u00dfer geschichtlicher Bedeutung st\u00fctzen und sich in besonderem Ma\u00dfe f\u00fcr den Schutz der kulturellen Werte, den Austausch von Information und Erfahrung, neue Formen der Kooperation zwischen unterschiedlichen Forschungsgebieten, neue Formen der Begegnung der Jugend Europas, neue Formen des Kulturtourismus, die Aufwertung von unbekannten St\u00e4tten des Kulturerbes einsetzen und daf\u00fcr Netzwerke entwickeln\u201a die interdisziplin\u00e4r zusammenarbeiten.<\/p>\n\n\n\n<p>Ende 2009 wurde das Netzwerk \u201eVIA REGIA \u2013 Kulturroute des Europarates\u201c formell gegr\u00fcndet. Es entspricht damit den Anforderungen, die der Europarat an die Struktur aller Kulturroutenprojekte stellt, und wurde durch den Koordinierungsausschuss des Europarates best\u00e4tigt. Das Netz ist ein alleiniger Tr\u00e4ger des Titels &#8222;Via Regia \u2013 Kulturroute des Europarates&#8220;. Damit ist auch jedes Mitglied des Netzes Tr\u00e4ger dieses Titels und kann ihn f\u00fcr eigenes Stadtmarketing und Imagewerbung verwenden.<\/p>\n\n\n\n<p><strong>Koordinators des Netzes Via Regia in der Ukraine:<\/strong><\/p>\n\n\n\n<p>Die gemeinn\u00fctzige Organisation &#8222;Vereinigung kulturell-k\u00fcnstlerischer Zentren &#8222;Via Regia Ukraine&#8220;<\/p>\n\n\n\n<p>Samkowa- Str. 7A<br>Stadt Dubno<br>Gebiet Riwne<br>Ukraine, 35600<\/p>\n\n\n\n<ul class=\"wp-block-social-links is-layout-flex wp-block-social-links-is-layout-flex\"><li class=\"wp-social-link wp-social-link-facebook  wp-block-social-link\"><a href=\"https:\/\/www.facebook.com\/viaregiainukraine\" class=\"wp-block-social-link-anchor\"><svg width=\"24\" height=\"24\" viewBox=\"0 0 24 24\" version=\"1.1\" xmlns=\"http:\/\/www.w3.org\/2000\/svg\" aria-hidden=\"true\" focusable=\"false\"><path d=\"M12 2C6.5 2 2 6.5 2 12c0 5 3.7 9.1 8.4 9.9v-7H7.9V12h2.5V9.8c0-2.5 1.5-3.9 3.8-3.9 1.1 0 2.2.2 2.2.2v2.5h-1.3c-1.2 0-1.6.8-1.6 1.6V12h2.8l-.4 2.9h-2.3v7C18.3 21.1 22 17 22 12c0-5.5-4.5-10-10-10z\"><\/path><\/svg><span class=\"wp-block-social-link-label screen-reader-text\">Facebook<\/span><\/a><\/li>\n\n<li class=\"wp-social-link wp-social-link-youtube  wp-block-social-link\"><a href=\"https:\/\/www.youtube.com\/c\/ViaRegiaUkraine\" class=\"wp-block-social-link-anchor\"><svg width=\"24\" height=\"24\" viewBox=\"0 0 24 24\" version=\"1.1\" xmlns=\"http:\/\/www.w3.org\/2000\/svg\" aria-hidden=\"true\" focusable=\"false\"><path d=\"M21.8,8.001c0,0-0.195-1.378-0.795-1.985c-0.76-0.797-1.613-0.801-2.004-0.847c-2.799-0.202-6.997-0.202-6.997-0.202 h-0.009c0,0-4.198,0-6.997,0.202C4.608,5.216,3.756,5.22,2.995,6.016C2.395,6.623,2.2,8.001,2.2,8.001S2,9.62,2,11.238v1.517 c0,1.618,0.2,3.237,0.2,3.237s0.195,1.378,0.795,1.985c0.761,0.797,1.76,0.771,2.205,0.855c1.6,0.153,6.8,0.201,6.8,0.201 s4.203-0.006,7.001-0.209c0.391-0.047,1.243-0.051,2.004-0.847c0.6-0.607,0.795-1.985,0.795-1.985s0.2-1.618,0.2-3.237v-1.517 C22,9.62,21.8,8.001,21.8,8.001z M9.935,14.594l-0.001-5.62l5.404,2.82L9.935,14.594z\"><\/path><\/svg><span class=\"wp-block-social-link-label screen-reader-text\">YouTube<\/span><\/a><\/li>\n\n<li class=\"wp-social-link wp-social-link-instagram  wp-block-social-link\"><a href=\"https:\/\/www.instagram.com\/viaregiaukraine\/\" class=\"wp-block-social-link-anchor\"><svg width=\"24\" height=\"24\" viewBox=\"0 0 24 24\" version=\"1.1\" xmlns=\"http:\/\/www.w3.org\/2000\/svg\" aria-hidden=\"true\" focusable=\"false\"><path d=\"M12,4.622c2.403,0,2.688,0.009,3.637,0.052c0.877,0.04,1.354,0.187,1.671,0.31c0.42,0.163,0.72,0.358,1.035,0.673 c0.315,0.315,0.51,0.615,0.673,1.035c0.123,0.317,0.27,0.794,0.31,1.671c0.043,0.949,0.052,1.234,0.052,3.637 s-0.009,2.688-0.052,3.637c-0.04,0.877-0.187,1.354-0.31,1.671c-0.163,0.42-0.358,0.72-0.673,1.035 c-0.315,0.315-0.615,0.51-1.035,0.673c-0.317,0.123-0.794,0.27-1.671,0.31c-0.949,0.043-1.233,0.052-3.637,0.052 s-2.688-0.009-3.637-0.052c-0.877-0.04-1.354-0.187-1.671-0.31c-0.42-0.163-0.72-0.358-1.035-0.673 c-0.315-0.315-0.51-0.615-0.673-1.035c-0.123-0.317-0.27-0.794-0.31-1.671C4.631,14.688,4.622,14.403,4.622,12 s0.009-2.688,0.052-3.637c0.04-0.877,0.187-1.354,0.31-1.671c0.163-0.42,0.358-0.72,0.673-1.035 c0.315-0.315,0.615-0.51,1.035-0.673c0.317-0.123,0.794-0.27,1.671-0.31C9.312,4.631,9.597,4.622,12,4.622 M12,3 C9.556,3,9.249,3.01,8.289,3.054C7.331,3.098,6.677,3.25,6.105,3.472C5.513,3.702,5.011,4.01,4.511,4.511 c-0.5,0.5-0.808,1.002-1.038,1.594C3.25,6.677,3.098,7.331,3.054,8.289C3.01,9.249,3,9.556,3,12c0,2.444,0.01,2.751,0.054,3.711 c0.044,0.958,0.196,1.612,0.418,2.185c0.23,0.592,0.538,1.094,1.038,1.594c0.5,0.5,1.002,0.808,1.594,1.038 c0.572,0.222,1.227,0.375,2.185,0.418C9.249,20.99,9.556,21,12,21s2.751-0.01,3.711-0.054c0.958-0.044,1.612-0.196,2.185-0.418 c0.592-0.23,1.094-0.538,1.594-1.038c0.5-0.5,0.808-1.002,1.038-1.594c0.222-0.572,0.375-1.227,0.418-2.185 C20.99,14.751,21,14.444,21,12s-0.01-2.751-0.054-3.711c-0.044-0.958-0.196-1.612-0.418-2.185c-0.23-0.592-0.538-1.094-1.038-1.594 c-0.5-0.5-1.002-0.808-1.594-1.038c-0.572-0.222-1.227-0.375-2.185-0.418C14.751,3.01,14.444,3,12,3L12,3z M12,7.378 c-2.552,0-4.622,2.069-4.622,4.622S9.448,16.622,12,16.622s4.622-2.069,4.622-4.622S14.552,7.378,12,7.378z M12,15 c-1.657,0-3-1.343-3-3s1.343-3,3-3s3,1.343,3,3S13.657,15,12,15z M16.804,6.116c-0.596,0-1.08,0.484-1.08,1.08 s0.484,1.08,1.08,1.08c0.596,0,1.08-0.484,1.08-1.08S17.401,6.116,16.804,6.116z\"><\/path><\/svg><span class=\"wp-block-social-link-label screen-reader-text\">Instagram<\/span><\/a><\/li><\/ul>\n\n\n\n<p><\/p>\n","protected":false},"excerpt":{"rendered":"<p>Das Programm &#8222;Kulturrouten&#8220; (Generaldirektion Demokratie) wurde 1987 nach dem Erscheinen der Erkl\u00e4rung von Santiago de Compostela vom Europarat ins Leben gerufenen. Mehr als 30 Kulturrouten des Europarates sorgen f\u00fcr mehrere&#8230;<\/p>\n","protected":false},"author":1,"featured_media":0,"parent":0,"menu_order":38,"comment_status":"closed","ping_status":"closed","template":"","meta":{"_acf_changed":false,"footnotes":""},"class_list":["post-2738","page","type-page","status-publish","hentry"],"acf":[],"yoast_head":"<!-- This site is optimized with the Yoast SEO plugin v27.6 - https:\/\/yoast.com\/product\/yoast-seo-wordpress\/ -->\n<title>Die Kulturroute des Europarates - ViaRegiaUkraine<\/title>\n<meta name=\"robots\" content=\"index, follow, max-snippet:-1, max-image-preview:large, max-video-preview:-1\" \/>\n<link rel=\"canonical\" href=\"https:\/\/via-regia.org.ua\/de\/kulturnyj-shlyah-rady-yevropy\/\" \/>\n<meta property=\"og:locale\" content=\"de_DE\" \/>\n<meta property=\"og:type\" content=\"article\" \/>\n<meta property=\"og:title\" content=\"Die Kulturroute des Europarates - ViaRegiaUkraine\" \/>\n<meta property=\"og:description\" content=\"Das Programm &#8222;Kulturrouten&#8220; (Generaldirektion Demokratie) wurde 1987 nach dem Erscheinen der Erkl\u00e4rung von Santiago de Compostela vom Europarat ins Leben gerufenen. Mehr als 30 Kulturrouten des Europarates sorgen f\u00fcr mehrere...\" \/>\n<meta property=\"og:url\" content=\"https:\/\/via-regia.org.ua\/de\/kulturnyj-shlyah-rady-yevropy\/\" \/>\n<meta property=\"og:site_name\" content=\"ViaRegiaUkraine\" \/>\n<meta property=\"article:modified_time\" content=\"2020-11-06T13:07:23+00:00\" \/>\n<meta name=\"twitter:card\" content=\"summary_large_image\" \/>\n<meta name=\"twitter:label1\" content=\"Gesch\u00e4tzte Lesezeit\" \/>\n\t<meta name=\"twitter:data1\" content=\"3\u00a0Minuten\" \/>\n<script type=\"application\/ld+json\" class=\"yoast-schema-graph\">{\"@context\":\"https:\\\/\\\/schema.org\",\"@graph\":[{\"@type\":\"WebPage\",\"@id\":\"https:\\\/\\\/via-regia.org.ua\\\/de\\\/kulturnyj-shlyah-rady-yevropy\\\/\",\"url\":\"https:\\\/\\\/via-regia.org.ua\\\/de\\\/kulturnyj-shlyah-rady-yevropy\\\/\",\"name\":\"Die Kulturroute des Europarates - ViaRegiaUkraine\",\"isPartOf\":{\"@id\":\"https:\\\/\\\/via-regia.org.ua\\\/#website\"},\"datePublished\":\"2020-10-24T14:05:21+00:00\",\"dateModified\":\"2020-11-06T13:07:23+00:00\",\"breadcrumb\":{\"@id\":\"https:\\\/\\\/via-regia.org.ua\\\/de\\\/kulturnyj-shlyah-rady-yevropy\\\/#breadcrumb\"},\"inLanguage\":\"de\",\"potentialAction\":[{\"@type\":\"ReadAction\",\"target\":[\"https:\\\/\\\/via-regia.org.ua\\\/de\\\/kulturnyj-shlyah-rady-yevropy\\\/\"]}]},{\"@type\":\"BreadcrumbList\",\"@id\":\"https:\\\/\\\/via-regia.org.ua\\\/de\\\/kulturnyj-shlyah-rady-yevropy\\\/#breadcrumb\",\"itemListElement\":[{\"@type\":\"ListItem\",\"position\":1,\"name\":\"\u0413\u043e\u043b\u043e\u0432\u043d\u0430 \u0421\u0442\u043e\u0440\u0456\u043d\u043a\u0430\",\"item\":\"https:\\\/\\\/via-regia.org.ua\\\/de\\\/\"},{\"@type\":\"ListItem\",\"position\":2,\"name\":\"Die Kulturroute des Europarates\"}]},{\"@type\":\"WebSite\",\"@id\":\"https:\\\/\\\/via-regia.org.ua\\\/#website\",\"url\":\"https:\\\/\\\/via-regia.org.ua\\\/\",\"name\":\"ViaRegiaUkraine\",\"description\":\"\",\"potentialAction\":[{\"@type\":\"SearchAction\",\"target\":{\"@type\":\"EntryPoint\",\"urlTemplate\":\"https:\\\/\\\/via-regia.org.ua\\\/?s={search_term_string}\"},\"query-input\":{\"@type\":\"PropertyValueSpecification\",\"valueRequired\":true,\"valueName\":\"search_term_string\"}}],\"inLanguage\":\"de\"}]}<\/script>\n<!-- \/ Yoast SEO plugin. -->","yoast_head_json":{"title":"Die Kulturroute des Europarates - ViaRegiaUkraine","robots":{"index":"index","follow":"follow","max-snippet":"max-snippet:-1","max-image-preview":"max-image-preview:large","max-video-preview":"max-video-preview:-1"},"canonical":"https:\/\/via-regia.org.ua\/de\/kulturnyj-shlyah-rady-yevropy\/","og_locale":"de_DE","og_type":"article","og_title":"Die Kulturroute des Europarates - ViaRegiaUkraine","og_description":"Das Programm &#8222;Kulturrouten&#8220; (Generaldirektion Demokratie) wurde 1987 nach dem Erscheinen der Erkl\u00e4rung von Santiago de Compostela vom Europarat ins Leben gerufenen. Mehr als 30 Kulturrouten des Europarates sorgen f\u00fcr mehrere...","og_url":"https:\/\/via-regia.org.ua\/de\/kulturnyj-shlyah-rady-yevropy\/","og_site_name":"ViaRegiaUkraine","article_modified_time":"2020-11-06T13:07:23+00:00","twitter_card":"summary_large_image","twitter_misc":{"Gesch\u00e4tzte Lesezeit":"3\u00a0Minuten"},"schema":{"@context":"https:\/\/schema.org","@graph":[{"@type":"WebPage","@id":"https:\/\/via-regia.org.ua\/de\/kulturnyj-shlyah-rady-yevropy\/","url":"https:\/\/via-regia.org.ua\/de\/kulturnyj-shlyah-rady-yevropy\/","name":"Die Kulturroute des Europarates - ViaRegiaUkraine","isPartOf":{"@id":"https:\/\/via-regia.org.ua\/#website"},"datePublished":"2020-10-24T14:05:21+00:00","dateModified":"2020-11-06T13:07:23+00:00","breadcrumb":{"@id":"https:\/\/via-regia.org.ua\/de\/kulturnyj-shlyah-rady-yevropy\/#breadcrumb"},"inLanguage":"de","potentialAction":[{"@type":"ReadAction","target":["https:\/\/via-regia.org.ua\/de\/kulturnyj-shlyah-rady-yevropy\/"]}]},{"@type":"BreadcrumbList","@id":"https:\/\/via-regia.org.ua\/de\/kulturnyj-shlyah-rady-yevropy\/#breadcrumb","itemListElement":[{"@type":"ListItem","position":1,"name":"\u0413\u043e\u043b\u043e\u0432\u043d\u0430 \u0421\u0442\u043e\u0440\u0456\u043d\u043a\u0430","item":"https:\/\/via-regia.org.ua\/de\/"},{"@type":"ListItem","position":2,"name":"Die Kulturroute des Europarates"}]},{"@type":"WebSite","@id":"https:\/\/via-regia.org.ua\/#website","url":"https:\/\/via-regia.org.ua\/","name":"ViaRegiaUkraine","description":"","potentialAction":[{"@type":"SearchAction","target":{"@type":"EntryPoint","urlTemplate":"https:\/\/via-regia.org.ua\/?s={search_term_string}"},"query-input":{"@type":"PropertyValueSpecification","valueRequired":true,"valueName":"search_term_string"}}],"inLanguage":"de"}]}},"_links":{"self":[{"href":"https:\/\/via-regia.org.ua\/de\/wp-json\/wp\/v2\/pages\/2738","targetHints":{"allow":["GET"]}}],"collection":[{"href":"https:\/\/via-regia.org.ua\/de\/wp-json\/wp\/v2\/pages"}],"about":[{"href":"https:\/\/via-regia.org.ua\/de\/wp-json\/wp\/v2\/types\/page"}],"author":[{"embeddable":true,"href":"https:\/\/via-regia.org.ua\/de\/wp-json\/wp\/v2\/users\/1"}],"replies":[{"embeddable":true,"href":"https:\/\/via-regia.org.ua\/de\/wp-json\/wp\/v2\/comments?post=2738"}],"version-history":[{"count":0,"href":"https:\/\/via-regia.org.ua\/de\/wp-json\/wp\/v2\/pages\/2738\/revisions"}],"wp:attachment":[{"href":"https:\/\/via-regia.org.ua\/de\/wp-json\/wp\/v2\/media?parent=2738"}],"curies":[{"name":"wp","href":"https:\/\/api.w.org\/{rel}","templated":true}]}}