{"id":2744,"date":"2020-10-24T14:19:13","date_gmt":"2020-10-24T14:19:13","guid":{"rendered":"https:\/\/via-regia.org.ua\/pro-via-regia\/"},"modified":"2021-11-14T14:01:04","modified_gmt":"2021-11-14T14:01:04","slug":"pro-via-regia","status":"publish","type":"page","link":"https:\/\/via-regia.org.ua\/de\/pro-via-regia\/","title":{"rendered":"\u00dcber Via Regia"},"content":{"rendered":"\n<div class=\"wp-block-ws-section-el cover_section\" style=\"padding-top:0px;padding-bottom:0px;margin-top:0px;margin-bottom:0px;background-color:#ffffff;width:100%;display:block\"><div class=\"section-wrapper\" style=\"margin:0 auto;width:100%;max-width:1191px;display:block\">\n<figure class=\"wp-block-image size-large\"><img decoding=\"async\" src=\"https:\/\/via-regia.org.ua\/wp-content\/uploads\/2020\/10\/karta-z-praporamy.svg\" alt=\"\" class=\"wp-image-1060\"\/><\/figure>\n\n\n\n<div style=\"height:50px\" aria-hidden=\"true\" class=\"wp-block-spacer\"><\/div>\n<\/div><\/div>\n\n\n\n<div class=\"wp-block-ws-section-el cover_section\" style=\"padding-top:0px;padding-bottom:0px;margin-top:0px;margin-bottom:0px;background-color:#ffffff;width:100%;display:block\"><div class=\"section-wrapper\" style=\"margin:0 auto;width:100%;max-width:1000px;display:block\">\n<div class=\"wp-block-ws-letter-el first_letter\">Via Regia (\u201eK\u00f6niglicher Weg\u201c) ist die \u00e4lteste und die l\u00e4ngste Landstra\u00dfe zwischen Ost- und Mitteleuropa. Dieser 4500 km lange Weg verbindet schon seit 2000 Jahren 8 europ\u00e4ische L\u00e4nder und verl\u00e4uft in der Ukraine, in Belarus, Litauen, Polen, Deutschland, Belgien, Frankreich und Spanien. Dieser Weg existiert heute in seiner modernen Form als Europ\u00e4ischer Verkehrskorridor C III (die internationale Autobahn E40).<br><br>Im allgemeinen Sinn bezeichnet Via Regia eine Stra\u00dfenart, die im mittelalterlichen Europa direkt einem K\u00f6nig untergeordnet wurde und unter seinem besonderen Schutz standen. Darum wird diese Route auch &#8222;K\u00f6nigliche Stra\u00dfe&#8220; genannt.<\/div>\n\n\n\n<div style=\"height:20px\" aria-hidden=\"true\" class=\"wp-block-spacer\"><\/div>\n\n\n\n<p>Die Bildung von Via Regia wurde durch die Feldz\u00fcge von Franken nach Osten stark beeinflusst. In der ersten H\u00e4lfte des VI. Jh. wurde das K\u00f6nigreich Th\u00fcringen von Franken erobert. Das Heer von Franken ging auf denselben Weg, den R\u00f6mern vor Jahrhunderten w\u00e4hrend des Marsches nach Elba benutzten, und bestimmten so den weiteren Verlauf von Via Regia.<\/p>\n\n\n\n<p>Der Begriff &#8222;Via Regia&#8220; hat verschiedene Bedeutungen:<\/p>\n\n\n\n<p>1. Die &#8222;Via Regia&#8220; genannten Wege unter dem K\u00f6nigsschutz bestanden im Heiligen R\u00f6mischen Reich Deutscher Nation, wo der echte Schutz auf diesen Wegen durch die starke Kaisermacht tats\u00e4chlich gesichert wurden konnte.<\/p>\n\n\n\n<p>2. In einigen Gegenden Europas wurden die Stra\u00dfen (meist historisch) auf Grundlage des urspr\u00fcnglichen Rechtszustands &#8222;Via Regia&#8220; genannt, was in aktuellen Kartenwerken noch zu finden ist.<\/p>\n\n\n\n<p>3. Der Begriff &#8222;Via Regia&#8220; wird auch in der Wissenschaft und Politik als Metapher gebraucht; der &#8222;k\u00f6nigliche Weg&#8220; oder der \u201egoldene Pfad\u201c bedeutet heute die Richtung f\u00fcr eine optimale Probleml\u00f6sung. Auf einer politischen Fachtagung in Sachsen im Jahre 2002 wurde die Definition &#8222;Via Regia \u2013 Europas K\u00f6nigsstrasse&#8220; vorgeschlagen, die auf die symbolische Bedeutung des historischen Wegs f\u00fcr die europ\u00e4ische Integration hinwies.<\/p>\n\n\n\n<p>Heutzutage benutzt das internationale Netz Via Regia das Potential des K\u00f6niglichen Wegs als Symbol der Vereinigung Europas. 2005 wurde der Weg vom Europarat zur Gro\u00dfen Kulturstra\u00dfe des Europarates (Mayor Cultural Route of the Council of Europe) erkl\u00e4rt.<\/p>\n\n\n\n<p>Das internationale Netz &#8222;Via Regia \u2013 Kulturroute des Europarates&#8220; wurde f\u00fcr den nachhaltigen kulturellen Austausch zwischen europ\u00e4ischen L\u00e4ndern und die F\u00f6rderung ihrer Ann\u00e4herung gegr\u00fcndet. Die internationale Koordinierungsstelle von &#8222;Via Regia \u2013 Kulturroute des Europarates&#8220; ist das Europ\u00e4ische Kultur- und Informationszentrums in Th\u00fcringen (Deutschland), geleitet von Caroline Fischer.<\/p>\n\n\n\n<p>Die Ukraine mit ihrem reichen Kulturerbe, ihrer Einzigartigkeit und Eigent\u00fcmlichkeit ist ein unentbehrlicher Teil der uralten Kulturroute Via Regia, dass f\u00fcr die feste Verkn\u00fcpfung mit dem Kulturerbe sonstiger europ\u00e4ischer Staaten sorgt.<\/p>\n\n\n\n<p>Der 219 km lange Abschnitt des Jakobswegs neben den Karpaten verl\u00e4uft in denselben Orten wie Via Regia. Der Jakobsweg oder Weg nach Santiago (spanisch Camino de Santiago) ist der Pilgerweg zum Grab des Apostels Jakobus in Santiago de Compostela (Spanien), der haupts\u00e4chlich in Nordspaniens verl\u00e4uft.&nbsp; Bekannt seit dem IX. Jh. Er wurde in das UNESCO-Welterbe aufgenommen. Seit 1999 besuchen ukrainische orthodoxe Pilger regelm\u00e4\u00dfig den Jakobsweg. Im Oktober 2013 wurde der neue Abschnitt des Jakobswegs von Medyka an der polnisch-ukrainischen Grenze bis zu Przemy\u015bl ge\u00f6ffnet. Der Weg f\u00fchrt durch grenznahe Orte und enth\u00e4lt Rad- und Ikonenwege.<\/p>\n<\/div><\/div>\n\n\n\n<div style=\"height:50px\" aria-hidden=\"true\" class=\"wp-block-spacer\"><\/div>\n\n\n\n<div class=\"wp-block-ws-section-el cover_section\" style=\"padding-top:0px;padding-bottom:0px;margin-top:0px;margin-bottom:0px;background-color:#ffffff;width:100%;display:block\"><div class=\"section-wrapper\" style=\"margin:0 auto;width:100%;max-width:1200px;display:block\">\n<div class=\"wp-block-columns is-layout-flex wp-container-3\">\n<div class=\"wp-block-column is-layout-flow\" style=\"flex-basis:66.66%\">\n<a href=\"https:\/\/via-regia.org.ua\/de\/istorychnyj-korydor-via-regia-v-ukrayini-v-period-kyyivskoyi-rusi\/\" target=\"_blank\" rel=\"noopener noreferrer\"><div class=\"wp-block-cover has-background-dim-30 has-background-dim has-custom-content-position is-position-bottom-left\" style=\"background-color:#ff0000;min-height:330px\"><img decoding=\"async\" loading=\"lazy\" width=\"1920\" height=\"1280\" class=\"wp-block-cover__image-background wp-image-1665\" alt=\"\" src=\"https:\/\/via-regia.org.ua\/wp-content\/uploads\/2020\/10\/via-regia-history.jpg\" data-object-fit=\"cover\" srcset=\"https:\/\/via-regia.org.ua\/wp-content\/uploads\/2020\/10\/via-regia-history.jpg 1920w, https:\/\/via-regia.org.ua\/wp-content\/uploads\/2020\/10\/via-regia-history-1536x1024.jpg 1536w\" sizes=\"(max-width: 1920px) 100vw, 1920px\" \/><div class=\"wp-block-cover__inner-container\">\n<p class=\"has-medium-font-size\"><strong>Geschichte der Via Regia<\/strong><\/p>\n<\/div><\/div><\/a>\n<\/div>\n\n\n\n<div class=\"wp-block-column is-layout-flow\" style=\"flex-basis:33.33%\">\n<a href=\"https:\/\/via-regia.org.ua\/de\/vidrodzhennya-istorychnogo-shlyahu\/\" target=\"_blank\" rel=\"noopener noreferrer\"><div class=\"wp-block-cover has-background-dim-30 has-background-dim has-custom-content-position is-position-bottom-left\" style=\"background-color:#363ea5;min-height:330px\"><img decoding=\"async\" loading=\"lazy\" width=\"1920\" height=\"1080\" class=\"wp-block-cover__image-background wp-image-1657\" alt=\"\" src=\"https:\/\/via-regia.org.ua\/wp-content\/uploads\/2020\/10\/revival-via-regia.jpg\" data-object-fit=\"cover\" srcset=\"https:\/\/via-regia.org.ua\/wp-content\/uploads\/2020\/10\/revival-via-regia.jpg 1920w, https:\/\/via-regia.org.ua\/wp-content\/uploads\/2020\/10\/revival-via-regia-1536x864.jpg 1536w\" sizes=\"(max-width: 1920px) 100vw, 1920px\" \/><div class=\"wp-block-cover__inner-container\">\n<p class=\"has-text-align-left has-medium-font-size\"><strong><strong>Revitalisierung einer historischen Stra\u00dfe<\/strong><\/strong><\/p>\n<\/div><\/div><\/a>\n<\/div>\n<\/div>\n\n\n\n<div class=\"wp-block-columns is-layout-flex wp-container-6\">\n<div class=\"wp-block-column is-layout-flow\" style=\"flex-basis:33.33%\">\n<a href=\"https:\/\/via-regia.org.ua\/de\/pro-radu-yevropy\/\" target=\"_blank\" rel=\"noopener noreferrer\"><div class=\"wp-block-cover has-background-dim-40 has-background-dim has-custom-content-position is-position-bottom-left\" style=\"background-color:#8ee092;min-height:330px\"><img decoding=\"async\" loading=\"lazy\" width=\"1920\" height=\"1422\" class=\"wp-block-cover__image-background wp-image-1653\" alt=\"\" src=\"https:\/\/via-regia.org.ua\/wp-content\/uploads\/2020\/10\/counsil-of-europe.jpg\" data-object-fit=\"cover\" srcset=\"https:\/\/via-regia.org.ua\/wp-content\/uploads\/2020\/10\/counsil-of-europe.jpg 1920w, https:\/\/via-regia.org.ua\/wp-content\/uploads\/2020\/10\/counsil-of-europe-1536x1138.jpg 1536w\" sizes=\"(max-width: 1920px) 100vw, 1920px\" \/><div class=\"wp-block-cover__inner-container\">\n<p class=\"has-text-align-left has-medium-font-size\"><strong><strong>\u00dcber den Europarat<\/strong><\/strong><\/p>\n<\/div><\/div><\/a>\n<\/div>\n\n\n\n<div class=\"wp-block-column is-layout-flow\" style=\"flex-basis:66.66%\">\n<a href=\"https:\/\/via-regia.org.ua\/de\/kulturnyj-shlyah-rady-yevropy\/\" target=\"_blank\" rel=\"noopener noreferrer\"><div class=\"wp-block-cover has-background-dim has-custom-content-position is-position-bottom-left\" style=\"background-color:#c2c777;min-height:330px\"><img decoding=\"async\" loading=\"lazy\" width=\"1920\" height=\"1289\" class=\"wp-block-cover__image-background wp-image-1661\" alt=\"\" src=\"https:\/\/via-regia.org.ua\/wp-content\/uploads\/2020\/10\/via-regia-erfurt.jpg\" data-object-fit=\"cover\" srcset=\"https:\/\/via-regia.org.ua\/wp-content\/uploads\/2020\/10\/via-regia-erfurt.jpg 1920w, https:\/\/via-regia.org.ua\/wp-content\/uploads\/2020\/10\/via-regia-erfurt-1536x1031.jpg 1536w\" sizes=\"(max-width: 1920px) 100vw, 1920px\" \/><div class=\"wp-block-cover__inner-container\">\n<p class=\"has-text-align-left has-medium-font-size\"><strong><strong>Die Kulturroute des Europarates<\/strong><\/strong><\/p>\n<\/div><\/div><\/a>\n<\/div>\n<\/div>\n<\/div><\/div>\n\n\n\n<div style=\"height:50px\" aria-hidden=\"true\" class=\"wp-block-spacer\"><\/div>\n\n\n\n<div class=\"wp-block-ws-section-el cover_section\" style=\"padding-top:0px;padding-bottom:0px;margin-top:0px;margin-bottom:0px;background-color:#ffffff;width:100%;display:block\"><div class=\"section-wrapper\" style=\"margin:0 auto;width:100%;max-width:1000px;display:block\">\n<div class=\"wp-block-ws-title-el ws_title\" style=\"text-transform:inherit\">Das europ\u00e4ische Netz Via Regia<\/div>\n\n\n\n<div style=\"height:35px\" aria-hidden=\"true\" class=\"wp-block-spacer\"><\/div>\n\n\n\n<div class=\"wp-block-columns network_country is-layout-flex wp-container-9\">\n<div class=\"wp-block-column is-layout-flow\" style=\"flex-basis:20%\">\n<figure class=\"wp-block-image size-large is-style-default\"><img decoding=\"async\" loading=\"lazy\" width=\"300\" height=\"200\" src=\"https:\/\/via-regia.org.ua\/wp-content\/uploads\/2020\/10\/sp.jpg\" alt=\"\" class=\"wp-image-766\"\/><\/figure>\n<\/div>\n\n\n\n<div class=\"wp-block-column is-layout-flow\" style=\"flex-basis:80%\">\n<p class=\"has-medium-font-size\"><strong>Spanien*<\/strong><\/p>\n\n\n\n<p class=\"has-text-color has-small-font-size\" style=\"color:#a3a4a6\">Mitgliedstaat des Europarates<\/p>\n\n\n\n<p>Mitgliedstaat des Erweiterten Teilabkommens \u00fcber Kulturrouten seit 2011<br><br>* Das Land ohne Netzwerkmitgliedern, aber auf diesem Weg liegt<\/p>\n<\/div>\n<\/div>\n\n\n\n<div class=\"wp-block-columns network_country is-layout-flex wp-container-12\">\n<div class=\"wp-block-column is-layout-flow\" style=\"flex-basis:20%\">\n<figure class=\"wp-block-image size-large is-style-default\"><img decoding=\"async\" loading=\"lazy\" width=\"300\" height=\"200\" src=\"https:\/\/via-regia.org.ua\/wp-content\/uploads\/2020\/10\/fr.jpg\" alt=\"\" class=\"wp-image-782\"\/><\/figure>\n<\/div>\n\n\n\n<div class=\"wp-block-column is-layout-flow\" style=\"flex-basis:80%\">\n<p class=\"has-medium-font-size\"><strong><strong>Frankreich<\/strong><\/strong><\/p>\n\n\n\n<p class=\"has-text-color has-small-font-size\" style=\"color:#a3a4a6\">Mitgliedstaat des Europarates<\/p>\n\n\n\n<p>Mitgliedstaat des Erweiterten Teilabkommens \u00fcber Kulturrouten seit 2011<br>Via Regia &#8211; L\u00e4nder mit Netzwerkmitgliedern<\/p>\n<\/div>\n<\/div>\n\n\n\n<div class=\"wp-block-columns network_country is-layout-flex wp-container-15\">\n<div class=\"wp-block-column is-layout-flow\" style=\"flex-basis:20%\">\n<figure class=\"wp-block-image size-large is-style-default\"><img decoding=\"async\" loading=\"lazy\" width=\"300\" height=\"200\" src=\"https:\/\/via-regia.org.ua\/wp-content\/uploads\/2020\/10\/be.jpg\" alt=\"\" class=\"wp-image-774\"\/><\/figure>\n<\/div>\n\n\n\n<div class=\"wp-block-column is-layout-flow\" style=\"flex-basis:80%\">\n<p class=\"has-medium-font-size\"><strong><strong><strong>Belgien*<\/strong><\/strong><\/strong><\/p>\n\n\n\n<p class=\"has-text-color has-small-font-size\" style=\"color:#a3a4a6\">Mitgliedstaat des Europarates<\/p>\n\n\n\n<p>* Das Land ohne Netzwerkmitgliedern, aber auf diesem Weg liegt<\/p>\n<\/div>\n<\/div>\n\n\n\n<div class=\"wp-block-columns network_country is-layout-flex wp-container-18\">\n<div class=\"wp-block-column is-layout-flow\" style=\"flex-basis:20%\">\n<figure class=\"wp-block-image size-large is-style-default\"><img decoding=\"async\" loading=\"lazy\" width=\"300\" height=\"200\" src=\"https:\/\/via-regia.org.ua\/wp-content\/uploads\/2020\/10\/ge.jpg\" alt=\"\" class=\"wp-image-754\"\/><\/figure>\n<\/div>\n\n\n\n<div class=\"wp-block-column is-layout-flow\" style=\"flex-basis:80%\">\n<p class=\"has-medium-font-size\"><strong><strong><strong><strong>Deutschland<\/strong><\/strong><\/strong><\/strong><\/p>\n\n\n\n<p class=\"has-text-color has-small-font-size\" style=\"color:#a3a4a6\">Mitgliedstaat des Europarates<\/p>\n\n\n\n<p>Mitgliedstaat des Erweiterten Teilabkommens \u00fcber Kulturrouten seit 2013<br>Via Regia &#8211; L\u00e4nder mit Netzwerkmitgliedern.<br>Europ\u00e4ischer Koordinator der Via Regia &#8211; Europ\u00e4isches Kultur-und Informationszentrum in Th\u00fcringen<\/p>\n<\/div>\n<\/div>\n\n\n\n<div class=\"wp-block-columns network_country is-layout-flex wp-container-21\">\n<div class=\"wp-block-column is-layout-flow\" style=\"flex-basis:20%\">\n<figure class=\"wp-block-image size-large is-style-default\"><img decoding=\"async\" loading=\"lazy\" width=\"300\" height=\"200\" src=\"https:\/\/via-regia.org.ua\/wp-content\/uploads\/2020\/10\/pl.jpg\" alt=\"\" class=\"wp-image-762\"\/><\/figure>\n<\/div>\n\n\n\n<div class=\"wp-block-column is-layout-flow\" style=\"flex-basis:80%\">\n<p class=\"has-medium-font-size\"><strong><strong><strong><strong><strong>Polen<\/strong><\/strong><\/strong><\/strong><\/strong><\/p>\n\n\n\n<p class=\"has-text-color has-small-font-size\" style=\"color:#a3a4a6\">Mitgliedstaat des Europarates<\/p>\n\n\n\n<p>Mitgliedstaat des Erweiterten Teilabkommens \u00fcber Kulturrouten seit 2017<br>Via Regia &#8211; L\u00e4nder mit Netzwerkmitgliedern<\/p>\n<\/div>\n<\/div>\n\n\n\n<div class=\"wp-block-columns network_country is-layout-flex wp-container-30\">\n<div class=\"wp-block-column is-layout-flow\" style=\"flex-basis:20%\">\n<figure class=\"wp-block-image size-large is-style-default\"><img decoding=\"async\" loading=\"lazy\" width=\"300\" height=\"200\" src=\"https:\/\/via-regia.org.ua\/wp-content\/uploads\/2020\/10\/ua.jpg\" alt=\"\" class=\"wp-image-770\"\/><\/figure>\n<\/div>\n\n\n\n<div class=\"wp-block-column is-layout-flow\" style=\"flex-basis:80%\">\n<p class=\"has-medium-font-size\"><strong><strong><strong><strong><strong><strong>Ukraine<\/strong><\/strong><\/strong><\/strong><\/strong><\/strong><\/p>\n\n\n\n<p class=\"has-text-color has-small-font-size\" style=\"color:#a3a4a6\">Mitgliedstaat des Europarates<\/p>\n\n\n\n<p>Via Regia &#8211; L\u00e4nder mit Netzwerkmitgliedern Der Koordinator des Netzwerks in der Ukraine ist der \u00f6ffentliche Organisation \u00abVerband &#8222;Via Regia Ukraine&#8220; (Dubno, Gebiet Riwne)<\/p>\n\n\n\n<div style=\"height:20px\" aria-hidden=\"true\" class=\"wp-block-spacer\"><\/div>\n\n\n\n<p>Regionen\/Gebiete, die zum Netz geh\u00f6ren:<\/p>\n\n\n\n<div style=\"height:20px\" aria-hidden=\"true\" class=\"wp-block-spacer\"><\/div>\n\n\n\n<div class=\"wp-block-columns is-layout-flex wp-container-28\">\n<div class=\"wp-block-column is-layout-flow\">\n<p class=\"has-text-align-center\"><a href=\"https:\/\/via-regia.org.ua\/regions\/kyyivska\/\" target=\"_blank\" rel=\"noreferrer noopener\">Gebiet Kyjiw und Kyjiw<\/a><\/p>\n<\/div>\n\n\n\n<div class=\"wp-block-column is-layout-flow\">\n<p class=\"has-text-align-center\"><a href=\"https:\/\/via-regia.org.ua\/regions\/zhytomyrska\/\" target=\"_blank\" rel=\"noreferrer noopener\">Gebiet Schytomyr<\/a><\/p>\n<\/div>\n\n\n\n<div class=\"wp-block-column is-layout-flow\">\n<p class=\"has-text-align-center\"><a href=\"https:\/\/via-regia.org.ua\/regions\/rivnenska\/\" target=\"_blank\" rel=\"noreferrer noopener\">Gebiet Riwne<\/a><\/p>\n<\/div>\n\n\n\n<div class=\"wp-block-column is-layout-flow\">\n<p class=\"has-text-align-center\"><a href=\"https:\/\/via-regia.org.ua\/regions\/lvivska\/\" target=\"_blank\" rel=\"noreferrer noopener\">Gebiet Lwiw<\/a><\/p>\n<\/div>\n\n\n\n<div class=\"wp-block-column is-layout-flow\">\n<p class=\"has-text-align-center\"><a href=\"https:\/\/via-regia.org.ua\/regions\/volynska\/\" target=\"_blank\" rel=\"noreferrer noopener\">Gebiet Wolhynien<\/a><\/p>\n<\/div>\n<\/div>\n<\/div>\n<\/div>\n\n\n\n<div class=\"wp-block-columns network_country is-layout-flex wp-container-33\">\n<div class=\"wp-block-column is-layout-flow\" style=\"flex-basis:20%\">\n<figure class=\"wp-block-image size-large is-style-default\"><img decoding=\"async\" loading=\"lazy\" width=\"555\" height=\"370\" src=\"https:\/\/via-regia.org.ua\/wp-content\/uploads\/2020\/10\/lh.jpg\" alt=\"\" class=\"wp-image-758\"\/><\/figure>\n<\/div>\n\n\n\n<div class=\"wp-block-column is-layout-flow\" style=\"flex-basis:80%\">\n<p class=\"has-medium-font-size\"><strong><strong><strong><strong><strong><strong><strong>Litauen*<\/strong><\/strong><\/strong><\/strong><\/strong><\/strong><\/strong><\/p>\n\n\n\n<p class=\"has-text-color has-small-font-size\" style=\"color:#a3a4a6\">Mitgliedstaat des Europarates<\/p>\n\n\n\n<p>Mitgliedstaat des Erweiterten Teilabkommens \u00fcber Kulturrouten seit 2012 <\/p>\n\n\n\n<p>* Das Land ohne Netzwerkmitgliedern, aber auf diesem Weg liegt<\/p>\n<\/div>\n<\/div>\n\n\n\n<div class=\"wp-block-columns network_country is-layout-flex wp-container-36\">\n<div class=\"wp-block-column is-layout-flow\" style=\"flex-basis:20%\">\n<figure class=\"wp-block-image size-large is-style-default\"><img decoding=\"async\" loading=\"lazy\" width=\"300\" height=\"200\" src=\"https:\/\/via-regia.org.ua\/wp-content\/uploads\/2020\/10\/by.jpg\" alt=\"\" class=\"wp-image-778\"\/><\/figure>\n<\/div>\n\n\n\n<div class=\"wp-block-column is-layout-flow\" style=\"flex-basis:80%\">\n<p class=\"has-medium-font-size\"><strong><strong><strong><strong><strong><strong><strong><strong>Republik Belarus<\/strong><\/strong><\/strong><\/strong><\/strong><\/strong><\/strong><\/strong><\/p>\n\n\n\n<p class=\"has-text-color has-small-font-size\" style=\"color:#a3a4a6\">Nichtmitgliedstaat des Europarates<\/p>\n\n\n\n<p>Staat, der 1993 das Europ\u00e4ischen Kulturakommen ratifiziert hat<\/p>\n\n\n\n<p>Beobachter des erweiterten Teilabkommens \u00fcber Kulturrouten.<br>Via Regia &#8211; L\u00e4nder mit Netzwerkmitgliedern<\/p>\n<\/div>\n<\/div>\n<\/div><\/div>\n\n\n\n<div style=\"height:50px\" aria-hidden=\"true\" class=\"wp-block-spacer\"><\/div>\n","protected":false},"excerpt":{"rendered":"","protected":false},"author":1,"featured_media":0,"parent":0,"menu_order":34,"comment_status":"closed","ping_status":"closed","template":"tpl\/full-page.php","meta":[],"acf":[],"yoast_head":"<!-- This site is optimized with the Yoast SEO plugin v27.4 - https:\/\/yoast.com\/product\/yoast-seo-wordpress\/ -->\n<title>\u00dcber Via Regia - ViaRegiaUkraine<\/title>\n<meta name=\"robots\" content=\"index, follow, max-snippet:-1, max-image-preview:large, max-video-preview:-1\" \/>\n<link rel=\"canonical\" href=\"https:\/\/via-regia.org.ua\/de\/pro-via-regia\/\" \/>\n<meta property=\"og:locale\" content=\"de_DE\" \/>\n<meta property=\"og:type\" content=\"article\" \/>\n<meta property=\"og:title\" content=\"\u00dcber Via Regia - ViaRegiaUkraine\" \/>\n<meta property=\"og:url\" content=\"https:\/\/via-regia.org.ua\/de\/pro-via-regia\/\" \/>\n<meta property=\"og:site_name\" content=\"ViaRegiaUkraine\" \/>\n<meta property=\"article:modified_time\" content=\"2021-11-14T14:01:04+00:00\" \/>\n<meta property=\"og:image\" content=\"https:\/\/via-regia.org.ua\/wp-content\/uploads\/2020\/10\/karta-z-praporamy.svg\" \/>\n<meta name=\"twitter:card\" content=\"summary_large_image\" \/>\n<meta name=\"twitter:label1\" content=\"Gesch\u00e4tzte Lesezeit\" \/>\n\t<meta name=\"twitter:data1\" content=\"6\u00a0Minuten\" \/>\n<script type=\"application\/ld+json\" class=\"yoast-schema-graph\">{\"@context\":\"https:\\\/\\\/schema.org\",\"@graph\":[{\"@type\":\"WebPage\",\"@id\":\"https:\\\/\\\/via-regia.org.ua\\\/de\\\/pro-via-regia\\\/\",\"url\":\"https:\\\/\\\/via-regia.org.ua\\\/de\\\/pro-via-regia\\\/\",\"name\":\"\u00dcber Via Regia - ViaRegiaUkraine\",\"isPartOf\":{\"@id\":\"https:\\\/\\\/via-regia.org.ua\\\/#website\"},\"primaryImageOfPage\":{\"@id\":\"https:\\\/\\\/via-regia.org.ua\\\/de\\\/pro-via-regia\\\/#primaryimage\"},\"image\":{\"@id\":\"https:\\\/\\\/via-regia.org.ua\\\/de\\\/pro-via-regia\\\/#primaryimage\"},\"thumbnailUrl\":\"https:\\\/\\\/via-regia.org.ua\\\/wp-content\\\/uploads\\\/2020\\\/10\\\/karta-z-praporamy.svg\",\"datePublished\":\"2020-10-24T14:19:13+00:00\",\"dateModified\":\"2021-11-14T14:01:04+00:00\",\"breadcrumb\":{\"@id\":\"https:\\\/\\\/via-regia.org.ua\\\/de\\\/pro-via-regia\\\/#breadcrumb\"},\"inLanguage\":\"de\",\"potentialAction\":[{\"@type\":\"ReadAction\",\"target\":[\"https:\\\/\\\/via-regia.org.ua\\\/de\\\/pro-via-regia\\\/\"]}]},{\"@type\":\"ImageObject\",\"inLanguage\":\"de\",\"@id\":\"https:\\\/\\\/via-regia.org.ua\\\/de\\\/pro-via-regia\\\/#primaryimage\",\"url\":\"https:\\\/\\\/via-regia.org.ua\\\/wp-content\\\/uploads\\\/2020\\\/10\\\/karta-z-praporamy.svg\",\"contentUrl\":\"https:\\\/\\\/via-regia.org.ua\\\/wp-content\\\/uploads\\\/2020\\\/10\\\/karta-z-praporamy.svg\"},{\"@type\":\"BreadcrumbList\",\"@id\":\"https:\\\/\\\/via-regia.org.ua\\\/de\\\/pro-via-regia\\\/#breadcrumb\",\"itemListElement\":[{\"@type\":\"ListItem\",\"position\":1,\"name\":\"\u0413\u043e\u043b\u043e\u0432\u043d\u0430 \u0421\u0442\u043e\u0440\u0456\u043d\u043a\u0430\",\"item\":\"https:\\\/\\\/via-regia.org.ua\\\/de\\\/\"},{\"@type\":\"ListItem\",\"position\":2,\"name\":\"\u00dcber Via Regia\"}]},{\"@type\":\"WebSite\",\"@id\":\"https:\\\/\\\/via-regia.org.ua\\\/#website\",\"url\":\"https:\\\/\\\/via-regia.org.ua\\\/\",\"name\":\"ViaRegiaUkraine\",\"description\":\"\",\"potentialAction\":[{\"@type\":\"SearchAction\",\"target\":{\"@type\":\"EntryPoint\",\"urlTemplate\":\"https:\\\/\\\/via-regia.org.ua\\\/?s={search_term_string}\"},\"query-input\":{\"@type\":\"PropertyValueSpecification\",\"valueRequired\":true,\"valueName\":\"search_term_string\"}}],\"inLanguage\":\"de\"}]}<\/script>\n<!-- \/ Yoast SEO plugin. -->","yoast_head_json":{"title":"\u00dcber Via Regia - ViaRegiaUkraine","robots":{"index":"index","follow":"follow","max-snippet":"max-snippet:-1","max-image-preview":"max-image-preview:large","max-video-preview":"max-video-preview:-1"},"canonical":"https:\/\/via-regia.org.ua\/de\/pro-via-regia\/","og_locale":"de_DE","og_type":"article","og_title":"\u00dcber Via Regia - ViaRegiaUkraine","og_url":"https:\/\/via-regia.org.ua\/de\/pro-via-regia\/","og_site_name":"ViaRegiaUkraine","article_modified_time":"2021-11-14T14:01:04+00:00","og_image":[{"url":"https:\/\/via-regia.org.ua\/wp-content\/uploads\/2020\/10\/karta-z-praporamy.svg","type":"","width":"","height":""}],"twitter_card":"summary_large_image","twitter_misc":{"Gesch\u00e4tzte Lesezeit":"6\u00a0Minuten"},"schema":{"@context":"https:\/\/schema.org","@graph":[{"@type":"WebPage","@id":"https:\/\/via-regia.org.ua\/de\/pro-via-regia\/","url":"https:\/\/via-regia.org.ua\/de\/pro-via-regia\/","name":"\u00dcber Via Regia - ViaRegiaUkraine","isPartOf":{"@id":"https:\/\/via-regia.org.ua\/#website"},"primaryImageOfPage":{"@id":"https:\/\/via-regia.org.ua\/de\/pro-via-regia\/#primaryimage"},"image":{"@id":"https:\/\/via-regia.org.ua\/de\/pro-via-regia\/#primaryimage"},"thumbnailUrl":"https:\/\/via-regia.org.ua\/wp-content\/uploads\/2020\/10\/karta-z-praporamy.svg","datePublished":"2020-10-24T14:19:13+00:00","dateModified":"2021-11-14T14:01:04+00:00","breadcrumb":{"@id":"https:\/\/via-regia.org.ua\/de\/pro-via-regia\/#breadcrumb"},"inLanguage":"de","potentialAction":[{"@type":"ReadAction","target":["https:\/\/via-regia.org.ua\/de\/pro-via-regia\/"]}]},{"@type":"ImageObject","inLanguage":"de","@id":"https:\/\/via-regia.org.ua\/de\/pro-via-regia\/#primaryimage","url":"https:\/\/via-regia.org.ua\/wp-content\/uploads\/2020\/10\/karta-z-praporamy.svg","contentUrl":"https:\/\/via-regia.org.ua\/wp-content\/uploads\/2020\/10\/karta-z-praporamy.svg"},{"@type":"BreadcrumbList","@id":"https:\/\/via-regia.org.ua\/de\/pro-via-regia\/#breadcrumb","itemListElement":[{"@type":"ListItem","position":1,"name":"\u0413\u043e\u043b\u043e\u0432\u043d\u0430 \u0421\u0442\u043e\u0440\u0456\u043d\u043a\u0430","item":"https:\/\/via-regia.org.ua\/de\/"},{"@type":"ListItem","position":2,"name":"\u00dcber Via Regia"}]},{"@type":"WebSite","@id":"https:\/\/via-regia.org.ua\/#website","url":"https:\/\/via-regia.org.ua\/","name":"ViaRegiaUkraine","description":"","potentialAction":[{"@type":"SearchAction","target":{"@type":"EntryPoint","urlTemplate":"https:\/\/via-regia.org.ua\/?s={search_term_string}"},"query-input":{"@type":"PropertyValueSpecification","valueRequired":true,"valueName":"search_term_string"}}],"inLanguage":"de"}]}},"_links":{"self":[{"href":"https:\/\/via-regia.org.ua\/de\/wp-json\/wp\/v2\/pages\/2744"}],"collection":[{"href":"https:\/\/via-regia.org.ua\/de\/wp-json\/wp\/v2\/pages"}],"about":[{"href":"https:\/\/via-regia.org.ua\/de\/wp-json\/wp\/v2\/types\/page"}],"author":[{"embeddable":true,"href":"https:\/\/via-regia.org.ua\/de\/wp-json\/wp\/v2\/users\/1"}],"replies":[{"embeddable":true,"href":"https:\/\/via-regia.org.ua\/de\/wp-json\/wp\/v2\/comments?post=2744"}],"version-history":[{"count":1,"href":"https:\/\/via-regia.org.ua\/de\/wp-json\/wp\/v2\/pages\/2744\/revisions"}],"predecessor-version":[{"id":4784,"href":"https:\/\/via-regia.org.ua\/de\/wp-json\/wp\/v2\/pages\/2744\/revisions\/4784"}],"wp:attachment":[{"href":"https:\/\/via-regia.org.ua\/de\/wp-json\/wp\/v2\/media?parent=2744"}],"curies":[{"name":"wp","href":"https:\/\/api.w.org\/{rel}","templated":true}]}}