{"id":3316,"date":"2020-10-15T07:12:41","date_gmt":"2020-10-15T07:12:41","guid":{"rendered":"https:\/\/via-regia.org.ua\/donate\/"},"modified":"2021-02-15T15:02:49","modified_gmt":"2021-02-15T15:02:49","slug":"donate","status":"publish","type":"page","link":"https:\/\/via-regia.org.ua\/de\/donate\/","title":{"rendered":"Unterst\u00fctzen"},"content":{"rendered":"\n<div class=\"wp-block-ws-section-el cover_section\" style=\"padding-top:0px;padding-bottom:0px;margin-top:70px;margin-bottom:70px;background-color:#ffffff;width:100%;display:block\"><div class=\"section-wrapper\" style=\"margin:0 auto;width:100%;max-width:1200px;display:block\">\n<div class=\"wp-block-ws-title-el ws_title\" style=\"text-transform:inherit\"><strong>Die Vorteile, die Sie dank der Vereinigung bekommen k\u00f6nnen<\/strong><\/div>\n\n\n\n<div style=\"height:50px\" aria-hidden=\"true\" class=\"wp-block-spacer\"><\/div>\n\n\n\n<div class=\"wp-block-icon-text-inner undefined column_three align_content_default\">\n<div class=\"wp-block-ws-icon-text-el icon-text__item img_align_top undefined\"><div class=\"icon_block\"><img decoding=\"async\" class=\"icon\" src=\"https:\/\/via-regia.org.ua\/wp-content\/uploads\/2020\/12\/populyaryzacziya-zakladu.svg\"\/><\/div><div class=\"icon-text__data\"><h4 class=\"title\"><strong>Eine gemeinsame Umsetzung kulturell-k\u00fcnstlerischer Projekte<\/strong><\/h4><p class=\"description\">Unsere Zusammenarbeit mit europ\u00e4ischen Partnern und die st\u00e4ndige Entwicklung von Beziehungen erm\u00f6glichen es Ihnen, gemeinsame Projekte im Bereich Kultur umzusetzen und an internationalen Stipendienprojekten teilzunehmen<\/p><\/div><\/div>\n\n\n\n<div class=\"wp-block-ws-icon-text-el icon-text__item img_align_top undefined\"><div class=\"icon_block\"><img decoding=\"async\" class=\"icon\" src=\"https:\/\/via-regia.org.ua\/wp-content\/uploads\/2020\/12\/spilna-realizacziya-proektiv.svg\"\/><\/div><div class=\"icon-text__data\"><h4 class=\"title\">Popularisierung Ihrer Einrichtung in der Ukraine und im Ausland<\/h4><p class=\"description\">Eine der Hauptaufgaben der Verb\u00e4nde ist die F\u00f6rderung des ukrainischen Teils der Major Cultural Route of the Council of Europe durch die Region, die den Kulturtourismus in der territorialen Ukraine f\u00f6rdern wird, wo Ihre Institution das kulturelle Erbe f\u00fcr ukrainische Touristen und ausl\u00e4ndische Bewerter klar darstellt<\/p><\/div><\/div>\n\n\n\n<div class=\"wp-block-ws-icon-text-el icon-text__item img_align_top undefined\"><div class=\"icon_block\"><img decoding=\"async\" class=\"icon\" src=\"https:\/\/via-regia.org.ua\/wp-content\/uploads\/2020\/12\/stvorennya-spilnyh-turystychnyh-produktiv.svg\"\/><\/div><div class=\"icon-text__data\"><h4 class=\"title\"><strong>Schaffen gemeinsamer touristischer Routen und Produkte<\/strong><\/h4><p class=\"description\">Gemeinsame Tourismusprodukte und Reiserouten, die die kulturellen St\u00e4tten Ihrer Stadt umfassen, erh\u00f6hen die Anzahl der Besucher jeder einzelnen Organisation, Institution und Kulturinstitution<\/p><\/div><\/div>\n<\/div>\n\n\n\n<div class=\"wp-block-icon-text-inner undefined column_two align_content_default\">\n<div class=\"wp-block-ws-icon-text-el icon-text__item img_align_top undefined\"><div class=\"icon_block\"><img decoding=\"async\" class=\"icon\" src=\"https:\/\/via-regia.org.ua\/wp-content\/uploads\/2020\/12\/vzayemnyj-rozvytok.svg\"\/><\/div><div class=\"icon-text__data\"><h4 class=\"title\"><strong>Eine gegenseitige Entwicklung<\/strong><\/h4><p class=\"description\">Ihre Teilnahme am Verein erleichtert den Austausch von Erfahrungen, Wissen und Ideen f\u00fcr die Entwicklung jeder Institution als Partner des europ\u00e4ischen Kulturnetzwerks<\/p><\/div><\/div>\n\n\n\n<div class=\"wp-block-ws-icon-text-el icon-text__item img_align_top undefined\"><div class=\"icon_block\"><img decoding=\"async\" class=\"icon\" src=\"https:\/\/via-regia.org.ua\/wp-content\/uploads\/2020\/12\/komunikacziya.svg\"\/><\/div><div class=\"icon-text__data\"><h4 class=\"title\"><strong>Bildung der kollektiven Kommunikation mit ausl\u00e4ndischen Partnern<\/strong><\/h4><p class=\"description\">Dank einer effektiven Kommunikation mit europ\u00e4ischen Partnern ist es m\u00f6glich, das kulturelle Erbe Ihrer Stadt und Region in der Ukraine und im Ausland zu pr\u00e4sentieren<\/p><\/div><\/div>\n<\/div>\n<\/div><\/div>\n\n\n\n<div class=\"wp-block-ws-section-el cover_section\" style=\"padding-top:0px;padding-bottom:0px;margin-top:0px;margin-bottom:0px;background-color:#1b579f;width:100%;display:block\"><div class=\"section-wrapper\" style=\"margin:0 auto;width:100%;max-width:1200px;display:block\">\n<div style=\"height:70px\" aria-hidden=\"true\" class=\"wp-block-spacer\"><\/div>\n\n\n\n<div class=\"wp-block-columns is-layout-flex wp-container-4\">\n<div class=\"wp-block-column is-layout-flow\">\n<div class=\"wp-block-ws-animation-num-text animation-num-text\"><div class=\"animation-number\" style=\"color:#ffffff\" data-num=\"11\">0<\/div><div class=\"title\" style=\"color:#ffffff\">St\u00e4dte<\/div><div class=\"separation\" style=\"background-color:#ffffff\"><\/div><div class=\"description\" style=\"color:#ffffff\">Die Vereinigung Via Regia Ukraine ist das einzige funktionierende Netz der Kulturrouten des Europarates in der Ukraine<\/div><\/div>\n<\/div>\n\n\n\n<div class=\"wp-block-column is-layout-flow\">\n<div class=\"wp-block-ws-animation-num-text animation-num-text\"><div class=\"animation-number\" style=\"color:#ffffff\" data-num=\"5\">0<\/div><div class=\"title\" style=\"color:#ffffff\">Gebiete<\/div><div class=\"separation\" style=\"background-color:#ffffff\"><\/div><div class=\"description\" style=\"color:#ffffff\">Jedes Gebiet verf\u00fcgt \u00fcber seine einzigartigen Sitten und Br\u00e4uche sowie touristische Orte, doch wir alle arbeiten zusammen, und zwar popularisieren das kulturelle Erbe und entwickeln das touristische Potential der Ukraine.<\/div><\/div>\n<\/div>\n\n\n\n<div class=\"wp-block-column is-layout-flow\">\n<div class=\"wp-block-ws-animation-num-text animation-num-text\"><div class=\"animation-number\" style=\"color:#ffffff\" data-num=\"132\">0<\/div><div class=\"title\" style=\"color:#ffffff\">Orte<\/div><div class=\"separation\" style=\"background-color:#ffffff\"><\/div><div class=\"description\" style=\"color:#ffffff\">So viele interessante und einzigartige touristische Orte und Architekturdenkm\u00e4ler befinden sich auf dem Weg von Via Regia in der Ukraine.<\/div><\/div>\n<\/div>\n<\/div>\n\n\n\n<div style=\"height:30px\" aria-hidden=\"true\" class=\"wp-block-spacer\"><\/div>\n\n\n\n<a class=\"btn white center\" target=\"_self\" rel=\"noopener noreferrer\" href=\"#124\"><strong>Mitglied warden<\/strong><\/a>\n\n\n\n<div style=\"height:70px\" aria-hidden=\"true\" class=\"wp-block-spacer\"><\/div>\n<\/div><\/div>\n\n\n\n<div class=\"wp-block-ws-section-el cover_section\" id=\"join_partner\" style=\"padding-top:0px;padding-bottom:0px;margin-top:70px;margin-bottom:70px;background-color:#ffffff;width:100%;display:block\"><div class=\"section-wrapper\" style=\"margin:0 auto;width:100%;max-width:830px;display:block\">\n<div class=\"wp-block-ws-title-el ws_title\" style=\"text-transform:uppercase\"><strong>Partner werden<\/strong><\/div>\n\n\n\n<div style=\"height:40px\" aria-hidden=\"true\" class=\"wp-block-spacer\"><\/div>\n\n\n\n<p class=\"has-text-align-center has-medium-font-size\">Sie k\u00f6nnen auch mit der Vereinigung als Partner zusammenarbeiten. Wir sind immer bereit, Ihren W\u00fcnschen nachzugehen, bieten zahlreiche M\u00f6glichkeiten f\u00fcr die Zusammenarbeit an, sind flexibel und bereit, Ihr Partner in verschiedenen Bereichen zu werden. Nehmen Sie bitte Kontakt mit uns, um alle Bedingungen und Details zu kl\u00e4ren<\/p>\n\n\n\n<div style=\"height:40px\" aria-hidden=\"true\" class=\"wp-block-spacer\"><\/div>\n\n\n\n<a class=\"btn blue_button center open-modal\" data-target=\"#3323\" rel=\"noopener noreferrer\" href=\"#4543\">Partner werden<\/a>\n\n\n\n<p><\/p>\n<\/div><\/div>\n\n\n\n<div class=\"wp-block-ws-section-el cover_section\" id=\"join_command\" style=\"padding-top:60px;padding-bottom:60px;margin-top:0px;margin-bottom:50px;background-color:#ebebeb;width:100%;display:block\"><div class=\"section-wrapper\" style=\"margin:0 auto;width:100%;max-width:700px;display:block\">\n<div class=\"wp-block-ws-title-el ws_title\" style=\"text-transform:uppercase\">Hilfe<\/div>\n\n\n\n<div style=\"height:50px\" aria-hidden=\"true\" class=\"wp-block-spacer\"><\/div>\n\n\n\n<div class=\"wp-block-columns is-layout-flex wp-container-7\">\n<div class=\"wp-block-column is-layout-flow\">\n<div class=\"wp-block-ws-icon-text-el icon-text__item img_align_top center\"><div class=\"icon_block\"><img decoding=\"async\" class=\"icon\" src=\"https:\/\/via-regia.org.ua\/wp-content\/uploads\/2020\/10\/icon.png\"\/><\/div><div class=\"icon-text__data\"><h4 class=\"title\">Gegenst\u00e4nde zum Museumsfond spenden<\/h4><\/div><\/div>\n\n\n\n<strong><a class=\"btn blue_button center\" target=\"_self\" rel=\"noopener noreferrer\" href=\"https:\/\/via-regia.org.ua\/de\/yak-zafonduvaty-do-muzeyu\/\">Mehr<\/a><\/strong>\n<\/div>\n\n\n\n<div class=\"wp-block-column is-layout-flow\">\n<div class=\"wp-block-ws-icon-text-el icon-text__item img_align_top center\"><div class=\"icon_block\"><img decoding=\"async\" class=\"icon\" src=\"https:\/\/via-regia.org.ua\/wp-content\/uploads\/2020\/10\/icon.png\"\/><\/div><div class=\"icon-text__data\"><h4 class=\"title\">Der Mannschaft beitreten<\/h4><\/div><\/div>\n\n\n\n<strong><strong><a class=\"btn blue_button center\" target=\"_blank\" rel=\"noopener noreferrer\" href=\"https:\/\/docs.google.com\/forms\/d\/1oQp0iiJ-_r_gfwhGlxlOF6ikXF5zp7jgcsZkuyYk8dQ\/edit?usp=sharing\">Beitreten<\/a><\/strong><\/strong>\n<\/div>\n<\/div>\n\n\n\n<p class=\"has-text-align-center\" style=\"font-size:18px\">Sie k\u00f6nnen auch unmittelbar die Qualit\u00e4t unserer Inhalte verbessern: Inhalte lesen, kommentieren und verfolgen (erinnern Sie an eine Glocke auf YouTube?), uns in Sozialnetzen verfolgen und Inhalte mit Ihren Freunden verteilen. Empfehlen Sie bitte auch neue Orte auf dem Weg von Via Regia Ukraine und teilen Sie bitte uns Ihre Ideen mit, die wir unbedingt ber\u00fccksichtigen werden<\/p>\n<\/div><\/div>\n\n\n\n<div class=\"wp-block-ws-section-el cover_section\" id=\"contacts\" style=\"padding-top:0px;padding-bottom:70px;margin-top:0px;margin-bottom:0px;background-color:#ffffff;width:100%;display:block\"><div class=\"section-wrapper\" style=\"margin:0 auto;width:100%;max-width:1200px;display:block\">\n<div class=\"wp-block-ws-title-el ws_title\" style=\"text-transform:inherit\"><strong>\u0417\u0412&#8217;\u042f\u0416\u0406\u0422\u042c\u0421\u042f \u0417 \u041d\u0410\u041c\u0418<\/strong><\/div>\n\n\n\n<div style=\"height:20px\" aria-hidden=\"true\" class=\"wp-block-spacer height-for-mobile\"><\/div>\n\n\n\n<p class=\"has-text-align-center\">\u041e\u0431\u0435\u0440\u0456\u0442\u044c \u0437\u0440\u0443\u0447\u043d\u0438\u0439 \u0434\u043b\u044f \u0432\u0430\u0441 \u0441\u043f\u043e\u0441\u0456\u0431<\/p>\n\n\n\n<div style=\"height:60px\" aria-hidden=\"true\" class=\"wp-block-spacer height-for-mobile\"><\/div>\n\n\n\n<div class=\"wp-block-columns is-layout-flex wp-container-11\">\n<div class=\"wp-block-column is-layout-flow\"><div class=\"contact-item\"><div class=\"contact-body\"><div class=\"image\"><img decoding=\"async\" src=\"https:\/\/via-regia.org.ua\/wp-content\/uploads\/2020\/10\/meeting.png\" class=\"icon\" alt=\"\"><\/div><div class=\"title\">\u041e\u0440\u0433\u0430\u043d\u0456\u0437\u0443\u0432\u0430\u0442\u0438 \u0437\u0443\u0441\u0442\u0440\u0456\u0447<\/div><div class=\"button_section\"><a href=\"javascript:void(0);\" data-morphing data-src=\"#moda_495603654\" data-fancybox=\"\" class=\"btn\">\u0414\u041e\u041c\u041e\u0412\u0418\u0422\u0418\u0421\u042f \u041f\u0420\u041e \u0417\u0423\u0421\u0422\u0420\u0406\u0427<\/a><\/div><\/div><\/div><div class=\"modal\" id=\"moda_495603654\"><div class=\"modal_title\">\u0414\u041e\u041c\u041e\u0412\u0418\u0422\u0418\u0421\u042f \u041f\u0420\u041e \u0417\u0423\u0421\u0422\u0420\u0406\u0427<\/div><div class=\"modal_body\">[contact-form-7 id=&#8220;351&#8243; title=&#8220;\u041e\u0440\u0433\u0430\u043d\u0456\u0437\u0443\u0432\u0430\u0442\u0438 \u0437\u0443\u0441\u0442\u0440\u0456\u0447&#8220;]<\/div><\/div><\/div>\n\n\n\n<div class=\"wp-block-column is-layout-flow\"><div class=\"contact-item\"><div class=\"contact-body\"><div class=\"image\"><img decoding=\"async\" src=\"https:\/\/via-regia.org.ua\/wp-content\/uploads\/2020\/10\/call.png\" class=\"icon\" alt=\"\"><\/div><div class=\"title\">\u041e\u0442\u0440\u0438\u043c\u0430\u0442\u0438 \u0434\u0437\u0432\u0456\u043d\u043e\u043a \u0432\u0456\u0434 \u043d\u0430\u0441<\/div><div class=\"button_section\"><a href=\"javascript:void(0);\" data-morphing data-src=\"#moda_1015905498\" data-fancybox=\"\" class=\"btn\">\u0417\u0412\u2019\u042f\u0417\u0410\u0422\u0418\u0421\u042f<\/a><\/div><\/div><\/div><div class=\"modal\" id=\"moda_1015905498\"><div class=\"modal_title\">\u0417\u0412\u2019\u042f\u0417\u0410\u0422\u0418\u0421\u042f<\/div><div class=\"modal_body\">[contact-form-7 id=&#8220;352&#8243; title=&#8220;\u0417\u0430\u043c\u043e\u0432\u0438\u0442\u0438 \u0434\u0437\u0432\u0456\u043d\u043e\u043a&#8220;]<\/div><\/div><\/div>\n\n\n\n<div class=\"wp-block-column is-layout-flow\"><div class=\"contact-item\"><div class=\"contact-body\"><div class=\"image\"><img decoding=\"async\" src=\"https:\/\/via-regia.org.ua\/wp-content\/uploads\/2020\/10\/mess.png\" class=\"icon\" alt=\"\"><\/div><div class=\"title\">\u0412\u0456\u0434\u043f\u0440\u0430\u0432\u0438\u0442\u0438 \u043d\u0430\u043c E-mail<\/div><div class=\"button_section\"><a href=\"javascript:void(0);\" data-morphing data-src=\"#moda_1253553881\" data-fancybox=\"\" class=\"btn\">\u0412\u0456\u0434\u043f\u0440\u0430\u0432\u0438\u0442\u0438 \u043b\u0438\u0441\u0442\u0430<\/a><\/div><\/div><\/div><div class=\"modal\" id=\"moda_1253553881\"><div class=\"modal_title\">\u0412\u0456\u0434\u043f\u0440\u0430\u0432\u0438\u0442\u0438 \u043b\u0438\u0441\u0442\u0430<\/div><div class=\"modal_body\">[contact-form-7 id=&#8220;242&#8243; title=&#8220;\u0412\u0456\u0434\u043f\u0440\u0430\u0432\u0438\u0442\u0438 \u043b\u0438\u0441\u0442\u0430&#8220;]<\/div><\/div><\/div>\n<\/div>\n<\/div><\/div>\n","protected":false},"excerpt":{"rendered":"","protected":false},"author":1,"featured_media":0,"parent":0,"menu_order":94,"comment_status":"closed","ping_status":"closed","template":"tpl\/full-page.php","meta":[],"acf":[],"yoast_head":"<!-- This site is optimized with the Yoast SEO plugin v27.4 - https:\/\/yoast.com\/product\/yoast-seo-wordpress\/ -->\n<title>Unterst\u00fctzen - ViaRegiaUkraine<\/title>\n<meta name=\"robots\" content=\"index, follow, max-snippet:-1, max-image-preview:large, max-video-preview:-1\" \/>\n<link rel=\"canonical\" href=\"https:\/\/via-regia.org.ua\/de\/donate\/\" \/>\n<meta property=\"og:locale\" content=\"de_DE\" \/>\n<meta property=\"og:type\" content=\"article\" \/>\n<meta property=\"og:title\" content=\"Unterst\u00fctzen - ViaRegiaUkraine\" \/>\n<meta property=\"og:url\" content=\"https:\/\/via-regia.org.ua\/de\/donate\/\" \/>\n<meta property=\"og:site_name\" content=\"ViaRegiaUkraine\" \/>\n<meta property=\"article:modified_time\" content=\"2021-02-15T15:02:49+00:00\" \/>\n<meta property=\"og:image\" content=\"https:\/\/via-regia.org.ua\/wp-content\/uploads\/2020\/12\/populyaryzacziya-zakladu.svg\" \/>\n<meta name=\"twitter:card\" content=\"summary_large_image\" \/>\n<meta name=\"twitter:label1\" content=\"Gesch\u00e4tzte Lesezeit\" \/>\n\t<meta name=\"twitter:data1\" content=\"4\u00a0Minuten\" \/>\n<script type=\"application\/ld+json\" class=\"yoast-schema-graph\">{\"@context\":\"https:\\\/\\\/schema.org\",\"@graph\":[{\"@type\":\"WebPage\",\"@id\":\"https:\\\/\\\/via-regia.org.ua\\\/de\\\/donate\\\/\",\"url\":\"https:\\\/\\\/via-regia.org.ua\\\/de\\\/donate\\\/\",\"name\":\"Unterst\u00fctzen - ViaRegiaUkraine\",\"isPartOf\":{\"@id\":\"https:\\\/\\\/via-regia.org.ua\\\/#website\"},\"primaryImageOfPage\":{\"@id\":\"https:\\\/\\\/via-regia.org.ua\\\/de\\\/donate\\\/#primaryimage\"},\"image\":{\"@id\":\"https:\\\/\\\/via-regia.org.ua\\\/de\\\/donate\\\/#primaryimage\"},\"thumbnailUrl\":\"https:\\\/\\\/via-regia.org.ua\\\/wp-content\\\/uploads\\\/2020\\\/12\\\/populyaryzacziya-zakladu.svg\",\"datePublished\":\"2020-10-15T07:12:41+00:00\",\"dateModified\":\"2021-02-15T15:02:49+00:00\",\"breadcrumb\":{\"@id\":\"https:\\\/\\\/via-regia.org.ua\\\/de\\\/donate\\\/#breadcrumb\"},\"inLanguage\":\"de\",\"potentialAction\":[{\"@type\":\"ReadAction\",\"target\":[\"https:\\\/\\\/via-regia.org.ua\\\/de\\\/donate\\\/\"]}]},{\"@type\":\"ImageObject\",\"inLanguage\":\"de\",\"@id\":\"https:\\\/\\\/via-regia.org.ua\\\/de\\\/donate\\\/#primaryimage\",\"url\":\"https:\\\/\\\/via-regia.org.ua\\\/wp-content\\\/uploads\\\/2020\\\/12\\\/populyaryzacziya-zakladu.svg\",\"contentUrl\":\"https:\\\/\\\/via-regia.org.ua\\\/wp-content\\\/uploads\\\/2020\\\/12\\\/populyaryzacziya-zakladu.svg\"},{\"@type\":\"BreadcrumbList\",\"@id\":\"https:\\\/\\\/via-regia.org.ua\\\/de\\\/donate\\\/#breadcrumb\",\"itemListElement\":[{\"@type\":\"ListItem\",\"position\":1,\"name\":\"\u0413\u043e\u043b\u043e\u0432\u043d\u0430 \u0421\u0442\u043e\u0440\u0456\u043d\u043a\u0430\",\"item\":\"https:\\\/\\\/via-regia.org.ua\\\/de\\\/\"},{\"@type\":\"ListItem\",\"position\":2,\"name\":\"Unterst\u00fctzen\"}]},{\"@type\":\"WebSite\",\"@id\":\"https:\\\/\\\/via-regia.org.ua\\\/#website\",\"url\":\"https:\\\/\\\/via-regia.org.ua\\\/\",\"name\":\"ViaRegiaUkraine\",\"description\":\"\",\"potentialAction\":[{\"@type\":\"SearchAction\",\"target\":{\"@type\":\"EntryPoint\",\"urlTemplate\":\"https:\\\/\\\/via-regia.org.ua\\\/?s={search_term_string}\"},\"query-input\":{\"@type\":\"PropertyValueSpecification\",\"valueRequired\":true,\"valueName\":\"search_term_string\"}}],\"inLanguage\":\"de\"}]}<\/script>\n<!-- \/ Yoast SEO plugin. -->","yoast_head_json":{"title":"Unterst\u00fctzen - ViaRegiaUkraine","robots":{"index":"index","follow":"follow","max-snippet":"max-snippet:-1","max-image-preview":"max-image-preview:large","max-video-preview":"max-video-preview:-1"},"canonical":"https:\/\/via-regia.org.ua\/de\/donate\/","og_locale":"de_DE","og_type":"article","og_title":"Unterst\u00fctzen - ViaRegiaUkraine","og_url":"https:\/\/via-regia.org.ua\/de\/donate\/","og_site_name":"ViaRegiaUkraine","article_modified_time":"2021-02-15T15:02:49+00:00","og_image":[{"url":"https:\/\/via-regia.org.ua\/wp-content\/uploads\/2020\/12\/populyaryzacziya-zakladu.svg","type":"","width":"","height":""}],"twitter_card":"summary_large_image","twitter_misc":{"Gesch\u00e4tzte Lesezeit":"4\u00a0Minuten"},"schema":{"@context":"https:\/\/schema.org","@graph":[{"@type":"WebPage","@id":"https:\/\/via-regia.org.ua\/de\/donate\/","url":"https:\/\/via-regia.org.ua\/de\/donate\/","name":"Unterst\u00fctzen - ViaRegiaUkraine","isPartOf":{"@id":"https:\/\/via-regia.org.ua\/#website"},"primaryImageOfPage":{"@id":"https:\/\/via-regia.org.ua\/de\/donate\/#primaryimage"},"image":{"@id":"https:\/\/via-regia.org.ua\/de\/donate\/#primaryimage"},"thumbnailUrl":"https:\/\/via-regia.org.ua\/wp-content\/uploads\/2020\/12\/populyaryzacziya-zakladu.svg","datePublished":"2020-10-15T07:12:41+00:00","dateModified":"2021-02-15T15:02:49+00:00","breadcrumb":{"@id":"https:\/\/via-regia.org.ua\/de\/donate\/#breadcrumb"},"inLanguage":"de","potentialAction":[{"@type":"ReadAction","target":["https:\/\/via-regia.org.ua\/de\/donate\/"]}]},{"@type":"ImageObject","inLanguage":"de","@id":"https:\/\/via-regia.org.ua\/de\/donate\/#primaryimage","url":"https:\/\/via-regia.org.ua\/wp-content\/uploads\/2020\/12\/populyaryzacziya-zakladu.svg","contentUrl":"https:\/\/via-regia.org.ua\/wp-content\/uploads\/2020\/12\/populyaryzacziya-zakladu.svg"},{"@type":"BreadcrumbList","@id":"https:\/\/via-regia.org.ua\/de\/donate\/#breadcrumb","itemListElement":[{"@type":"ListItem","position":1,"name":"\u0413\u043e\u043b\u043e\u0432\u043d\u0430 \u0421\u0442\u043e\u0440\u0456\u043d\u043a\u0430","item":"https:\/\/via-regia.org.ua\/de\/"},{"@type":"ListItem","position":2,"name":"Unterst\u00fctzen"}]},{"@type":"WebSite","@id":"https:\/\/via-regia.org.ua\/#website","url":"https:\/\/via-regia.org.ua\/","name":"ViaRegiaUkraine","description":"","potentialAction":[{"@type":"SearchAction","target":{"@type":"EntryPoint","urlTemplate":"https:\/\/via-regia.org.ua\/?s={search_term_string}"},"query-input":{"@type":"PropertyValueSpecification","valueRequired":true,"valueName":"search_term_string"}}],"inLanguage":"de"}]}},"_links":{"self":[{"href":"https:\/\/via-regia.org.ua\/de\/wp-json\/wp\/v2\/pages\/3316"}],"collection":[{"href":"https:\/\/via-regia.org.ua\/de\/wp-json\/wp\/v2\/pages"}],"about":[{"href":"https:\/\/via-regia.org.ua\/de\/wp-json\/wp\/v2\/types\/page"}],"author":[{"embeddable":true,"href":"https:\/\/via-regia.org.ua\/de\/wp-json\/wp\/v2\/users\/1"}],"replies":[{"embeddable":true,"href":"https:\/\/via-regia.org.ua\/de\/wp-json\/wp\/v2\/comments?post=3316"}],"version-history":[{"count":0,"href":"https:\/\/via-regia.org.ua\/de\/wp-json\/wp\/v2\/pages\/3316\/revisions"}],"wp:attachment":[{"href":"https:\/\/via-regia.org.ua\/de\/wp-json\/wp\/v2\/media?parent=3316"}],"curies":[{"name":"wp","href":"https:\/\/api.w.org\/{rel}","templated":true}]}}