{"id":4805,"date":"2020-10-24T14:19:13","date_gmt":"2020-10-24T14:19:13","guid":{"rendered":"https:\/\/via-regia.org.ua\/?page_id=4805"},"modified":"2021-11-20T14:06:43","modified_gmt":"2021-11-20T14:06:43","slug":"o-via-regia","status":"publish","type":"page","link":"https:\/\/via-regia.org.ua\/pl\/o-via-regia\/","title":{"rendered":"O Via Regia"},"content":{"rendered":"\n<div class=\"wp-block-ws-section-el cover_section\" style=\"padding-top:0px;padding-bottom:0px;margin-top:0px;margin-bottom:0px;background-color:#ffffff;width:100%;display:block\"><div class=\"section-wrapper\" style=\"margin:0 auto;width:100%;max-width:1191px;display:block\">\n<figure class=\"wp-block-image size-large\"><img decoding=\"async\" src=\"https:\/\/via-regia.org.ua\/wp-content\/uploads\/2020\/10\/karta-z-praporamy.svg\" alt=\"\" class=\"wp-image-1060\"\/><\/figure>\n\n\n\n<div style=\"height:50px\" aria-hidden=\"true\" class=\"wp-block-spacer\"><\/div>\n<\/div><\/div>\n\n\n\n<div class=\"wp-block-ws-section-el cover_section\" style=\"padding-top:0px;padding-bottom:0px;margin-top:0px;margin-bottom:0px;background-color:#ffffff;width:100%;display:block\"><div class=\"section-wrapper\" style=\"margin:0 auto;width:100%;max-width:1000px;display:block\">\n<div class=\"wp-block-ws-letter-el first_letter\">Via Regia (Szlaki Kr\u00f3lewskie) \u2013 to jest nazwa najstarszej i najd\u0142u\u017cszej komunikacji l\u0105dowej mi\u0119dzy Europ\u0105 Wschodni\u0105 i Zachodni\u0105. Jej d\u0142ugo\u015b\u0107 wynosi 4500 km, ju\u017c ma powy\u017cej 2000 lat, \u0142\u0105czy 8 kraj\u00f3w europejskich i przechodzi przez tereny wsp\u00f3\u0142czesnych Ukrainy, Bia\u0142orusi, Litwy, Polski, Niemc\u00f3w, Belgii, Francji i Hiszpanii. Teraz istnieje jako transeuropejski korytarz transportowy \u0421\u0406\u0406\u0406 (mi\u0119dzynarodowa autostrada E40).<br><br>Via Regia w szerszym znaczeniu jest oznakowaniem niekt\u00f3rego rodzaju dr\u00f3g, kt\u00f3re w Europie \u015bredniowiecznej podporz\u0105dkowane by\u0142y bezpo\u015brednio kr\u00f3lowi i tak\u017ce by\u0142y pod jego ochron\u0105 osobliw\u0105. W\u0142a\u015bnie dlatego ta marszruta tak\u017ce zwana jest jako Szlaki Kr\u00f3lewskie.<\/div>\n\n\n\n<p>Wa\u017cn\u0105 rol\u0119 do stworzenia Via Regia mia\u0142y kampanie wojskowe Frank\u00f3w w kierunku Wschodu. W pierwszej po\u0142owie VI wieku Frankowie zdobyli kr\u00f3lestwo Turyngii. Wojska franko\u0144skie pod\u0105\u017ca\u0142y t\u0105 sam\u0105 drog\u0105, kt\u00f3r\u0105 przed wiekami pokonywali Rzymianie podczas marszu na \u0141ab\u0119, co ustabilizowa\u0142o \u201ekorytarz\u201d p\u00f3\u017aniejszej drogi Via Regia.<\/p>\n\n\n\n<p>Ale poj\u0119cie \u201eVia Regia\u201c posiada r\u00f3\u017cne r\u00f3wne znaczenia:<br><br>1. Szlaki pod ochron\u0105 kr\u00f3lewsk\u0105, kt\u00f3re mia\u0142y nazw\u0119 \u201eVia Regia\u201c, istnia\u0142y w \u015awi\u0119tym Cesarstwie Rzymskim Narodu Niemieckiego w czasach silnej w\u0142adzy kr\u00f3lewskiej, kt\u00f3ra naprawd\u0119 mog\u0142a gwarantowa\u0107 ochron\u0119 na drogach<br>2. W niekt\u00f3rych regionach Europy powstaje \u201eVia Regia\u201c (g\u0142\u00f3wnie historycznie) jako nazwa ulicy, kt\u00f3ra traci\u0142a status pierwotny \u201eSzlak\u00f3w Kr\u00f3lewskich\u201d, potwierdzenie tego jeszcze mo\u017cna znale\u017a\u0107 w aktualnych atlasach<br>3. Opr\u00f3cz tego \u201eVia Regia\u201c g\u0142\u00f3wnie u\u017cywana jest jako metafora w nauce i polityce, a \u201eszlaki kr\u00f3lewskie\u201d, \u201ez\u0142ota \u015bcie\u017cka\u201d okre\u015blaj\u0105 kierunek do optymalnego rozwi\u0105zania problemu. Na sympozjum lokalnych polityk\u00f3w Saksonii w roku 2002 sformu\u0142owane zosta\u0142o okre\u015blenie \u201eVia Regia \u2013 Szlaki Kr\u00f3lewskie Europy\u201c, odnoszone do symbolicznego znaczenia drogi historycznej dla procesu integracji europejskiej.<\/p>\n\n\n\n<p>Dzisiaj sie\u0107 mi\u0119dzynarodowa Via Regia wykorzysta potencja\u0142 Szlak\u00f3w Kr\u00f3lewskich jako symbol zjednoczenia Europy. W roku 2005 droga zosta\u0142a okre\u015blona jako \u201eWielkie Szlaki Kulturowe Rady Europy\u201d (Mayor Cultural Route of the Council of Europe).<br><br>Sie\u0107 mi\u0119dzynarodowa \u201eVia Regia \u2013 Szlaki Kulturowe Rady Europy\u201d powo\u0142ana zosta\u0142a do kontynuowania wymiany kulturowej mi\u0119dzy pa\u0144stwami Europy oraz wspracia ich zbli\u017cenia. Mi\u0119dzynarodowym punktem koordynacyjnym sieci \u201eVia Regia \u2013 Szlaki Kulturowe Rady Europy\u201d jest Europejskie Centrum Kulturowo-Informacyjne w Turyngii (Niemcy), reprezentowane przez jego Dyrektora Karline Fisher.<\/p>\n\n\n\n<p>Ukraina z jej bogactwem dziedzictwa kulturowego, oryginalno\u015bci\u0105 i niepowtarzalno\u015bci\u0105 jest cz\u0119\u015bci\u0105 nieod\u0142\u0105czn\u0105 staro\u017cytnych szlak\u00f3w kulturowych Via Regia, co stwarza integralny zwi\u0105zek z kulturowym dziedzictwem kraj\u00f3w przestrzeni europejskiej.<br>Nawiasem m\u00f3wi\u0105c, s\u0142ynny szlak pielgrzymkowy \u015bw. Jakuba w Ukrainie zbiega si\u0119 z Via Regia. Droga Jakubowa albo droga do Santiago (hiszp. Camino de Santiago) \u2013 to jest szlak pielgrzymkowy do grobu Aposto\u0142a Jakuba w mie\u015bcie hiszpa\u0144skim Santiago de Compostela, g\u0142\u00f3wna cz\u0119\u015b\u0107 kt\u00f3rego przebiega przez Hiszpani\u0119 P\u00f3\u0142nocn\u0105. Znany jest od IX wieku. Jest wpisany na List\u0119 \u015awiatowego Dziedzictwa UNESCO.<br><br>Od roku 1999 prawos\u0142awni Ukrainy pielgrzymuj\u0105 \u201eDrog\u0105 Jakubow\u0105\u201d. W pa\u017adzierniku 2013 roku zosta\u0142 otwarty nowy odcinek Drogi Jakubowej &#8211; od Medyki na granicy polsko-ukrai\u0144skiej do Przemy\u015blu. Trasa b\u0119dzie prowadzi\u0107 przez teren przygraniczny, b\u0119dzie po\u0142\u0105czona ze \u015bcie\u017ck\u0105 rowerow\u0105 i \u015bcie\u017ck\u0105 ikon.<\/p>\n\n\n\n<p><\/p>\n<\/div><\/div>\n\n\n\n<div style=\"height:50px\" aria-hidden=\"true\" class=\"wp-block-spacer\"><\/div>\n\n\n\n<div class=\"wp-block-ws-section-el cover_section\" style=\"padding-top:0px;padding-bottom:0px;margin-top:0px;margin-bottom:0px;background-color:#ffffff;width:100%;display:block\"><div class=\"section-wrapper\" style=\"margin:0 auto;width:100%;max-width:1200px;display:block\">\n<div class=\"wp-block-columns is-layout-flex wp-container-3\">\n<div class=\"wp-block-column is-layout-flow\" style=\"flex-basis:66.66%\">\n<a href=\"https:\/\/via-regia.org.ua\/istorychnyj-korydor-via-regia-v-ukrayini-v-period-kyyivskoyi-rusi\/\" target=\"_blank\" rel=\"noopener noreferrer\"><div class=\"wp-block-cover has-background-dim-30 has-background-dim has-custom-content-position is-position-bottom-left\" style=\"background-color:#ff0000;min-height:330px\"><img decoding=\"async\" loading=\"lazy\" width=\"1920\" height=\"1280\" class=\"wp-block-cover__image-background wp-image-1665\" alt=\"\" src=\"https:\/\/via-regia.org.ua\/wp-content\/uploads\/2020\/10\/via-regia-history.jpg\" data-object-fit=\"cover\" srcset=\"https:\/\/via-regia.org.ua\/wp-content\/uploads\/2020\/10\/via-regia-history.jpg 1920w, https:\/\/via-regia.org.ua\/wp-content\/uploads\/2020\/10\/via-regia-history-1536x1024.jpg 1536w\" sizes=\"(max-width: 1920px) 100vw, 1920px\" \/><div class=\"wp-block-cover__inner-container\">\n<p class=\"has-medium-font-size\"><strong>Historia Via Regia<\/strong><\/p>\n<\/div><\/div><\/a>\n<\/div>\n\n\n\n<div class=\"wp-block-column is-layout-flow\" style=\"flex-basis:33.33%\">\n<a href=\"https:\/\/via-regia.org.ua\/vidrodzhennya-istorychnogo-shlyahu\/\" target=\"_blank\" rel=\"noopener noreferrer\"><div class=\"wp-block-cover has-background-dim-30 has-background-dim has-custom-content-position is-position-bottom-left\" style=\"background-color:#363ea5;min-height:330px\"><img decoding=\"async\" loading=\"lazy\" width=\"1920\" height=\"1080\" class=\"wp-block-cover__image-background wp-image-1657\" alt=\"\" src=\"https:\/\/via-regia.org.ua\/wp-content\/uploads\/2020\/10\/revival-via-regia.jpg\" data-object-fit=\"cover\" srcset=\"https:\/\/via-regia.org.ua\/wp-content\/uploads\/2020\/10\/revival-via-regia.jpg 1920w, https:\/\/via-regia.org.ua\/wp-content\/uploads\/2020\/10\/revival-via-regia-1536x864.jpg 1536w\" sizes=\"(max-width: 1920px) 100vw, 1920px\" \/><div class=\"wp-block-cover__inner-container\">\n<p class=\"has-text-align-left has-medium-font-size\"><strong>Odrodzenie szlaku historycznego<\/strong><\/p>\n<\/div><\/div><\/a>\n<\/div>\n<\/div>\n\n\n\n<div class=\"wp-block-columns is-layout-flex wp-container-6\">\n<div class=\"wp-block-column is-layout-flow\" style=\"flex-basis:33.33%\">\n<a href=\"https:\/\/via-regia.org.ua\/pro-radu-yevropy\/\" target=\"_blank\" rel=\"noopener noreferrer\"><div class=\"wp-block-cover has-background-dim-40 has-background-dim has-custom-content-position is-position-bottom-left\" style=\"background-color:#8ee092;min-height:330px\"><img decoding=\"async\" loading=\"lazy\" width=\"1920\" height=\"1422\" class=\"wp-block-cover__image-background wp-image-1653\" alt=\"\" src=\"https:\/\/via-regia.org.ua\/wp-content\/uploads\/2020\/10\/counsil-of-europe.jpg\" data-object-fit=\"cover\" srcset=\"https:\/\/via-regia.org.ua\/wp-content\/uploads\/2020\/10\/counsil-of-europe.jpg 1920w, https:\/\/via-regia.org.ua\/wp-content\/uploads\/2020\/10\/counsil-of-europe-1536x1138.jpg 1536w\" sizes=\"(max-width: 1920px) 100vw, 1920px\" \/><div class=\"wp-block-cover__inner-container\">\n<p class=\"has-text-align-left has-medium-font-size\"><strong>O Radzie Europy<\/strong><\/p>\n<\/div><\/div><\/a>\n<\/div>\n\n\n\n<div class=\"wp-block-column is-layout-flow\" style=\"flex-basis:66.66%\">\n<a href=\"https:\/\/via-regia.org.ua\/kulturnyj-shlyah-rady-yevropy\/\" target=\"_blank\" rel=\"noopener noreferrer\"><div class=\"wp-block-cover has-background-dim has-custom-content-position is-position-bottom-left\" style=\"background-color:#c2c777;min-height:330px\"><img decoding=\"async\" loading=\"lazy\" width=\"1920\" height=\"1289\" class=\"wp-block-cover__image-background wp-image-1661\" alt=\"\" src=\"https:\/\/via-regia.org.ua\/wp-content\/uploads\/2020\/10\/via-regia-erfurt.jpg\" data-object-fit=\"cover\" srcset=\"https:\/\/via-regia.org.ua\/wp-content\/uploads\/2020\/10\/via-regia-erfurt.jpg 1920w, https:\/\/via-regia.org.ua\/wp-content\/uploads\/2020\/10\/via-regia-erfurt-1536x1031.jpg 1536w\" sizes=\"(max-width: 1920px) 100vw, 1920px\" \/><div class=\"wp-block-cover__inner-container\">\n<p class=\"has-text-align-left has-medium-font-size\"><strong>Szlaki Kulturowe Rady Europy<\/strong><\/p>\n<\/div><\/div><\/a>\n<\/div>\n<\/div>\n<\/div><\/div>\n\n\n\n<div class=\"wp-block-ws-section-el cover_section\" style=\"padding-top:20px;padding-bottom:0px;margin-top:0px;margin-bottom:0px;background-color:#ffffff;width:100%;display:block\"><div class=\"section-wrapper\" style=\"margin:0 auto;width:100%;max-width:1000px;display:block\">\n<div class=\"wp-block-ws-title-el ws_title\" style=\"text-transform:inherit\"> <strong>Kraje, przez kt\u00f3re przebiega szlak kulturowy Via Regia<\/strong> <\/div>\n\n\n\n<div class=\"wp-block-columns network_country is-layout-flex wp-container-9\">\n<div class=\"wp-block-column is-layout-flow\" style=\"flex-basis:20%\">\n<figure class=\"wp-block-image size-large is-style-default\"><img decoding=\"async\" loading=\"lazy\" width=\"300\" height=\"200\" src=\"https:\/\/via-regia.org.ua\/wp-content\/uploads\/2020\/10\/sp.jpg\" alt=\"\" class=\"wp-image-766\"\/><\/figure>\n<\/div>\n\n\n\n<div class=\"wp-block-column is-layout-flow\" style=\"flex-basis:80%\">\n<p class=\"has-medium-font-size\"><strong>Hiszpania*<\/strong><\/p>\n\n\n\n<p class=\"has-text-color has-small-font-size\" style=\"color:#a3a4a6\">Pa\u0144stwo cz\u0142onkowskie Rady Europy<\/p>\n\n\n\n<p>Pa\u0144stwo cz\u0142onkowskie Rozszerzonego porozumienia cz\u0119\u015bciowego w sprawie szlak\u00f3w kulturowych od 2011 r. <\/p>\n\n\n\n<p>* Kraj, nie maj\u0105cy cz\u0142onk\u00f3w sieci Via Regia, ale znajduj\u0105cy si\u0119 na drodze<\/p>\n<\/div>\n<\/div>\n\n\n\n<div class=\"wp-block-columns network_country is-layout-flex wp-container-12\">\n<div class=\"wp-block-column is-layout-flow\" style=\"flex-basis:20%\">\n<figure class=\"wp-block-image size-large is-style-default\"><img decoding=\"async\" loading=\"lazy\" width=\"300\" height=\"200\" src=\"https:\/\/via-regia.org.ua\/wp-content\/uploads\/2020\/10\/fr.jpg\" alt=\"\" class=\"wp-image-782\"\/><\/figure>\n<\/div>\n\n\n\n<div class=\"wp-block-column is-layout-flow\" style=\"flex-basis:80%\">\n<p class=\"has-medium-font-size\"><strong>Francja<\/strong><\/p>\n\n\n\n<p class=\"has-text-color has-small-font-size\" style=\"color:#a3a4a6\">Pa\u0144stwo cz\u0142onkowskie Rady Europy<\/p>\n\n\n\n<p>Pa\u0144stwo cz\u0142onkowskie Rozszerzonego porozumienia cz\u0119\u015bciowego w sprawie szlak\u00f3w kulturowych od 2011 r. <br>Kraj, maj\u0105cy cz\u0142onk\u00f3w sieci Via Regia <\/p>\n<\/div>\n<\/div>\n\n\n\n<div class=\"wp-block-columns network_country is-layout-flex wp-container-15\">\n<div class=\"wp-block-column is-layout-flow\" style=\"flex-basis:20%\">\n<figure class=\"wp-block-image size-large is-style-default\"><img decoding=\"async\" loading=\"lazy\" width=\"300\" height=\"200\" src=\"https:\/\/via-regia.org.ua\/wp-content\/uploads\/2020\/10\/be.jpg\" alt=\"\" class=\"wp-image-774\"\/><\/figure>\n<\/div>\n\n\n\n<div class=\"wp-block-column is-layout-flow\" style=\"flex-basis:80%\">\n<p class=\"has-medium-font-size\"><strong><strong><strong>Belgia*<\/strong><\/strong><\/strong><\/p>\n\n\n\n<p class=\"has-text-color has-small-font-size\" style=\"color:#a3a4a6\">Pa\u0144stwo cz\u0142onkowskie Rady Europy<\/p>\n\n\n\n<p>* Kraj, nie maj\u0105cy cz\u0142onk\u00f3w sieci Via Regia, ale znajduj\u0105cy si\u0119 na drodze<\/p>\n<\/div>\n<\/div>\n\n\n\n<div class=\"wp-block-columns network_country is-layout-flex wp-container-18\">\n<div class=\"wp-block-column is-layout-flow\" style=\"flex-basis:20%\">\n<figure class=\"wp-block-image size-large is-style-default\"><img decoding=\"async\" loading=\"lazy\" width=\"300\" height=\"200\" src=\"https:\/\/via-regia.org.ua\/wp-content\/uploads\/2020\/10\/ge.jpg\" alt=\"\" class=\"wp-image-754\"\/><\/figure>\n<\/div>\n\n\n\n<div class=\"wp-block-column is-layout-flow\" style=\"flex-basis:80%\">\n<p class=\"has-medium-font-size\"><strong>Niemcy<\/strong><\/p>\n\n\n\n<p class=\"has-text-color has-small-font-size\" style=\"color:#a3a4a6\">Pa\u0144stwo cz\u0142onkowskie Rady Europy<\/p>\n\n\n\n<p>Pa\u0144stwo cz\u0142onkowskie Rozszerzonego porozumienia cz\u0119\u015bciowego w sprawie szlak\u00f3w kulturowych od 2013 r.<br>Koordynator europejski Via Regia \u2013 to jest <a href=\"https:\/\/www.via-regia.org\/\" target=\"_blank\" rel=\"noreferrer noopener\">Centrum Kulturowo-Informacyjne w Turyngii<\/a><\/p>\n<\/div>\n<\/div>\n\n\n\n<div class=\"wp-block-columns network_country is-layout-flex wp-container-21\">\n<div class=\"wp-block-column is-layout-flow\" style=\"flex-basis:20%\">\n<figure class=\"wp-block-image size-large is-style-default\"><img decoding=\"async\" loading=\"lazy\" width=\"300\" height=\"200\" src=\"https:\/\/via-regia.org.ua\/wp-content\/uploads\/2020\/10\/pl.jpg\" alt=\"\" class=\"wp-image-762\"\/><\/figure>\n<\/div>\n\n\n\n<div class=\"wp-block-column is-layout-flow\" style=\"flex-basis:80%\">\n<p class=\"has-medium-font-size\"><strong>Polska<\/strong><\/p>\n\n\n\n<p class=\"has-text-color has-small-font-size\" style=\"color:#a3a4a6\">Pa\u0144stwo cz\u0142onkowskie Rady Europy<\/p>\n\n\n\n<p>Pa\u0144stwo cz\u0142onkowskie Rozszerzonego porozumienia cz\u0119\u015bciowego w sprawie szlak\u00f3w kulturowych od 2017 r. <br>Kraj, maj\u0105cy cz\u0142onk\u00f3w sieci Via Regia <\/p>\n<\/div>\n<\/div>\n\n\n\n<div class=\"wp-block-columns network_country is-layout-flex wp-container-24\">\n<div class=\"wp-block-column is-layout-flow\" style=\"flex-basis:20%\">\n<figure class=\"wp-block-image size-large is-style-default\"><img decoding=\"async\" loading=\"lazy\" width=\"300\" height=\"200\" src=\"https:\/\/via-regia.org.ua\/wp-content\/uploads\/2020\/10\/ua.jpg\" alt=\"\" class=\"wp-image-770\"\/><\/figure>\n<\/div>\n\n\n\n<div class=\"wp-block-column is-layout-flow\" style=\"flex-basis:80%\">\n<p class=\"has-medium-font-size\"><strong><strong><strong><strong><strong><strong>Ukraina<\/strong><\/strong><\/strong><\/strong><\/strong><\/strong><\/p>\n\n\n\n<p class=\"has-text-color has-small-font-size\" style=\"color:#a3a4a6\">Pa\u0144stwo cz\u0142onkowskie Rady Europy<\/p>\n\n\n\n<p>Kraj, maj\u0105cy cz\u0142onk\u00f3w sieci Via Regia. Koordynator sieci w Ukrainie &#8211; \u041a\u043e\u043e\u0440\u0434\u0438\u043d\u0430\u0442\u043e\u0440 \u043c\u0435\u0440\u0435\u0436\u0456 \u0432 \u0423\u043a\u0440\u0430\u0457\u043d\u0456 &#8211; Organizacja Publiczna \u00abVia Regia Ukraine\u00bb z centrum w Dubno, obw\u00f3d R\u00f3wie\u0144ski<\/p>\n\n\n\n<p><strong>Regiony\/Obwody, wchodz\u0105ce do sieci: <\/strong><a href=\"https:\/\/via-regia.org.ua\/regions\/kyyivska\/\" target=\"_blank\" rel=\"noreferrer noopener\">Kijowski<\/a>, <a href=\"https:\/\/via-regia.org.ua\/regions\/zhytomyrska\/\" target=\"_blank\" rel=\"noreferrer noopener\">\u017bytomierski<\/a>, <a href=\"https:\/\/via-regia.org.ua\/regions\/rivnenska\/\" target=\"_blank\" rel=\"noreferrer noopener\">R\u00f3wie\u0144ski<\/a>, <a href=\"https:\/\/via-regia.org.ua\/regions\/lvivska\/\" target=\"_blank\" rel=\"noreferrer noopener\">Lwowski<\/a>, <a href=\"https:\/\/via-regia.org.ua\/regions\/volynska\/\" target=\"_blank\" rel=\"noreferrer noopener\">Wo\u0142y\u0144ski<\/a><\/p>\n<\/div>\n<\/div>\n\n\n\n<div class=\"wp-block-columns network_country is-layout-flex wp-container-27\">\n<div class=\"wp-block-column is-layout-flow\" style=\"flex-basis:20%\">\n<figure class=\"wp-block-image size-large is-style-default\"><img decoding=\"async\" loading=\"lazy\" width=\"555\" height=\"370\" src=\"https:\/\/via-regia.org.ua\/wp-content\/uploads\/2020\/10\/lh.jpg\" alt=\"\" class=\"wp-image-758\"\/><\/figure>\n<\/div>\n\n\n\n<div class=\"wp-block-column is-layout-flow\" style=\"flex-basis:80%\">\n<p class=\"has-medium-font-size\"><strong><strong><strong><strong><strong><strong><strong>Litwa*<\/strong><\/strong><\/strong><\/strong><\/strong><\/strong><\/strong><\/p>\n\n\n\n<p class=\"has-text-color has-small-font-size\" style=\"color:#a3a4a6\">Pa\u0144stwo cz\u0142onkowskie Rady Europy<\/p>\n\n\n\n<p>Pa\u0144stwo cz\u0142onkowskie Rozszerzonego porozumienia cz\u0119\u015bciowego w sprawie szlak\u00f3w kulturowych od 2012 r. <\/p>\n\n\n\n<p>* Kraj, nie maj\u0105cy cz\u0142onk\u00f3w sieci Via Regia, ale znajduj\u0105cy si\u0119 na drodze <\/p>\n<\/div>\n<\/div>\n\n\n\n<div class=\"wp-block-columns network_country is-layout-flex wp-container-30\">\n<div class=\"wp-block-column is-layout-flow\" style=\"flex-basis:20%\">\n<figure class=\"wp-block-image size-large is-style-default\"><img decoding=\"async\" loading=\"lazy\" width=\"300\" height=\"200\" src=\"https:\/\/via-regia.org.ua\/wp-content\/uploads\/2020\/10\/by.jpg\" alt=\"\" class=\"wp-image-778\"\/><\/figure>\n<\/div>\n\n\n\n<div class=\"wp-block-column is-layout-flow\" style=\"flex-basis:80%\">\n<p class=\"has-medium-font-size\"><strong>Bia\u0142oru\u015b<\/strong><\/p>\n\n\n\n<p class=\"has-text-color has-small-font-size\" style=\"color:#a3a4a6\">Pa\u0144stwo, kt\u00f3re nie jest cz\u0142onkiem Rady Europy<\/p>\n\n\n\n<p>Pa\u0144stwo, kt\u00f3re w 1993 roku ratyfikowa\u0142o Europejsk\u0105 Konwencj\u0119 Kulturaln\u0105<\/p>\n\n\n\n<p>Obserwator za Rozszerzonej porozumienia cz\u0119\u015bciowego w sprawie szlak\u00f3w kulturowych <br>Kraj, maj\u0105cy cz\u0142onk\u00f3w sieci Via Regia<\/p>\n<\/div>\n<\/div>\n<\/div><\/div>\n\n\n\n<div style=\"height:50px\" aria-hidden=\"true\" class=\"wp-block-spacer\"><\/div>\n","protected":false},"excerpt":{"rendered":"","protected":false},"author":2,"featured_media":0,"parent":0,"menu_order":33,"comment_status":"closed","ping_status":"closed","template":"tpl\/full-page.php","meta":[],"acf":[],"yoast_head":"<!-- This site is optimized with the Yoast SEO plugin v27.4 - https:\/\/yoast.com\/product\/yoast-seo-wordpress\/ -->\n<title>O Via Regia - ViaRegiaUkraine<\/title>\n<meta name=\"robots\" content=\"index, follow, max-snippet:-1, max-image-preview:large, max-video-preview:-1\" \/>\n<link rel=\"canonical\" href=\"https:\/\/via-regia.org.ua\/pl\/o-via-regia\/\" \/>\n<meta property=\"og:locale\" content=\"pl_PL\" \/>\n<meta property=\"og:type\" content=\"article\" \/>\n<meta property=\"og:title\" content=\"O Via Regia - ViaRegiaUkraine\" \/>\n<meta property=\"og:url\" content=\"https:\/\/via-regia.org.ua\/pl\/o-via-regia\/\" \/>\n<meta property=\"og:site_name\" content=\"ViaRegiaUkraine\" \/>\n<meta property=\"article:modified_time\" content=\"2021-11-20T14:06:43+00:00\" \/>\n<meta property=\"og:image\" content=\"https:\/\/via-regia.org.ua\/wp-content\/uploads\/2020\/10\/karta-z-praporamy.svg\" \/>\n<meta name=\"twitter:card\" content=\"summary_large_image\" \/>\n<meta name=\"twitter:label1\" content=\"Szacowany czas czytania\" \/>\n\t<meta name=\"twitter:data1\" content=\"6 minut\" \/>\n<script type=\"application\/ld+json\" class=\"yoast-schema-graph\">{\"@context\":\"https:\\\/\\\/schema.org\",\"@graph\":[{\"@type\":\"WebPage\",\"@id\":\"https:\\\/\\\/via-regia.org.ua\\\/pl\\\/o-via-regia\\\/\",\"url\":\"https:\\\/\\\/via-regia.org.ua\\\/pl\\\/o-via-regia\\\/\",\"name\":\"O Via Regia - ViaRegiaUkraine\",\"isPartOf\":{\"@id\":\"https:\\\/\\\/via-regia.org.ua\\\/#website\"},\"primaryImageOfPage\":{\"@id\":\"https:\\\/\\\/via-regia.org.ua\\\/pl\\\/o-via-regia\\\/#primaryimage\"},\"image\":{\"@id\":\"https:\\\/\\\/via-regia.org.ua\\\/pl\\\/o-via-regia\\\/#primaryimage\"},\"thumbnailUrl\":\"https:\\\/\\\/via-regia.org.ua\\\/wp-content\\\/uploads\\\/2020\\\/10\\\/karta-z-praporamy.svg\",\"datePublished\":\"2020-10-24T14:19:13+00:00\",\"dateModified\":\"2021-11-20T14:06:43+00:00\",\"breadcrumb\":{\"@id\":\"https:\\\/\\\/via-regia.org.ua\\\/pl\\\/o-via-regia\\\/#breadcrumb\"},\"inLanguage\":\"pl-PL\",\"potentialAction\":[{\"@type\":\"ReadAction\",\"target\":[\"https:\\\/\\\/via-regia.org.ua\\\/pl\\\/o-via-regia\\\/\"]}]},{\"@type\":\"ImageObject\",\"inLanguage\":\"pl-PL\",\"@id\":\"https:\\\/\\\/via-regia.org.ua\\\/pl\\\/o-via-regia\\\/#primaryimage\",\"url\":\"https:\\\/\\\/via-regia.org.ua\\\/wp-content\\\/uploads\\\/2020\\\/10\\\/karta-z-praporamy.svg\",\"contentUrl\":\"https:\\\/\\\/via-regia.org.ua\\\/wp-content\\\/uploads\\\/2020\\\/10\\\/karta-z-praporamy.svg\"},{\"@type\":\"BreadcrumbList\",\"@id\":\"https:\\\/\\\/via-regia.org.ua\\\/pl\\\/o-via-regia\\\/#breadcrumb\",\"itemListElement\":[{\"@type\":\"ListItem\",\"position\":1,\"name\":\"\u0413\u043e\u043b\u043e\u0432\u043d\u0430 \u0421\u0442\u043e\u0440\u0456\u043d\u043a\u0430\",\"item\":\"https:\\\/\\\/via-regia.org.ua\\\/pl\\\/\"},{\"@type\":\"ListItem\",\"position\":2,\"name\":\"O Via Regia\"}]},{\"@type\":\"WebSite\",\"@id\":\"https:\\\/\\\/via-regia.org.ua\\\/#website\",\"url\":\"https:\\\/\\\/via-regia.org.ua\\\/\",\"name\":\"ViaRegiaUkraine\",\"description\":\"\",\"potentialAction\":[{\"@type\":\"SearchAction\",\"target\":{\"@type\":\"EntryPoint\",\"urlTemplate\":\"https:\\\/\\\/via-regia.org.ua\\\/?s={search_term_string}\"},\"query-input\":{\"@type\":\"PropertyValueSpecification\",\"valueRequired\":true,\"valueName\":\"search_term_string\"}}],\"inLanguage\":\"pl-PL\"}]}<\/script>\n<!-- \/ Yoast SEO plugin. -->","yoast_head_json":{"title":"O Via Regia - ViaRegiaUkraine","robots":{"index":"index","follow":"follow","max-snippet":"max-snippet:-1","max-image-preview":"max-image-preview:large","max-video-preview":"max-video-preview:-1"},"canonical":"https:\/\/via-regia.org.ua\/pl\/o-via-regia\/","og_locale":"pl_PL","og_type":"article","og_title":"O Via Regia - ViaRegiaUkraine","og_url":"https:\/\/via-regia.org.ua\/pl\/o-via-regia\/","og_site_name":"ViaRegiaUkraine","article_modified_time":"2021-11-20T14:06:43+00:00","og_image":[{"url":"https:\/\/via-regia.org.ua\/wp-content\/uploads\/2020\/10\/karta-z-praporamy.svg","type":"","width":"","height":""}],"twitter_card":"summary_large_image","twitter_misc":{"Szacowany czas czytania":"6 minut"},"schema":{"@context":"https:\/\/schema.org","@graph":[{"@type":"WebPage","@id":"https:\/\/via-regia.org.ua\/pl\/o-via-regia\/","url":"https:\/\/via-regia.org.ua\/pl\/o-via-regia\/","name":"O Via Regia - ViaRegiaUkraine","isPartOf":{"@id":"https:\/\/via-regia.org.ua\/#website"},"primaryImageOfPage":{"@id":"https:\/\/via-regia.org.ua\/pl\/o-via-regia\/#primaryimage"},"image":{"@id":"https:\/\/via-regia.org.ua\/pl\/o-via-regia\/#primaryimage"},"thumbnailUrl":"https:\/\/via-regia.org.ua\/wp-content\/uploads\/2020\/10\/karta-z-praporamy.svg","datePublished":"2020-10-24T14:19:13+00:00","dateModified":"2021-11-20T14:06:43+00:00","breadcrumb":{"@id":"https:\/\/via-regia.org.ua\/pl\/o-via-regia\/#breadcrumb"},"inLanguage":"pl-PL","potentialAction":[{"@type":"ReadAction","target":["https:\/\/via-regia.org.ua\/pl\/o-via-regia\/"]}]},{"@type":"ImageObject","inLanguage":"pl-PL","@id":"https:\/\/via-regia.org.ua\/pl\/o-via-regia\/#primaryimage","url":"https:\/\/via-regia.org.ua\/wp-content\/uploads\/2020\/10\/karta-z-praporamy.svg","contentUrl":"https:\/\/via-regia.org.ua\/wp-content\/uploads\/2020\/10\/karta-z-praporamy.svg"},{"@type":"BreadcrumbList","@id":"https:\/\/via-regia.org.ua\/pl\/o-via-regia\/#breadcrumb","itemListElement":[{"@type":"ListItem","position":1,"name":"\u0413\u043e\u043b\u043e\u0432\u043d\u0430 \u0421\u0442\u043e\u0440\u0456\u043d\u043a\u0430","item":"https:\/\/via-regia.org.ua\/pl\/"},{"@type":"ListItem","position":2,"name":"O Via Regia"}]},{"@type":"WebSite","@id":"https:\/\/via-regia.org.ua\/#website","url":"https:\/\/via-regia.org.ua\/","name":"ViaRegiaUkraine","description":"","potentialAction":[{"@type":"SearchAction","target":{"@type":"EntryPoint","urlTemplate":"https:\/\/via-regia.org.ua\/?s={search_term_string}"},"query-input":{"@type":"PropertyValueSpecification","valueRequired":true,"valueName":"search_term_string"}}],"inLanguage":"pl-PL"}]}},"_links":{"self":[{"href":"https:\/\/via-regia.org.ua\/pl\/wp-json\/wp\/v2\/pages\/4805"}],"collection":[{"href":"https:\/\/via-regia.org.ua\/pl\/wp-json\/wp\/v2\/pages"}],"about":[{"href":"https:\/\/via-regia.org.ua\/pl\/wp-json\/wp\/v2\/types\/page"}],"author":[{"embeddable":true,"href":"https:\/\/via-regia.org.ua\/pl\/wp-json\/wp\/v2\/users\/2"}],"replies":[{"embeddable":true,"href":"https:\/\/via-regia.org.ua\/pl\/wp-json\/wp\/v2\/comments?post=4805"}],"version-history":[{"count":6,"href":"https:\/\/via-regia.org.ua\/pl\/wp-json\/wp\/v2\/pages\/4805\/revisions"}],"predecessor-version":[{"id":5977,"href":"https:\/\/via-regia.org.ua\/pl\/wp-json\/wp\/v2\/pages\/4805\/revisions\/5977"}],"wp:attachment":[{"href":"https:\/\/via-regia.org.ua\/pl\/wp-json\/wp\/v2\/media?parent=4805"}],"curies":[{"name":"wp","href":"https:\/\/api.w.org\/{rel}","templated":true}]}}