{"id":4878,"date":"2020-10-15T07:12:41","date_gmt":"2020-10-15T07:12:41","guid":{"rendered":"https:\/\/via-regia.org.ua\/?page_id=4878"},"modified":"2021-11-20T14:54:29","modified_gmt":"2021-11-20T14:54:29","slug":"wspieraj","status":"publish","type":"page","link":"https:\/\/via-regia.org.ua\/pl\/wspieraj\/","title":{"rendered":"Wspieraj"},"content":{"rendered":"\n<div class=\"wp-block-ws-section-el cover_section\" style=\"padding-top:0px;padding-bottom:0px;margin-top:70px;margin-bottom:70px;background-color:#ffffff;width:100%;display:block\"><div class=\"section-wrapper\" style=\"margin:0 auto;width:100%;max-width:1200px;display:block\">\n<div class=\"wp-block-ws-title-el ws_title\" style=\"text-transform:inherit\"><strong>Zalety, kt\u00f3re otrzymujesz dzi\u0119ki Stowarzyszeniu<\/strong><\/div>\n\n\n\n<div style=\"height:50px\" aria-hidden=\"true\" class=\"wp-block-spacer\"><\/div>\n\n\n\n<div class=\"wp-block-icon-text-inner undefined column_three align_content_default\">\n<div class=\"wp-block-ws-icon-text-el icon-text__item img_align_top undefined\"><div class=\"icon_block\"><img decoding=\"async\" class=\"icon\" src=\"https:\/\/via-regia.org.ua\/wp-content\/uploads\/2020\/12\/populyaryzacziya-zakladu.svg\"\/><\/div><div class=\"icon-text__data\"><h4 class=\"title\"><strong>Promocja Twojej instytucji\/urz\u0119du\/organizacji<\/strong><\/h4><p class=\"description\">Jednym z g\u0142\u00f3wnych zada\u0144 stowarzyszenia jest promocja ukrai\u0144skiej cz\u0119\u015bci Wielkich Szlak\u00f3w Kulturowych Rady Europy Via Regia, kt\u00f3re b\u0119dzie promowa\u0142o turystyk\u0119 kulturow\u0105 w Ukrainie, gdzie Twoja instytucja\/urz\u0105d\/organizacja lub miasto b\u0119dzie wyra\u017anie reprezentowa\u0107 europejskie dziedzictwo kulturowe dla ukrai\u0144skich turyst\u00f3w i zagranicznych go\u015bci<\/p><\/div><\/div>\n\n\n\n<div class=\"wp-block-ws-icon-text-el icon-text__item img_align_top undefined\"><div class=\"icon_block\"><img decoding=\"async\" class=\"icon\" src=\"https:\/\/via-regia.org.ua\/wp-content\/uploads\/2020\/12\/spilna-realizacziya-proektiv.svg\"\/><\/div><div class=\"icon-text__data\"><h4 class=\"title\"><strong>Wsp\u00f3lna realizacja projekt\u00f3w kulturalnych i artystycznych<\/strong><\/h4><p class=\"description\">Budowanie relacji i wsp\u00f3\u0142praca z partnerami zagranicznymi pozwoli na realizacj\u0119 wsp\u00f3lnych projekt\u00f3w w dziedzinie kultury oraz udzia\u0142 w mi\u0119dzynarodowych projektach grantowych<\/p><\/div><\/div>\n\n\n\n<div class=\"wp-block-ws-icon-text-el icon-text__item img_align_top undefined\"><div class=\"icon_block\"><img decoding=\"async\" class=\"icon\" src=\"https:\/\/via-regia.org.ua\/wp-content\/uploads\/2020\/12\/stvorennya-spilnyh-turystychnyh-produktiv.svg\"\/><\/div><div class=\"icon-text__data\"><h4 class=\"title\"><strong>Tworzenie wsp\u00f3lnych tras i produkt\u00f3w turystycznych<\/strong><\/h4><p class=\"description\">Wsp\u00f3lne szlaki turystyczne, kt\u00f3re obejm\u0105 obiekty kulturalne Twojego miasta, zwi\u0119ksz\u0105 liczb\u0119 odwiedzaj\u0105cych ka\u017cdej indywidualnej organizacji, instytucji i urz\u0119du kultury<\/p><\/div><\/div>\n<\/div>\n\n\n\n<div class=\"wp-block-icon-text-inner undefined column_two align_content_default\">\n<div class=\"wp-block-ws-icon-text-el icon-text__item img_align_top undefined\"><div class=\"icon_block\"><img decoding=\"async\" class=\"icon\" src=\"https:\/\/via-regia.org.ua\/wp-content\/uploads\/2020\/12\/komunikacziya.svg\"\/><\/div><div class=\"icon-text__data\"><h4 class=\"title\"><strong>Rozw\u00f3j zbiorowej komunikacji z partnerami zagranicznymi<\/strong><\/h4><p class=\"description\">Dzi\u0119ki efektywnej komunikacji z europejskimi partnerami b\u0119dzie mo\u017cna zaprezentowa\u0107 dziedzictwo kulturowe swojego miasta i regionu zar\u00f3wno w Ukrainie, jak i za granic\u0105<\/p><\/div><\/div>\n\n\n\n<div class=\"wp-block-ws-icon-text-el icon-text__item img_align_top undefined\"><div class=\"icon_block\"><img decoding=\"async\" class=\"icon\" src=\"https:\/\/via-regia.org.ua\/wp-content\/uploads\/2020\/12\/vzayemnyj-rozvytok.svg\"\/><\/div><div class=\"icon-text__data\"><h4 class=\"title\"><strong>Wzajemny rozw\u00f3j cz\u0142onk\u00f3w stowarzyszenia<\/strong><\/h4><p class=\"description\">Tw\u00f3j udzia\u0142 w stowarzyszeniu u\u0142atwi wymian\u0119 do\u015bwiadcze\u0144, wiedzy i pomys\u0142\u00f3w na rozw\u00f3j ka\u017cdej instytucji jako partnera europejskiej sieci kulturalnej<\/p><\/div><\/div>\n<\/div>\n<\/div><\/div>\n\n\n\n<div class=\"wp-block-ws-section-el cover_section\" style=\"padding-top:0px;padding-bottom:0px;margin-top:0px;margin-bottom:0px;background-color:#1b579f;width:100%;display:block\"><div class=\"section-wrapper\" style=\"margin:0 auto;width:100%;max-width:1200px;display:block\">\n<div style=\"height:70px\" aria-hidden=\"true\" class=\"wp-block-spacer\"><\/div>\n\n\n\n<div class=\"wp-block-columns is-layout-flex wp-container-4\">\n<div class=\"wp-block-column is-layout-flow\">\n<div class=\"wp-block-ws-animation-num-text animation-num-text\"><div class=\"animation-number\" style=\"color:#ffffff\" data-num=\"11\">0<\/div><div class=\"title\" style=\"color:#ffffff\">miast<\/div><div class=\"separation\" style=\"background-color:#ffffff\"><\/div><div class=\"description\" style=\"color:#ffffff\">Stowarzyszenie \u00abVia Regia Ukraine\u00bb jest jedyn\u0105 czynn\u0105 sieci\u0105 szlak\u00f3w kulturowych Rady Europy w Ukrainie<\/div><\/div>\n<\/div>\n\n\n\n<div class=\"wp-block-column is-layout-flow\">\n<div class=\"wp-block-ws-animation-num-text animation-num-text\"><div class=\"animation-number\" style=\"color:#ffffff\" data-num=\"5\">0<\/div><div class=\"title\" style=\"color:#ffffff\">obwod\u00f3w<\/div><div class=\"separation\" style=\"background-color:#ffffff\"><\/div><div class=\"description\" style=\"color:#ffffff\">Ka\u017cdy region prezentuje swoje unikatowe zwyczaje, tradycje i obiekty turystyki, ale wszyscy robimy jedn\u0105 wsp\u00f3ln\u0105 spraw\u0119 \u2013 promujemy dziedzictwo kulturowe oraz rozwijamy potencja\u0142 turystyczny Ukrainy<\/div><\/div>\n<\/div>\n\n\n\n<div class=\"wp-block-column is-layout-flow\">\n<div class=\"wp-block-ws-animation-num-text animation-num-text\"><div class=\"animation-number\" style=\"color:#ffffff\" data-num=\"132\">0<\/div><div class=\"title\" style=\"color:#ffffff\">obiekt\u00f3w<\/div><div class=\"separation\" style=\"background-color:#ffffff\"><\/div><div class=\"description\" style=\"color:#ffffff\">To w\u0142a\u015bnie tyle ciekawych oraz niezwyk\u0142ych lokacji turystycznych i zabytk\u00f3w architektury znajduje si\u0119 na szlakach Via Regia w Ukrainie<\/div><\/div>\n<\/div>\n<\/div>\n\n\n\n<div style=\"height:30px\" aria-hidden=\"true\" class=\"wp-block-spacer\"><\/div>\n\n\n\n<a class=\"btn white center\" target=\"_self\" rel=\"noopener noreferrer\" href=\"#124\"><strong>Do\u0142\u0105cz<\/strong><\/a>\n\n\n\n<div style=\"height:70px\" aria-hidden=\"true\" class=\"wp-block-spacer\"><\/div>\n<\/div><\/div>\n\n\n\n<div class=\"wp-block-ws-section-el cover_section\" id=\"join_partner\" style=\"padding-top:0px;padding-bottom:0px;margin-top:70px;margin-bottom:70px;background-color:#ffffff;width:100%;display:block\"><div class=\"section-wrapper\" style=\"margin:0 auto;width:100%;max-width:830px;display:block\">\n<div class=\"wp-block-ws-title-el ws_title\" style=\"text-transform:uppercase\"><strong>STA\u0143 SI\u0118 PARTNEREM<\/strong><\/div>\n\n\n\n<div style=\"height:40px\" aria-hidden=\"true\" class=\"wp-block-spacer\"><\/div>\n\n\n\n<p class=\"has-text-align-center has-medium-font-size\">Nawi\u0105za\u0107 wsp\u00f3\u0142prac\u0119 ze Stowarzyszeniem mo\u017cesz tak\u017ce jako partner. Zawsze jeste\u015bmy otwarci do propozycji, posiadamy szerokie mo\u017cliwo\u015bci do wsp\u00f3\u0142pracy, jeste\u015bmy do\u015b\u0107 elastycznymi oraz gotowymi do zbadania r\u00f3\u017cnych wariant\u00f3w. Skontaktuj si\u0119 z nami, \u017ceby wyja\u015bni\u0107 warunki i szczeg\u00f3\u0142y<\/p>\n\n\n\n<div style=\"height:40px\" aria-hidden=\"true\" class=\"wp-block-spacer\"><\/div>\n\n\n\n<a class=\"btn blue_button center open-modal\" data-target=\"#305\" rel=\"noopener noreferrer\" href=\"#4543\">\u00a0STA\u0143 SI\u0118 PARTNEREM<\/a>\n\n\n\n<p><\/p>\n<\/div><\/div>\n\n\n\n<div class=\"wp-block-ws-section-el cover_section\" id=\"join_command\" style=\"padding-top:60px;padding-bottom:60px;margin-top:0px;margin-bottom:50px;background-color:#ebebeb;width:100%;display:block\"><div class=\"section-wrapper\" style=\"margin:0 auto;width:100%;max-width:700px;display:block\">\n<div class=\"wp-block-ws-title-el ws_title\" style=\"text-transform:inherit\">WSPARCIE<\/div>\n\n\n\n<div style=\"height:50px\" aria-hidden=\"true\" class=\"wp-block-spacer\"><\/div>\n\n\n\n<div class=\"wp-block-columns is-layout-flex wp-container-7\">\n<div class=\"wp-block-column is-layout-flow\">\n<div class=\"wp-block-ws-icon-text-el icon-text__item img_align_top center\"><div class=\"icon_block\"><img decoding=\"async\" class=\"icon\" src=\"https:\/\/via-regia.org.ua\/wp-content\/uploads\/2020\/10\/icon.png\"\/><\/div><div class=\"icon-text__data\"><h4 class=\"title\">Do\u0142aduj funduszy<\/h4><\/div><\/div>\n\n\n\n<strong><a class=\"btn blue_button center\" target=\"_self\" rel=\"noopener noreferrer\" href=\"https:\/\/via-regia.org.ua\/yak-zafonduvaty-do-muzeyu\/\">Czytaj wi\u0119cej<\/a><\/strong>\n<\/div>\n\n\n\n<div class=\"wp-block-column is-layout-flow\">\n<div class=\"wp-block-ws-icon-text-el icon-text__item img_align_top center\"><div class=\"icon_block\"><img decoding=\"async\" class=\"icon\" src=\"https:\/\/via-regia.org.ua\/wp-content\/uploads\/2020\/10\/icon.png\"\/><\/div><div class=\"icon-text__data\"><h4 class=\"title\">Do\u0142\u0105cz do zespo\u0142u<\/h4><\/div><\/div>\n\n\n\n<strong><a class=\"btn blue_button center\" target=\"_blank\" rel=\"noopener noreferrer\" href=\"https:\/\/docs.google.com\/forms\/d\/1oQp0iiJ-_r_gfwhGlxlOF6ikXF5zp7jgcsZkuyYk8dQ\/edit?usp=sharing\">Do\u0142\u0105cz<\/a><\/strong>\n<\/div>\n<\/div>\n\n\n\n<p class=\"has-text-align-center\" style=\"font-size:18px\">Tak\u017ce mo\u017cesz bezpo\u015brednio polepsza\u0107 jako\u015b\u0107 naszych materia\u0142\u00f3w: czytaj, z\u0142o\u017c komentarz, monitoruj wydanie materia\u0142\u00f3w (pami\u0119tasz dzwonek na youtube?), subskrybuj nasze portale spo\u0142eczno\u015bciowe oraz dziel si\u0119 z kolegami. A jeszcze polecaj nowe miejsca na szlakach Via Regia Ukraine oraz wyra\u017caj w\u0142asne pomys\u0142y, kt\u00f3re zostan\u0105 us\u0142yszane<\/p>\n<\/div><\/div>\n\n\n\n<div class=\"wp-block-ws-section-el cover_section\" id=\"contacts\" style=\"padding-top:0px;padding-bottom:70px;margin-top:0px;margin-bottom:0px;background-color:#ffffff;width:100%;display:block\"><div class=\"section-wrapper\" style=\"margin:0 auto;width:100%;max-width:1200px;display:block\">\n<div class=\"wp-block-ws-title-el ws_title\" style=\"text-transform:inherit\"><strong>\u0417\u0412&#8217;\u042f\u0416\u0406\u0422\u042c\u0421\u042f \u0417 \u041d\u0410\u041c\u0418<\/strong><\/div>\n\n\n\n<div style=\"height:20px\" aria-hidden=\"true\" class=\"wp-block-spacer height-for-mobile\"><\/div>\n\n\n\n<p class=\"has-text-align-center\">\u041e\u0431\u0435\u0440\u0456\u0442\u044c \u0437\u0440\u0443\u0447\u043d\u0438\u0439 \u0434\u043b\u044f \u0432\u0430\u0441 \u0441\u043f\u043e\u0441\u0456\u0431<\/p>\n\n\n\n<div style=\"height:60px\" aria-hidden=\"true\" class=\"wp-block-spacer height-for-mobile\"><\/div>\n\n\n\n<div class=\"wp-block-columns is-layout-flex wp-container-11\">\n<div class=\"wp-block-column is-layout-flow\"><div class=\"contact-item\"><div class=\"contact-body\"><div class=\"image\"><img decoding=\"async\" src=\"https:\/\/via-regia.org.ua\/wp-content\/uploads\/2020\/10\/meeting.png\" class=\"icon\" alt=\"\"><\/div><div class=\"title\">\u041e\u0440\u0433\u0430\u043d\u0456\u0437\u0443\u0432\u0430\u0442\u0438 \u0437\u0443\u0441\u0442\u0440\u0456\u0447<\/div><div class=\"button_section\"><a href=\"javascript:void(0);\" data-morphing data-src=\"#moda_2056297344\" data-fancybox=\"\" class=\"btn\">\u0414\u041e\u041c\u041e\u0412\u0418\u0422\u0418\u0421\u042f \u041f\u0420\u041e \u0417\u0423\u0421\u0422\u0420\u0406\u0427<\/a><\/div><\/div><\/div><div class=\"modal\" id=\"moda_2056297344\"><div class=\"modal_title\">\u0414\u041e\u041c\u041e\u0412\u0418\u0422\u0418\u0421\u042f \u041f\u0420\u041e \u0417\u0423\u0421\u0422\u0420\u0406\u0427<\/div><div class=\"modal_body\">[contact-form-7 id=&#8221;351&#8243; title=&#8221;\u041e\u0440\u0433\u0430\u043d\u0456\u0437\u0443\u0432\u0430\u0442\u0438 \u0437\u0443\u0441\u0442\u0440\u0456\u0447&#8221;]<\/div><\/div><\/div>\n\n\n\n<div class=\"wp-block-column is-layout-flow\"><div class=\"contact-item\"><div class=\"contact-body\"><div class=\"image\"><img decoding=\"async\" src=\"https:\/\/via-regia.org.ua\/wp-content\/uploads\/2020\/10\/call.png\" class=\"icon\" alt=\"\"><\/div><div class=\"title\">\u041e\u0442\u0440\u0438\u043c\u0430\u0442\u0438 \u0434\u0437\u0432\u0456\u043d\u043e\u043a \u0432\u0456\u0434 \u043d\u0430\u0441<\/div><div class=\"button_section\"><a href=\"javascript:void(0);\" data-morphing data-src=\"#moda_1061177362\" data-fancybox=\"\" class=\"btn\">\u0417\u0412\u2019\u042f\u0417\u0410\u0422\u0418\u0421\u042f<\/a><\/div><\/div><\/div><div class=\"modal\" id=\"moda_1061177362\"><div class=\"modal_title\">\u0417\u0412\u2019\u042f\u0417\u0410\u0422\u0418\u0421\u042f<\/div><div class=\"modal_body\">[contact-form-7 id=&#8221;352&#8243; title=&#8221;\u0417\u0430\u043c\u043e\u0432\u0438\u0442\u0438 \u0434\u0437\u0432\u0456\u043d\u043e\u043a&#8221;]<\/div><\/div><\/div>\n\n\n\n<div class=\"wp-block-column is-layout-flow\"><div class=\"contact-item\"><div class=\"contact-body\"><div class=\"image\"><img decoding=\"async\" src=\"https:\/\/via-regia.org.ua\/wp-content\/uploads\/2020\/10\/mess.png\" class=\"icon\" alt=\"\"><\/div><div class=\"title\">\u0412\u0456\u0434\u043f\u0440\u0430\u0432\u0438\u0442\u0438 \u043d\u0430\u043c E-mail<\/div><div class=\"button_section\"><a href=\"javascript:void(0);\" data-morphing data-src=\"#moda_452145516\" data-fancybox=\"\" class=\"btn\">\u0412\u0456\u0434\u043f\u0440\u0430\u0432\u0438\u0442\u0438 \u043b\u0438\u0441\u0442\u0430<\/a><\/div><\/div><\/div><div class=\"modal\" id=\"moda_452145516\"><div class=\"modal_title\">\u0412\u0456\u0434\u043f\u0440\u0430\u0432\u0438\u0442\u0438 \u043b\u0438\u0441\u0442\u0430<\/div><div class=\"modal_body\">[contact-form-7 id=&#8221;242&#8243; title=&#8221;\u0412\u0456\u0434\u043f\u0440\u0430\u0432\u0438\u0442\u0438 \u043b\u0438\u0441\u0442\u0430&#8221;]<\/div><\/div><\/div>\n<\/div>\n<\/div><\/div>\n","protected":false},"excerpt":{"rendered":"","protected":false},"author":2,"featured_media":0,"parent":0,"menu_order":93,"comment_status":"closed","ping_status":"closed","template":"tpl\/full-page.php","meta":[],"acf":[],"yoast_head":"<!-- This site is optimized with the Yoast SEO plugin v27.4 - https:\/\/yoast.com\/product\/yoast-seo-wordpress\/ -->\n<title>Wspieraj - ViaRegiaUkraine<\/title>\n<meta name=\"robots\" content=\"index, follow, max-snippet:-1, max-image-preview:large, max-video-preview:-1\" \/>\n<link rel=\"canonical\" href=\"https:\/\/via-regia.org.ua\/pl\/wspieraj\/\" \/>\n<meta property=\"og:locale\" content=\"pl_PL\" \/>\n<meta property=\"og:type\" content=\"article\" \/>\n<meta property=\"og:title\" content=\"Wspieraj - ViaRegiaUkraine\" \/>\n<meta property=\"og:url\" content=\"https:\/\/via-regia.org.ua\/pl\/wspieraj\/\" \/>\n<meta property=\"og:site_name\" content=\"ViaRegiaUkraine\" \/>\n<meta property=\"article:modified_time\" content=\"2021-11-20T14:54:29+00:00\" \/>\n<meta property=\"og:image\" content=\"https:\/\/via-regia.org.ua\/wp-content\/uploads\/2020\/12\/populyaryzacziya-zakladu.svg\" \/>\n<meta name=\"twitter:card\" content=\"summary_large_image\" \/>\n<meta name=\"twitter:label1\" content=\"Szacowany czas czytania\" \/>\n\t<meta name=\"twitter:data1\" content=\"3 minuty\" \/>\n<script type=\"application\/ld+json\" class=\"yoast-schema-graph\">{\"@context\":\"https:\\\/\\\/schema.org\",\"@graph\":[{\"@type\":\"WebPage\",\"@id\":\"https:\\\/\\\/via-regia.org.ua\\\/pl\\\/wspieraj\\\/\",\"url\":\"https:\\\/\\\/via-regia.org.ua\\\/pl\\\/wspieraj\\\/\",\"name\":\"Wspieraj - ViaRegiaUkraine\",\"isPartOf\":{\"@id\":\"https:\\\/\\\/via-regia.org.ua\\\/#website\"},\"primaryImageOfPage\":{\"@id\":\"https:\\\/\\\/via-regia.org.ua\\\/pl\\\/wspieraj\\\/#primaryimage\"},\"image\":{\"@id\":\"https:\\\/\\\/via-regia.org.ua\\\/pl\\\/wspieraj\\\/#primaryimage\"},\"thumbnailUrl\":\"https:\\\/\\\/via-regia.org.ua\\\/wp-content\\\/uploads\\\/2020\\\/12\\\/populyaryzacziya-zakladu.svg\",\"datePublished\":\"2020-10-15T07:12:41+00:00\",\"dateModified\":\"2021-11-20T14:54:29+00:00\",\"breadcrumb\":{\"@id\":\"https:\\\/\\\/via-regia.org.ua\\\/pl\\\/wspieraj\\\/#breadcrumb\"},\"inLanguage\":\"pl-PL\",\"potentialAction\":[{\"@type\":\"ReadAction\",\"target\":[\"https:\\\/\\\/via-regia.org.ua\\\/pl\\\/wspieraj\\\/\"]}]},{\"@type\":\"ImageObject\",\"inLanguage\":\"pl-PL\",\"@id\":\"https:\\\/\\\/via-regia.org.ua\\\/pl\\\/wspieraj\\\/#primaryimage\",\"url\":\"https:\\\/\\\/via-regia.org.ua\\\/wp-content\\\/uploads\\\/2020\\\/12\\\/populyaryzacziya-zakladu.svg\",\"contentUrl\":\"https:\\\/\\\/via-regia.org.ua\\\/wp-content\\\/uploads\\\/2020\\\/12\\\/populyaryzacziya-zakladu.svg\"},{\"@type\":\"BreadcrumbList\",\"@id\":\"https:\\\/\\\/via-regia.org.ua\\\/pl\\\/wspieraj\\\/#breadcrumb\",\"itemListElement\":[{\"@type\":\"ListItem\",\"position\":1,\"name\":\"\u0413\u043e\u043b\u043e\u0432\u043d\u0430 \u0421\u0442\u043e\u0440\u0456\u043d\u043a\u0430\",\"item\":\"https:\\\/\\\/via-regia.org.ua\\\/pl\\\/\"},{\"@type\":\"ListItem\",\"position\":2,\"name\":\"Wspieraj\"}]},{\"@type\":\"WebSite\",\"@id\":\"https:\\\/\\\/via-regia.org.ua\\\/#website\",\"url\":\"https:\\\/\\\/via-regia.org.ua\\\/\",\"name\":\"ViaRegiaUkraine\",\"description\":\"\",\"potentialAction\":[{\"@type\":\"SearchAction\",\"target\":{\"@type\":\"EntryPoint\",\"urlTemplate\":\"https:\\\/\\\/via-regia.org.ua\\\/?s={search_term_string}\"},\"query-input\":{\"@type\":\"PropertyValueSpecification\",\"valueRequired\":true,\"valueName\":\"search_term_string\"}}],\"inLanguage\":\"pl-PL\"}]}<\/script>\n<!-- \/ Yoast SEO plugin. -->","yoast_head_json":{"title":"Wspieraj - ViaRegiaUkraine","robots":{"index":"index","follow":"follow","max-snippet":"max-snippet:-1","max-image-preview":"max-image-preview:large","max-video-preview":"max-video-preview:-1"},"canonical":"https:\/\/via-regia.org.ua\/pl\/wspieraj\/","og_locale":"pl_PL","og_type":"article","og_title":"Wspieraj - ViaRegiaUkraine","og_url":"https:\/\/via-regia.org.ua\/pl\/wspieraj\/","og_site_name":"ViaRegiaUkraine","article_modified_time":"2021-11-20T14:54:29+00:00","og_image":[{"url":"https:\/\/via-regia.org.ua\/wp-content\/uploads\/2020\/12\/populyaryzacziya-zakladu.svg","type":"","width":"","height":""}],"twitter_card":"summary_large_image","twitter_misc":{"Szacowany czas czytania":"3 minuty"},"schema":{"@context":"https:\/\/schema.org","@graph":[{"@type":"WebPage","@id":"https:\/\/via-regia.org.ua\/pl\/wspieraj\/","url":"https:\/\/via-regia.org.ua\/pl\/wspieraj\/","name":"Wspieraj - ViaRegiaUkraine","isPartOf":{"@id":"https:\/\/via-regia.org.ua\/#website"},"primaryImageOfPage":{"@id":"https:\/\/via-regia.org.ua\/pl\/wspieraj\/#primaryimage"},"image":{"@id":"https:\/\/via-regia.org.ua\/pl\/wspieraj\/#primaryimage"},"thumbnailUrl":"https:\/\/via-regia.org.ua\/wp-content\/uploads\/2020\/12\/populyaryzacziya-zakladu.svg","datePublished":"2020-10-15T07:12:41+00:00","dateModified":"2021-11-20T14:54:29+00:00","breadcrumb":{"@id":"https:\/\/via-regia.org.ua\/pl\/wspieraj\/#breadcrumb"},"inLanguage":"pl-PL","potentialAction":[{"@type":"ReadAction","target":["https:\/\/via-regia.org.ua\/pl\/wspieraj\/"]}]},{"@type":"ImageObject","inLanguage":"pl-PL","@id":"https:\/\/via-regia.org.ua\/pl\/wspieraj\/#primaryimage","url":"https:\/\/via-regia.org.ua\/wp-content\/uploads\/2020\/12\/populyaryzacziya-zakladu.svg","contentUrl":"https:\/\/via-regia.org.ua\/wp-content\/uploads\/2020\/12\/populyaryzacziya-zakladu.svg"},{"@type":"BreadcrumbList","@id":"https:\/\/via-regia.org.ua\/pl\/wspieraj\/#breadcrumb","itemListElement":[{"@type":"ListItem","position":1,"name":"\u0413\u043e\u043b\u043e\u0432\u043d\u0430 \u0421\u0442\u043e\u0440\u0456\u043d\u043a\u0430","item":"https:\/\/via-regia.org.ua\/pl\/"},{"@type":"ListItem","position":2,"name":"Wspieraj"}]},{"@type":"WebSite","@id":"https:\/\/via-regia.org.ua\/#website","url":"https:\/\/via-regia.org.ua\/","name":"ViaRegiaUkraine","description":"","potentialAction":[{"@type":"SearchAction","target":{"@type":"EntryPoint","urlTemplate":"https:\/\/via-regia.org.ua\/?s={search_term_string}"},"query-input":{"@type":"PropertyValueSpecification","valueRequired":true,"valueName":"search_term_string"}}],"inLanguage":"pl-PL"}]}},"_links":{"self":[{"href":"https:\/\/via-regia.org.ua\/pl\/wp-json\/wp\/v2\/pages\/4878"}],"collection":[{"href":"https:\/\/via-regia.org.ua\/pl\/wp-json\/wp\/v2\/pages"}],"about":[{"href":"https:\/\/via-regia.org.ua\/pl\/wp-json\/wp\/v2\/types\/page"}],"author":[{"embeddable":true,"href":"https:\/\/via-regia.org.ua\/pl\/wp-json\/wp\/v2\/users\/2"}],"replies":[{"embeddable":true,"href":"https:\/\/via-regia.org.ua\/pl\/wp-json\/wp\/v2\/comments?post=4878"}],"version-history":[{"count":9,"href":"https:\/\/via-regia.org.ua\/pl\/wp-json\/wp\/v2\/pages\/4878\/revisions"}],"predecessor-version":[{"id":5994,"href":"https:\/\/via-regia.org.ua\/pl\/wp-json\/wp\/v2\/pages\/4878\/revisions\/5994"}],"wp:attachment":[{"href":"https:\/\/via-regia.org.ua\/pl\/wp-json\/wp\/v2\/media?parent=4878"}],"curies":[{"name":"wp","href":"https:\/\/api.w.org\/{rel}","templated":true}]}}