{"id":4892,"date":"2020-10-21T16:18:48","date_gmt":"2020-10-21T16:18:48","guid":{"rendered":"https:\/\/via-regia.org.ua\/?page_id=4892"},"modified":"2021-11-14T20:36:20","modified_gmt":"2021-11-14T20:36:20","slug":"geografia","status":"publish","type":"page","link":"https:\/\/via-regia.org.ua\/pl\/geografia\/","title":{"rendered":"Geografia"},"content":{"rendered":"\n<div style=\"height:50px\" aria-hidden=\"true\" class=\"wp-block-spacer\"><\/div>\n\n\n\n<h3 class=\"has-text-align-center wp-block-heading\"><strong>Lokalizacja<\/strong><\/h3>\n\n\n\n<p>Ukraina po\u0142o\u017cona jest w po\u0142udniowo-wschodniej cz\u0119\u015bci Europy. Ma wsp\u00f3lne granice l\u0105dowe z Bia\u0142orusi\u0105 na p\u00f3\u0142nocy, z Polsk\u0105 na zachodzie, ze S\u0142owacj\u0105, W\u0119grami, Rumuni\u0105 i Mo\u0142dawi\u0105 na po\u0142udniowym zachodzie oraz z Rosj\u0105 na wschodzie. Po\u0142udnie Ukrainy graniczy z Morzem Czarnym i Azowskim. Granice morskie ma z Rumuni\u0105 i Rosj\u0105.<\/p>\n\n\n\n<p>Geograficznie mo\u017cna wydzieli\u0107 5 region\u00f3w Ukrainy: Ukraina Zachodnia, Ukraina Wschodnia, Ukraina P\u00f3\u0142nocna, Ukraina Po\u0142udniowa, Ukraina \u015arodkowa. <\/p>\n\n\n\n<p>Ziemie historyczne Ukrainy: Podnieprowie, Galicja, Pokucie, Podole, Tawrija, S\u0142obo\u017canszczyzna, Donbas, Zakarpacie, Przykarpacie, Wo\u0142y\u0144, Polesie, Zaporo\u017ce, Bukowina i in. Powierzchnia og\u00f3lna Ukrainy wynosi 603 548 km\u00b2. Wed\u0142ug tego wska\u017aniku jest ona najwi\u0119kszym pa\u0144stwem, kt\u00f3re ca\u0142kiem znajduje si\u0119 w Europie<\/p>\n\n\n\n<h3 class=\"has-text-align-center wp-block-heading\"><strong>Ukszta\u0142towanie terenu<\/strong><\/h3>\n\n\n\n<p>Ukszta\u0142towanie terenu Ukrainy jest zdominowane przez r\u00f3wniny &#8211; 95 % z ca\u0142ej powierzchni. Pasma g\u00f3rskie w Ukrainie reprezentowane s\u0105 przez cz\u0119\u015b\u0107 G\u00f3r Karpackich \u2013 Karpaty Ukrai\u0144skie, gdzie znajduje si\u0119 najwy\u017cszy szczyt Ukrainy \u2013 g\u00f3ra Gower\u0142a (2061 m nad poziomem morza), oraz przez G\u00f3ry Krymskie, najwy\u017cszym szczytem kt\u00f3rych jest g\u00f3ra Roman-Kosz (1545 m).<\/p>\n\n\n\n<h3 class=\"has-text-align-center wp-block-heading\"><strong>Klimat<\/strong><\/h3>\n\n\n\n<p>Przewa\u017cnie umiarkowanie kontynentalny. \u015arednia temperatura w zimie \u2013 od -8\u00b0 do -12\u00b0 C (od +17.6\u00b0 F do +3\u00b0 F). W obwodach po\u0142udniowych temperatura zimowa waha si\u0119 oko\u0142o 0\u00b0 C (+32\u00b0 F). \u015arednia temperatura letnia wynosi od + 18 \u00b0 do + 25 \u00b0 C (od + 64,4 \u00b0 F do + 77 \u00b0 F), chocia\u017c temperatura maksymalna mo\u017ce by\u0107 powy\u017cej + 35 \u00b0 C (+ 95 \u00b0 F). <\/p>\n\n\n\n<p>Najlepszy czas do zwiedzania Ukrainy: lato, p\u00f3\u017ana wiosna i wczesna jesie\u0144.<\/p>\n\n\n\n<h3 class=\"has-text-align-center wp-block-heading\"><strong>Zbiorniki wodne<\/strong><\/h3>\n\n\n\n<p>Na terenie Ukrainy przecieka 63 119 rzek i strumieni o d\u0142ugo\u015bci og\u00f3lnej powy\u017cej 206 tys. km. G\u0142\u00f3wne rzeki \u2014 Dniepr, Siwerski Doniec, Po\u0142udniowy Bug, Dniestr, Dunaj. <\/p>\n\n\n\n<p>W kraju jest oko\u0142o 20 tys. jezior. Najwi\u0119ksze jezioro Polesia Ukrai\u0144skiego \u2013 \u015awita\u017a, posiada powierzchni\u0119 27,5 km\u00b2. S\u0142one jeziora pochodzenia estuarium maj\u0105 wi\u0119ksz\u0105 powierzchni\u0119.<\/p>\n\n\n\n<h3 class=\"has-text-align-center wp-block-heading\"><strong>Zasoby naturalne<\/strong><\/h3>\n\n\n\n<p>Ukraina jest jednym z wiod\u0105cych \u015bwiatowych pa\u0144stw mineralno-surowcowych. Kraj, kt\u00f3ry obejmuje tylko 0,4 % l\u0105du i gdzie mieszka 0,8 % ludno\u015bci planety, ma w swoich trzewiach 5 % potencjalu mineralno-surowcowego \u015bwiatu. <\/p>\n\n\n\n<p>Ukraina wyprzedza Rosj\u0119, Stany Zjednoczone, Wielk\u0105 Brytani\u0119, Francj\u0119, Niemcy, Kanad\u0119 i inne pa\u0144stwa pod wzgl\u0119dem zbadanych zasob\u00f3w niekt\u00f3rych minera\u0142\u00f3w.<\/p>\n","protected":false},"excerpt":{"rendered":"<p>Lokalizacja Ukraina po\u0142o\u017cona jest w po\u0142udniowo-wschodniej cz\u0119\u015bci Europy. Ma wsp\u00f3lne granice l\u0105dowe z Bia\u0142orusi\u0105 na p\u00f3\u0142nocy, z Polsk\u0105 na zachodzie, ze S\u0142owacj\u0105, W\u0119grami, Rumuni\u0105 i Mo\u0142dawi\u0105 na po\u0142udniowym zachodzie oraz&#8230;<\/p>\n","protected":false},"author":2,"featured_media":0,"parent":0,"menu_order":79,"comment_status":"closed","ping_status":"closed","template":"","meta":{"_acf_changed":false,"footnotes":""},"class_list":["post-4892","page","type-page","status-publish","hentry"],"acf":[],"yoast_head":"<!-- This site is optimized with the Yoast SEO plugin v27.6 - https:\/\/yoast.com\/product\/yoast-seo-wordpress\/ -->\n<title>Geografia - ViaRegiaUkraine<\/title>\n<meta name=\"robots\" content=\"index, follow, max-snippet:-1, max-image-preview:large, max-video-preview:-1\" \/>\n<link rel=\"canonical\" href=\"https:\/\/via-regia.org.ua\/pl\/geografia\/\" \/>\n<meta property=\"og:locale\" content=\"pl_PL\" \/>\n<meta property=\"og:type\" content=\"article\" \/>\n<meta property=\"og:title\" content=\"Geografia - ViaRegiaUkraine\" \/>\n<meta property=\"og:description\" content=\"Lokalizacja Ukraina po\u0142o\u017cona jest w po\u0142udniowo-wschodniej cz\u0119\u015bci Europy. Ma wsp\u00f3lne granice l\u0105dowe z Bia\u0142orusi\u0105 na p\u00f3\u0142nocy, z Polsk\u0105 na zachodzie, ze S\u0142owacj\u0105, W\u0119grami, Rumuni\u0105 i Mo\u0142dawi\u0105 na po\u0142udniowym zachodzie oraz...\" \/>\n<meta property=\"og:url\" content=\"https:\/\/via-regia.org.ua\/pl\/geografia\/\" \/>\n<meta property=\"og:site_name\" content=\"ViaRegiaUkraine\" \/>\n<meta property=\"article:modified_time\" content=\"2021-11-14T20:36:20+00:00\" \/>\n<meta name=\"twitter:card\" content=\"summary_large_image\" \/>\n<meta name=\"twitter:label1\" content=\"Szacowany czas czytania\" \/>\n\t<meta name=\"twitter:data1\" content=\"2 minuty\" \/>\n<script type=\"application\/ld+json\" class=\"yoast-schema-graph\">{\"@context\":\"https:\\\/\\\/schema.org\",\"@graph\":[{\"@type\":\"WebPage\",\"@id\":\"https:\\\/\\\/via-regia.org.ua\\\/pl\\\/geografia\\\/\",\"url\":\"https:\\\/\\\/via-regia.org.ua\\\/pl\\\/geografia\\\/\",\"name\":\"Geografia - ViaRegiaUkraine\",\"isPartOf\":{\"@id\":\"https:\\\/\\\/via-regia.org.ua\\\/#website\"},\"datePublished\":\"2020-10-21T16:18:48+00:00\",\"dateModified\":\"2021-11-14T20:36:20+00:00\",\"breadcrumb\":{\"@id\":\"https:\\\/\\\/via-regia.org.ua\\\/pl\\\/geografia\\\/#breadcrumb\"},\"inLanguage\":\"pl-PL\",\"potentialAction\":[{\"@type\":\"ReadAction\",\"target\":[\"https:\\\/\\\/via-regia.org.ua\\\/pl\\\/geografia\\\/\"]}]},{\"@type\":\"BreadcrumbList\",\"@id\":\"https:\\\/\\\/via-regia.org.ua\\\/pl\\\/geografia\\\/#breadcrumb\",\"itemListElement\":[{\"@type\":\"ListItem\",\"position\":1,\"name\":\"\u0413\u043e\u043b\u043e\u0432\u043d\u0430 \u0421\u0442\u043e\u0440\u0456\u043d\u043a\u0430\",\"item\":\"https:\\\/\\\/via-regia.org.ua\\\/pl\\\/\"},{\"@type\":\"ListItem\",\"position\":2,\"name\":\"Geografia\"}]},{\"@type\":\"WebSite\",\"@id\":\"https:\\\/\\\/via-regia.org.ua\\\/#website\",\"url\":\"https:\\\/\\\/via-regia.org.ua\\\/\",\"name\":\"ViaRegiaUkraine\",\"description\":\"\",\"potentialAction\":[{\"@type\":\"SearchAction\",\"target\":{\"@type\":\"EntryPoint\",\"urlTemplate\":\"https:\\\/\\\/via-regia.org.ua\\\/?s={search_term_string}\"},\"query-input\":{\"@type\":\"PropertyValueSpecification\",\"valueRequired\":true,\"valueName\":\"search_term_string\"}}],\"inLanguage\":\"pl-PL\"}]}<\/script>\n<!-- \/ Yoast SEO plugin. -->","yoast_head_json":{"title":"Geografia - ViaRegiaUkraine","robots":{"index":"index","follow":"follow","max-snippet":"max-snippet:-1","max-image-preview":"max-image-preview:large","max-video-preview":"max-video-preview:-1"},"canonical":"https:\/\/via-regia.org.ua\/pl\/geografia\/","og_locale":"pl_PL","og_type":"article","og_title":"Geografia - ViaRegiaUkraine","og_description":"Lokalizacja Ukraina po\u0142o\u017cona jest w po\u0142udniowo-wschodniej cz\u0119\u015bci Europy. Ma wsp\u00f3lne granice l\u0105dowe z Bia\u0142orusi\u0105 na p\u00f3\u0142nocy, z Polsk\u0105 na zachodzie, ze S\u0142owacj\u0105, W\u0119grami, Rumuni\u0105 i Mo\u0142dawi\u0105 na po\u0142udniowym zachodzie oraz...","og_url":"https:\/\/via-regia.org.ua\/pl\/geografia\/","og_site_name":"ViaRegiaUkraine","article_modified_time":"2021-11-14T20:36:20+00:00","twitter_card":"summary_large_image","twitter_misc":{"Szacowany czas czytania":"2 minuty"},"schema":{"@context":"https:\/\/schema.org","@graph":[{"@type":"WebPage","@id":"https:\/\/via-regia.org.ua\/pl\/geografia\/","url":"https:\/\/via-regia.org.ua\/pl\/geografia\/","name":"Geografia - ViaRegiaUkraine","isPartOf":{"@id":"https:\/\/via-regia.org.ua\/#website"},"datePublished":"2020-10-21T16:18:48+00:00","dateModified":"2021-11-14T20:36:20+00:00","breadcrumb":{"@id":"https:\/\/via-regia.org.ua\/pl\/geografia\/#breadcrumb"},"inLanguage":"pl-PL","potentialAction":[{"@type":"ReadAction","target":["https:\/\/via-regia.org.ua\/pl\/geografia\/"]}]},{"@type":"BreadcrumbList","@id":"https:\/\/via-regia.org.ua\/pl\/geografia\/#breadcrumb","itemListElement":[{"@type":"ListItem","position":1,"name":"\u0413\u043e\u043b\u043e\u0432\u043d\u0430 \u0421\u0442\u043e\u0440\u0456\u043d\u043a\u0430","item":"https:\/\/via-regia.org.ua\/pl\/"},{"@type":"ListItem","position":2,"name":"Geografia"}]},{"@type":"WebSite","@id":"https:\/\/via-regia.org.ua\/#website","url":"https:\/\/via-regia.org.ua\/","name":"ViaRegiaUkraine","description":"","potentialAction":[{"@type":"SearchAction","target":{"@type":"EntryPoint","urlTemplate":"https:\/\/via-regia.org.ua\/?s={search_term_string}"},"query-input":{"@type":"PropertyValueSpecification","valueRequired":true,"valueName":"search_term_string"}}],"inLanguage":"pl-PL"}]}},"_links":{"self":[{"href":"https:\/\/via-regia.org.ua\/pl\/wp-json\/wp\/v2\/pages\/4892","targetHints":{"allow":["GET"]}}],"collection":[{"href":"https:\/\/via-regia.org.ua\/pl\/wp-json\/wp\/v2\/pages"}],"about":[{"href":"https:\/\/via-regia.org.ua\/pl\/wp-json\/wp\/v2\/types\/page"}],"author":[{"embeddable":true,"href":"https:\/\/via-regia.org.ua\/pl\/wp-json\/wp\/v2\/users\/2"}],"replies":[{"embeddable":true,"href":"https:\/\/via-regia.org.ua\/pl\/wp-json\/wp\/v2\/comments?post=4892"}],"version-history":[{"count":7,"href":"https:\/\/via-regia.org.ua\/pl\/wp-json\/wp\/v2\/pages\/4892\/revisions"}],"predecessor-version":[{"id":4899,"href":"https:\/\/via-regia.org.ua\/pl\/wp-json\/wp\/v2\/pages\/4892\/revisions\/4899"}],"wp:attachment":[{"href":"https:\/\/via-regia.org.ua\/pl\/wp-json\/wp\/v2\/media?parent=4892"}],"curies":[{"name":"wp","href":"https:\/\/api.w.org\/{rel}","templated":true}]}}