{"id":4901,"date":"2020-10-12T17:24:55","date_gmt":"2020-10-12T17:24:55","guid":{"rendered":"https:\/\/via-regia.org.ua\/?page_id=4901"},"modified":"2021-11-15T00:28:13","modified_gmt":"2021-11-15T00:28:13","slug":"historia-ukrainy","status":"publish","type":"page","link":"https:\/\/via-regia.org.ua\/pl\/historia-ukrainy\/","title":{"rendered":"Historia Ukrainy"},"content":{"rendered":"\n<div class=\"wp-block-ws-section-el cover_section\" style=\"padding-top:0px;padding-bottom:10px;margin-top:22px;margin-bottom:25px;background-color:#ffffff;width:100%;display:block\"><div class=\"section-wrapper\" style=\"margin:0 auto;width:100%;max-width:1200px;display:block\">\n<div class=\"wp-block-ws-title-el ws_title\" style=\"text-transform:inherit\"><strong>HISTORIA UKRAINY<\/strong><\/div>\n\n\n\n<div style=\"height:20px\" aria-hidden=\"true\" class=\"wp-block-spacer\"><\/div>\n\n\n\n<div class=\"wp-block-ws-letter-el first_letter\">Ukraina to kraj o niezwykle bogatej historii, kt\u00f3rej opowiedzenie zajmie kilkana\u015bcie stron. Dlatego postaramy si\u0119 tylko kr\u00f3tko nakre\u015bli\u0107 g\u0142\u00f3wne etapy jego powstawania i rozwoju<\/div>\n\n\n\n<h4 class=\"has-text-align-center wp-block-heading\"><strong>Historia staro\u017cytna Ukrainy (V tys. przed n.e. \u2014 \u0406\u0425 w.)<\/strong><\/h4>\n\n\n\n<p>Obejmuje okres, kt\u00f3ry zacz\u0105\u0142 si\u0119 od czasu rozpowszechnienia na terenie Ukrainy plemion rolniczych i trwa\u0142 do powstania S\u0142owian historycznych. Jedn\u0105 z najbardziej znanych kultur rolniczych epoki miedzi jest kultura trypolska. W czasach swojego rozkwitu posiada\u0142a najwi\u0119ksze osady w Europie. W Ukrainie wykryto powy\u017cej dw\u00f3ch tysi\u0119cy zabytk\u00f3w kultury trypolskiej. <\/p>\n\n\n\n<h4 class=\"has-text-align-center wp-block-heading\"><strong>Powstanie S\u0142owian i rozw\u00f3j miast Rusi <\/strong><\/h4>\n\n\n\n<p>Oko\u0142o wieku VI\u2013IX na terenie wsp\u00f3\u0142czesnej Ukrainy powsta\u0142y zarodki miast s\u0142owia\u0144skich. S\u0142owianie byli aktywnie zaanga\u017cowani w du\u017ce osadnictwo plemion w Europie Wschodniej i \u015arodkowej.<\/p>\n\n\n\n<h4 class=\"has-text-align-center wp-block-heading\"><strong>Kszta\u0142towanie i rozw\u00f3j Rusi Kijowskiej<\/strong><\/h4>\n\n\n\n<p>Ten okres to cztery wieki naszej historii (IX\u2013XIII wiek), kiedy Kij\u00f3w zosta\u0142 \u201ematk\u0105 miast ruskich\u201d. To by\u0142 okres nie tylko kszta\u0142towania ogromnego pa\u0144stwa, granice kt\u00f3rego ci\u0105gn\u0119\u0142y si\u0119 od Wo\u0142gi do Karpat, ale tak\u017ce rozwoju wielu miast, powstania rzemiose\u0142, rozkwitu kultury, handlu, religii pa\u0144stwowej. Wtedy odlewano srebrne hrywny, wybijano pierwsze monety z tr\u00f3jz\u0119bem ksi\u0105\u017c\u0119cym, a nad brzegiem Dniepru zbudowano pierwsze majestatyczne \u015bwi\u0105tynie.<\/p>\n\n\n\n<p>Wa\u017cn\u0105 rol\u0119 w kszta\u0142towaniu si\u0119 pa\u0144stwa w tym okresie odegra\u0142y takie wybitne postacie: ksi\u0119\u017cniczka Olga (wielka ksi\u0119\u017cna kijowska), ksi\u0105\u017c\u0119-wojownik Swiatos\u0142aw Chrobry, W\u0142odzimierz Wielki \u2013 chrzciciel Rusi, ksi\u0105\u017c\u0119 kijowski Jaros\u0142aw M\u0105dry, Daniel Romanowicz \u2013 kr\u00f3l Ukrainy-Rusi.<\/p>\n\n\n\n<h4 class=\"has-text-align-center wp-block-heading\"><strong>Epoka kozacka (XV \u2013 XVIII wiek)<\/strong><\/h4>\n\n\n\n<p>To jest okres, \u015bci\u015ble zwi\u0105zany z histori\u0105 kozactwa ukrai\u0144skiego, kt\u00f3re przez wieki broni\u0142o religijnej i kulturowej to\u017csamo\u015bci swojego narodu i z czasem sta\u0142o si\u0119 dla Ukrai\u0144c\u00f3w symbolem kochaj\u0105cego wolno\u015b\u0107 narodu. Za\u0142o\u017cycielem tradycji pierwszej Siczy Zaporoskiej oraz pierwszym hetmanem kozackim zosta\u0142 Dmytro \u201eBajda Wi\u015bniewiecki\u201d, kt\u00f3ry w roku 1553 w\u0142asnym kosztem zbudowa\u0142 zamek-twierdz\u0119 na wyspie Ma\u0142a Chortyca. <\/p>\n\n\n\n<p>Ukrai\u0144skie pa\u0144stwo kozackie prze\u017cy\u0142o najwi\u0119kszy wzrost za panowania hetmana wojska zaporoskiego Bogdana Chmielnickiego, kt\u00f3ry by\u0142 prawdziwym m\u0119\u017cem stanu, dow\u00f3dc\u0105 wojskowym i dyplomat\u0105.<\/p>\n\n\n\n<p>Nie mniej znanymi postaciami tego okresu byli: pu\u0142kownik Iwan Bogun, s\u0142ynny hetman wojska zaporoskiego Piotr Konaszewicz-Sagajdaczny, hetman Iwan Wygowski &#8211; zwyci\u0119zca armii moskiewskiej w bitwie pod Konotopem.<\/p>\n\n\n\n<p>Pa\u0144stwo kozackie na czele z hetmanem Iwanem Mazep\u0105 odegra\u0142o kluczow\u0105 rol\u0119 w wojnie z Imperium Osma\u0144skim, a jego sojusznik w walce o niezale\u017cno\u015b\u0107 Ukrainy od pa\u0144stwa moskiewskiego Py\u0142yp Or\u0142yk stworzy\u0142 dokument \u201eUmowy i uchwa\u0142y\u201d, bardziej znany jako \u201eKonstytucja Py\u0142ypa Or\u0142yka\u201d, kt\u00f3ra uwa\u017cana jest jako jedna z najstarszych w Europie.<\/p>\n\n\n\n<p>Jeden z najs\u0142ynniejszych rod\u00f3w ukrai\u0144skich XIV\u2013XVI\u0406 wieku \u2013 to jest r\u00f3d ksi\u0105\u017c\u0105t Ostrogskich. Przedstawi\u0142 \u015bwiatowej s\u0142awy postacie ukrai\u0144skiej i wschodnioeuropejskiej polityki, spraw wojskowych, dyplomacji, nauki i kultury. W\u015br\u00f3d s\u0142ynnych przedstawicieli tego rodu by\u0142 Kostiantyn Ostrogski \u2013 wielki hetman litewski, kt\u00f3ry zosta\u0142 zwyci\u0119zc\u0105 historycznej bitwy z wojskami moskiewskimi pod Orsz\u0105 1514 roku. Ksi\u0105\u017c\u0119 Wasyl-Kostiantyn Ostrogski, senator Rzeczy Pospolitej, za\u0142o\u017cy\u0142 wy\u017csz\u0105 szko\u0142\u0119 \u2013 Akademi\u0119 Ostrogsk\u0105. Z jego pomoc\u0105 zosta\u0142a opublikowana Biblia Ostrogska.<\/p>\n\n\n\n<h4 class=\"has-text-align-center wp-block-heading\"><strong>Kszta\u0142towanie narodu i walka o niepodleg\u0142o\u015b\u0107 w XIX-XX wieku<\/strong><\/h4>\n\n\n\n<p>To jest szereg wydarze\u0144 zwi\u0105zanych z walk\u0105 narodowowyzwole\u0144cz\u0105 narodu ukrai\u0144skiego. Od okresu rewolucji ukrai\u0144skiej lat 1917\u20131921 do ukrai\u0144skiego ruchu wyzwole\u0144czego na etnicznych ziemiach ukrai\u0144skich w latach 1920\u20131950 w warunkach okupacji jej ziemi przez r\u00f3\u017cne pa\u0144stwa oraz w okresie II Wojny \u015awiatowej 1939\u20131945 lat. <\/p>\n\n\n\n<p>W szczeg\u00f3lno\u015bci, w okresie kszta\u0142towania ukrai\u0144skiej pa\u0144stwowo\u015bci w latach 1917\u20131921 Ukraina przesz\u0142a kilku wa\u017cnych etap\u00f3w: zarz\u0105d Rady Centralnej prowadzony przez historyka, osob\u0119 publiczn\u0105 i polityczn\u0105 Micha\u0142a Gruszewskiego; Hetmanat na czele z ostatnim hetmanem Ukrainy Paw\u0142em Skoropadskim; Dyrektorii pod przewodnictwem Simona Petliury.<\/p>\n\n\n\n<p>Nar\u00f3d ukrai\u0144ski wni\u00f3s\u0142 ogromny wk\u0142ad w walk\u0119 z nazizmem zar\u00f3wno na swoim terytorium, jak i na terytoriach innych pa\u0144stw w czasie II Wojny \u015awiatowej. Wielu Ukrai\u0144c\u00f3w walczy\u0142o w armiach alianckich i sta\u0142o si\u0119 bohaterami r\u00f3\u017cnych kraj\u00f3w. Ukraina ponios\u0142a w tej wojnie wielkie straty ludzkie i materialne, zaj\u0119\u0142a jedno z wybitnych miejsc za sw\u00f3j wk\u0142ad w pokonanie nazistowskich Niemiec i ich sojusznik\u00f3w.<\/p>\n\n\n\n<h4 class=\"has-text-align-center wp-block-heading\"><strong>Nowoczesna Ukraina XXI wieku<\/strong><\/h4>\n\n\n\n<p>To jest najwi\u0119ksze pa\u0144stwo Europy, jej centrum geograficzne. To jest wielowiekowa historia i pierwotne pragnienie niepodleg\u0142o\u015bci. To pi\u0119kna przyroda, bogata kultura i s\u0142ynne tradycje. Ukrai\u0144cy s\u0105 narodem nie z krwi, ale z ducha.<\/p>\n\n\n\n<p>Nowoczesna historia Ukrainy \u2013 to:<\/p>\n\n\n\n<ul><li>Heroiczna obrona lotniska donieckiego w roku 2014, kt\u00f3ra trwa\u0142a przez 242 dni &#8211; w tym czasie bojownicy ukrai\u0144scy przeciwstawiali si\u0119 pot\u0119\u017cnym si\u0142om prorosyjskich separatyst\u00f3w, wzmocnionych przez elitarne rosyjskie si\u0142y specjalne i odwa\u017cnie bronili niepodleg\u0142o\u015bci Ukrainy. Za swoj\u0105 odwag\u0119, patriotyzm i wytrzyma\u0142o\u015b\u0107 bojownicy otrzymali dumny tytu\u0142 \u201ecyborg\u00f3w\u201d<\/li><li>Ruch ochotniczy i wolontariuszy, kt\u00f3ry powsta\u0142 spontanicznie jeszcze podczas Majdanu \u2013 wyra\u017any przyk\u0142ad jedno\u015bci narodu w walce z separatyzmem i rosyjsk\u0105 agresj\u0105 w Donbasie. Ruch ochotniczy zast\u0105pi\u0142 nieudoln\u0105 w\u00f3wczas armi\u0119, a patriotyczni Ukrai\u0144cy na w\u0142asny koszt ubierali i karmili bataliony ochotnicze<\/li><li>Wielu ukrai\u0144skich pisarzy i artyst\u00f3w, naukowc\u00f3w i wynalazc\u00f3w, wojskowych i sportowc\u00f3w znane jest daleko poza naszym krajem, kt\u00f3rzy reprezentuj\u0105 go na arenie mi\u0119dzynarodowej. To s\u0105 nasi wsp\u00f3\u0142cze\u015bni, z kt\u00f3rych jeste\u015bmy dumni. Dzi\u0119ki nim \u015bwiat widzi i odkrywa Ukrain\u0119<\/li><\/ul>\n<\/div><\/div>\n\n\n\n<div class=\"wp-block-ws-section-el cover_section\" style=\"padding-top:0px;padding-bottom:0px;margin-top:0px;margin-bottom:0px;background-color:#ffffff;width:100%;display:block\"><div class=\"section-wrapper\" style=\"margin:0 auto;width:100%;max-width:1200px;display:block\">\n<div class=\"wp-block-ws-title-el ws_title\" style=\"text-transform:inherit\"><strong>Historia Ukrainy w opowie\u015bciach<\/strong><\/div>\n\n\n\n<div style=\"height:30px\" aria-hidden=\"true\" class=\"wp-block-spacer\"><\/div>\n\n\n\n<div class=\"wp-block-columns is-layout-flex wp-container-4\">\n<div class=\"wp-block-column is-layout-flow\">\n<a href=\"https:\/\/znohistory.ed-era.com\/m1\" target=\"_blank\" rel=\"noopener noreferrer\"><div class=\"wp-block-cover has-background-dim has-custom-content-position is-position-bottom-left\"><img decoding=\"async\" loading=\"lazy\" width=\"360\" height=\"440\" class=\"wp-block-cover__image-background wp-image-3645\" alt=\"\" src=\"https:\/\/via-regia.org.ua\/wp-content\/uploads\/2020\/12\/modul1-360-440.jpg\" data-object-fit=\"cover\"\/><div class=\"wp-block-cover__inner-container\">\n<p class=\"has-text-align-left has-large-font-size\"><strong>\u0427\u0430\u0441\u0442\u0438\u043d\u0430 1:<\/strong><\/p>\n\n\n\n<p class=\"has-text-align-left has-medium-font-size\"><strong>\u0412\u0456\u0434 \u043d\u0430\u0439\u0434\u0430\u0432\u043d\u0456\u0448\u0438\u0445 \u0447\u0430\u0441\u0456\u0432 \u0434\u043e \u043f\u0435\u0440\u0448\u043e\u0457 \u043f\u043e\u043b\u043e\u0432\u0438\u043d\u0438 \u0425V\u0406 \u0441\u0442.<\/strong><\/p>\n\n\n\n<p>\u041f\u0440\u043e \u0440\u043e\u0437\u0441\u0435\u043b\u0435\u043d\u043d\u044f \u0441\u043b\u043e\u0432&#8217;\u044f\u043d, \u043f\u043e\u0434\u0456\u043b \u0437\u0435\u043c\u0435\u043b\u044c, \u043d\u0430\u0432\u0430\u043b\u0443 \u043c\u043e\u043d\u0433\u043e\u043b\u0456\u0432 \u0442\u0430 \u043f\u043e\u044f\u0432\u0443 \u043f\u0435\u0440\u0448\u0438\u0445 \u043a\u043e\u0437\u0430\u043a\u0456\u0432<\/p>\n<\/div><\/div><\/a>\n<\/div>\n\n\n\n<div class=\"wp-block-column is-layout-flow\">\n<a href=\"https:\/\/znohistory.ed-era.com\/m2\" target=\"_blank\" rel=\"noopener noreferrer\"><div class=\"wp-block-cover has-background-dim has-custom-content-position is-position-bottom-left\"><img decoding=\"async\" loading=\"lazy\" width=\"360\" height=\"440\" class=\"wp-block-cover__image-background wp-image-3648\" alt=\"\" src=\"https:\/\/via-regia.org.ua\/wp-content\/uploads\/2020\/12\/mod_2-360-440_1.jpeg\" style=\"object-position:97% 60%\" data-object-fit=\"cover\" data-object-position=\"97% 60%\"\/><div class=\"wp-block-cover__inner-container\">\n<p class=\"has-large-font-size\"><strong>\u0427\u0430\u0441\u0442\u0438\u043d\u0430 2:<\/strong><\/p>\n\n\n\n<p class=\"has-medium-font-size\"><strong>\u0414\u0440\u0443\u0433\u0430 \u043f\u043e\u043b\u043e\u0432\u0438\u043d\u0430 \u0425V\u0406 \u0441\u0442. \u2013 XVIII \u0441\u0442.<\/strong><\/p>\n\n\n\n<p>\u041f\u0440\u043e \u0443\u0442\u0432\u043e\u0440\u0435\u043d\u043d\u044f \u0442\u0430 \u0437\u0430\u043d\u0435\u043f\u0430\u0434 \u0420\u0435\u0447\u0456 \u041f\u043e\u0441\u043f\u043e\u043b\u0438\u0442\u043e\u0457, \u0432\u0456\u0439\u043d\u0438, \u043f\u043e\u0432\u0441\u0442\u0430\u043d\u043d\u044f, \u0443\u0433\u043e\u0434\u0438 \u0442\u0430 \u043b\u0456\u043a\u0432\u0456\u0434\u0430\u0446\u0456\u044e \u0443\u043a\u0440\u0430\u0457\u043d\u0441\u044c\u043a\u043e\u0433\u043e \u043a\u043e\u0437\u0430\u0446\u0442\u0432\u0430<\/p>\n<\/div><\/div><\/a>\n<\/div>\n\n\n\n<div class=\"wp-block-column is-layout-flow\">\n<a href=\"https:\/\/znohistory.ed-era.com\/m3\" target=\"_blank\" rel=\"noopener noreferrer\"><div class=\"wp-block-cover has-background-dim has-custom-content-position is-position-bottom-left\"><img decoding=\"async\" loading=\"lazy\" width=\"360\" height=\"440\" class=\"wp-block-cover__image-background wp-image-3651\" alt=\"\" src=\"https:\/\/via-regia.org.ua\/wp-content\/uploads\/2020\/12\/module_3-360-440.jpg\" data-object-fit=\"cover\"\/><div class=\"wp-block-cover__inner-container\">\n<p class=\"has-large-font-size\"><strong>\u0427\u0430\u0441\u0442\u0438\u043d\u0430 3:<\/strong><\/p>\n\n\n\n<p class=\"has-medium-font-size\"><strong>\u0414\u043e\u0432\u0433\u0435 \u0425\u0406\u0425 \u0441\u0442\u043e\u043b\u0456\u0442\u0442\u044f<\/strong><\/p>\n\n\n\n<p>\u041f\u0440\u043e \u0443\u043a\u0440\u0430\u0457\u043d\u0441\u044c\u043a\u0456 \u0437\u0435\u043c\u043b\u0456 \u0432 \u0441\u043a\u043b\u0430\u0434\u0456 \u0420\u043e\u0441\u0456\u0439\u0441\u044c\u043a\u043e\u0457 \u0442\u0430 \u0410\u0432\u0441\u0442\u0440\u0456\u0439\u0441\u044c\u043a\u043e\u0457 \u0456\u043c\u043f\u0435\u0440\u0456\u0439, \u043d\u0430\u0446\u0456\u043e\u043d\u0430\u043b\u044c\u043d\u0435 \u0432\u0456\u0434\u0440\u043e\u0434\u0436\u0435\u043d\u043d\u044f \u0442\u0430 \u0443\u043a\u0440\u0430\u0457\u043d\u0441\u044c\u043a\u0443 \u043a\u0443\u043b\u044c\u0442\u0443\u0440\u0443<\/p>\n<\/div><\/div><\/a>\n<\/div>\n<\/div>\n\n\n\n<div class=\"wp-block-columns is-layout-flex wp-container-8\">\n<div class=\"wp-block-column is-layout-flow\">\n<a href=\"https:\/\/znohistory.ed-era.com\/m4\" target=\"_blank\" rel=\"noopener noreferrer\"><div class=\"wp-block-cover has-background-dim has-custom-content-position is-position-bottom-left\"><img decoding=\"async\" loading=\"lazy\" width=\"360\" height=\"440\" class=\"wp-block-cover__image-background wp-image-3654\" alt=\"\" src=\"https:\/\/via-regia.org.ua\/wp-content\/uploads\/2020\/12\/mod_4-360-440_1.jpeg\" data-object-fit=\"cover\"\/><div class=\"wp-block-cover__inner-container\">\n<p class=\"has-text-align-left has-large-font-size\"><strong>\u0427\u0430\u0441\u0442\u0438\u043d\u0430 4:<\/strong><\/p>\n\n\n\n<p class=\"has-text-align-left has-medium-font-size\"><strong>\u0423\u043a\u0440\u0430\u0457\u043d\u0430 \u0432 \u043f\u0435\u0440\u0456\u043e\u0434<\/strong> <strong><strong>\u0425\u0425 \u0441\u0442\u043e\u043b\u0456\u0442\u0442\u044f<\/strong><\/strong> <strong>\u0442\u0430 \u041f\u0435\u0440\u0448\u043e\u0457 \u0441\u0432\u0456\u0442\u043e\u0432\u043e\u0457 \u0432\u0456\u0439\u043d\u0438<\/strong><\/p>\n\n\n\n<p>\u041f\u0440\u043e \u0440\u0435\u0432\u043e\u043b\u044e\u0446\u0456\u044e, \u041f\u0435\u0440\u0448\u0443 \u0441\u0432\u0456\u0442\u043e\u0432\u0443 \u0432\u0456\u0439\u043d\u0443, \u0431\u043e\u0440\u043e\u0442\u044c\u0431\u0443 \u0437\u0430 \u0437\u0431\u0435\u0440\u0435\u0436\u0435\u043d\u043d\u044f \u0434\u0435\u0440\u0436\u0430\u0432\u043d\u043e\u0441\u0442\u0456 \u0442\u0430 \u0443\u043a\u0440\u0430\u0457\u043d\u0441\u044c\u043a\u0456 \u0437\u0435\u043c\u043b\u0456 \u0432 \u0441\u043a\u043b\u0430\u0434\u0456 \u0456\u043d\u043e\u0437\u0435\u043c\u043d\u0438\u0445 \u0434\u0435\u0440\u0436\u0430\u0432<\/p>\n<\/div><\/div><\/a>\n<\/div>\n\n\n\n<div class=\"wp-block-column is-layout-flow\">\n<a href=\"https:\/\/znohistory.ed-era.com\/m5\" target=\"_blank\" rel=\"noopener noreferrer\"><div class=\"wp-block-cover has-background-dim has-custom-content-position is-position-bottom-left\"><img decoding=\"async\" loading=\"lazy\" width=\"360\" height=\"440\" class=\"wp-block-cover__image-background wp-image-3657\" alt=\"\" src=\"https:\/\/via-regia.org.ua\/wp-content\/uploads\/2020\/12\/mod_5-360-440.jpeg\" style=\"object-position:49% 80%\" data-object-fit=\"cover\" data-object-position=\"49% 80%\"\/><div class=\"wp-block-cover__inner-container\">\n<p class=\"has-large-font-size\"><strong>\u0427\u0430\u0441\u0442\u0438\u043d\u0430 5:<\/strong><\/p>\n\n\n\n<p class=\"has-medium-font-size\"><strong><strong>\u0423\u0442\u0432\u043e\u0440\u0435\u043d\u043d\u044f \u0421\u0420\u0421\u0420, \u0442\u043e\u0442\u0430\u043b\u0456\u0442\u0430\u0440\u043d\u0438\u0439 \u0440\u0435\u0436\u0438\u043c \u0456 \u0414\u0440\u0443\u0433\u0430 \u0441\u0432\u0456\u0442\u043e\u0432\u0430 \u0432\u0456\u0439\u043d\u0430<\/strong><\/strong><\/p>\n\n\n\n<p>\u041f\u0440\u043e \u0441\u0442\u0432\u043e\u0440\u0435\u043d\u043d\u044f \u0421\u0420\u0421\u0420, \u0443\u043a\u0440\u0430\u0457\u043d\u0441\u044c\u043a\u0435 \u043d\u0430\u0446\u0456\u043e\u043d\u0430\u043b\u044c\u043d\u0435 \u0432\u0456\u0434\u0440\u043e\u0434\u0436\u0435\u043d\u043d\u044f \u0442\u0430 \u0437\u0430\u043d\u0435\u043f\u0430\u0434, \u0440\u0430\u0434\u044f\u043d\u0441\u044c\u043a\u0456 \u0440\u0435\u0444\u043e\u0440\u043c\u0438 \u0442\u0430 \u0414\u0440\u0443\u0433\u0443 \u0441\u0432\u0456\u0442\u043e\u0432\u0443 \u0432\u0456\u0439\u043d\u0443<\/p>\n<\/div><\/div><\/a>\n<\/div>\n\n\n\n<div class=\"wp-block-column is-layout-flow\">\n<a href=\"https:\/\/znohistory.ed-era.com\/m6\" target=\"_blank\" rel=\"noopener noreferrer\"><div class=\"wp-block-cover has-background-dim has-custom-content-position is-position-bottom-left\"><img decoding=\"async\" loading=\"lazy\" width=\"360\" height=\"440\" class=\"wp-block-cover__image-background wp-image-3660\" alt=\"\" src=\"https:\/\/via-regia.org.ua\/wp-content\/uploads\/2020\/12\/mod_6-360-440.jpeg\" style=\"object-position:88% 53%\" data-object-fit=\"cover\" data-object-position=\"88% 53%\"\/><div class=\"wp-block-cover__inner-container\">\n<p class=\"has-large-font-size\"><strong>\u0427\u0430\u0441\u0442\u0438\u043d\u0430 6:<\/strong><\/p>\n\n\n\n<p class=\"has-medium-font-size\"><strong><strong>\u0423\u043a\u0440\u0430\u0457\u043d\u0430 \u0432\u0456\u0434 \u043f\u043e\u0432\u043e\u0454\u043d\u043d\u0438\u0445 \u0440\u043e\u043a\u0456\u0432 \u0434\u043e \u043d\u0435\u0437\u0430\u043b\u0435\u0436\u043d\u043e\u0441\u0442\u0456, \u0425\u0425 &#8211; \u0425\u0425\u0406 \u0441\u0442.<\/strong><\/strong><\/p>\n\n\n\n<p>\u041f\u0440\u043e \u0432\u0456\u0434\u0431\u0443\u0434\u043e\u0432\u0443 \u0404\u0432\u0440\u043e\u043f\u0438, \u00ab\u0432\u0456\u0434\u043b\u0438\u0433\u0443\u00bb \u0456 \u0440\u0443\u0441\u0438\u0444\u0456\u043a\u0430\u0446\u0456\u044e, \u043a\u0456\u043d\u0435\u0446\u044c \u0421\u0420\u0421\u0420 \u0442\u0430 \u043f\u0440\u043e\u0433\u043e\u043b\u043e\u0448\u0435\u043d\u043d\u044f \u043d\u0435\u0437\u0430\u043b\u0435\u0436\u043d\u043e\u0441\u0442\u0456 \u0423\u043a\u0440\u0430\u0457\u043d\u0438<\/p>\n<\/div><\/div><\/a>\n<\/div>\n<\/div>\n<\/div><\/div>\n\n\n\n<div style=\"height:50px\" aria-hidden=\"true\" class=\"wp-block-spacer\"><\/div>\n\n\n\n<div class=\"wp-block-ws-section-el cover_section\" style=\"padding-top:40px;padding-bottom:40px;margin-top:40px;margin-bottom:0px;background-color:#062f60;width:100%;display:block\"><div class=\"section-wrapper\" style=\"margin:0 auto;width:100%;max-width:1200px;display:block\"><\/div><\/div>\n","protected":false},"excerpt":{"rendered":"","protected":false},"author":2,"featured_media":0,"parent":0,"menu_order":91,"comment_status":"closed","ping_status":"closed","template":"tpl\/full-page.php","meta":[],"acf":[],"yoast_head":"<!-- This site is optimized with the Yoast SEO plugin v27.4 - https:\/\/yoast.com\/product\/yoast-seo-wordpress\/ -->\n<title>Historia Ukrainy - ViaRegiaUkraine<\/title>\n<meta name=\"robots\" content=\"index, follow, max-snippet:-1, max-image-preview:large, max-video-preview:-1\" \/>\n<link rel=\"canonical\" href=\"https:\/\/via-regia.org.ua\/pl\/historia-ukrainy\/\" \/>\n<meta property=\"og:locale\" content=\"pl_PL\" \/>\n<meta property=\"og:type\" content=\"article\" \/>\n<meta property=\"og:title\" content=\"Historia Ukrainy - ViaRegiaUkraine\" \/>\n<meta property=\"og:url\" content=\"https:\/\/via-regia.org.ua\/pl\/historia-ukrainy\/\" \/>\n<meta property=\"og:site_name\" content=\"ViaRegiaUkraine\" \/>\n<meta property=\"article:modified_time\" content=\"2021-11-15T00:28:13+00:00\" \/>\n<meta property=\"og:image\" content=\"https:\/\/via-regia.org.ua\/wp-content\/uploads\/2020\/12\/modul1-360-440.jpg\" \/>\n<meta name=\"twitter:card\" content=\"summary_large_image\" \/>\n<meta name=\"twitter:label1\" content=\"Szacowany czas czytania\" \/>\n\t<meta name=\"twitter:data1\" content=\"6 minut\" \/>\n<script type=\"application\/ld+json\" class=\"yoast-schema-graph\">{\"@context\":\"https:\\\/\\\/schema.org\",\"@graph\":[{\"@type\":\"WebPage\",\"@id\":\"https:\\\/\\\/via-regia.org.ua\\\/pl\\\/historia-ukrainy\\\/\",\"url\":\"https:\\\/\\\/via-regia.org.ua\\\/pl\\\/historia-ukrainy\\\/\",\"name\":\"Historia Ukrainy - ViaRegiaUkraine\",\"isPartOf\":{\"@id\":\"https:\\\/\\\/via-regia.org.ua\\\/#website\"},\"primaryImageOfPage\":{\"@id\":\"https:\\\/\\\/via-regia.org.ua\\\/pl\\\/historia-ukrainy\\\/#primaryimage\"},\"image\":{\"@id\":\"https:\\\/\\\/via-regia.org.ua\\\/pl\\\/historia-ukrainy\\\/#primaryimage\"},\"thumbnailUrl\":\"https:\\\/\\\/via-regia.org.ua\\\/wp-content\\\/uploads\\\/2020\\\/12\\\/modul1-360-440.jpg\",\"datePublished\":\"2020-10-12T17:24:55+00:00\",\"dateModified\":\"2021-11-15T00:28:13+00:00\",\"breadcrumb\":{\"@id\":\"https:\\\/\\\/via-regia.org.ua\\\/pl\\\/historia-ukrainy\\\/#breadcrumb\"},\"inLanguage\":\"pl-PL\",\"potentialAction\":[{\"@type\":\"ReadAction\",\"target\":[\"https:\\\/\\\/via-regia.org.ua\\\/pl\\\/historia-ukrainy\\\/\"]}]},{\"@type\":\"ImageObject\",\"inLanguage\":\"pl-PL\",\"@id\":\"https:\\\/\\\/via-regia.org.ua\\\/pl\\\/historia-ukrainy\\\/#primaryimage\",\"url\":\"https:\\\/\\\/via-regia.org.ua\\\/wp-content\\\/uploads\\\/2020\\\/12\\\/modul1-360-440.jpg\",\"contentUrl\":\"https:\\\/\\\/via-regia.org.ua\\\/wp-content\\\/uploads\\\/2020\\\/12\\\/modul1-360-440.jpg\"},{\"@type\":\"BreadcrumbList\",\"@id\":\"https:\\\/\\\/via-regia.org.ua\\\/pl\\\/historia-ukrainy\\\/#breadcrumb\",\"itemListElement\":[{\"@type\":\"ListItem\",\"position\":1,\"name\":\"\u0413\u043e\u043b\u043e\u0432\u043d\u0430 \u0421\u0442\u043e\u0440\u0456\u043d\u043a\u0430\",\"item\":\"https:\\\/\\\/via-regia.org.ua\\\/pl\\\/\"},{\"@type\":\"ListItem\",\"position\":2,\"name\":\"Historia Ukrainy\"}]},{\"@type\":\"WebSite\",\"@id\":\"https:\\\/\\\/via-regia.org.ua\\\/#website\",\"url\":\"https:\\\/\\\/via-regia.org.ua\\\/\",\"name\":\"ViaRegiaUkraine\",\"description\":\"\",\"potentialAction\":[{\"@type\":\"SearchAction\",\"target\":{\"@type\":\"EntryPoint\",\"urlTemplate\":\"https:\\\/\\\/via-regia.org.ua\\\/?s={search_term_string}\"},\"query-input\":{\"@type\":\"PropertyValueSpecification\",\"valueRequired\":true,\"valueName\":\"search_term_string\"}}],\"inLanguage\":\"pl-PL\"}]}<\/script>\n<!-- \/ Yoast SEO plugin. -->","yoast_head_json":{"title":"Historia Ukrainy - ViaRegiaUkraine","robots":{"index":"index","follow":"follow","max-snippet":"max-snippet:-1","max-image-preview":"max-image-preview:large","max-video-preview":"max-video-preview:-1"},"canonical":"https:\/\/via-regia.org.ua\/pl\/historia-ukrainy\/","og_locale":"pl_PL","og_type":"article","og_title":"Historia Ukrainy - ViaRegiaUkraine","og_url":"https:\/\/via-regia.org.ua\/pl\/historia-ukrainy\/","og_site_name":"ViaRegiaUkraine","article_modified_time":"2021-11-15T00:28:13+00:00","og_image":[{"url":"https:\/\/via-regia.org.ua\/wp-content\/uploads\/2020\/12\/modul1-360-440.jpg","type":"","width":"","height":""}],"twitter_card":"summary_large_image","twitter_misc":{"Szacowany czas czytania":"6 minut"},"schema":{"@context":"https:\/\/schema.org","@graph":[{"@type":"WebPage","@id":"https:\/\/via-regia.org.ua\/pl\/historia-ukrainy\/","url":"https:\/\/via-regia.org.ua\/pl\/historia-ukrainy\/","name":"Historia Ukrainy - ViaRegiaUkraine","isPartOf":{"@id":"https:\/\/via-regia.org.ua\/#website"},"primaryImageOfPage":{"@id":"https:\/\/via-regia.org.ua\/pl\/historia-ukrainy\/#primaryimage"},"image":{"@id":"https:\/\/via-regia.org.ua\/pl\/historia-ukrainy\/#primaryimage"},"thumbnailUrl":"https:\/\/via-regia.org.ua\/wp-content\/uploads\/2020\/12\/modul1-360-440.jpg","datePublished":"2020-10-12T17:24:55+00:00","dateModified":"2021-11-15T00:28:13+00:00","breadcrumb":{"@id":"https:\/\/via-regia.org.ua\/pl\/historia-ukrainy\/#breadcrumb"},"inLanguage":"pl-PL","potentialAction":[{"@type":"ReadAction","target":["https:\/\/via-regia.org.ua\/pl\/historia-ukrainy\/"]}]},{"@type":"ImageObject","inLanguage":"pl-PL","@id":"https:\/\/via-regia.org.ua\/pl\/historia-ukrainy\/#primaryimage","url":"https:\/\/via-regia.org.ua\/wp-content\/uploads\/2020\/12\/modul1-360-440.jpg","contentUrl":"https:\/\/via-regia.org.ua\/wp-content\/uploads\/2020\/12\/modul1-360-440.jpg"},{"@type":"BreadcrumbList","@id":"https:\/\/via-regia.org.ua\/pl\/historia-ukrainy\/#breadcrumb","itemListElement":[{"@type":"ListItem","position":1,"name":"\u0413\u043e\u043b\u043e\u0432\u043d\u0430 \u0421\u0442\u043e\u0440\u0456\u043d\u043a\u0430","item":"https:\/\/via-regia.org.ua\/pl\/"},{"@type":"ListItem","position":2,"name":"Historia Ukrainy"}]},{"@type":"WebSite","@id":"https:\/\/via-regia.org.ua\/#website","url":"https:\/\/via-regia.org.ua\/","name":"ViaRegiaUkraine","description":"","potentialAction":[{"@type":"SearchAction","target":{"@type":"EntryPoint","urlTemplate":"https:\/\/via-regia.org.ua\/?s={search_term_string}"},"query-input":{"@type":"PropertyValueSpecification","valueRequired":true,"valueName":"search_term_string"}}],"inLanguage":"pl-PL"}]}},"_links":{"self":[{"href":"https:\/\/via-regia.org.ua\/pl\/wp-json\/wp\/v2\/pages\/4901"}],"collection":[{"href":"https:\/\/via-regia.org.ua\/pl\/wp-json\/wp\/v2\/pages"}],"about":[{"href":"https:\/\/via-regia.org.ua\/pl\/wp-json\/wp\/v2\/types\/page"}],"author":[{"embeddable":true,"href":"https:\/\/via-regia.org.ua\/pl\/wp-json\/wp\/v2\/users\/2"}],"replies":[{"embeddable":true,"href":"https:\/\/via-regia.org.ua\/pl\/wp-json\/wp\/v2\/comments?post=4901"}],"version-history":[{"count":4,"href":"https:\/\/via-regia.org.ua\/pl\/wp-json\/wp\/v2\/pages\/4901\/revisions"}],"predecessor-version":[{"id":4958,"href":"https:\/\/via-regia.org.ua\/pl\/wp-json\/wp\/v2\/pages\/4901\/revisions\/4958"}],"wp:attachment":[{"href":"https:\/\/via-regia.org.ua\/pl\/wp-json\/wp\/v2\/media?parent=4901"}],"curies":[{"name":"wp","href":"https:\/\/api.w.org\/{rel}","templated":true}]}}