{"id":4910,"date":"2020-10-24T13:45:01","date_gmt":"2020-10-24T13:45:01","guid":{"rendered":"https:\/\/via-regia.org.ua\/?page_id=4910"},"modified":"2021-11-14T21:17:33","modified_gmt":"2021-11-14T21:17:33","slug":"korytarz-historyczny-via-regia","status":"publish","type":"page","link":"https:\/\/via-regia.org.ua\/pl\/korytarz-historyczny-via-regia\/","title":{"rendered":"Korytarz historyczny Via Regia w okresie Rusi Kijowskiej"},"content":{"rendered":"\n<div class=\"wp-block-ws-letter-el first_letter\">Istnieje ca\u0142y szereg dokument\u00f3w i znalezisk okresu VIII-X wieku, potwierdzaj\u0105cy wymian\u0119 mi\u0119dzy kr\u00f3lestwem Frank\u00f3w oraz ziemiami s\u0142owia\u0144skimi. Komunikacje na Wsch\u00f3d chroni\u0142y s\u0142owia\u0144skie budowle wa\u0142owe i twierdze, kt\u00f3re p\u00f3\u017aniej zosta\u0142y zast\u0105pione przez miasta.<\/div>\n\n\n\n<p>W okresie istnienia Rusi Kijowskiej przez jej terytorium przebiega\u0142y trzy mi\u0119dzynarodowe arterie: Droga Bursztynowa (od Morza Ba\u0142tyckiego do Czarnego przez Wis\u0142\u0119, San i Dniestr), droga od Wiking\u00f3w do Grek\u00f3w (od Morza Ba\u0142tyckiego do Czarnego przez Niew\u0119, \u0141adog\u0119, Wo\u0142chow i Dniepr) oraz droga od Bu\u0142garu na Wo\u0142dze do Kalifatu Kordoby w Hiszpanii (przez Wo\u0142g\u0119 i Ok\u0119, dalej przez Ziemi\u0119 Czernihowsk\u0105 do Kijowa \u2013 Halicza &#8211; Przemy\u015bla \u2013 Krakowa \u2013 Pragi \u2013 Regensburgu \u2013 Trewiru). Ostatni szlak, kt\u00f3ry przebiega\u0142 przez prawie ca\u0142\u0105 Europ\u0119, mo\u017cna nazwa\u0107 Via Regia &#8211; drog\u0105 transeuropejsk\u0105.<\/p>\n\n\n\n<p>Powsta\u0142 w wieku \u0425, kiedy po przyj\u0119ciu islamu Czarna Bu\u0142garia z centrum w Bu\u0142garze nad Wo\u0142g\u0105 (dzisiaj Kaza\u0144) przekszta\u0142cona zosta\u0142a w pot\u0119\u017cne pa\u0144stwo handlowe, po\u0142\u0105czone przez Khorezm z du\u017c\u0105 jedwabn\u0105 drog\u0105 omijaj\u0105c\u0105 Chazari\u0119. Od wieku \u0425\u0406 ten szlak sta\u0142 si\u0119 podstawow\u0105 tranzytow\u0105 drog\u0105 europejsk\u0105.<\/p>\n\n\n\n<p>Dop\u00f3ki nie powsta\u0142y solidne drogi gruntowe, g\u0142\u00f3wnym po\u0142\u0105czeniem by\u0142y rzeki. Przy tym na Rusi u\u017cywane \u0142odzie &#8211; ma\u0142e kaczory Wiking\u00f3w, maj\u0105ce niewielkie zanurzenie na wodzie, kt\u00f3re potrafi\u0142y p\u0142ywa\u0107 pod wios\u0142ami lub pod \u017caglami, z \u0142atwo\u015bci\u0105 ci\u0105gni\u0119te na rolkach po l\u0105dzie mi\u0119dzy rzekami.<\/p>\n\n\n\n<p>Przez Via Regia stolica Rusi otrzymywa\u0142a jedwab, luksusowe przedmioty, przyprawy, inne orientalne towary i p\u00f3\u0142nocne futra. W przeciwnym kierunku szli niewolnicy, mi\u00f3d, wosk i r\u0119kodzie\u0142a. W Kijowie Via Regia przeci\u0119ta by\u0142a Drog\u0105 od Wiking\u00f3w do Grek\u00f3w, przez kt\u00f3r\u0105 dot\u0105d trafia\u0142 import bizantyjski i skandynawski.<\/p>\n\n\n\n<p>W zrekonstruowanej formie cz\u0119\u015b\u0107 ukrai\u0144ska Via Regia stanem na XI\u2013XIV wiek wygl\u0105da\u0142a w taki spos\u00f3b: <\/p>\n\n\n\n<p>Kij\u00f3w \u2013 Korec \u2013 Ostrog \u2013 \u0141uck \u2013 Lw\u00f3w \u2013 Przemy\u015bl.<\/p>\n\n\n\n<p>Albo w szczeg\u00f3\u0142ach: Kij\u00f3w \u2013 \u017bytomierz \u2013 Nowograd-Wo\u0142y\u0144ski (w kronikach Zwiagel) \u2013 Korec (stolica Ksi\u0119stwa Koreckiego) \u2013 Ostrog \u2013 R\u00f3wne \u2013 Klewa\u0144 \u2013 O\u0142yka (p\u00f3\u017aniej stolica udzia\u0142u ksi\u0105\u017c\u0105t Radziwi\u0142\u0142\u00f3w) \u2013 \u0141uck \u2013 Dubno \u2013 Brody \u2013 Plisnesk (dzisiaj w. Podhorce) \u2013 Olesko &#8211; Busk &#8211; Lw\u00f3w &#8211; Sambor &#8211; Dobromil &#8211; Ni\u017cankowice &#8211; Przemy\u015bl.<\/p>\n\n\n\n<p>Ca\u0142a droga by\u0142a drog\u0105 l\u0105dow\u0105, wraz z instalacj\u0105 twardej nawierzchni (tzn. droga bita z kamienia ska\u0142 wapiennych) oraz budownictwem most\u00f3w i zamk\u00f3w obronnych. W \u0425 wieku, wychodz\u0105c ze statut\u00f3w miast austriackich i nadre\u0144skich, g\u0142\u00f3wnym towarem eksportowym z Rusi byli niewolnicy, mi\u00f3d, wosk, futra, konie, a tak\u017ce s\u00f3l, wyroby r\u0119kodzielnicze, w tym ko\u0142owrotek z r\u00f3\u017cowego \u0142upka owruckiego, \u017celazne k\u0142\u00f3dki, gliniane zabawki i pisanki. Do Rusi wwo\u017cono wyroby rzemie\u015blnicze, bro\u0144, metale kolorowe i p\u00f3\u0142fabrykaty z rudy re\u0144skiej, tkaniny i towary luksusowe.<\/p>\n\n\n\n<p>Na V\u0456\u0430 Regia rozprzestrzeniali si\u0119 tak\u017ce \u017cydowscy kupcy z Kalifatu Kordoby w Adradhanii, kt\u00f3rzy handlowali g\u0142\u00f3wnie niewolnikami. Takie punkty handlowe by\u0142y tak\u017ce w Przemy\u015blu i Kijowie. Towary przewo\u017cono z Kijowa do Przemy\u015bla czteroko\u0142owymi wozami\u2026<\/p>\n\n\n\n<p>Wraz z rozpadem Rusi i powstaniem Ksi\u0119stwa Galicyjskiego i Wo\u0142y\u0144skiego, a tak\u017ce powstaniem nowych miast w zachodniej cz\u0119\u015bci dzisiejszej Ukrainy, ustabilizowa\u0142y si\u0119 i wzmocni\u0142y po\u0142\u0105czenia mi\u0119dzy Europ\u0105 Wschodni\u0105 i Zachodni\u0105 poprzez szlak \u015brodkowoniemiecki Via Regia.<br>W nowych nowoczesnych warunkach \u0425\u0425\u0406 wieku Via Regia prze\u017cywa okres odrodzenia najpierw jako droga turystyczna, kt\u00f3ra po\u0142\u0105cza Europ\u0119 Wschodni\u0105 i Zachodni\u0105, wspiera ich zbli\u017cenie i integracj\u0119.<\/p>\n","protected":false},"excerpt":{"rendered":"<p>W okresie istnienia Rusi Kijowskiej przez jej terytorium przebiega\u0142y trzy mi\u0119dzynarodowe arterie: Droga Bursztynowa (od Morza Ba\u0142tyckiego do Czarnego przez Wis\u0142\u0119, San i Dniestr), droga od Wiking\u00f3w do Grek\u00f3w (od&#8230;<\/p>\n","protected":false},"author":2,"featured_media":0,"parent":0,"menu_order":52,"comment_status":"closed","ping_status":"closed","template":"","meta":{"_acf_changed":false,"footnotes":""},"class_list":["post-4910","page","type-page","status-publish","hentry"],"acf":[],"yoast_head":"<!-- This site is optimized with the Yoast SEO plugin v27.6 - https:\/\/yoast.com\/product\/yoast-seo-wordpress\/ -->\n<title>Korytarz historyczny Via Regia w okresie Rusi Kijowskiej - ViaRegiaUkraine<\/title>\n<meta name=\"robots\" content=\"index, follow, max-snippet:-1, max-image-preview:large, max-video-preview:-1\" \/>\n<link rel=\"canonical\" href=\"https:\/\/via-regia.org.ua\/pl\/korytarz-historyczny-via-regia\/\" \/>\n<meta property=\"og:locale\" content=\"pl_PL\" \/>\n<meta property=\"og:type\" content=\"article\" \/>\n<meta property=\"og:title\" content=\"Korytarz historyczny Via Regia w okresie Rusi Kijowskiej - ViaRegiaUkraine\" \/>\n<meta property=\"og:description\" content=\"W okresie istnienia Rusi Kijowskiej przez jej terytorium przebiega\u0142y trzy mi\u0119dzynarodowe arterie: Droga Bursztynowa (od Morza Ba\u0142tyckiego do Czarnego przez Wis\u0142\u0119, San i Dniestr), droga od Wiking\u00f3w do Grek\u00f3w (od...\" \/>\n<meta property=\"og:url\" content=\"https:\/\/via-regia.org.ua\/pl\/korytarz-historyczny-via-regia\/\" \/>\n<meta property=\"og:site_name\" content=\"ViaRegiaUkraine\" \/>\n<meta property=\"article:modified_time\" content=\"2021-11-14T21:17:33+00:00\" \/>\n<meta name=\"twitter:card\" content=\"summary_large_image\" \/>\n<meta name=\"twitter:label1\" content=\"Szacowany czas czytania\" \/>\n\t<meta name=\"twitter:data1\" content=\"3 minuty\" \/>\n<script type=\"application\/ld+json\" class=\"yoast-schema-graph\">{\"@context\":\"https:\\\/\\\/schema.org\",\"@graph\":[{\"@type\":\"WebPage\",\"@id\":\"https:\\\/\\\/via-regia.org.ua\\\/pl\\\/korytarz-historyczny-via-regia\\\/\",\"url\":\"https:\\\/\\\/via-regia.org.ua\\\/pl\\\/korytarz-historyczny-via-regia\\\/\",\"name\":\"Korytarz historyczny Via Regia w okresie Rusi Kijowskiej - ViaRegiaUkraine\",\"isPartOf\":{\"@id\":\"https:\\\/\\\/via-regia.org.ua\\\/#website\"},\"datePublished\":\"2020-10-24T13:45:01+00:00\",\"dateModified\":\"2021-11-14T21:17:33+00:00\",\"breadcrumb\":{\"@id\":\"https:\\\/\\\/via-regia.org.ua\\\/pl\\\/korytarz-historyczny-via-regia\\\/#breadcrumb\"},\"inLanguage\":\"pl-PL\",\"potentialAction\":[{\"@type\":\"ReadAction\",\"target\":[\"https:\\\/\\\/via-regia.org.ua\\\/pl\\\/korytarz-historyczny-via-regia\\\/\"]}]},{\"@type\":\"BreadcrumbList\",\"@id\":\"https:\\\/\\\/via-regia.org.ua\\\/pl\\\/korytarz-historyczny-via-regia\\\/#breadcrumb\",\"itemListElement\":[{\"@type\":\"ListItem\",\"position\":1,\"name\":\"\u0413\u043e\u043b\u043e\u0432\u043d\u0430 \u0421\u0442\u043e\u0440\u0456\u043d\u043a\u0430\",\"item\":\"https:\\\/\\\/via-regia.org.ua\\\/pl\\\/\"},{\"@type\":\"ListItem\",\"position\":2,\"name\":\"Korytarz historyczny Via Regia w okresie Rusi Kijowskiej\"}]},{\"@type\":\"WebSite\",\"@id\":\"https:\\\/\\\/via-regia.org.ua\\\/#website\",\"url\":\"https:\\\/\\\/via-regia.org.ua\\\/\",\"name\":\"ViaRegiaUkraine\",\"description\":\"\",\"potentialAction\":[{\"@type\":\"SearchAction\",\"target\":{\"@type\":\"EntryPoint\",\"urlTemplate\":\"https:\\\/\\\/via-regia.org.ua\\\/?s={search_term_string}\"},\"query-input\":{\"@type\":\"PropertyValueSpecification\",\"valueRequired\":true,\"valueName\":\"search_term_string\"}}],\"inLanguage\":\"pl-PL\"}]}<\/script>\n<!-- \/ Yoast SEO plugin. -->","yoast_head_json":{"title":"Korytarz historyczny Via Regia w okresie Rusi Kijowskiej - ViaRegiaUkraine","robots":{"index":"index","follow":"follow","max-snippet":"max-snippet:-1","max-image-preview":"max-image-preview:large","max-video-preview":"max-video-preview:-1"},"canonical":"https:\/\/via-regia.org.ua\/pl\/korytarz-historyczny-via-regia\/","og_locale":"pl_PL","og_type":"article","og_title":"Korytarz historyczny Via Regia w okresie Rusi Kijowskiej - ViaRegiaUkraine","og_description":"W okresie istnienia Rusi Kijowskiej przez jej terytorium przebiega\u0142y trzy mi\u0119dzynarodowe arterie: Droga Bursztynowa (od Morza Ba\u0142tyckiego do Czarnego przez Wis\u0142\u0119, San i Dniestr), droga od Wiking\u00f3w do Grek\u00f3w (od...","og_url":"https:\/\/via-regia.org.ua\/pl\/korytarz-historyczny-via-regia\/","og_site_name":"ViaRegiaUkraine","article_modified_time":"2021-11-14T21:17:33+00:00","twitter_card":"summary_large_image","twitter_misc":{"Szacowany czas czytania":"3 minuty"},"schema":{"@context":"https:\/\/schema.org","@graph":[{"@type":"WebPage","@id":"https:\/\/via-regia.org.ua\/pl\/korytarz-historyczny-via-regia\/","url":"https:\/\/via-regia.org.ua\/pl\/korytarz-historyczny-via-regia\/","name":"Korytarz historyczny Via Regia w okresie Rusi Kijowskiej - ViaRegiaUkraine","isPartOf":{"@id":"https:\/\/via-regia.org.ua\/#website"},"datePublished":"2020-10-24T13:45:01+00:00","dateModified":"2021-11-14T21:17:33+00:00","breadcrumb":{"@id":"https:\/\/via-regia.org.ua\/pl\/korytarz-historyczny-via-regia\/#breadcrumb"},"inLanguage":"pl-PL","potentialAction":[{"@type":"ReadAction","target":["https:\/\/via-regia.org.ua\/pl\/korytarz-historyczny-via-regia\/"]}]},{"@type":"BreadcrumbList","@id":"https:\/\/via-regia.org.ua\/pl\/korytarz-historyczny-via-regia\/#breadcrumb","itemListElement":[{"@type":"ListItem","position":1,"name":"\u0413\u043e\u043b\u043e\u0432\u043d\u0430 \u0421\u0442\u043e\u0440\u0456\u043d\u043a\u0430","item":"https:\/\/via-regia.org.ua\/pl\/"},{"@type":"ListItem","position":2,"name":"Korytarz historyczny Via Regia w okresie Rusi Kijowskiej"}]},{"@type":"WebSite","@id":"https:\/\/via-regia.org.ua\/#website","url":"https:\/\/via-regia.org.ua\/","name":"ViaRegiaUkraine","description":"","potentialAction":[{"@type":"SearchAction","target":{"@type":"EntryPoint","urlTemplate":"https:\/\/via-regia.org.ua\/?s={search_term_string}"},"query-input":{"@type":"PropertyValueSpecification","valueRequired":true,"valueName":"search_term_string"}}],"inLanguage":"pl-PL"}]}},"_links":{"self":[{"href":"https:\/\/via-regia.org.ua\/pl\/wp-json\/wp\/v2\/pages\/4910","targetHints":{"allow":["GET"]}}],"collection":[{"href":"https:\/\/via-regia.org.ua\/pl\/wp-json\/wp\/v2\/pages"}],"about":[{"href":"https:\/\/via-regia.org.ua\/pl\/wp-json\/wp\/v2\/types\/page"}],"author":[{"embeddable":true,"href":"https:\/\/via-regia.org.ua\/pl\/wp-json\/wp\/v2\/users\/2"}],"replies":[{"embeddable":true,"href":"https:\/\/via-regia.org.ua\/pl\/wp-json\/wp\/v2\/comments?post=4910"}],"version-history":[{"count":1,"href":"https:\/\/via-regia.org.ua\/pl\/wp-json\/wp\/v2\/pages\/4910\/revisions"}],"predecessor-version":[{"id":4911,"href":"https:\/\/via-regia.org.ua\/pl\/wp-json\/wp\/v2\/pages\/4910\/revisions\/4911"}],"wp:attachment":[{"href":"https:\/\/via-regia.org.ua\/pl\/wp-json\/wp\/v2\/media?parent=4910"}],"curies":[{"name":"wp","href":"https:\/\/api.w.org\/{rel}","templated":true}]}}