{"id":4912,"date":"2020-10-24T13:48:09","date_gmt":"2020-10-24T13:48:09","guid":{"rendered":"https:\/\/via-regia.org.ua\/?page_id=4912"},"modified":"2021-11-14T21:26:37","modified_gmt":"2021-11-14T21:26:37","slug":"odrodzenie-szlaku","status":"publish","type":"page","link":"https:\/\/via-regia.org.ua\/pl\/odrodzenie-szlaku\/","title":{"rendered":"Odrodzenie szlaku historycznego"},"content":{"rendered":"\n<div class=\"wp-block-ws-letter-el first_letter\">Historia starego szlaku Via Regia jako drogi wojskowej wed\u0142ug \u017ar\u00f3de\u0142 historycznych zaczyna si\u0119 od kampanii Frank\u00f3w i, co ciekawe, ko\u0144czy si\u0119 kampaniami Francuz\u00f3w. Ostatni raz ten szlak zyska\u0142 europejskie znaczenie dzi\u0119ki wojskom napoleo\u0144skim, kt\u00f3re wykorzystywa\u0142y go nie tylko podczas podboj\u00f3w Rosji i Hiszpanii, ale tak\u017ce podczas odwrot\u00f3w.<\/div>\n\n\n\n<p>Mi\u0119dzy tymi wydarzeniami le\u017cy p\u00f3\u0142tora tysi\u0105ca lat historii europejskiej, \u015bci\u015ble zwi\u0105zanej ze szlakiem Via Regia. Wraz z budow\u0105 kolei w roku 1835 szlaki straci\u0142y swoje znaczenie. Ludzie poruszaj\u0105ce si\u0119 po drogach pieszo potrafili szybciej pokonywa\u0107 odcinki drogi i podr\u00f3\u017cowa\u0107 na bardzo du\u017ce odleg\u0142o\u015bci.<\/p>\n\n\n\n<p>Transport towar\u00f3w na du\u017ce odleg\u0142o\u015bci nie by\u0142 ju\u017c tak trudny, jak na \u017ale przystosowanych drogach. W nast\u0119puj\u0105cym okresie industrializacja przyczyni\u0142a si\u0119 do szybkiego rozwoju linii kolejowych. Poci\u0105gi sta\u0142y si\u0119 odpowiednim pojazdem dla przemys\u0142u ci\u0119\u017ckiego, a tak\u017ce dla zaopatrzenia szybko rozwijaj\u0105cych si\u0119 miast. Chocia\u017c brukowanie dr\u00f3g w niekt\u00f3rych miastach rozpocz\u0119\u0142o si\u0119 jeszcze w XII-XIII wieku, wi\u0119kszo\u015b\u0107 dr\u00f3g nie by\u0142a ufortyfikowana, a jeszcze wcze\u015bniej brak odpowiednich pojazd\u00f3w doprowadzi\u0142 do upadku sieci drogowej na dziesi\u0119ciolecia.<\/p>\n\n\n\n<p>Poniewa\u017c w dziedzinie rozwoju miast odbywa\u0142y si\u0119 ci\u0105g\u0142e zmiany marszrut, Via Regia nigdy nie mia\u0142a \u015bcis\u0142ego kierunku, jednakowego przez wieki. W zwi\u0105zku z tym, \u017ce wi\u0119kszo\u015b\u0107 handlu Wsch\u00f3d-Zach\u00f3d odbywa\u0142a si\u0119 na tej drodze ju\u017c w \u015bredniowieczu, ka\u017cdy w\u0142adca stara\u0142 si\u0119 w miar\u0119 mo\u017cliwo\u015bci przeci\u0105gn\u0105\u0107 drog\u0119 na swoje terytorium, gdy\u017c zyski z myta drogowego by\u0142y wysokie.<\/p>\n\n\n\n<p>Dzi\u015b droga pe\u0142na historii to bezpo\u015bredni odcinek europejskiej autostrady E-40 i nowej autostrady A4, a tym samym autostrada dla poczucia indywidualnej mobilno\u015bci.<\/p>\n\n\n\n<p>Z technicznego punktu widzenia szlak zamienia si\u0119 w nowoczesn\u0105 asfaltow\u0105 drog\u0119, kt\u00f3ra przecina krajobrazy i tereny zaludnione i daje cz\u0142owiekowi mo\u017cliwo\u015b\u0107 niezawodnego poruszania si\u0119 tylko za pomoc\u0105 z\u0142o\u017conych \u015brodk\u00f3w technicznych. Na przyk\u0142ad ca\u0142y nowo budowany odcinek autostrady A4, b\u0119d\u0105cy cz\u0119\u015bci\u0105 europejskiej trasy E-40, na nowych niemieckich ziemiach jest wzorem osi\u0105gni\u0119\u0107 in\u017cynieryjnych w Niemczech pod wzgl\u0119dem bezpiecze\u0144stwa i mo\u017cliwo\u015bci produkcyjnych.<\/p>\n\n\n\n<p>Ale czy mo\u017ce autostrada w takich warunkach \u0142\u0105czy\u0107 kultury i narody jak to robi\u0142 stary szlak Via Regia? Czy mo\u017ce ten szlak oznacza\u0107 \u201e\u017cycie\u201d?<\/p>\n\n\n\n<p>Via Regia, jako droga Bonifacego, kt\u00f3ry w imieniu Rzymu i Karola Martela ufundowa\u0142 znaczki i biskupstwa w Hesji i Turyngii, tworz\u0105c w ten spos\u00f3b stabilne struktury pa\u0144stwowe i ko\u015bcielne, czy jako przysz\u0142a sze\u015bciopasmowa autostrada A4 ju\u017c przez oko\u0142o 2000 lat jest \u201eeuropejsk\u0105 autostrad\u0105 &#8221; o wa\u017cnym znaczeniu gospodarczym, kulturowym, politycznym i militarnym, \u017cywym jak nigdy dot\u0105d, a jednocze\u015bnie o silnej jednocz\u0105cej sile symbolicznej.<\/p>\n\n\n\n<p><strong>Kierunki szlaku<\/strong><\/p>\n\n\n\n<p>D\u0142ugotrwa\u0142y cel sieci Via Regia, do kt\u00f3rej w przysz\u0142o\u015bci b\u0119d\u0105 wchodzi\u0107 48 region\u00f3w z 8 kraj\u00f3w, &#8211; to jest, w miar\u0119 mo\u017cliwo\u015bci, szeroka i szczeg\u00f3\u0142owa prezentacja historycznych, kulturowych oraz wsp\u00f3\u0142czesnych obiekt\u00f3w i wydarze\u0144 w Via Regia-korytarzu. To robi oczywist\u0105 wsp\u00f3lno\u015b\u0107 europejsk\u0105 szlaku. Ta informacja b\u0119dzie mia\u0142a rzeczywist\u0105 warto\u015b\u0107 dla u\u017cytkownika tylko wtedy, kiedy b\u0119dzie prawdziw\u0105.<\/p>\n\n\n\n<p>Je\u015bli interesuj\u0105 Ci\u0119 szczeg\u00f3\u0142owe informacje na temat ka\u017cdego regionu korytarza Via Regia w danym kraju europejskim, z nowoczesnymi autostradami, trasami, \u015bcie\u017ckami pieszymi i rowerowymi oraz innymi szlakami turystycznymi, mo\u017cesz je znale\u017a\u0107 na oficjalnej stronie koordynatora sieci Via Regia w Europie <a href=\"https:\/\/www.via-regia.org\/ukr\/viaregiageschichte\/flashwegeverlauf\/wegeverlauf.php\" target=\"_blank\" rel=\"noreferrer noopener\">tutaj<\/a>.<\/p>\n","protected":false},"excerpt":{"rendered":"<p>Mi\u0119dzy tymi wydarzeniami le\u017cy p\u00f3\u0142tora tysi\u0105ca lat historii europejskiej, \u015bci\u015ble zwi\u0105zanej ze szlakiem Via Regia. Wraz z budow\u0105 kolei w roku 1835 szlaki straci\u0142y swoje znaczenie. Ludzie poruszaj\u0105ce si\u0119 po&#8230;<\/p>\n","protected":false},"author":2,"featured_media":0,"parent":0,"menu_order":48,"comment_status":"closed","ping_status":"closed","template":"","meta":[],"acf":[],"yoast_head":"<!-- This site is optimized with the Yoast SEO plugin v27.4 - https:\/\/yoast.com\/product\/yoast-seo-wordpress\/ -->\n<title>Odrodzenie szlaku historycznego - ViaRegiaUkraine<\/title>\n<meta name=\"robots\" content=\"index, follow, max-snippet:-1, max-image-preview:large, max-video-preview:-1\" \/>\n<link rel=\"canonical\" href=\"https:\/\/via-regia.org.ua\/pl\/odrodzenie-szlaku\/\" \/>\n<meta property=\"og:locale\" content=\"pl_PL\" \/>\n<meta property=\"og:type\" content=\"article\" \/>\n<meta property=\"og:title\" content=\"Odrodzenie szlaku historycznego - ViaRegiaUkraine\" \/>\n<meta property=\"og:description\" content=\"Mi\u0119dzy tymi wydarzeniami le\u017cy p\u00f3\u0142tora tysi\u0105ca lat historii europejskiej, \u015bci\u015ble zwi\u0105zanej ze szlakiem Via Regia. Wraz z budow\u0105 kolei w roku 1835 szlaki straci\u0142y swoje znaczenie. Ludzie poruszaj\u0105ce si\u0119 po...\" \/>\n<meta property=\"og:url\" content=\"https:\/\/via-regia.org.ua\/pl\/odrodzenie-szlaku\/\" \/>\n<meta property=\"og:site_name\" content=\"ViaRegiaUkraine\" \/>\n<meta property=\"article:modified_time\" content=\"2021-11-14T21:26:37+00:00\" \/>\n<meta name=\"twitter:card\" content=\"summary_large_image\" \/>\n<meta name=\"twitter:label1\" content=\"Szacowany czas czytania\" \/>\n\t<meta name=\"twitter:data1\" content=\"3 minuty\" \/>\n<script type=\"application\/ld+json\" class=\"yoast-schema-graph\">{\"@context\":\"https:\\\/\\\/schema.org\",\"@graph\":[{\"@type\":\"WebPage\",\"@id\":\"https:\\\/\\\/via-regia.org.ua\\\/pl\\\/odrodzenie-szlaku\\\/\",\"url\":\"https:\\\/\\\/via-regia.org.ua\\\/pl\\\/odrodzenie-szlaku\\\/\",\"name\":\"Odrodzenie szlaku historycznego - ViaRegiaUkraine\",\"isPartOf\":{\"@id\":\"https:\\\/\\\/via-regia.org.ua\\\/#website\"},\"datePublished\":\"2020-10-24T13:48:09+00:00\",\"dateModified\":\"2021-11-14T21:26:37+00:00\",\"breadcrumb\":{\"@id\":\"https:\\\/\\\/via-regia.org.ua\\\/pl\\\/odrodzenie-szlaku\\\/#breadcrumb\"},\"inLanguage\":\"pl-PL\",\"potentialAction\":[{\"@type\":\"ReadAction\",\"target\":[\"https:\\\/\\\/via-regia.org.ua\\\/pl\\\/odrodzenie-szlaku\\\/\"]}]},{\"@type\":\"BreadcrumbList\",\"@id\":\"https:\\\/\\\/via-regia.org.ua\\\/pl\\\/odrodzenie-szlaku\\\/#breadcrumb\",\"itemListElement\":[{\"@type\":\"ListItem\",\"position\":1,\"name\":\"\u0413\u043e\u043b\u043e\u0432\u043d\u0430 \u0421\u0442\u043e\u0440\u0456\u043d\u043a\u0430\",\"item\":\"https:\\\/\\\/via-regia.org.ua\\\/pl\\\/\"},{\"@type\":\"ListItem\",\"position\":2,\"name\":\"Odrodzenie szlaku historycznego\"}]},{\"@type\":\"WebSite\",\"@id\":\"https:\\\/\\\/via-regia.org.ua\\\/#website\",\"url\":\"https:\\\/\\\/via-regia.org.ua\\\/\",\"name\":\"ViaRegiaUkraine\",\"description\":\"\",\"potentialAction\":[{\"@type\":\"SearchAction\",\"target\":{\"@type\":\"EntryPoint\",\"urlTemplate\":\"https:\\\/\\\/via-regia.org.ua\\\/?s={search_term_string}\"},\"query-input\":{\"@type\":\"PropertyValueSpecification\",\"valueRequired\":true,\"valueName\":\"search_term_string\"}}],\"inLanguage\":\"pl-PL\"}]}<\/script>\n<!-- \/ Yoast SEO plugin. -->","yoast_head_json":{"title":"Odrodzenie szlaku historycznego - ViaRegiaUkraine","robots":{"index":"index","follow":"follow","max-snippet":"max-snippet:-1","max-image-preview":"max-image-preview:large","max-video-preview":"max-video-preview:-1"},"canonical":"https:\/\/via-regia.org.ua\/pl\/odrodzenie-szlaku\/","og_locale":"pl_PL","og_type":"article","og_title":"Odrodzenie szlaku historycznego - ViaRegiaUkraine","og_description":"Mi\u0119dzy tymi wydarzeniami le\u017cy p\u00f3\u0142tora tysi\u0105ca lat historii europejskiej, \u015bci\u015ble zwi\u0105zanej ze szlakiem Via Regia. Wraz z budow\u0105 kolei w roku 1835 szlaki straci\u0142y swoje znaczenie. Ludzie poruszaj\u0105ce si\u0119 po...","og_url":"https:\/\/via-regia.org.ua\/pl\/odrodzenie-szlaku\/","og_site_name":"ViaRegiaUkraine","article_modified_time":"2021-11-14T21:26:37+00:00","twitter_card":"summary_large_image","twitter_misc":{"Szacowany czas czytania":"3 minuty"},"schema":{"@context":"https:\/\/schema.org","@graph":[{"@type":"WebPage","@id":"https:\/\/via-regia.org.ua\/pl\/odrodzenie-szlaku\/","url":"https:\/\/via-regia.org.ua\/pl\/odrodzenie-szlaku\/","name":"Odrodzenie szlaku historycznego - ViaRegiaUkraine","isPartOf":{"@id":"https:\/\/via-regia.org.ua\/#website"},"datePublished":"2020-10-24T13:48:09+00:00","dateModified":"2021-11-14T21:26:37+00:00","breadcrumb":{"@id":"https:\/\/via-regia.org.ua\/pl\/odrodzenie-szlaku\/#breadcrumb"},"inLanguage":"pl-PL","potentialAction":[{"@type":"ReadAction","target":["https:\/\/via-regia.org.ua\/pl\/odrodzenie-szlaku\/"]}]},{"@type":"BreadcrumbList","@id":"https:\/\/via-regia.org.ua\/pl\/odrodzenie-szlaku\/#breadcrumb","itemListElement":[{"@type":"ListItem","position":1,"name":"\u0413\u043e\u043b\u043e\u0432\u043d\u0430 \u0421\u0442\u043e\u0440\u0456\u043d\u043a\u0430","item":"https:\/\/via-regia.org.ua\/pl\/"},{"@type":"ListItem","position":2,"name":"Odrodzenie szlaku historycznego"}]},{"@type":"WebSite","@id":"https:\/\/via-regia.org.ua\/#website","url":"https:\/\/via-regia.org.ua\/","name":"ViaRegiaUkraine","description":"","potentialAction":[{"@type":"SearchAction","target":{"@type":"EntryPoint","urlTemplate":"https:\/\/via-regia.org.ua\/?s={search_term_string}"},"query-input":{"@type":"PropertyValueSpecification","valueRequired":true,"valueName":"search_term_string"}}],"inLanguage":"pl-PL"}]}},"_links":{"self":[{"href":"https:\/\/via-regia.org.ua\/pl\/wp-json\/wp\/v2\/pages\/4912"}],"collection":[{"href":"https:\/\/via-regia.org.ua\/pl\/wp-json\/wp\/v2\/pages"}],"about":[{"href":"https:\/\/via-regia.org.ua\/pl\/wp-json\/wp\/v2\/types\/page"}],"author":[{"embeddable":true,"href":"https:\/\/via-regia.org.ua\/pl\/wp-json\/wp\/v2\/users\/2"}],"replies":[{"embeddable":true,"href":"https:\/\/via-regia.org.ua\/pl\/wp-json\/wp\/v2\/comments?post=4912"}],"version-history":[{"count":1,"href":"https:\/\/via-regia.org.ua\/pl\/wp-json\/wp\/v2\/pages\/4912\/revisions"}],"predecessor-version":[{"id":4913,"href":"https:\/\/via-regia.org.ua\/pl\/wp-json\/wp\/v2\/pages\/4912\/revisions\/4913"}],"wp:attachment":[{"href":"https:\/\/via-regia.org.ua\/pl\/wp-json\/wp\/v2\/media?parent=4912"}],"curies":[{"name":"wp","href":"https:\/\/api.w.org\/{rel}","templated":true}]}}