{"id":4914,"date":"2020-10-24T13:54:51","date_gmt":"2020-10-24T13:54:51","guid":{"rendered":"https:\/\/via-regia.org.ua\/?page_id=4914"},"modified":"2021-11-14T21:36:24","modified_gmt":"2021-11-14T21:36:24","slug":"rada-europy","status":"publish","type":"page","link":"https:\/\/via-regia.org.ua\/pl\/rada-europy\/","title":{"rendered":"O Radzie Europy"},"content":{"rendered":"\n<div class=\"wp-block-ws-letter-el first_letter\">Rada Europy (ang. Council of Europe, fr. Conseil de l\u2019Europe) \u2013 to jest organizacja mi\u0119dzynarodowa 47 pa\u0144stw-cz\u0142onk\u00f3w w przestrzeni europejskiej. Siedziba Rady Europy znajduje si\u0119 w Strasburgu na granicy francusko-niemieckiej.<\/div>\n\n\n\n<p>Cz\u0142onkostwo otwarte jest dla wszystkich pa\u0144stw Europy, uznaj\u0105cych zasad\u0119 praworz\u0105dno\u015bci oraz gwarantuj\u0105cych podstawowe prawa cz\u0142owieka i wolno\u015bci dla swoich obywateli.<\/p>\n\n\n\n<p>Cel Rady Europy (dalej &#8211; RE) \u2013 to jest osi\u0105gni\u0119cie wi\u0119kszej jedno\u015bci mi\u0119dzy jej cz\u0142onkami do ochrony i wprowadzenia idea\u0142\u00f3w i zasad, b\u0119d\u0105cych ich dziedzictwem wsp\u00f3lnym, oraz wspracie ich post\u0119pu gospodarczego i spo\u0142ecznego. Rada Europy bada pytania, maj\u0105ce wa\u017cne znaczenie dla jej cz\u0142onk\u00f3w, w tej liczbie zagadnienia zapobiegania przest\u0119pczo\u015bci, narkomanii, ochrony \u015brodowiska, bioetyki i migracji.<\/p>\n\n\n\n<p>RE instytucyjnie nie jest zwi\u0105zana z Uni\u0105 Europejsk\u0105, chocia\u017c obie u\u017cywaj\u0105 tej samej flagi i hymnu. Rad\u0119 Europy tak\u017ce nie potrzebno myli\u0107 z Europejsk\u0105 Rad\u0105 oraz Rad\u0105 Unii Europejskiej (Rada Ministr\u00f3w).<\/p>\n\n\n\n<p>Rada Europy zosta\u0142a powo\u0142ana w Londynie dnia 5 maja 1949 roku wed\u0142ug Umowy Londy\u0144skiej oraz zosta\u0142a podpisana przez dziesi\u0119\u0107 kraje-za\u0142o\u017cyciele (Belgia, Dania, Francja, Irlandia, W\u0142ochy, Luksemburg, Holandia, Norwegia, Szwecja i Wielka Brytania). To robi j\u0105 najstarsz\u0105 organizacj\u0105 polityczn\u0105 w Europie.<\/p>\n\n\n\n<p>Podstawowym warunkiem statutowym do wst\u0119pu kraj\u00f3w w RE jest uznanie przez pa\u0144stwo-kandydata zasady praworz\u0105dno\u015bci, jego zobowi\u0105zania co do zapewnienia podstawowych praw cz\u0142owieka i wolno\u015bci dla wszystkich os\u00f3b, kt\u00f3re s\u0105 pod jego jurysdykcj\u0105, oraz skuteczna wsp\u00f3\u0142praca z innymi pa\u0144stwami celem osi\u0105gni\u0119cia zada\u0144 RE.<\/p>\n\n\n\n<p>Rada Europy &#8211; to forum debat\u00f3w na tematy og\u00f3lnoeuropejskie. W jego ramach zawarte s\u0105 prawnie wi\u0105\u017c\u0105ce umowy mi\u0119dzyrz\u0105dowe (konwencje Rady Europy) celem zachowania wsp\u00f3lnego dziedzictwa oraz wsparcia post\u0119pu gospodarczego i spo\u0142ecznego.<\/p>\n\n\n\n<p>Jeden z najwi\u0119kszych sukces\u00f3w Rady Europy \u2013 to jest Konwencja o ochronie praw cz\u0142owieka i podstawowych wolno\u015bci z 1950 roku, kt\u00f3ra jest podstaw\u0105 do Europejskiego Trybuna\u0142u Praw Cz\u0142owieka. Europejski Trybuna\u0142 Praw Cz\u0142owieka nie wchodzi do sk\u0142adu jednostek Rady Europy, a tylko dzia\u0142a przy niej. Europejski Trybuna\u0142 Praw Cz\u0142owieka zosta\u0142 za\u0142o\u017cony w spos\u00f3b podj\u0119cia Konwencji o ochronie praw cz\u0142owieka i podstawowych wolno\u015bci.<\/p>\n\n\n\n<p>Republika Federalna Niemiec do\u0142\u0105czona zosta\u0142a do Rady Europy w roku 1951, Hiszpania \u2013 w roku 1977, Polska \u2013 w 1991, Ukraina &#8211; w 1995. Dnia 9 listopada 1995 r. odby\u0142a si\u0119 uroczysta ceremonia przyst\u0105pienia Ukrainy do Rady Europy, w kt\u00f3rej wzi\u0119\u0142a udzia\u0142 delegacja Ukrainy na czele z premierem Ukrainy.<\/p>\n\n\n\n<p>Urz\u0119dowymi j\u0119zykami Rady Europy s\u0105 j\u0119zyk angielski i j\u0119zyk francuzki, ale niemiecki, w\u0142oski i rosyjski s\u0105 r\u00f3wnie\u017c u\u017cywane jako j\u0119zyki robocze podczas sesji Zgromadzenia Parlamentarnego. Pod pewnymi warunkami dyskusje mog\u0105 by\u0107 r\u00f3wnie\u017c t\u0142umaczone na inne j\u0119zyki.<\/p>\n\n\n\n<p><strong>Biuro Rady Europy w Ukrainie<\/strong> oficjalnie zacz\u0119\u0142o swoj\u0105 prac\u0119 dnia 6 pa\u017adziernika 2006 roku. Biuro wspiera realizacj\u0119 misji Rady Europy w kraju co do ochrony praw cz\u0142owieka, wsparcia demokracji oraz zapewnienia praworz\u0105dno\u015bci, a tak\u017ce dokona koordynacj\u0119 oraz zapewnia realizacj\u0119 projekt\u00f3w i program\u00f3w wsp\u00f3\u0142pracy.<\/p>\n\n\n\n<p><strong>Adres Biura: <\/strong><\/p>\n\n\n\n<div class=\"wp-block-columns is-layout-flex wp-container-3\">\n<div class=\"wp-block-column is-layout-flow\">\n<p><strong>Biuro Rady Europy w Ukrainie<\/strong>, <br>ul. Illi\u0144ska, 8, wej\u015bcie 7, pi\u0119tro 6, <br>Kij\u00f3w, 04070 Ukraina<\/p>\n<\/div>\n\n\n\n<div class=\"wp-block-column is-layout-flow\">\n<p>Tel.<strong>+38 044 425 60 01<\/strong>, <br><strong>+38 044 425 02 62<\/strong> <br>E-mail: <strong><a href=\"mailto:kyiv@coe.int\">kyiv@coe.int<\/a><\/strong><\/p>\n<\/div>\n<\/div>\n","protected":false},"excerpt":{"rendered":"<p>Cz\u0142onkostwo otwarte jest dla wszystkich pa\u0144stw Europy, uznaj\u0105cych zasad\u0119 praworz\u0105dno\u015bci oraz gwarantuj\u0105cych podstawowe prawa cz\u0142owieka i wolno\u015bci dla swoich obywateli. Cel Rady Europy (dalej &#8211; RE) \u2013 to jest osi\u0105gni\u0119cie&#8230;<\/p>\n","protected":false},"author":2,"featured_media":0,"parent":0,"menu_order":41,"comment_status":"closed","ping_status":"closed","template":"","meta":[],"acf":[],"yoast_head":"<!-- This site is optimized with the Yoast SEO plugin v27.4 - https:\/\/yoast.com\/product\/yoast-seo-wordpress\/ -->\n<title>O Radzie Europy - ViaRegiaUkraine<\/title>\n<meta name=\"robots\" content=\"index, follow, max-snippet:-1, max-image-preview:large, max-video-preview:-1\" \/>\n<link rel=\"canonical\" href=\"https:\/\/via-regia.org.ua\/pl\/rada-europy\/\" \/>\n<meta property=\"og:locale\" content=\"pl_PL\" \/>\n<meta property=\"og:type\" content=\"article\" \/>\n<meta property=\"og:title\" content=\"O Radzie Europy - ViaRegiaUkraine\" \/>\n<meta property=\"og:description\" content=\"Cz\u0142onkostwo otwarte jest dla wszystkich pa\u0144stw Europy, uznaj\u0105cych zasad\u0119 praworz\u0105dno\u015bci oraz gwarantuj\u0105cych podstawowe prawa cz\u0142owieka i wolno\u015bci dla swoich obywateli. Cel Rady Europy (dalej &#8211; RE) \u2013 to jest osi\u0105gni\u0119cie...\" \/>\n<meta property=\"og:url\" content=\"https:\/\/via-regia.org.ua\/pl\/rada-europy\/\" \/>\n<meta property=\"og:site_name\" content=\"ViaRegiaUkraine\" \/>\n<meta property=\"article:modified_time\" content=\"2021-11-14T21:36:24+00:00\" \/>\n<meta name=\"twitter:card\" content=\"summary_large_image\" \/>\n<meta name=\"twitter:label1\" content=\"Szacowany czas czytania\" \/>\n\t<meta name=\"twitter:data1\" content=\"3 minuty\" \/>\n<script type=\"application\/ld+json\" class=\"yoast-schema-graph\">{\"@context\":\"https:\\\/\\\/schema.org\",\"@graph\":[{\"@type\":\"WebPage\",\"@id\":\"https:\\\/\\\/via-regia.org.ua\\\/pl\\\/rada-europy\\\/\",\"url\":\"https:\\\/\\\/via-regia.org.ua\\\/pl\\\/rada-europy\\\/\",\"name\":\"O Radzie Europy - ViaRegiaUkraine\",\"isPartOf\":{\"@id\":\"https:\\\/\\\/via-regia.org.ua\\\/#website\"},\"datePublished\":\"2020-10-24T13:54:51+00:00\",\"dateModified\":\"2021-11-14T21:36:24+00:00\",\"breadcrumb\":{\"@id\":\"https:\\\/\\\/via-regia.org.ua\\\/pl\\\/rada-europy\\\/#breadcrumb\"},\"inLanguage\":\"pl-PL\",\"potentialAction\":[{\"@type\":\"ReadAction\",\"target\":[\"https:\\\/\\\/via-regia.org.ua\\\/pl\\\/rada-europy\\\/\"]}]},{\"@type\":\"BreadcrumbList\",\"@id\":\"https:\\\/\\\/via-regia.org.ua\\\/pl\\\/rada-europy\\\/#breadcrumb\",\"itemListElement\":[{\"@type\":\"ListItem\",\"position\":1,\"name\":\"\u0413\u043e\u043b\u043e\u0432\u043d\u0430 \u0421\u0442\u043e\u0440\u0456\u043d\u043a\u0430\",\"item\":\"https:\\\/\\\/via-regia.org.ua\\\/pl\\\/\"},{\"@type\":\"ListItem\",\"position\":2,\"name\":\"O Radzie Europy\"}]},{\"@type\":\"WebSite\",\"@id\":\"https:\\\/\\\/via-regia.org.ua\\\/#website\",\"url\":\"https:\\\/\\\/via-regia.org.ua\\\/\",\"name\":\"ViaRegiaUkraine\",\"description\":\"\",\"potentialAction\":[{\"@type\":\"SearchAction\",\"target\":{\"@type\":\"EntryPoint\",\"urlTemplate\":\"https:\\\/\\\/via-regia.org.ua\\\/?s={search_term_string}\"},\"query-input\":{\"@type\":\"PropertyValueSpecification\",\"valueRequired\":true,\"valueName\":\"search_term_string\"}}],\"inLanguage\":\"pl-PL\"}]}<\/script>\n<!-- \/ Yoast SEO plugin. -->","yoast_head_json":{"title":"O Radzie Europy - ViaRegiaUkraine","robots":{"index":"index","follow":"follow","max-snippet":"max-snippet:-1","max-image-preview":"max-image-preview:large","max-video-preview":"max-video-preview:-1"},"canonical":"https:\/\/via-regia.org.ua\/pl\/rada-europy\/","og_locale":"pl_PL","og_type":"article","og_title":"O Radzie Europy - ViaRegiaUkraine","og_description":"Cz\u0142onkostwo otwarte jest dla wszystkich pa\u0144stw Europy, uznaj\u0105cych zasad\u0119 praworz\u0105dno\u015bci oraz gwarantuj\u0105cych podstawowe prawa cz\u0142owieka i wolno\u015bci dla swoich obywateli. Cel Rady Europy (dalej &#8211; RE) \u2013 to jest osi\u0105gni\u0119cie...","og_url":"https:\/\/via-regia.org.ua\/pl\/rada-europy\/","og_site_name":"ViaRegiaUkraine","article_modified_time":"2021-11-14T21:36:24+00:00","twitter_card":"summary_large_image","twitter_misc":{"Szacowany czas czytania":"3 minuty"},"schema":{"@context":"https:\/\/schema.org","@graph":[{"@type":"WebPage","@id":"https:\/\/via-regia.org.ua\/pl\/rada-europy\/","url":"https:\/\/via-regia.org.ua\/pl\/rada-europy\/","name":"O Radzie Europy - ViaRegiaUkraine","isPartOf":{"@id":"https:\/\/via-regia.org.ua\/#website"},"datePublished":"2020-10-24T13:54:51+00:00","dateModified":"2021-11-14T21:36:24+00:00","breadcrumb":{"@id":"https:\/\/via-regia.org.ua\/pl\/rada-europy\/#breadcrumb"},"inLanguage":"pl-PL","potentialAction":[{"@type":"ReadAction","target":["https:\/\/via-regia.org.ua\/pl\/rada-europy\/"]}]},{"@type":"BreadcrumbList","@id":"https:\/\/via-regia.org.ua\/pl\/rada-europy\/#breadcrumb","itemListElement":[{"@type":"ListItem","position":1,"name":"\u0413\u043e\u043b\u043e\u0432\u043d\u0430 \u0421\u0442\u043e\u0440\u0456\u043d\u043a\u0430","item":"https:\/\/via-regia.org.ua\/pl\/"},{"@type":"ListItem","position":2,"name":"O Radzie Europy"}]},{"@type":"WebSite","@id":"https:\/\/via-regia.org.ua\/#website","url":"https:\/\/via-regia.org.ua\/","name":"ViaRegiaUkraine","description":"","potentialAction":[{"@type":"SearchAction","target":{"@type":"EntryPoint","urlTemplate":"https:\/\/via-regia.org.ua\/?s={search_term_string}"},"query-input":{"@type":"PropertyValueSpecification","valueRequired":true,"valueName":"search_term_string"}}],"inLanguage":"pl-PL"}]}},"_links":{"self":[{"href":"https:\/\/via-regia.org.ua\/pl\/wp-json\/wp\/v2\/pages\/4914"}],"collection":[{"href":"https:\/\/via-regia.org.ua\/pl\/wp-json\/wp\/v2\/pages"}],"about":[{"href":"https:\/\/via-regia.org.ua\/pl\/wp-json\/wp\/v2\/types\/page"}],"author":[{"embeddable":true,"href":"https:\/\/via-regia.org.ua\/pl\/wp-json\/wp\/v2\/users\/2"}],"replies":[{"embeddable":true,"href":"https:\/\/via-regia.org.ua\/pl\/wp-json\/wp\/v2\/comments?post=4914"}],"version-history":[{"count":2,"href":"https:\/\/via-regia.org.ua\/pl\/wp-json\/wp\/v2\/pages\/4914\/revisions"}],"predecessor-version":[{"id":4916,"href":"https:\/\/via-regia.org.ua\/pl\/wp-json\/wp\/v2\/pages\/4914\/revisions\/4916"}],"wp:attachment":[{"href":"https:\/\/via-regia.org.ua\/pl\/wp-json\/wp\/v2\/media?parent=4914"}],"curies":[{"name":"wp","href":"https:\/\/api.w.org\/{rel}","templated":true}]}}