{"id":4917,"date":"2020-10-24T14:05:21","date_gmt":"2020-10-24T14:05:21","guid":{"rendered":"https:\/\/via-regia.org.ua\/?page_id=4917"},"modified":"2021-11-14T21:47:47","modified_gmt":"2021-11-14T21:47:47","slug":"szlaki-kulturowe-rady-europy","status":"publish","type":"page","link":"https:\/\/via-regia.org.ua\/pl\/szlaki-kulturowe-rady-europy\/","title":{"rendered":"Szlaki Kulturowe Rady Europy"},"content":{"rendered":"\n<div class=\"wp-block-ws-letter-el first_letter\">Europejskie Szlaki Kulturowe \u2013 to s\u0105 szlaki, przebiegaj\u0105ce przez jeden albo kilku kraj\u00f3w albo region\u00f3w, kt\u00f3re zajmuj\u0105 si\u0119 tematami, b\u0119d\u0105cymi wobec interes\u00f3w historycznych, artystycznych oraz spo\u0142ecznych europejskimi albo wed\u0142ug geograficznej lokalizacji szlak\u00f3w, albo wed\u0142ug tre\u015bci i znaczenia.<\/div>\n\n\n\n<p>Program \u201eMarszruty Kulturowe\u201d (Dyrekcja Generalna ds. Demokracji) zosta\u0142 uruchomiony przez Rad\u0119 Europy w roku 1987 z powstaniem Deklaracji Santiago de Compostela.<\/p>\n\n\n\n<p>Powy\u017cej 30 marszrut kulturowych Rady Europy zapewniaj\u0105 mn\u00f3stwo imprez atrakcyjnych i edukacyjnych dla wszystkich obywateli Europy i za jej granicami oraz s\u0105 zasobami kluczowymi dla turystyki odpowiedzialnej i sta\u0142ego rozwoju. Obejmuj\u0105 ca\u0142y szereg r\u00f3\u017cnych temat\u00f3w \u2013 od architektury i krajobrazu do oddzia\u0142ywa\u0144 religijnych, od gastronomii i dziedzictwa niematerialnego do postaci podstawowych sztuki europejskiej, muzyki i literatury.<\/p>\n\n\n\n<p>Certyfikacja Rady Europy m\u00f3wi o wysokiej jako\u015bci Marszruty Kulturowej. Sieci realizuj\u0105 dzia\u0142alno\u015b\u0107 innowacyjn\u0105 i projekty, dotycz\u0105ce pi\u0119ciu podstawowych priorytetowych stref dzia\u0142alno\u015bci:<\/p>\n\n\n\n<ul class=\"wp-block-list\"><li>wsp\u00f3\u0142praca w dziedzinie bada\u0144 i opracowa\u0144<\/li><li>polepszenie pami\u0119ci, historii i dziedzictwa europejskiego<\/li><li>wymiany kulturowe i edukacyjne dla m\u0142odych Europejczyk\u00f3w<\/li><li>wsp\u00f3\u0142czesne praktyki kulturowo-artystyczne<\/li><li>turystyka kulturowa oraz ci\u0105g\u0142y rozw\u00f3j kulturowy<\/li><\/ul>\n\n\n\n<p>Dzi\u0119ki swojemu programu Rada Europy oferuje model ponadnarodowego zarz\u0105dzania kultur\u0105 i turystyk\u0105 oraz zapewnia wsp\u00f3\u0142prac\u0119 mi\u0119dzy krajowymi, regionalnymi, lokalnymi w\u0142adzami, a tak\u017ce szerokim ko\u0142em stowarzysze\u0144 i podmiot\u00f3w spo\u0142eczno-gospodarczych.<\/p>\n\n\n\n<p>Pierwsze\u0144stwem dr\u00f3g zawsze jest kultura. Badanie naukowe, wychowanie, dziedzictwo kulturowe, turystyka kulturowa \u2013 to jest cel pochodny. Prawid\u0142owa ocena i zachowanie dziedzictwa architektonicznego i kulturowego \u2013 to s\u0105 wa\u017cne cele programu.<\/p>\n\n\n\n<p>W roku 2019 naliczyli\u015bmy 38 marszrut kulturowych Rady Europy z bardzo r\u00f3\u017cnymi tematami, kt\u00f3re ilustruj\u0105 europejsk\u0105 pami\u0119\u0107, histori\u0119, dziedzictwo oraz wspieraj\u0105 interpretacj\u0119 r\u00f3\u017cnorodno\u015bci wsp\u00f3\u0142czesnej Europy.<\/p>\n\n\n\n<p>Tytu\u0142 \u201eMajor Cultural Route of the Council of Europe\u201c (\u201eWielkie Szlaki Kulturowe Rady Europy\u201c) jest wyr\u00f3\u017anieniem, kt\u00f3re Rada Europy udziela europejskim urz\u0119dom inicjatywnym w oparciu o g\u0142\u00f3wne punkty i miejsca z wielkim znaczeniem historycznym oraz kt\u00f3re wsp\u00f3lnie dzia\u0142aj\u0105 celem ochrony warto\u015bci kulturalnych, wymiany informacji i do\u015bwiadczenia, nowych form spotka\u0144 m\u0142odzie\u017cy Europy, nowych form turystyki, nowej oceny nieznanych obiekt\u00f3w dziedzictwa kulturowego oraz kszta\u0142tuj\u0105 w tym celu sieci dla pracy interdyscyplinarnej.<\/p>\n\n\n\n<p>Sie\u0107 \u201eVia Regia \u2013 Szlaki Kulturowe Rady Europy\u201c zosta\u0142a oficjalnie za\u0142o\u017cona w ko\u0144cu roku 2009. To odpowiada wymaganiom, kt\u00f3re Rada Europy stawia strukturze wszystkich projekt\u00f3w dr\u00f3g kulturowych, oraz zosta\u0142o potwierdzono przez Komitet Koordynacyjny Rady Europy. Sie\u0107 jest jedynym posiadaczem tytu\u0142u \u201eVia Regia \u2013 Szlaki Kulturowe Rady Europy\u201d. W taki spos\u00f3b ka\u017cdy cz\u0142onek sieci tak\u017ce jest posiadaczem tytu\u0142u i mo\u017ce stosowa\u0107 go do swego marketingu miejskiego oraz reklamy wizerunkowej.<\/p>\n\n\n\n<p><strong>Koordynator sieci Via Regia w Ukrainie:<\/strong><\/p>\n\n\n\n<p>Organizacja Publiczna \u201eStowarzyszenie Centr\u00f3w Kultury i Sztuki Via Regia Ukraina\u201d<br>ul. Zamkowa, 7\u0410, <br>m. Dubno, <br>obw\u00f3d R\u00f3wie\u0144ski, <br>Ukraina 35600<br>E-mail: viaregiainukraine@gmail.com<\/p>\n\n\n\n<ul class=\"wp-block-social-links is-layout-flex wp-block-social-links-is-layout-flex\"><li class=\"wp-social-link wp-social-link-facebook  wp-block-social-link\"><a href=\"https:\/\/www.facebook.com\/viaregiainukraine\" class=\"wp-block-social-link-anchor\"><svg width=\"24\" height=\"24\" viewBox=\"0 0 24 24\" version=\"1.1\" xmlns=\"http:\/\/www.w3.org\/2000\/svg\" aria-hidden=\"true\" focusable=\"false\"><path d=\"M12 2C6.5 2 2 6.5 2 12c0 5 3.7 9.1 8.4 9.9v-7H7.9V12h2.5V9.8c0-2.5 1.5-3.9 3.8-3.9 1.1 0 2.2.2 2.2.2v2.5h-1.3c-1.2 0-1.6.8-1.6 1.6V12h2.8l-.4 2.9h-2.3v7C18.3 21.1 22 17 22 12c0-5.5-4.5-10-10-10z\"><\/path><\/svg><span class=\"wp-block-social-link-label screen-reader-text\">Facebook<\/span><\/a><\/li>\n\n<li class=\"wp-social-link wp-social-link-youtube  wp-block-social-link\"><a href=\"https:\/\/www.youtube.com\/c\/ViaRegiaUkraine\" class=\"wp-block-social-link-anchor\"><svg width=\"24\" height=\"24\" viewBox=\"0 0 24 24\" version=\"1.1\" xmlns=\"http:\/\/www.w3.org\/2000\/svg\" aria-hidden=\"true\" focusable=\"false\"><path d=\"M21.8,8.001c0,0-0.195-1.378-0.795-1.985c-0.76-0.797-1.613-0.801-2.004-0.847c-2.799-0.202-6.997-0.202-6.997-0.202 h-0.009c0,0-4.198,0-6.997,0.202C4.608,5.216,3.756,5.22,2.995,6.016C2.395,6.623,2.2,8.001,2.2,8.001S2,9.62,2,11.238v1.517 c0,1.618,0.2,3.237,0.2,3.237s0.195,1.378,0.795,1.985c0.761,0.797,1.76,0.771,2.205,0.855c1.6,0.153,6.8,0.201,6.8,0.201 s4.203-0.006,7.001-0.209c0.391-0.047,1.243-0.051,2.004-0.847c0.6-0.607,0.795-1.985,0.795-1.985s0.2-1.618,0.2-3.237v-1.517 C22,9.62,21.8,8.001,21.8,8.001z M9.935,14.594l-0.001-5.62l5.404,2.82L9.935,14.594z\"><\/path><\/svg><span class=\"wp-block-social-link-label screen-reader-text\">YouTube<\/span><\/a><\/li>\n\n<li class=\"wp-social-link wp-social-link-instagram  wp-block-social-link\"><a href=\"https:\/\/www.instagram.com\/viaregiaukraine\/\" class=\"wp-block-social-link-anchor\"><svg width=\"24\" height=\"24\" viewBox=\"0 0 24 24\" version=\"1.1\" xmlns=\"http:\/\/www.w3.org\/2000\/svg\" aria-hidden=\"true\" focusable=\"false\"><path d=\"M12,4.622c2.403,0,2.688,0.009,3.637,0.052c0.877,0.04,1.354,0.187,1.671,0.31c0.42,0.163,0.72,0.358,1.035,0.673 c0.315,0.315,0.51,0.615,0.673,1.035c0.123,0.317,0.27,0.794,0.31,1.671c0.043,0.949,0.052,1.234,0.052,3.637 s-0.009,2.688-0.052,3.637c-0.04,0.877-0.187,1.354-0.31,1.671c-0.163,0.42-0.358,0.72-0.673,1.035 c-0.315,0.315-0.615,0.51-1.035,0.673c-0.317,0.123-0.794,0.27-1.671,0.31c-0.949,0.043-1.233,0.052-3.637,0.052 s-2.688-0.009-3.637-0.052c-0.877-0.04-1.354-0.187-1.671-0.31c-0.42-0.163-0.72-0.358-1.035-0.673 c-0.315-0.315-0.51-0.615-0.673-1.035c-0.123-0.317-0.27-0.794-0.31-1.671C4.631,14.688,4.622,14.403,4.622,12 s0.009-2.688,0.052-3.637c0.04-0.877,0.187-1.354,0.31-1.671c0.163-0.42,0.358-0.72,0.673-1.035 c0.315-0.315,0.615-0.51,1.035-0.673c0.317-0.123,0.794-0.27,1.671-0.31C9.312,4.631,9.597,4.622,12,4.622 M12,3 C9.556,3,9.249,3.01,8.289,3.054C7.331,3.098,6.677,3.25,6.105,3.472C5.513,3.702,5.011,4.01,4.511,4.511 c-0.5,0.5-0.808,1.002-1.038,1.594C3.25,6.677,3.098,7.331,3.054,8.289C3.01,9.249,3,9.556,3,12c0,2.444,0.01,2.751,0.054,3.711 c0.044,0.958,0.196,1.612,0.418,2.185c0.23,0.592,0.538,1.094,1.038,1.594c0.5,0.5,1.002,0.808,1.594,1.038 c0.572,0.222,1.227,0.375,2.185,0.418C9.249,20.99,9.556,21,12,21s2.751-0.01,3.711-0.054c0.958-0.044,1.612-0.196,2.185-0.418 c0.592-0.23,1.094-0.538,1.594-1.038c0.5-0.5,0.808-1.002,1.038-1.594c0.222-0.572,0.375-1.227,0.418-2.185 C20.99,14.751,21,14.444,21,12s-0.01-2.751-0.054-3.711c-0.044-0.958-0.196-1.612-0.418-2.185c-0.23-0.592-0.538-1.094-1.038-1.594 c-0.5-0.5-1.002-0.808-1.594-1.038c-0.572-0.222-1.227-0.375-2.185-0.418C14.751,3.01,14.444,3,12,3L12,3z M12,7.378 c-2.552,0-4.622,2.069-4.622,4.622S9.448,16.622,12,16.622s4.622-2.069,4.622-4.622S14.552,7.378,12,7.378z M12,15 c-1.657,0-3-1.343-3-3s1.343-3,3-3s3,1.343,3,3S13.657,15,12,15z M16.804,6.116c-0.596,0-1.08,0.484-1.08,1.08 s0.484,1.08,1.08,1.08c0.596,0,1.08-0.484,1.08-1.08S17.401,6.116,16.804,6.116z\"><\/path><\/svg><span class=\"wp-block-social-link-label screen-reader-text\">Instagram<\/span><\/a><\/li><\/ul>\n","protected":false},"excerpt":{"rendered":"<p>Program \u201eMarszruty Kulturowe\u201d (Dyrekcja Generalna ds. Demokracji) zosta\u0142 uruchomiony przez Rad\u0119 Europy w roku 1987 z powstaniem Deklaracji Santiago de Compostela. Powy\u017cej 30 marszrut kulturowych Rady Europy zapewniaj\u0105 mn\u00f3stwo imprez&#8230;<\/p>\n","protected":false},"author":2,"featured_media":0,"parent":0,"menu_order":39,"comment_status":"closed","ping_status":"closed","template":"","meta":{"_acf_changed":false,"footnotes":""},"class_list":["post-4917","page","type-page","status-publish","hentry"],"acf":[],"yoast_head":"<!-- This site is optimized with the Yoast SEO plugin v27.6 - https:\/\/yoast.com\/product\/yoast-seo-wordpress\/ -->\n<title>Szlaki Kulturowe Rady Europy - ViaRegiaUkraine<\/title>\n<meta name=\"robots\" content=\"index, follow, max-snippet:-1, max-image-preview:large, max-video-preview:-1\" \/>\n<link rel=\"canonical\" href=\"https:\/\/via-regia.org.ua\/pl\/szlaki-kulturowe-rady-europy\/\" \/>\n<meta property=\"og:locale\" content=\"pl_PL\" \/>\n<meta property=\"og:type\" content=\"article\" \/>\n<meta property=\"og:title\" content=\"Szlaki Kulturowe Rady Europy - ViaRegiaUkraine\" \/>\n<meta property=\"og:description\" content=\"Program \u201eMarszruty Kulturowe\u201d (Dyrekcja Generalna ds. Demokracji) zosta\u0142 uruchomiony przez Rad\u0119 Europy w roku 1987 z powstaniem Deklaracji Santiago de Compostela. Powy\u017cej 30 marszrut kulturowych Rady Europy zapewniaj\u0105 mn\u00f3stwo imprez...\" \/>\n<meta property=\"og:url\" content=\"https:\/\/via-regia.org.ua\/pl\/szlaki-kulturowe-rady-europy\/\" \/>\n<meta property=\"og:site_name\" content=\"ViaRegiaUkraine\" \/>\n<meta property=\"article:modified_time\" content=\"2021-11-14T21:47:47+00:00\" \/>\n<meta name=\"twitter:card\" content=\"summary_large_image\" \/>\n<meta name=\"twitter:label1\" content=\"Szacowany czas czytania\" \/>\n\t<meta name=\"twitter:data1\" content=\"2 minuty\" \/>\n<script type=\"application\/ld+json\" class=\"yoast-schema-graph\">{\"@context\":\"https:\\\/\\\/schema.org\",\"@graph\":[{\"@type\":\"WebPage\",\"@id\":\"https:\\\/\\\/via-regia.org.ua\\\/pl\\\/szlaki-kulturowe-rady-europy\\\/\",\"url\":\"https:\\\/\\\/via-regia.org.ua\\\/pl\\\/szlaki-kulturowe-rady-europy\\\/\",\"name\":\"Szlaki Kulturowe Rady Europy - ViaRegiaUkraine\",\"isPartOf\":{\"@id\":\"https:\\\/\\\/via-regia.org.ua\\\/#website\"},\"datePublished\":\"2020-10-24T14:05:21+00:00\",\"dateModified\":\"2021-11-14T21:47:47+00:00\",\"breadcrumb\":{\"@id\":\"https:\\\/\\\/via-regia.org.ua\\\/pl\\\/szlaki-kulturowe-rady-europy\\\/#breadcrumb\"},\"inLanguage\":\"pl-PL\",\"potentialAction\":[{\"@type\":\"ReadAction\",\"target\":[\"https:\\\/\\\/via-regia.org.ua\\\/pl\\\/szlaki-kulturowe-rady-europy\\\/\"]}]},{\"@type\":\"BreadcrumbList\",\"@id\":\"https:\\\/\\\/via-regia.org.ua\\\/pl\\\/szlaki-kulturowe-rady-europy\\\/#breadcrumb\",\"itemListElement\":[{\"@type\":\"ListItem\",\"position\":1,\"name\":\"\u0413\u043e\u043b\u043e\u0432\u043d\u0430 \u0421\u0442\u043e\u0440\u0456\u043d\u043a\u0430\",\"item\":\"https:\\\/\\\/via-regia.org.ua\\\/pl\\\/\"},{\"@type\":\"ListItem\",\"position\":2,\"name\":\"Szlaki Kulturowe Rady Europy\"}]},{\"@type\":\"WebSite\",\"@id\":\"https:\\\/\\\/via-regia.org.ua\\\/#website\",\"url\":\"https:\\\/\\\/via-regia.org.ua\\\/\",\"name\":\"ViaRegiaUkraine\",\"description\":\"\",\"potentialAction\":[{\"@type\":\"SearchAction\",\"target\":{\"@type\":\"EntryPoint\",\"urlTemplate\":\"https:\\\/\\\/via-regia.org.ua\\\/?s={search_term_string}\"},\"query-input\":{\"@type\":\"PropertyValueSpecification\",\"valueRequired\":true,\"valueName\":\"search_term_string\"}}],\"inLanguage\":\"pl-PL\"}]}<\/script>\n<!-- \/ Yoast SEO plugin. -->","yoast_head_json":{"title":"Szlaki Kulturowe Rady Europy - ViaRegiaUkraine","robots":{"index":"index","follow":"follow","max-snippet":"max-snippet:-1","max-image-preview":"max-image-preview:large","max-video-preview":"max-video-preview:-1"},"canonical":"https:\/\/via-regia.org.ua\/pl\/szlaki-kulturowe-rady-europy\/","og_locale":"pl_PL","og_type":"article","og_title":"Szlaki Kulturowe Rady Europy - ViaRegiaUkraine","og_description":"Program \u201eMarszruty Kulturowe\u201d (Dyrekcja Generalna ds. Demokracji) zosta\u0142 uruchomiony przez Rad\u0119 Europy w roku 1987 z powstaniem Deklaracji Santiago de Compostela. Powy\u017cej 30 marszrut kulturowych Rady Europy zapewniaj\u0105 mn\u00f3stwo imprez...","og_url":"https:\/\/via-regia.org.ua\/pl\/szlaki-kulturowe-rady-europy\/","og_site_name":"ViaRegiaUkraine","article_modified_time":"2021-11-14T21:47:47+00:00","twitter_card":"summary_large_image","twitter_misc":{"Szacowany czas czytania":"2 minuty"},"schema":{"@context":"https:\/\/schema.org","@graph":[{"@type":"WebPage","@id":"https:\/\/via-regia.org.ua\/pl\/szlaki-kulturowe-rady-europy\/","url":"https:\/\/via-regia.org.ua\/pl\/szlaki-kulturowe-rady-europy\/","name":"Szlaki Kulturowe Rady Europy - ViaRegiaUkraine","isPartOf":{"@id":"https:\/\/via-regia.org.ua\/#website"},"datePublished":"2020-10-24T14:05:21+00:00","dateModified":"2021-11-14T21:47:47+00:00","breadcrumb":{"@id":"https:\/\/via-regia.org.ua\/pl\/szlaki-kulturowe-rady-europy\/#breadcrumb"},"inLanguage":"pl-PL","potentialAction":[{"@type":"ReadAction","target":["https:\/\/via-regia.org.ua\/pl\/szlaki-kulturowe-rady-europy\/"]}]},{"@type":"BreadcrumbList","@id":"https:\/\/via-regia.org.ua\/pl\/szlaki-kulturowe-rady-europy\/#breadcrumb","itemListElement":[{"@type":"ListItem","position":1,"name":"\u0413\u043e\u043b\u043e\u0432\u043d\u0430 \u0421\u0442\u043e\u0440\u0456\u043d\u043a\u0430","item":"https:\/\/via-regia.org.ua\/pl\/"},{"@type":"ListItem","position":2,"name":"Szlaki Kulturowe Rady Europy"}]},{"@type":"WebSite","@id":"https:\/\/via-regia.org.ua\/#website","url":"https:\/\/via-regia.org.ua\/","name":"ViaRegiaUkraine","description":"","potentialAction":[{"@type":"SearchAction","target":{"@type":"EntryPoint","urlTemplate":"https:\/\/via-regia.org.ua\/?s={search_term_string}"},"query-input":{"@type":"PropertyValueSpecification","valueRequired":true,"valueName":"search_term_string"}}],"inLanguage":"pl-PL"}]}},"_links":{"self":[{"href":"https:\/\/via-regia.org.ua\/pl\/wp-json\/wp\/v2\/pages\/4917","targetHints":{"allow":["GET"]}}],"collection":[{"href":"https:\/\/via-regia.org.ua\/pl\/wp-json\/wp\/v2\/pages"}],"about":[{"href":"https:\/\/via-regia.org.ua\/pl\/wp-json\/wp\/v2\/types\/page"}],"author":[{"embeddable":true,"href":"https:\/\/via-regia.org.ua\/pl\/wp-json\/wp\/v2\/users\/2"}],"replies":[{"embeddable":true,"href":"https:\/\/via-regia.org.ua\/pl\/wp-json\/wp\/v2\/comments?post=4917"}],"version-history":[{"count":2,"href":"https:\/\/via-regia.org.ua\/pl\/wp-json\/wp\/v2\/pages\/4917\/revisions"}],"predecessor-version":[{"id":4919,"href":"https:\/\/via-regia.org.ua\/pl\/wp-json\/wp\/v2\/pages\/4917\/revisions\/4919"}],"wp:attachment":[{"href":"https:\/\/via-regia.org.ua\/pl\/wp-json\/wp\/v2\/media?parent=4917"}],"curies":[{"name":"wp","href":"https:\/\/api.w.org\/{rel}","templated":true}]}}