{"id":4952,"date":"2020-10-21T05:37:10","date_gmt":"2020-10-21T05:37:10","guid":{"rendered":"https:\/\/via-regia.org.ua\/?page_id=4952"},"modified":"2021-11-15T16:21:30","modified_gmt":"2021-11-15T16:21:30","slug":"dziedzictwo-kulturowe","status":"publish","type":"page","link":"https:\/\/via-regia.org.ua\/pl\/dziedzictwo-kulturowe\/","title":{"rendered":"Materialne i niematerialne dziedzictwo kulturowe"},"content":{"rendered":"\n<div class=\"wp-block-ws-section-el cover_section\" id=\"dfg\" style=\"padding-top:0px;padding-bottom:0px;margin-top:50px;margin-bottom:50px;background-color:#ffffff;width:100%;display:block\"><div class=\"section-wrapper\" style=\"margin:0 auto;width:100%;max-width:1200px;display:block\">\n<blockquote class=\"wp-block-quote is-style-large is-layout-flow wp-block-quote-is-layout-flow\"><p>\u201cBez j\u0119zyka ojczystego, m\u0142ody cz\u0142owieku, nie ma naszych ludzi\u201d<\/p><cite><em>W. Sosiura<\/em><\/cite><\/blockquote>\n<\/div><\/div>\n\n\n\n<div class=\"wp-block-ws-section-el cover_section\" style=\"padding-top:0px;padding-bottom:0px;margin-top:0px;margin-bottom:0px;background-color:#ffffff;width:100%;display:block\"><div class=\"section-wrapper\" style=\"margin:0 auto;width:100%;max-width:1200px;display:block\">\n<div class=\"wp-block-ws-letter-el first_letter\">Dziedzictwo kulturowe ka\u017cdego narodu \u2013 to nie tylko zbi\u00f3r warto\u015bci kulturowych odziedziczonych przez wsp\u00f3\u0142czesnych ludzi z poprzednich pokole\u0144. To jest \u017ar\u00f3d\u0142o \u017cycia, z kt\u00f3rego czerpie ka\u017cdy nar\u00f3d, ka\u017cdy lud oraz bez kt\u00f3rego niemo\u017cliwy jest skuteczny rozw\u00f3j pa\u0144stwa.<\/div>\n\n\n\n<p>Podr\u00f3\u017cuj\u0105c do r\u00f3\u017cnych kraj\u00f3w najpierw badamy kultur\u0119 pewnego narodu, jego warto\u015bci duchowe, tradycje i wiar\u0119, studiujemy j\u0119zyk, staramy si\u0119 zrozumie\u0107 ich istot\u0119. I odpowied\u017a do takiego rozumienia znajduje si\u0119 w w g\u0142\u0119bi kultury ludowej, co wykazywane jest w materialnym i niematerialnym dziedzictwie kulturowym ka\u017cdego narodu.<\/p>\n\n\n\n<p>Pod \u201ematerialnym dziedzictwem kulturowym\u201d rozumiemy: zabytki, zespo\u0142y, miejsca wybitne, a tak\u017ce: zawarto\u015b\u0107 bibliotek, muze\u00f3w, archiw\u00f3w; budynki architektoniczne (cerkwie, klasztory, zamki, pa\u0142acy) i inne zabytki kulturowe i architektoniczne.<\/p>\n\n\n\n<p>W Konwencji UNESCO termin \u201eniematerialne dziedzictwo kulturowe\u201d oznacza zwyczaje, formy ekspozycji i ekspresji, wiedz\u0119 i umiej\u0119tno\u015bci, a tak\u017ce zwi\u0105zane z nimi narz\u0119dzia, przedmioty, artefakty i przestrzenie kulturowe, uznane przez wsp\u00f3lnoty, grupy i w niekt\u00f3rych przypadkach przez pewne osoby jako cz\u0119\u015b\u0107 ich dziedzictwa kulturowego. To niematerialne dziedzictwo kulturowe, kt\u00f3re przekazywane jest z pokolenia na pokolenie i stale jest odtwarzane.<\/p>\n\n\n\n<h3 class=\"has-text-align-center wp-block-heading\"><strong>Obiekty ukrai\u0144skie w Li\u015bcie \u015awiatowego Dziedzictwa UNESCO<\/strong><\/h3>\n\n\n\n<p>7 ukrai\u0144skich pere\u0142 kulturowo-architektonicznych i naturalnych wniesiono do Listy \u015awiatowego Dziedzictwa UNESCO, w szczeg\u00f3lno\u015bci: <\/p>\n\n\n\n<ol class=\"wp-block-list\"><li>Katedra \u015bw. Sofii, \u0141awra Kijowsko-Peczerska i przyleg\u0142e budynki klasztorne (od roku 1990) <\/li><li>Zesp\u00f3\u0142 centrum historycznego miasta Lwowa (od roku 1998) <\/li><li>Geodezyjny \u201e\u0141uk Struve&#8217;a\u201d (od roku 2005) <\/li><li>\u201dRezydencja Metropolit\u00f3w Dalmaty\u0144skich i Bukowi\u0144skich\u201d (teraz \u2013 Czerniowiecki Uniwersytet Narodowy imienia Jurija Fedkowicza) (od roku 2011) <\/li><li>\u201dStaro\u017cytne miasto Chersonez Tawrijski i jego tereny\u201d (od roku 2013) <\/li><li>\u201dCerkwie drewniane regionu Karpackiego Ukrainy i Polski\u201d, wsp\u00f3lna nominacja ukrai\u0144sko-polska (od roku 2013) <\/li><li>Obiekt naturalny: \u201eBukowe dziewicze lasy Karpat i prastare lasy bukowe Niemiec\u201d (od roku 2011).<\/li><\/ol>\n\n\n\n<p>Do wykazu narodowego niematerialnego dziedzictwa kulturowego Ukrainy w\u0142\u0105czono 6 element\u00f3w: <\/p>\n\n\n\n<ul class=\"wp-block-list\"><li>Ceramika Opisznia\u0144ska<\/li><li>Kultura chleba (Kultura i tradycje chleba)<\/li><li>Krolewieckie tkane r\u0119czniki<\/li><li>Malarstwo Petrykowskie<\/li><li>Kosowska ceramika malowana<\/li><li>Pie\u015bnie kozackie Dnipropetrowszczyzn<\/li><\/ul>\n\n\n\n<p>W pa\u017adzierniku 2020 roku zosta\u0142a podj\u0119ta decyzja o tym, \u017ce do tego wykazu tak\u017ce b\u0119dzie do\u0142\u0105czona &#8222;Kultura gotowania barszczu ukrai\u0144skiego&#8221;. Opr\u00f3cz tego, malarstwo Petrykowskie oraz \u201eTradycja Kosowskiej ceramiki malowanej\u201d wprowadzone s\u0105 do listy reprezentatywnej.<\/p>\n<\/div><\/div>\n\n\n\n<div class=\"wp-block-ws-section-el cover_section\" id=\"cultural\" style=\"padding-top:0px;padding-bottom:0px;margin-top:0px;margin-bottom:0px;background-color:#ffffff;width:100%;display:block\"><div class=\"section-wrapper\" style=\"margin:0 auto;width:100%;max-width:1200px;display:block\">\n<div style=\"height:100px\" aria-hidden=\"true\" class=\"wp-block-spacer\"><\/div>\n\n\n<div class=\"cultural_heritage\"><div class=\"cultural_head\"><div class=\"cultural_head__item tab_toggle active\" data-toggle=\"#materialne\">Materialne<\/div><div class=\"cultural_head__item tab_toggle\" data-toggle=\"#niematerialne\">Niematerialne<\/div><\/div><div class=\"cultural_content\"><div class=\"cultural_content__item tab_content active\" id=\"materialne\"><div class=\"materially_item\"><div class=\"photo\"><img decoding=\"async\" src=\"https:\/\/via-regia.org.ua\/wp-content\/uploads\/2020\/10\/kostel-petra-i-pavla5-min.jpg\" alt=\"\"><\/div><div class=\"desc small\"><div class=\"desc_content\"><div class=\"title\">Budynki architektoniczne<\/div><div class=\"desc\">Cerkwie, ko\u015bcio\u0142y, klasztory, twierdzy, zamki, pa\u0142acy i inne zabytki kulturalne i architektoniczne<\/div><a href=\"https:\/\/via-regia.org.ua\/pamyatky-ta-obyekty\/\" class=\"btn\">Obejrze\u0107 obiekty<\/a><\/div><\/div><\/div><div class=\"materially_item\"><div class=\"photo\"><img decoding=\"async\" src=\"https:\/\/via-regia.org.ua\/wp-content\/uploads\/2020\/10\/pamyatnyk-danylu-galyczkomu.jpg\" alt=\"\"><\/div><div class=\"desc small\"><div class=\"desc_content\"><div class=\"title\">Zabytki<\/div><div class=\"desc\">Dzie\u0142a architektury, monumentalnej rze\u017aby i malarstwa, elementy i struktury charakteru archeologicznego, napisy, jaskinie i grupy element\u00f3w, posiadaj\u0105cych wybitn\u0105 warto\u015b\u0107 uniwersaln\u0105 z punktu widzenia historii, sztuki albo nauki<\/div><\/div><\/div><\/div><div class=\"materially_item\"><div class=\"photo\"><img decoding=\"async\" src=\"https:\/\/via-regia.org.ua\/wp-content\/uploads\/2020\/10\/old-books-library.jpg\" alt=\"\"><\/div><div class=\"desc small\"><div class=\"desc_content\"><div class=\"title\">Zawarto\u015b\u0107 bibliotek, muze\u00f3w, archiw\u00f3w<\/div><div class=\"desc\">Obejmuj\u0105 one materia\u0142y drukowane i r\u0119kopisne, a tak\u017ce kopie cyfrowe tych materia\u0142\u00f3w oraz materia\u0142y w postaci elektronicznej\r\n<\/div><\/div><\/div><\/div><div class=\"materially_item\"><div class=\"photo\"><img decoding=\"async\" src=\"https:\/\/via-regia.org.ua\/wp-content\/uploads\/2020\/10\/kiev-pechersk-lavra.jpg\" alt=\"\"><\/div><div class=\"desc small\"><div class=\"desc_content\"><div class=\"title\">Zespo\u0142y<\/div><div class=\"desc\">Grupy oddzielonych albo po\u0142\u0105czonych budynk\u00f3w, architektura, ca\u0142o\u015b\u0107 albo zwi\u0105zek z krajobrazem kt\u00f3rych jest wybitn\u0105 warto\u015bci\u0105 uniwersaln\u0105 z punktu widzenia historii, sztuki albo nauki<\/div><\/div><\/div><\/div><div class=\"materially_item\"><div class=\"photo\"><img decoding=\"async\" src=\"https:\/\/via-regia.org.ua\/wp-content\/uploads\/2020\/10\/landmarks.jpg\" alt=\"\"><\/div><div class=\"desc small\"><div class=\"desc_content\"><div class=\"title\">Miejsca wybitne<\/div><div class=\"desc\">Dzie\u0142a cz\u0142owieka lub wsp\u00f3lne wytwory cz\u0142owieka i natury, a tak\u017ce obszary, \u0142\u0105cznie z archeologicznymi miejscami wybitnymi, kt\u00f3re s\u0105 warto\u015bci\u0105 uniwersaln\u0105 z punktu widzenia historii, estetyki, etnologii albo antropologii<\/div><\/div><\/div><\/div><\/div><div class=\"cultural_content__item tab_content\" id=\"niematerialne\"><div class=\"photo_nomaterially\"><img decoding=\"async\" src=\"https:\/\/via-regia.org.ua\/wp-content\/uploads\/2020\/12\/nematerialna-kulturna-spadshhyna.jpg\" alt=\"\"><\/div><div class=\"nomaterially_item__photo\"><div class=\"photo tab_toggle\" data-toggle=\"#tab_item_1\"><div class=\"animation\"><\/div><img decoding=\"async\" src=\"https:\/\/via-regia.org.ua\/wp-content\/uploads\/2020\/12\/hopak-usni-tradycziyi-600-600-370x370.jpg\" alt=\"\"><\/div><div class=\"photo tab_toggle\" data-toggle=\"#tab_item_2\"><div class=\"animation\"><\/div><img decoding=\"async\" src=\"https:\/\/via-regia.org.ua\/wp-content\/uploads\/2020\/12\/vykonavske-mystecztvo-600-600-370x370.jpg\" alt=\"\"><\/div><div class=\"photo tab_toggle\" data-toggle=\"#tab_item_3\"><div class=\"animation\"><\/div><img decoding=\"async\" src=\"https:\/\/via-regia.org.ua\/wp-content\/uploads\/2020\/12\/zvychayi-obryady-svyatkuvannya-600-600-370x370.jpg\" alt=\"\"><\/div><div class=\"photo tab_toggle\" data-toggle=\"#tab_item_4\"><div class=\"animation\"><\/div><img decoding=\"async\" src=\"https:\/\/via-regia.org.ua\/wp-content\/uploads\/2020\/12\/tradyczijni-remesla-600-600-370x370.jpg\" alt=\"\"><\/div><div class=\"photo tab_toggle\" data-toggle=\"#tab_item_5\"><div class=\"animation\"><\/div><img decoding=\"async\" src=\"https:\/\/via-regia.org.ua\/wp-content\/uploads\/2020\/12\/znannya-pryroda-svit-600-600-370x370.jpg\" alt=\"\"><\/div><\/div><div class=\"nomaterially_item_desc\"><div class=\"desc_content tab_content\" id=\"tab_item_1\"><div class=\"photo-mobile\"><img decoding=\"async\" src=\"https:\/\/via-regia.org.ua\/wp-content\/uploads\/2020\/12\/hopak-usni-tradycziyi-600-600-370x370.jpg\" alt=\"\"><\/div><div class=\"title\">Tradycje ustne i formy wypowiedzi<\/div><div class=\"desc\">Ustna tradycja narodu ukrai\u0144skiego reprezentowana jest w folklorze i j\u0119zyku jako nosicielu niematerialnego dziedzictwa kulturowego. T\u0142em kszta\u0142towania kultury i jednocze\u015bnie jej form\u0105 wyra\u017cania siebie jest j\u0119zyk ukrai\u0144ski<\/div><a href=\"https:\/\/authenticukraine.com.ua\/oral-traditions-and-forms-of-expression\" target=\"_blank\" class=\"btn white\">Dowiedz si\u0119 wi\u0119cej<\/a><\/div><div class=\"desc_content tab_content\" id=\"tab_item_2\"><div class=\"photo-mobile\"><img decoding=\"async\" src=\"https:\/\/via-regia.org.ua\/wp-content\/uploads\/2020\/12\/vykonavske-mystecztvo-600-600-370x370.jpg\" alt=\"\"><\/div><div class=\"title\">Ludowa sztuka wykonawcza<\/div><div class=\"desc\">Sztuka wykonawcza \u2013 to jest dziedzina dzia\u0142alno\u015bci artystycznej i tw\u00f3rczej, przy pomocy kt\u00f3rej reprezentowane s\u0105 dzie\u0142a folklorystyczne, w szczeg\u00f3lno\u015bci pie\u015bnie, muzyczne kompozycje instrumentalne, ta\u0144ce, prace sceniczne, gry<\/div><a href=\"https:\/\/authenticukraine.com.ua\/performing-arts\" target=\"_blank\" class=\"btn white\">Dowiedz si\u0119 wi\u0119cej<\/a><\/div><div class=\"desc_content tab_content\" id=\"tab_item_3\"><div class=\"photo-mobile\"><img decoding=\"async\" src=\"https:\/\/via-regia.org.ua\/wp-content\/uploads\/2020\/12\/zvychayi-obryady-svyatkuvannya-600-600-370x370.jpg\" alt=\"\"><\/div><div class=\"title\">Zwyczaje, obrz\u0119dy, uroczysto\u015bci<\/div><div class=\"desc\">To s\u0105 \u015brodki zachowania to\u017csamo\u015bci ukrai\u0144skiej, cz\u0119\u015b\u0107 nieod\u0142\u0105czna \u017cycia codziennego\/ Zwi\u0105zane s\u0105 z tradycyjnym \u015bwiatopogl\u0105dem, kt\u00f3ry kszta\u0142towany by\u0142 przez wieki. Reprezentuj\u0105 nie tylko to\u017csamo\u015b\u0107 etniczn\u0105, ale tak\u017ce estetyk\u0119, warto\u015bci moralne, mentalno\u015b\u0107, histori\u0119<\/div><a href=\"https:\/\/authenticukraine.com.ua\/manners-ordinances-celebrations\" target=\"_blank\" class=\"btn white\">Dowiedz si\u0119 wi\u0119cej<\/a><\/div><div class=\"desc_content tab_content\" id=\"tab_item_4\"><div class=\"photo-mobile\"><img decoding=\"async\" src=\"https:\/\/via-regia.org.ua\/wp-content\/uploads\/2020\/12\/tradyczijni-remesla-600-600-370x370.jpg\" alt=\"\"><\/div><div class=\"title\">Rzemios\u0142a tradycyjne<\/div><div class=\"desc\">Tradycyjne umiej\u0119tno\u015bci i zdolno\u015bci narodu ukrai\u0144skiego, przekazywane z pokolenia na pokolenie przez wieki celem polepszenia \u017cycia codziennego i poprawy otaczaj\u0105cej przestrzeni. W\u0142a\u015bnie dlatego rzemios\u0142a i handel wyra\u017caj\u0105 ci\u0105g\u0142o\u015b\u0107, to\u017csamo\u015b\u0107 i r\u00f3\u017cnorodno\u015b\u0107 kulturow\u0105 charakterystyczn\u0105 dla danego regionu<\/div><a href=\"https:\/\/via-regia.org.ua\/traditions-crafts\/\" target=\"_blank\" class=\"btn white\">Dowiedz si\u0119 wi\u0119cej<\/a><\/div><div class=\"desc_content tab_content\" id=\"tab_item_5\"><div class=\"photo-mobile\"><img decoding=\"async\" src=\"https:\/\/via-regia.org.ua\/wp-content\/uploads\/2020\/12\/znannya-pryroda-svit-600-600-370x370.jpg\" alt=\"\"><\/div><div class=\"title\">Wiedza i zwyczaje, dotycz\u0105ce przyrody i wszech\u015bwiatu<\/div><div class=\"desc\">Ta wiedza by\u0142a podstaw\u0105 kultury gospodarczo-domowej narodu ukrai\u0144skiego, kt\u00f3ra obejmuje ca\u0142y kompleks tradycji, zwyczaj\u00f3w, rytua\u0142\u00f3w i racjonalnych praktyk, zapewniaj\u0105cych sta\u0142o\u015b\u0107 \u017cycia wsp\u00f3lnoty oraz odtwarzalno\u015bci populacji w okre\u015blonych warunkach naturalnych i klimatycznych<\/div><a href=\"https:\/\/authenticukraine.com.ua\/knowledge-and-practices-relating-to-nature-and-the-universe\" target=\"_blank\" class=\"btn white\">Dowiedz si\u0119 wi\u0119cej<\/a><\/div><\/div><\/div><\/div><\/div>\n\n\n<div style=\"height:100px\" aria-hidden=\"true\" class=\"wp-block-spacer\"><\/div>\n<\/div><\/div>\n","protected":false},"excerpt":{"rendered":"","protected":false},"author":2,"featured_media":0,"parent":0,"menu_order":83,"comment_status":"closed","ping_status":"closed","template":"tpl\/full-page.php","meta":{"_acf_changed":false,"footnotes":""},"class_list":["post-4952","page","type-page","status-publish","hentry"],"acf":[],"yoast_head":"<!-- This site is optimized with the Yoast SEO plugin v27.6 - https:\/\/yoast.com\/product\/yoast-seo-wordpress\/ -->\n<title>Materialne i niematerialne dziedzictwo kulturowe - ViaRegiaUkraine<\/title>\n<meta name=\"robots\" content=\"index, follow, max-snippet:-1, max-image-preview:large, max-video-preview:-1\" \/>\n<link rel=\"canonical\" href=\"https:\/\/via-regia.org.ua\/pl\/dziedzictwo-kulturowe\/\" \/>\n<meta property=\"og:locale\" content=\"pl_PL\" \/>\n<meta property=\"og:type\" content=\"article\" \/>\n<meta property=\"og:title\" content=\"Materialne i niematerialne dziedzictwo kulturowe - ViaRegiaUkraine\" \/>\n<meta property=\"og:url\" content=\"https:\/\/via-regia.org.ua\/pl\/dziedzictwo-kulturowe\/\" \/>\n<meta property=\"og:site_name\" content=\"ViaRegiaUkraine\" \/>\n<meta property=\"article:modified_time\" content=\"2021-11-15T16:21:30+00:00\" \/>\n<meta name=\"twitter:card\" content=\"summary_large_image\" \/>\n<meta name=\"twitter:label1\" content=\"Szacowany czas czytania\" \/>\n\t<meta name=\"twitter:data1\" content=\"2 minuty\" \/>\n<script type=\"application\/ld+json\" class=\"yoast-schema-graph\">{\"@context\":\"https:\\\/\\\/schema.org\",\"@graph\":[{\"@type\":\"WebPage\",\"@id\":\"https:\\\/\\\/via-regia.org.ua\\\/pl\\\/dziedzictwo-kulturowe\\\/\",\"url\":\"https:\\\/\\\/via-regia.org.ua\\\/pl\\\/dziedzictwo-kulturowe\\\/\",\"name\":\"Materialne i niematerialne dziedzictwo kulturowe - ViaRegiaUkraine\",\"isPartOf\":{\"@id\":\"https:\\\/\\\/via-regia.org.ua\\\/#website\"},\"datePublished\":\"2020-10-21T05:37:10+00:00\",\"dateModified\":\"2021-11-15T16:21:30+00:00\",\"breadcrumb\":{\"@id\":\"https:\\\/\\\/via-regia.org.ua\\\/pl\\\/dziedzictwo-kulturowe\\\/#breadcrumb\"},\"inLanguage\":\"pl-PL\",\"potentialAction\":[{\"@type\":\"ReadAction\",\"target\":[\"https:\\\/\\\/via-regia.org.ua\\\/pl\\\/dziedzictwo-kulturowe\\\/\"]}]},{\"@type\":\"BreadcrumbList\",\"@id\":\"https:\\\/\\\/via-regia.org.ua\\\/pl\\\/dziedzictwo-kulturowe\\\/#breadcrumb\",\"itemListElement\":[{\"@type\":\"ListItem\",\"position\":1,\"name\":\"\u0413\u043e\u043b\u043e\u0432\u043d\u0430 \u0421\u0442\u043e\u0440\u0456\u043d\u043a\u0430\",\"item\":\"https:\\\/\\\/via-regia.org.ua\\\/pl\\\/\"},{\"@type\":\"ListItem\",\"position\":2,\"name\":\"Materialne i niematerialne dziedzictwo kulturowe\"}]},{\"@type\":\"WebSite\",\"@id\":\"https:\\\/\\\/via-regia.org.ua\\\/#website\",\"url\":\"https:\\\/\\\/via-regia.org.ua\\\/\",\"name\":\"ViaRegiaUkraine\",\"description\":\"\",\"potentialAction\":[{\"@type\":\"SearchAction\",\"target\":{\"@type\":\"EntryPoint\",\"urlTemplate\":\"https:\\\/\\\/via-regia.org.ua\\\/?s={search_term_string}\"},\"query-input\":{\"@type\":\"PropertyValueSpecification\",\"valueRequired\":true,\"valueName\":\"search_term_string\"}}],\"inLanguage\":\"pl-PL\"}]}<\/script>\n<!-- \/ Yoast SEO plugin. -->","yoast_head_json":{"title":"Materialne i niematerialne dziedzictwo kulturowe - ViaRegiaUkraine","robots":{"index":"index","follow":"follow","max-snippet":"max-snippet:-1","max-image-preview":"max-image-preview:large","max-video-preview":"max-video-preview:-1"},"canonical":"https:\/\/via-regia.org.ua\/pl\/dziedzictwo-kulturowe\/","og_locale":"pl_PL","og_type":"article","og_title":"Materialne i niematerialne dziedzictwo kulturowe - ViaRegiaUkraine","og_url":"https:\/\/via-regia.org.ua\/pl\/dziedzictwo-kulturowe\/","og_site_name":"ViaRegiaUkraine","article_modified_time":"2021-11-15T16:21:30+00:00","twitter_card":"summary_large_image","twitter_misc":{"Szacowany czas czytania":"2 minuty"},"schema":{"@context":"https:\/\/schema.org","@graph":[{"@type":"WebPage","@id":"https:\/\/via-regia.org.ua\/pl\/dziedzictwo-kulturowe\/","url":"https:\/\/via-regia.org.ua\/pl\/dziedzictwo-kulturowe\/","name":"Materialne i niematerialne dziedzictwo kulturowe - ViaRegiaUkraine","isPartOf":{"@id":"https:\/\/via-regia.org.ua\/#website"},"datePublished":"2020-10-21T05:37:10+00:00","dateModified":"2021-11-15T16:21:30+00:00","breadcrumb":{"@id":"https:\/\/via-regia.org.ua\/pl\/dziedzictwo-kulturowe\/#breadcrumb"},"inLanguage":"pl-PL","potentialAction":[{"@type":"ReadAction","target":["https:\/\/via-regia.org.ua\/pl\/dziedzictwo-kulturowe\/"]}]},{"@type":"BreadcrumbList","@id":"https:\/\/via-regia.org.ua\/pl\/dziedzictwo-kulturowe\/#breadcrumb","itemListElement":[{"@type":"ListItem","position":1,"name":"\u0413\u043e\u043b\u043e\u0432\u043d\u0430 \u0421\u0442\u043e\u0440\u0456\u043d\u043a\u0430","item":"https:\/\/via-regia.org.ua\/pl\/"},{"@type":"ListItem","position":2,"name":"Materialne i niematerialne dziedzictwo kulturowe"}]},{"@type":"WebSite","@id":"https:\/\/via-regia.org.ua\/#website","url":"https:\/\/via-regia.org.ua\/","name":"ViaRegiaUkraine","description":"","potentialAction":[{"@type":"SearchAction","target":{"@type":"EntryPoint","urlTemplate":"https:\/\/via-regia.org.ua\/?s={search_term_string}"},"query-input":{"@type":"PropertyValueSpecification","valueRequired":true,"valueName":"search_term_string"}}],"inLanguage":"pl-PL"}]}},"_links":{"self":[{"href":"https:\/\/via-regia.org.ua\/pl\/wp-json\/wp\/v2\/pages\/4952","targetHints":{"allow":["GET"]}}],"collection":[{"href":"https:\/\/via-regia.org.ua\/pl\/wp-json\/wp\/v2\/pages"}],"about":[{"href":"https:\/\/via-regia.org.ua\/pl\/wp-json\/wp\/v2\/types\/page"}],"author":[{"embeddable":true,"href":"https:\/\/via-regia.org.ua\/pl\/wp-json\/wp\/v2\/users\/2"}],"replies":[{"embeddable":true,"href":"https:\/\/via-regia.org.ua\/pl\/wp-json\/wp\/v2\/comments?post=4952"}],"version-history":[{"count":3,"href":"https:\/\/via-regia.org.ua\/pl\/wp-json\/wp\/v2\/pages\/4952\/revisions"}],"predecessor-version":[{"id":4955,"href":"https:\/\/via-regia.org.ua\/pl\/wp-json\/wp\/v2\/pages\/4952\/revisions\/4955"}],"wp:attachment":[{"href":"https:\/\/via-regia.org.ua\/pl\/wp-json\/wp\/v2\/media?parent=4952"}],"curies":[{"name":"wp","href":"https:\/\/api.w.org\/{rel}","templated":true}]}}