{"id":5397,"date":"2021-11-13T13:23:23","date_gmt":"2021-11-13T13:23:23","guid":{"rendered":"https:\/\/via-regia.org.ua\/apartments\/"},"modified":"2021-11-20T14:37:36","modified_gmt":"2021-11-20T14:37:36","slug":"mieszkanie","status":"publish","type":"page","link":"https:\/\/via-regia.org.ua\/pl\/mieszkanie\/","title":{"rendered":"Gdzie przenocowa\u0107"},"content":{"rendered":"\n<div class=\"wp-block-columns is-layout-flex wp-container-8\">\n<div class=\"wp-block-column is-layout-flow\">\n<div class=\"wp-block-columns is-layout-flex wp-container-3\">\n<div class=\"wp-block-column is-layout-flow\">\n<p class=\"has-text-align-center\">Od przytulnych wiejskich dom\u00f3w po ciekawe mieszkania w mie\u015bcie<\/p>\n<\/div>\n\n\n\n<div class=\"wp-block-column is-layout-flow\">\n<p class=\"has-text-align-center\">Najlepsze ceny hoteli na ca\u0142ym \u015bwiecie.<br>Gwarantowane!<\/p>\n<\/div>\n<\/div>\n\n\n\n<div class=\"wp-block-columns is-layout-flex wp-container-6\">\n<div class=\"wp-block-column is-layout-flow\">\n<ins class=\"bookingaff\" data-aid=\"2204211\" data-target_aid=\"2204211\" data-prod=\"nsb\" data-width=\"100%\" data-height=\"auto\" data-lang=\"uk\" data-df_num_properties=\"3\">\n    <!-- Anything inside will go away once widget is loaded. -->\n        <a href=\"\/\/www.booking.com?aid=2204211\">Booking.com<\/a>\n<\/ins>\n<script type=\"text\/javascript\">\n    (function(d, sc, u) {\n      var s = d.createElement(sc), p = d.getElementsByTagName(sc)[0];\n      s.type = 'text\/javascript';\n      s.async = true;\n      s.src = u + '?v=' + (+new Date());\n      p.parentNode.insertBefore(s,p);\n      })(document, 'script', '\/\/aff.bstatic.com\/static\/affiliate_base\/js\/flexiproduct.js');\n<\/script>\n<\/div>\n\n\n\n<div class=\"wp-block-column is-layout-flow\">\n<script src=\"https:\/\/sbhc.portalhc.com\/241027\/searchbox\/499758\"><\/script>\n<\/div>\n<\/div>\n<\/div>\n<\/div>\n","protected":false},"excerpt":{"rendered":"<p>Od przytulnych wiejskich dom\u00f3w po ciekawe mieszkania w mie\u015bcie Najlepsze ceny hoteli na ca\u0142ym \u015bwiecie.Gwarantowane! Booking.com<\/p>\n","protected":false},"author":2,"featured_media":0,"parent":0,"menu_order":16,"comment_status":"closed","ping_status":"closed","template":"","meta":[],"acf":[],"yoast_head":"<!-- This site is optimized with the Yoast SEO plugin v27.4 - https:\/\/yoast.com\/product\/yoast-seo-wordpress\/ -->\n<title>Gdzie przenocowa\u0107 - ViaRegiaUkraine<\/title>\n<meta name=\"robots\" content=\"index, follow, max-snippet:-1, max-image-preview:large, max-video-preview:-1\" \/>\n<link rel=\"canonical\" href=\"https:\/\/via-regia.org.ua\/pl\/mieszkanie\/\" \/>\n<meta property=\"og:locale\" content=\"pl_PL\" \/>\n<meta property=\"og:type\" content=\"article\" \/>\n<meta property=\"og:title\" content=\"Gdzie przenocowa\u0107 - ViaRegiaUkraine\" \/>\n<meta property=\"og:description\" content=\"Od przytulnych wiejskich dom\u00f3w po ciekawe mieszkania w mie\u015bcie Najlepsze ceny hoteli na ca\u0142ym \u015bwiecie.Gwarantowane! Booking.com\" \/>\n<meta property=\"og:url\" content=\"https:\/\/via-regia.org.ua\/pl\/mieszkanie\/\" \/>\n<meta property=\"og:site_name\" content=\"ViaRegiaUkraine\" \/>\n<meta property=\"article:modified_time\" content=\"2021-11-20T14:37:36+00:00\" \/>\n<meta name=\"twitter:card\" content=\"summary_large_image\" \/>\n<meta name=\"twitter:label1\" content=\"Szacowany czas czytania\" \/>\n\t<meta name=\"twitter:data1\" content=\"1 minuta\" \/>\n<script type=\"application\/ld+json\" class=\"yoast-schema-graph\">{\"@context\":\"https:\\\/\\\/schema.org\",\"@graph\":[{\"@type\":\"WebPage\",\"@id\":\"https:\\\/\\\/via-regia.org.ua\\\/pl\\\/mieszkanie\\\/\",\"url\":\"https:\\\/\\\/via-regia.org.ua\\\/pl\\\/mieszkanie\\\/\",\"name\":\"Gdzie przenocowa\u0107 - ViaRegiaUkraine\",\"isPartOf\":{\"@id\":\"https:\\\/\\\/via-regia.org.ua\\\/#website\"},\"datePublished\":\"2021-11-13T13:23:23+00:00\",\"dateModified\":\"2021-11-20T14:37:36+00:00\",\"breadcrumb\":{\"@id\":\"https:\\\/\\\/via-regia.org.ua\\\/pl\\\/mieszkanie\\\/#breadcrumb\"},\"inLanguage\":\"pl-PL\",\"potentialAction\":[{\"@type\":\"ReadAction\",\"target\":[\"https:\\\/\\\/via-regia.org.ua\\\/pl\\\/mieszkanie\\\/\"]}]},{\"@type\":\"BreadcrumbList\",\"@id\":\"https:\\\/\\\/via-regia.org.ua\\\/pl\\\/mieszkanie\\\/#breadcrumb\",\"itemListElement\":[{\"@type\":\"ListItem\",\"position\":1,\"name\":\"\u0413\u043e\u043b\u043e\u0432\u043d\u0430 \u0421\u0442\u043e\u0440\u0456\u043d\u043a\u0430\",\"item\":\"https:\\\/\\\/via-regia.org.ua\\\/pl\\\/\"},{\"@type\":\"ListItem\",\"position\":2,\"name\":\"Gdzie przenocowa\u0107\"}]},{\"@type\":\"WebSite\",\"@id\":\"https:\\\/\\\/via-regia.org.ua\\\/#website\",\"url\":\"https:\\\/\\\/via-regia.org.ua\\\/\",\"name\":\"ViaRegiaUkraine\",\"description\":\"\",\"potentialAction\":[{\"@type\":\"SearchAction\",\"target\":{\"@type\":\"EntryPoint\",\"urlTemplate\":\"https:\\\/\\\/via-regia.org.ua\\\/?s={search_term_string}\"},\"query-input\":{\"@type\":\"PropertyValueSpecification\",\"valueRequired\":true,\"valueName\":\"search_term_string\"}}],\"inLanguage\":\"pl-PL\"}]}<\/script>\n<!-- \/ Yoast SEO plugin. -->","yoast_head_json":{"title":"Gdzie przenocowa\u0107 - ViaRegiaUkraine","robots":{"index":"index","follow":"follow","max-snippet":"max-snippet:-1","max-image-preview":"max-image-preview:large","max-video-preview":"max-video-preview:-1"},"canonical":"https:\/\/via-regia.org.ua\/pl\/mieszkanie\/","og_locale":"pl_PL","og_type":"article","og_title":"Gdzie przenocowa\u0107 - ViaRegiaUkraine","og_description":"Od przytulnych wiejskich dom\u00f3w po ciekawe mieszkania w mie\u015bcie Najlepsze ceny hoteli na ca\u0142ym \u015bwiecie.Gwarantowane! Booking.com","og_url":"https:\/\/via-regia.org.ua\/pl\/mieszkanie\/","og_site_name":"ViaRegiaUkraine","article_modified_time":"2021-11-20T14:37:36+00:00","twitter_card":"summary_large_image","twitter_misc":{"Szacowany czas czytania":"1 minuta"},"schema":{"@context":"https:\/\/schema.org","@graph":[{"@type":"WebPage","@id":"https:\/\/via-regia.org.ua\/pl\/mieszkanie\/","url":"https:\/\/via-regia.org.ua\/pl\/mieszkanie\/","name":"Gdzie przenocowa\u0107 - ViaRegiaUkraine","isPartOf":{"@id":"https:\/\/via-regia.org.ua\/#website"},"datePublished":"2021-11-13T13:23:23+00:00","dateModified":"2021-11-20T14:37:36+00:00","breadcrumb":{"@id":"https:\/\/via-regia.org.ua\/pl\/mieszkanie\/#breadcrumb"},"inLanguage":"pl-PL","potentialAction":[{"@type":"ReadAction","target":["https:\/\/via-regia.org.ua\/pl\/mieszkanie\/"]}]},{"@type":"BreadcrumbList","@id":"https:\/\/via-regia.org.ua\/pl\/mieszkanie\/#breadcrumb","itemListElement":[{"@type":"ListItem","position":1,"name":"\u0413\u043e\u043b\u043e\u0432\u043d\u0430 \u0421\u0442\u043e\u0440\u0456\u043d\u043a\u0430","item":"https:\/\/via-regia.org.ua\/pl\/"},{"@type":"ListItem","position":2,"name":"Gdzie przenocowa\u0107"}]},{"@type":"WebSite","@id":"https:\/\/via-regia.org.ua\/#website","url":"https:\/\/via-regia.org.ua\/","name":"ViaRegiaUkraine","description":"","potentialAction":[{"@type":"SearchAction","target":{"@type":"EntryPoint","urlTemplate":"https:\/\/via-regia.org.ua\/?s={search_term_string}"},"query-input":{"@type":"PropertyValueSpecification","valueRequired":true,"valueName":"search_term_string"}}],"inLanguage":"pl-PL"}]}},"_links":{"self":[{"href":"https:\/\/via-regia.org.ua\/pl\/wp-json\/wp\/v2\/pages\/5397"}],"collection":[{"href":"https:\/\/via-regia.org.ua\/pl\/wp-json\/wp\/v2\/pages"}],"about":[{"href":"https:\/\/via-regia.org.ua\/pl\/wp-json\/wp\/v2\/types\/page"}],"author":[{"embeddable":true,"href":"https:\/\/via-regia.org.ua\/pl\/wp-json\/wp\/v2\/users\/2"}],"replies":[{"embeddable":true,"href":"https:\/\/via-regia.org.ua\/pl\/wp-json\/wp\/v2\/comments?post=5397"}],"version-history":[{"count":4,"href":"https:\/\/via-regia.org.ua\/pl\/wp-json\/wp\/v2\/pages\/5397\/revisions"}],"predecessor-version":[{"id":5985,"href":"https:\/\/via-regia.org.ua\/pl\/wp-json\/wp\/v2\/pages\/5397\/revisions\/5985"}],"wp:attachment":[{"href":"https:\/\/via-regia.org.ua\/pl\/wp-json\/wp\/v2\/media?parent=5397"}],"curies":[{"name":"wp","href":"https:\/\/api.w.org\/{rel}","templated":true}]}}