{"id":5947,"date":"2020-10-12T07:07:24","date_gmt":"2020-10-12T07:07:24","guid":{"rendered":"https:\/\/via-regia.org.ua\/yak-zafonduvaty-do-muzeyu\/"},"modified":"2021-11-25T07:02:21","modified_gmt":"2021-11-25T07:02:21","slug":"jak-zafundowac-do-muzeum","status":"publish","type":"page","link":"https:\/\/via-regia.org.ua\/pl\/jak-zafundowac-do-muzeum\/","title":{"rendered":"Jak zafundowa\u0107 do muzeum"},"content":{"rendered":"\n<div style=\"height:30px\" aria-hidden=\"true\" class=\"wp-block-spacer\"><\/div>\n\n\n\n<div class=\"wp-block-ws-title-el ws_title\" style=\"text-transform:uppercase\">W jaki spos\u00f3b wpisa\u0107 swoj\u0105 rzecz na fundusz muzealny<\/div>\n\n\n\n<div style=\"height:30px\" aria-hidden=\"true\" class=\"wp-block-spacer\"><\/div>\n\n\n\n<p>Aby dowiedzie\u0107 si\u0119 o warto\u015bci historycznej przedmiotu, kt\u00f3ry chcia\u0142by\u015b przekaza\u0107 do muzeum, a tak\u017ce czy w og\u00f3le istnieje taka potrzeba, skontaktuj si\u0119 z odpowiedni\u0105 instytucj\u0105 w Twoim mie\u015bcie zgodnie z poni\u017csz\u0105 list\u0105.<\/p>\n\n\n\n<div style=\"height:30px\" aria-hidden=\"true\" class=\"wp-block-spacer\"><\/div>\n\n\n\n<div class=\"wp-block-ws-title-el ws_title\" style=\"text-transform:inherit\">Partnerzy projektu Via Regia Ukraine<\/div>\n\n\n<div class=\"ws-representative representative_container\"><div class=\"representative_row\"><div class=\"representative__post\"><div class=\"thumbnail\"><img width=\"150\" height=\"150\" src=\"https:\/\/via-regia.org.ua\/wp-content\/uploads\/2021\/10\/muzej-istoriyi-tualetu.jpg\" class=\"attachment-thumbnail size-thumbnail wp-post-image\" alt=\"\" decoding=\"async\" loading=\"lazy\" srcset=\"https:\/\/via-regia.org.ua\/wp-content\/uploads\/2021\/10\/muzej-istoriyi-tualetu.jpg 400w, https:\/\/via-regia.org.ua\/wp-content\/uploads\/2021\/10\/muzej-istoriyi-tualetu-370x370.jpg 370w\" sizes=\"(max-width: 150px) 100vw, 150px\" \/><div class=\"color_cover\" style=\"background: #4c4c4c\"><\/div><\/div><div class=\"tooltip\">Muzeum Historii Toalety<\/div><a href=\"https:\/\/via-regia.org.ua\/pl\/representative\/przedstawiciel-regionalny-w-kijwie\/\" class=\"link\"><\/a><\/div><div class=\"representative__post\"><div class=\"thumbnail\"><img width=\"150\" height=\"150\" src=\"https:\/\/via-regia.org.ua\/wp-content\/uploads\/2020\/10\/zamok-radomysl.jpg\" class=\"attachment-thumbnail size-thumbnail wp-post-image\" alt=\"\" decoding=\"async\" loading=\"lazy\" srcset=\"https:\/\/via-regia.org.ua\/wp-content\/uploads\/2020\/10\/zamok-radomysl.jpg 400w, https:\/\/via-regia.org.ua\/wp-content\/uploads\/2020\/10\/zamok-radomysl-370x370.jpg 370w\" sizes=\"(max-width: 150px) 100vw, 150px\" \/><div class=\"color_cover\" style=\"background: #d39b00\"><\/div><\/div><div class=\"tooltip\">Kompleks Historyczno-Kulturalny \u201eZamek-Muzeum Radomy\u015bl\u201d<\/div><a href=\"https:\/\/via-regia.org.ua\/pl\/representative\/przedstawiciel-regionalny-w-radomyslu\/\" class=\"link\"><\/a><\/div><div class=\"representative__post\"><div class=\"thumbnail\"><img width=\"150\" height=\"150\" src=\"https:\/\/via-regia.org.ua\/wp-content\/uploads\/2020\/10\/zapovidnyk-ostrog.jpg\" class=\"attachment-thumbnail size-thumbnail wp-post-image\" alt=\"\" decoding=\"async\" loading=\"lazy\" srcset=\"https:\/\/via-regia.org.ua\/wp-content\/uploads\/2020\/10\/zapovidnyk-ostrog.jpg 400w, https:\/\/via-regia.org.ua\/wp-content\/uploads\/2020\/10\/zapovidnyk-ostrog-370x370.jpg 370w\" sizes=\"(max-width: 150px) 100vw, 150px\" \/><div class=\"color_cover\" style=\"background: #049141\"><\/div><\/div><div class=\"tooltip\">Pa\u0144stwowy Rezerwat Historyczno-Kulturalny miasta Ostroga<\/div><a href=\"https:\/\/via-regia.org.ua\/pl\/representative\/przedstawiciel-regionalny-w-ostrogu\/\" class=\"link\"><\/a><\/div><div class=\"representative__post\"><div class=\"thumbnail\"><img width=\"150\" height=\"150\" src=\"https:\/\/via-regia.org.ua\/wp-content\/uploads\/2020\/10\/lvivskyj-istorychnyj-muzej.jpg\" class=\"attachment-thumbnail size-thumbnail wp-post-image\" alt=\"\" decoding=\"async\" loading=\"lazy\" srcset=\"https:\/\/via-regia.org.ua\/wp-content\/uploads\/2020\/10\/lvivskyj-istorychnyj-muzej.jpg 400w, https:\/\/via-regia.org.ua\/wp-content\/uploads\/2020\/10\/lvivskyj-istorychnyj-muzej-370x370.jpg 370w\" sizes=\"(max-width: 150px) 100vw, 150px\" \/><div class=\"color_cover\" style=\"background: #e000c6\"><\/div><\/div><div class=\"tooltip\">Lwowskie Muzeum Historyczne<\/div><a href=\"https:\/\/via-regia.org.ua\/pl\/representative\/przedstawiciel-regionalny-we-lwowie\/\" class=\"link\"><\/a><\/div><\/div><div class=\"representative_row\"><div class=\"representative__post\"><div class=\"thumbnail\"><img width=\"150\" height=\"150\" src=\"https:\/\/via-regia.org.ua\/wp-content\/uploads\/2020\/10\/zhytomyr-muzej-kosmonavtyky.jpg\" class=\"attachment-thumbnail size-thumbnail wp-post-image\" alt=\"\" decoding=\"async\" loading=\"lazy\" srcset=\"https:\/\/via-regia.org.ua\/wp-content\/uploads\/2020\/10\/zhytomyr-muzej-kosmonavtyky.jpg 400w, https:\/\/via-regia.org.ua\/wp-content\/uploads\/2020\/10\/zhytomyr-muzej-kosmonavtyky-370x370.jpg 370w\" sizes=\"(max-width: 150px) 100vw, 150px\" \/><div class=\"color_cover\" style=\"background: #8224e3\"><\/div><\/div><div class=\"tooltip\">Muzeum Narodowe Kosmonautyki im. S. P. Korolowa<\/div><a href=\"https:\/\/via-regia.org.ua\/pl\/representative\/przedstawiciel-regionalny-w-zytomierzu\/\" class=\"link\"><\/a><\/div><div class=\"representative__post\"><div class=\"thumbnail\"><img width=\"150\" height=\"150\" src=\"https:\/\/via-regia.org.ua\/wp-content\/uploads\/2020\/10\/muzej-rivne.jpg\" class=\"attachment-thumbnail size-thumbnail wp-post-image\" alt=\"\" decoding=\"async\" loading=\"lazy\" srcset=\"https:\/\/via-regia.org.ua\/wp-content\/uploads\/2020\/10\/muzej-rivne.jpg 400w, https:\/\/via-regia.org.ua\/wp-content\/uploads\/2020\/10\/muzej-rivne-370x370.jpg 370w\" sizes=\"(max-width: 150px) 100vw, 150px\" \/><div class=\"color_cover\" style=\"background: #1e73be\"><\/div><\/div><div class=\"tooltip\">R\u00f3wie\u0144skie Obwodowe Muzeum Krajoznawcze<\/div><a href=\"https:\/\/via-regia.org.ua\/pl\/representative\/przedstawiciel-regionalny-w-rownem\/\" class=\"link\"><\/a><\/div><div class=\"representative__post\"><div class=\"thumbnail\"><img width=\"150\" height=\"150\" src=\"https:\/\/via-regia.org.ua\/wp-content\/uploads\/2020\/10\/zapovidnyk-dubno.jpg\" class=\"attachment-thumbnail size-thumbnail wp-post-image\" alt=\"\" decoding=\"async\" loading=\"lazy\" srcset=\"https:\/\/via-regia.org.ua\/wp-content\/uploads\/2020\/10\/zapovidnyk-dubno.jpg 400w, https:\/\/via-regia.org.ua\/wp-content\/uploads\/2020\/10\/zapovidnyk-dubno-370x370.jpg 370w\" sizes=\"(max-width: 150px) 100vw, 150px\" \/><div class=\"color_cover\" style=\"background: #81d742\"><\/div><\/div><div class=\"tooltip\">Pa\u0144stwowy Rezerwat Historyczno-Kulturalny m. Dubno <\/div><a href=\"https:\/\/via-regia.org.ua\/pl\/representative\/regionalnyj-predstavnyk-via-regia-ukraine-v-dubno\/\" class=\"link\"><\/a><\/div><div class=\"representative__post\"><div class=\"thumbnail\"><img width=\"150\" height=\"150\" src=\"https:\/\/via-regia.org.ua\/wp-content\/uploads\/2021\/10\/gorodok-muzej.jpg\" class=\"attachment-thumbnail size-thumbnail wp-post-image\" alt=\"\" decoding=\"async\" loading=\"lazy\" srcset=\"https:\/\/via-regia.org.ua\/wp-content\/uploads\/2021\/10\/gorodok-muzej.jpg 400w, https:\/\/via-regia.org.ua\/wp-content\/uploads\/2021\/10\/gorodok-muzej-370x370.jpg 370w\" sizes=\"(max-width: 150px) 100vw, 150px\" \/><div class=\"color_cover\" style=\"background: #a0a0a0\"><\/div><\/div><div class=\"tooltip\">Gorodockie Muzeum Historyczno-Krajoznawcze<\/div><a href=\"https:\/\/via-regia.org.ua\/pl\/representative\/przedstawiciel-regionalny-w-gorodku\/\" class=\"link\"><\/a><\/div><\/div><div class=\"representative_row\"><div class=\"representative__post\"><div class=\"thumbnail\"><img width=\"150\" height=\"150\" src=\"https:\/\/via-regia.org.ua\/wp-content\/uploads\/2020\/10\/muzej-volodymyr.jpg\" class=\"attachment-thumbnail size-thumbnail wp-post-image\" alt=\"\" decoding=\"async\" loading=\"lazy\" srcset=\"https:\/\/via-regia.org.ua\/wp-content\/uploads\/2020\/10\/muzej-volodymyr.jpg 400w, https:\/\/via-regia.org.ua\/wp-content\/uploads\/2020\/10\/muzej-volodymyr-370x370.jpg 370w\" sizes=\"(max-width: 150px) 100vw, 150px\" \/><div class=\"color_cover\" style=\"background: #eeee22\"><\/div><\/div><div class=\"tooltip\">W\u0142odzimierz-Wo\u0142y\u0144skie Muzeum Historyczne im. O. Dwernickiego<\/div><a href=\"https:\/\/via-regia.org.ua\/pl\/representative\/przedstawiciel-regionalny-we-wlodzimierzu-wolynskim\/\" class=\"link\"><\/a><\/div><div class=\"representative__post\"><div class=\"thumbnail\"><img width=\"150\" height=\"150\" src=\"https:\/\/via-regia.org.ua\/wp-content\/uploads\/2020\/10\/brody-muzej.jpg\" class=\"attachment-thumbnail size-thumbnail wp-post-image\" alt=\"\" decoding=\"async\" loading=\"lazy\" srcset=\"https:\/\/via-regia.org.ua\/wp-content\/uploads\/2020\/10\/brody-muzej.jpg 400w, https:\/\/via-regia.org.ua\/wp-content\/uploads\/2020\/10\/brody-muzej-370x370.jpg 370w\" sizes=\"(max-width: 150px) 100vw, 150px\" \/><div class=\"color_cover\" style=\"background: #dd3333\"><\/div><\/div><div class=\"tooltip\">Muzeum Historyczno-Krajoznawcze w Brodach<\/div><a href=\"https:\/\/via-regia.org.ua\/pl\/representative\/przedstawiciel-regionalny-w-brodach\/\" class=\"link\"><\/a><\/div><div class=\"representative__post\"><div class=\"thumbnail\"><img width=\"150\" height=\"150\" src=\"https:\/\/via-regia.org.ua\/wp-content\/uploads\/2020\/10\/administracziya-zapovidnyk-luczk.jpg\" class=\"attachment-thumbnail size-thumbnail wp-post-image\" alt=\"\" decoding=\"async\" loading=\"lazy\" srcset=\"https:\/\/via-regia.org.ua\/wp-content\/uploads\/2020\/10\/administracziya-zapovidnyk-luczk.jpg 400w, https:\/\/via-regia.org.ua\/wp-content\/uploads\/2020\/10\/administracziya-zapovidnyk-luczk-370x370.jpg 370w\" sizes=\"(max-width: 150px) 100vw, 150px\" \/><div class=\"color_cover\" style=\"background: #dd3333\"><\/div><\/div><div class=\"tooltip\">Administracja Pa\u0144stwowego Rezerwatu Historyczno-Kulturalnego w m. \u0141ucku<\/div><a href=\"https:\/\/via-regia.org.ua\/pl\/representative\/przedstawiciel-regionalny-w-lucku\/\" class=\"link\"><\/a><\/div><\/div><\/div>","protected":false},"excerpt":{"rendered":"<p>Aby dowiedzie\u0107 si\u0119 o warto\u015bci historycznej przedmiotu, kt\u00f3ry chcia\u0142by\u015b przekaza\u0107 do muzeum, a tak\u017ce czy w og\u00f3le istnieje taka potrzeba, skontaktuj si\u0119 z odpowiedni\u0105 instytucj\u0105 w Twoim mie\u015bcie zgodnie z&#8230;<\/p>\n","protected":false},"author":1,"featured_media":0,"parent":0,"menu_order":111,"comment_status":"closed","ping_status":"closed","template":"","meta":[],"acf":[],"yoast_head":"<!-- This site is optimized with the Yoast SEO plugin v27.4 - https:\/\/yoast.com\/product\/yoast-seo-wordpress\/ -->\n<title>Jak zafundowa\u0107 do muzeum - ViaRegiaUkraine<\/title>\n<meta name=\"robots\" content=\"index, follow, max-snippet:-1, max-image-preview:large, max-video-preview:-1\" \/>\n<link rel=\"canonical\" href=\"https:\/\/via-regia.org.ua\/pl\/jak-zafundowac-do-muzeum\/\" \/>\n<meta property=\"og:locale\" content=\"pl_PL\" \/>\n<meta property=\"og:type\" content=\"article\" \/>\n<meta property=\"og:title\" content=\"Jak zafundowa\u0107 do muzeum - ViaRegiaUkraine\" \/>\n<meta property=\"og:description\" content=\"Aby dowiedzie\u0107 si\u0119 o warto\u015bci historycznej przedmiotu, kt\u00f3ry chcia\u0142by\u015b przekaza\u0107 do muzeum, a tak\u017ce czy w og\u00f3le istnieje taka potrzeba, skontaktuj si\u0119 z odpowiedni\u0105 instytucj\u0105 w Twoim mie\u015bcie zgodnie z...\" \/>\n<meta property=\"og:url\" content=\"https:\/\/via-regia.org.ua\/pl\/jak-zafundowac-do-muzeum\/\" \/>\n<meta property=\"og:site_name\" content=\"ViaRegiaUkraine\" \/>\n<meta property=\"article:modified_time\" content=\"2021-11-25T07:02:21+00:00\" \/>\n<meta name=\"twitter:card\" content=\"summary_large_image\" \/>\n<meta name=\"twitter:label1\" content=\"Szacowany czas czytania\" \/>\n\t<meta name=\"twitter:data1\" content=\"1 minuta\" \/>\n<script type=\"application\/ld+json\" class=\"yoast-schema-graph\">{\"@context\":\"https:\\\/\\\/schema.org\",\"@graph\":[{\"@type\":\"WebPage\",\"@id\":\"https:\\\/\\\/via-regia.org.ua\\\/pl\\\/jak-zafundowac-do-muzeum\\\/\",\"url\":\"https:\\\/\\\/via-regia.org.ua\\\/pl\\\/jak-zafundowac-do-muzeum\\\/\",\"name\":\"Jak zafundowa\u0107 do muzeum - ViaRegiaUkraine\",\"isPartOf\":{\"@id\":\"https:\\\/\\\/via-regia.org.ua\\\/#website\"},\"datePublished\":\"2020-10-12T07:07:24+00:00\",\"dateModified\":\"2021-11-25T07:02:21+00:00\",\"breadcrumb\":{\"@id\":\"https:\\\/\\\/via-regia.org.ua\\\/pl\\\/jak-zafundowac-do-muzeum\\\/#breadcrumb\"},\"inLanguage\":\"pl-PL\",\"potentialAction\":[{\"@type\":\"ReadAction\",\"target\":[\"https:\\\/\\\/via-regia.org.ua\\\/pl\\\/jak-zafundowac-do-muzeum\\\/\"]}]},{\"@type\":\"BreadcrumbList\",\"@id\":\"https:\\\/\\\/via-regia.org.ua\\\/pl\\\/jak-zafundowac-do-muzeum\\\/#breadcrumb\",\"itemListElement\":[{\"@type\":\"ListItem\",\"position\":1,\"name\":\"\u0413\u043e\u043b\u043e\u0432\u043d\u0430 \u0421\u0442\u043e\u0440\u0456\u043d\u043a\u0430\",\"item\":\"https:\\\/\\\/via-regia.org.ua\\\/pl\\\/\"},{\"@type\":\"ListItem\",\"position\":2,\"name\":\"Jak zafundowa\u0107 do muzeum\"}]},{\"@type\":\"WebSite\",\"@id\":\"https:\\\/\\\/via-regia.org.ua\\\/#website\",\"url\":\"https:\\\/\\\/via-regia.org.ua\\\/\",\"name\":\"ViaRegiaUkraine\",\"description\":\"\",\"potentialAction\":[{\"@type\":\"SearchAction\",\"target\":{\"@type\":\"EntryPoint\",\"urlTemplate\":\"https:\\\/\\\/via-regia.org.ua\\\/?s={search_term_string}\"},\"query-input\":{\"@type\":\"PropertyValueSpecification\",\"valueRequired\":true,\"valueName\":\"search_term_string\"}}],\"inLanguage\":\"pl-PL\"}]}<\/script>\n<!-- \/ Yoast SEO plugin. -->","yoast_head_json":{"title":"Jak zafundowa\u0107 do muzeum - ViaRegiaUkraine","robots":{"index":"index","follow":"follow","max-snippet":"max-snippet:-1","max-image-preview":"max-image-preview:large","max-video-preview":"max-video-preview:-1"},"canonical":"https:\/\/via-regia.org.ua\/pl\/jak-zafundowac-do-muzeum\/","og_locale":"pl_PL","og_type":"article","og_title":"Jak zafundowa\u0107 do muzeum - ViaRegiaUkraine","og_description":"Aby dowiedzie\u0107 si\u0119 o warto\u015bci historycznej przedmiotu, kt\u00f3ry chcia\u0142by\u015b przekaza\u0107 do muzeum, a tak\u017ce czy w og\u00f3le istnieje taka potrzeba, skontaktuj si\u0119 z odpowiedni\u0105 instytucj\u0105 w Twoim mie\u015bcie zgodnie z...","og_url":"https:\/\/via-regia.org.ua\/pl\/jak-zafundowac-do-muzeum\/","og_site_name":"ViaRegiaUkraine","article_modified_time":"2021-11-25T07:02:21+00:00","twitter_card":"summary_large_image","twitter_misc":{"Szacowany czas czytania":"1 minuta"},"schema":{"@context":"https:\/\/schema.org","@graph":[{"@type":"WebPage","@id":"https:\/\/via-regia.org.ua\/pl\/jak-zafundowac-do-muzeum\/","url":"https:\/\/via-regia.org.ua\/pl\/jak-zafundowac-do-muzeum\/","name":"Jak zafundowa\u0107 do muzeum - ViaRegiaUkraine","isPartOf":{"@id":"https:\/\/via-regia.org.ua\/#website"},"datePublished":"2020-10-12T07:07:24+00:00","dateModified":"2021-11-25T07:02:21+00:00","breadcrumb":{"@id":"https:\/\/via-regia.org.ua\/pl\/jak-zafundowac-do-muzeum\/#breadcrumb"},"inLanguage":"pl-PL","potentialAction":[{"@type":"ReadAction","target":["https:\/\/via-regia.org.ua\/pl\/jak-zafundowac-do-muzeum\/"]}]},{"@type":"BreadcrumbList","@id":"https:\/\/via-regia.org.ua\/pl\/jak-zafundowac-do-muzeum\/#breadcrumb","itemListElement":[{"@type":"ListItem","position":1,"name":"\u0413\u043e\u043b\u043e\u0432\u043d\u0430 \u0421\u0442\u043e\u0440\u0456\u043d\u043a\u0430","item":"https:\/\/via-regia.org.ua\/pl\/"},{"@type":"ListItem","position":2,"name":"Jak zafundowa\u0107 do muzeum"}]},{"@type":"WebSite","@id":"https:\/\/via-regia.org.ua\/#website","url":"https:\/\/via-regia.org.ua\/","name":"ViaRegiaUkraine","description":"","potentialAction":[{"@type":"SearchAction","target":{"@type":"EntryPoint","urlTemplate":"https:\/\/via-regia.org.ua\/?s={search_term_string}"},"query-input":{"@type":"PropertyValueSpecification","valueRequired":true,"valueName":"search_term_string"}}],"inLanguage":"pl-PL"}]}},"_links":{"self":[{"href":"https:\/\/via-regia.org.ua\/pl\/wp-json\/wp\/v2\/pages\/5947"}],"collection":[{"href":"https:\/\/via-regia.org.ua\/pl\/wp-json\/wp\/v2\/pages"}],"about":[{"href":"https:\/\/via-regia.org.ua\/pl\/wp-json\/wp\/v2\/types\/page"}],"author":[{"embeddable":true,"href":"https:\/\/via-regia.org.ua\/pl\/wp-json\/wp\/v2\/users\/1"}],"replies":[{"embeddable":true,"href":"https:\/\/via-regia.org.ua\/pl\/wp-json\/wp\/v2\/comments?post=5947"}],"version-history":[{"count":4,"href":"https:\/\/via-regia.org.ua\/pl\/wp-json\/wp\/v2\/pages\/5947\/revisions"}],"predecessor-version":[{"id":6160,"href":"https:\/\/via-regia.org.ua\/pl\/wp-json\/wp\/v2\/pages\/5947\/revisions\/6160"}],"wp:attachment":[{"href":"https:\/\/via-regia.org.ua\/pl\/wp-json\/wp\/v2\/media?parent=5947"}],"curies":[{"name":"wp","href":"https:\/\/api.w.org\/{rel}","templated":true}]}}